{"id":120832,"date":"2020-08-27T09:36:48","date_gmt":"2020-08-27T09:36:48","guid":{"rendered":"https:\/\/www.tradingpedia.com\/trading-apps-2\/"},"modified":"2026-01-16T11:43:31","modified_gmt":"2026-01-16T11:43:31","slug":"trading-apps","status":"publish","type":"page","link":"https:\/\/www.tradingpedia.com\/es\/trading-apps\/","title":{"rendered":"Aplicaciones de Forex (iOS y Android)"},"content":{"rendered":"<p>En TradingPedia, los traders pueden comparar las mejores aplicaciones de trading m\u00f3vil y sus caracter\u00edsticas correspondientes para asegurarse de tomar la decisi\u00f3n m\u00e1s adecuada a sus necesidades. Nuestros an\u00e1lisis en profundidad cubren todos los aspectos de las aplicaciones de los br\u00f3kers m\u00f3viles, incluidos los tipos de cuenta disponibles, la gama de instrumentos financieros admitidos, las opciones de dep\u00f3sito y retirada, la regulaci\u00f3n, las comisiones y los spreads. <\/p>\n<div class=\"clearfix\"><\/div><div class=\"row featured-brokers-cards brokers-list\"><div class=\"col-6 col-sm-4 col-md-3 item\"><div class=\"h-100 d-flex flex-column justify-content-between\"><div class=\"h-100 card-content border-radius-10\"><a href=\"https:\/\/www.tradingpedia.com\/forex-brokers\/fusion-markets\/\"><img decoding=\"async\" class=\"logo\" src=\"https:\/\/www.tradingpedia.com\/www-tradingpedia-com\/wp-content\/uploads\/logos\/md-fusion-markets-logo.webp\" \/><\/a><ul class=\"features\"><li class=\"yes\">$0 Min Deposit<\/li><li class=\"yes\">Cuenta demo<\/li><li class=\"yes\">Cobertura<\/li><li class=\"yes\">Scalping<\/li><\/ul><div class=\"excerpt\"><i class=\"fas fa-plus-circle view-excerpt\"><\/i><div class=\"excerpt-content border-radius-10\">Libertex es un br\u00f3ker m\u00f3vil regulado que ofrece a los traders acceso a los mercados financieros a trav\u00e9s de dos aplicaciones nativas intuitivas. Los traders m\u00f3viles pueden descargar las aplicaciones gratuitas desde el sitio web oficial del br\u00f3ke... <a href=\"https:\/\/www.tradingpedia.com\/forex-brokers\/fusion-markets\/\">Read more<\/a><\/div><\/div><\/div><div class=\"card-c2a\"><a class=\"btn border-radius-10 c2a-btn\" rel=\"nofollow\" target=\"_blank\" href=\"\/out\/fusion-markets?au=114&bp=1\">VISIT<\/a><\/div><\/div><\/div><div class=\"col-6 col-sm-4 col-md-3 item\"><div class=\"h-100 d-flex flex-column justify-content-between\"><div class=\"h-100 card-content border-radius-10\"><a href=\"https:\/\/www.tradingpedia.com\/forex-brokers\/fxpro\/\"><img decoding=\"async\" class=\"logo\" src=\"https:\/\/www.tradingpedia.com\/www-tradingpedia-com\/wp-content\/uploads\/logos\/md-fxpro-logo.webp\" \/><\/a><ul class=\"features\"><li class=\"yes\">$100 Min Deposit<\/li><li class=\"yes\">Cuenta demo<\/li><li class=\"yes\">Cobertura<\/li><li class=\"yes\">Scalping<\/li><\/ul><div class=\"excerpt\"><i class=\"fas fa-plus-circle view-excerpt\"><\/i><div class=\"excerpt-content border-radius-10\">Libertex es un br\u00f3ker m\u00f3vil regulado que ofrece a los traders acceso a los mercados financieros a trav\u00e9s de dos aplicaciones nativas intuitivas. Los traders m\u00f3viles pueden descargar las aplicaciones gratuitas desde el sitio web oficial del br\u00f3ke... <a href=\"https:\/\/www.tradingpedia.com\/forex-brokers\/fxpro\/\">Read more<\/a><\/div><\/div><\/div><div class=\"card-c2a\"><a class=\"btn border-radius-10 c2a-btn\" rel=\"nofollow\" target=\"_blank\" href=\"\/out\/fxpro?au=114&bp=2\">VISIT<\/a><\/div><\/div><\/div><div class=\"col-6 col-sm-4 col-md-3 item\"><div class=\"h-100 d-flex flex-column justify-content-between\"><div class=\"h-100 card-content border-radius-10\"><a href=\"https:\/\/www.tradingpedia.com\/forex-brokers\/xm\/\"><img decoding=\"async\" class=\"logo\" src=\"https:\/\/www.tradingpedia.com\/www-tradingpedia-com\/wp-content\/uploads\/logos\/md-xm-logo.webp\" \/><\/a><ul class=\"features\"><li class=\"yes\">$5 Min Deposit<\/li><li class=\"yes\">Cuenta demo<\/li><li class=\"yes\">Cobertura<\/li><li class=\"yes\">Scalping<\/li><\/ul><div class=\"excerpt\"><i class=\"fas fa-plus-circle view-excerpt\"><\/i><div class=\"excerpt-content border-radius-10\">Libertex es un br\u00f3ker m\u00f3vil regulado que ofrece a los traders acceso a los mercados financieros a trav\u00e9s de dos aplicaciones nativas intuitivas. Los traders m\u00f3viles pueden descargar las aplicaciones gratuitas desde el sitio web oficial del br\u00f3ke... <a href=\"https:\/\/www.tradingpedia.com\/forex-brokers\/xm\/\">Read more<\/a><\/div><\/div><\/div><div class=\"card-c2a\"><a class=\"btn border-radius-10 c2a-btn\" rel=\"nofollow\" target=\"_blank\" href=\"\/out\/xm?au=114&bp=3\">VISIT<\/a><\/div><\/div><\/div><div class=\"col-6 col-sm-4 col-md-3 item\"><div class=\"h-100 d-flex flex-column justify-content-between\"><div class=\"h-100 card-content border-radius-10\"><a href=\"https:\/\/www.tradingpedia.com\/forex-brokers\/libertex\/\"><img decoding=\"async\" class=\"logo\" src=\"https:\/\/www.tradingpedia.com\/www-tradingpedia-com\/wp-content\/uploads\/logos\/md-libertex-logo.webp\" \/><\/a><ul class=\"features\"><li class=\"yes\">$\/\u20ac10, \u20ac100 (first deposit, Europe) Min Deposit<\/li><li class=\"yes\">Cuenta demo<\/li><li class=\"yes\">Cobertura<\/li><li class=\"yes\">Scalping<\/li><\/ul><div class=\"excerpt\"><i class=\"fas fa-plus-circle view-excerpt\"><\/i><div class=\"excerpt-content border-radius-10\">Libertex es un br\u00f3ker m\u00f3vil regulado que ofrece a los traders acceso a los mercados financieros a trav\u00e9s de dos aplicaciones nativas intuitivas. Los traders m\u00f3viles pueden descargar las aplicaciones gratuitas desde el sitio web oficial del br\u00f3ke... <a href=\"https:\/\/www.tradingpedia.com\/forex-brokers\/libertex\/\">Read more<\/a><\/div><\/div><\/div><div class=\"card-c2a\"><a class=\"btn border-radius-10 c2a-btn\" rel=\"nofollow\" target=\"_blank\" href=\"\/out\/libertex?au=114&bp=4\">VISIT<\/a><\/div><\/div><\/div><div class=\"col-6 col-sm-4 col-md-3 item\"><div class=\"h-100 d-flex flex-column justify-content-between\"><div class=\"h-100 card-content border-radius-10\"><a href=\"https:\/\/www.tradingpedia.com\/forex-brokers\/etoro\/\"><img decoding=\"async\" class=\"logo\" src=\"https:\/\/www.tradingpedia.com\/www-tradingpedia-com\/wp-content\/uploads\/logos\/md-etoro-logo.webp\" \/><\/a><ul class=\"features\"><li class=\"yes\">50 $ o 100 $ seg\u00fan el pa\u00eds (10 $ para el Reino Unido) Min Deposit<\/li><li class=\"yes\">Cuenta demo<\/li><li class=\"yes\">Cobertura<\/li><li class=\"no\">Scalping<\/li><\/ul><div class=\"excerpt\"><i class=\"fas fa-plus-circle view-excerpt\"><\/i><div class=\"excerpt-content border-radius-10\">Libertex es un br\u00f3ker m\u00f3vil regulado que ofrece a los traders acceso a los mercados financieros a trav\u00e9s de dos aplicaciones nativas intuitivas. Los traders m\u00f3viles pueden descargar las aplicaciones gratuitas desde el sitio web oficial del br\u00f3ke... <a href=\"https:\/\/www.tradingpedia.com\/forex-brokers\/etoro\/\">Read more<\/a><\/div><\/div><\/div><div class=\"card-c2a\"><a class=\"btn border-radius-10 c2a-btn\" rel=\"nofollow\" target=\"_blank\" href=\"\/out\/etoro?au=114&bp=5\">VISIT<\/a><\/div><\/div><\/div><div class=\"col-6 col-sm-4 col-md-3 item\"><div class=\"h-100 d-flex flex-column justify-content-between\"><div class=\"h-100 card-content border-radius-10\"><a href=\"https:\/\/www.tradingpedia.com\/forex-brokers\/markets-com\/\"><img decoding=\"async\" class=\"logo\" src=\"https:\/\/www.tradingpedia.com\/www-tradingpedia-com\/wp-content\/uploads\/logos\/md-markets-com-logo.webp\" \/><\/a><ul class=\"features\"><li class=\"yes\">$100 Min Deposit<\/li><li class=\"yes\">Cuenta demo<\/li><li class=\"yes\">Cobertura<\/li><li class=\"yes\">Scalping<\/li><\/ul><div class=\"excerpt\"><i class=\"fas fa-plus-circle view-excerpt\"><\/i><div class=\"excerpt-content border-radius-10\">Libertex es un br\u00f3ker m\u00f3vil regulado que ofrece a los traders acceso a los mercados financieros a trav\u00e9s de dos aplicaciones nativas intuitivas. Los traders m\u00f3viles pueden descargar las aplicaciones gratuitas desde el sitio web oficial del br\u00f3ke... <a href=\"https:\/\/www.tradingpedia.com\/forex-brokers\/markets-com\/\">Read more<\/a><\/div><\/div><\/div><div class=\"card-c2a\"><a class=\"btn border-radius-10 c2a-btn\">VISIT<\/a><\/div><\/div><\/div><div class=\"col-6 col-sm-4 col-md-3 item\"><div class=\"h-100 d-flex flex-column justify-content-between\"><div class=\"h-100 card-content border-radius-10\"><a href=\"https:\/\/www.tradingpedia.com\/es\/trading-apps\/robinhood-mobile-trading-app\/\"><img decoding=\"async\" class=\"logo\" src=\"\/wp-content\/uploads\/logos\/md-robinhood-logo.jpg\" \/><\/a><ul class=\"features\"><li class=\"yes\">1 Min Deposit<\/li><li class=\"no\">Cuenta demo<\/li><li class=\"no\">Cobertura<\/li><li class=\"no\">Scalping<\/li><\/ul><div class=\"excerpt\"><i class=\"fas fa-plus-circle view-excerpt\"><\/i><div class=\"excerpt-content border-radius-10\">Robinhood es un br\u00f3ker de acciones consolidado cuya historia comenz\u00f3 hace casi un... <a href=\"https:\/\/www.tradingpedia.com\/es\/trading-apps\/robinhood-mobile-trading-app\/\">Read more<\/a><\/div><\/div><\/div><div class=\"card-c2a\"><a class=\"btn border-radius-10 c2a-btn\">VISIT<\/a><\/div><\/div><\/div><div class=\"col-6 col-sm-4 col-md-3 item\"><div class=\"h-100 d-flex flex-column justify-content-between\"><div class=\"h-100 card-content border-radius-10\"><a href=\"https:\/\/www.tradingpedia.com\/es\/trading-apps\/dukascopy-mobile-trading-app\/\"><img decoding=\"async\" class=\"logo\" src=\"\/wp-content\/uploads\/logos\/md-dukascopy-logo.jpg\" \/><\/a><ul class=\"features\"><li class=\"yes\">5000.0000 Min Deposit<\/li><li class=\"yes\">Cuenta demo<\/li><li class=\"no\">Cobertura<\/li><li class=\"no\">Scalping<\/li><\/ul><div class=\"excerpt\"><i class=\"fas fa-plus-circle view-excerpt\"><\/i><div class=\"excerpt-content border-radius-10\">Dukascopy es un br\u00f3ker y banco galardonado originario de la ciudad m\u00e1s poblada de Suiz... <a href=\"https:\/\/www.tradingpedia.com\/es\/trading-apps\/dukascopy-mobile-trading-app\/\">Read more<\/a><\/div><\/div><\/div><div class=\"card-c2a\"><a class=\"btn border-radius-10 c2a-btn\">VISIT<\/a><\/div><\/div><\/div><\/div><div class=\"clearfix\"><\/div>\n<h2>C\u00f3mo elegir la aplicaci\u00f3n de trading de Forex adecuada<\/h2>\n<p>Elegir el br\u00f3ker de Forex adecuado es crucial para cualquier trader que desee tener \u00e9xito en el mercado de divisas. Con tantas opciones disponibles, puede resultar abrumador decidir qu\u00e9 br\u00f3ker se adapta mejor a tus necesidades. Estos son nueve factores clave que debes tener en cuenta al elegir un br\u00f3ker de Forex:<\/p>\n<h3>Cumplimiento normativo<\/h3>\n<p>Aseg\u00farate de que el br\u00f3ker est\u00e9 regulado por una autoridad de confianza, como la Financial Conduct Authority (<a href=\"https:\/\/www.fca.org.uk\/\" rel=\"noopener nofollow \" target=\"_blank\">FCA<\/a>), la National Futures Association (<a href=\"https:\/\/www.nfa.futures.org\/\" rel=\"noopener nofollow \" target=\"_blank\">NFA<\/a>),  la Cyprus Securities and Exchange Commission (<a href=\"https:\/\/www.cysec.gov.cy\/en-gb\/home\/\" rel=\"noopener nofollow \" target=\"_blank\">CySEC<\/a>) o la Australian Securities and Investments Commission (<a href=\"https:\/\/asic.gov.au\/\" rel=\"noopener nofollow \" target=\"_blank\">ASIC<\/a>). Esto proporciona una capa adicional de protecci\u00f3n para tus fondos y garantiza que el br\u00f3ker opere de forma justa y transparente.<\/p>\n<h3>Apalancamiento y requisitos de margen<\/h3>\n<p>El apalancamiento te permite controlar posiciones de mayor tama\u00f1o con una menor cantidad de capital. Sin embargo, tambi\u00e9n incrementa el riesgo de p\u00e9rdidas. Busca un br\u00f3ker que ofrezca opciones de apalancamiento flexibles y requisitos de margen competitivos.<\/p>\n<h3>Spreads y comisiones<\/h3>\n<p>El spread es la diferencia entre los precios de compra y venta de un par de divisas. Busca un br\u00f3ker que ofrezca spreads competitivos y comisiones bajas.<\/p>\n<h3>Dep\u00f3sitos y retiradas<\/h3>\n<p>Revisa las pol\u00edticas de dep\u00f3sito y retirada del br\u00f3ker para asegurarte de que sean c\u00f3modas y rentables. Busca br\u00f3kers que ofrezcan dep\u00f3sitos y retiradas gratuitos, as\u00ed como una variedad de m\u00e9todos de pago, como <a href=\"https:\/\/www.tradingpedia.com\/es\/forex-brokers\/forex-trading-with-visa-card\/\" rel=\"noopener\" target=\"_blank\">Visa<\/a>, <a href=\"https:\/\/www.tradingpedia.com\/es\/forex-brokers\/forex-trading-with-mastercard\/\" rel=\"noopener\" target=\"_blank\">MasterCard<\/a>, <a href=\"https:\/\/www.tradingpedia.com\/es\/forex-brokers\/forex-trading-brokers-paypal\/\" rel=\"noopener\" target=\"_blank\">PayPal<\/a> o <a href=\"https:\/\/www.tradingpedia.com\/es\/forex-brokers\/forex-trading-with-crypto\/\" rel=\"noopener\" target=\"_blank\">cripto<\/a>.<\/p>\n<h3>Plataformas de trading<\/h3>\n<p>Una buena plataforma de trading debe ser f\u00e1cil de usar, fiable y ofrecer una amplia gama de funciones y herramientas que te ayuden a operar con eficacia. Busca br\u00f3kers que ofrezcan varias plataformas de trading, incluidas opciones m\u00f3viles y basadas en la web. Las plataformas de trading m\u00e1s populares son <a href=\"https:\/\/www.metatrader4.com\/en\" rel=\"noopener nofollow \" target=\"_blank\">MetaTrader 4<\/a>, <a href=\"https:\/\/www.metatrader5.com\/\" rel=\"noopener nofollow \" target=\"_blank\">MetaTrader 5<\/a>, <a href=\"https:\/\/www.tradingview.com\/brokerage-integration\/\" rel=\"noopener nofollow \" target=\"_blank\">TradingView<\/a> y <a href=\"https:\/\/ctrader.com\/\" rel=\"noopener nofollow \" target=\"_blank\">cTrader<\/a>.<\/p>\n<h3>Horario de trading<\/h3>\n<p>Forex es un mercado que opera las 24 horas, por lo que es esencial elegir un br\u00f3ker que ofrezca horarios de trading flexibles. Busca br\u00f3kers que ofrezcan trading 24\/5, as\u00ed como horarios de trading durante el fin de semana.<\/p>\n<h3>N\u00famero de mercados de Forex disponibles<\/h3>\n<p>Un buen br\u00f3ker debe ofrecer una amplia gama de pares de divisas, incluidos pares principales, secundarios y ex\u00f3ticos. Busca br\u00f3kers que ofrezcan m\u00e1s de 80 pares de divisas, as\u00ed como diferentes formas de operarlos, como operaciones al contado y posiciones en futuros.<\/p>\n<h3>Herramientas educativas<\/h3>\n<p> Un buen br\u00f3ker debe ofrecer una variedad de recursos educativos que te ayuden a mejorar tus habilidades de trading. Busca br\u00f3kers que ofrezcan cursos gratuitos, seminarios web y art\u00edculos de an\u00e1lisis, as\u00ed como una cuenta demo de trading con la que puedas practicar.<\/p>\n<h3>Servicio de atenci\u00f3n al cliente<\/h3>\n<p> Un buen servicio de atenci\u00f3n al cliente es esencial para cualquier trader. Busca br\u00f3kers que ofrezcan soporte 24 horas, as\u00ed como diversas formas de contacto, incluidos tel\u00e9fono, correo electr\u00f3nico y chat en vivo. Si tienes en cuenta estos factores, podr\u00e1s encontrar un br\u00f3ker de Forex que se adapte a tus necesidades y te ayude a alcanzar tus objetivos de trading. Recuerda siempre investigar y leer opiniones de otros traders antes de tomar una decisi\u00f3n.<\/p>\n<p>En conclusi\u00f3n, elegir el br\u00f3ker de Forex adecuado es una decisi\u00f3n crucial que puede marcar una diferencia significativa en tu \u00e9xito en el trading. Si tienes en cuenta los factores descritos anteriormente, podr\u00e1s encontrar un br\u00f3ker que ofrezca la combinaci\u00f3n adecuada de funciones, herramientas y servicios para ayudarte a alcanzar tus objetivos de trading. Recuerda siempre investigar, leer opiniones y probar la plataforma de un br\u00f3ker antes de tomar una decisi\u00f3n.<\/p>\n","protected":false},"excerpt":{"rendered":"<p>En TradingPedia, los traders pueden comparar las mejores aplicaciones de trading m\u00f3vil y sus caracter\u00edsticas correspondientes para asegurarse de tomar la decisi\u00f3n m\u00e1s adecuada a sus necesidades. Nuestros an\u00e1lisis en profundidad cubren todos los aspectos de las aplicaciones de los br\u00f3kers m\u00f3viles, incluidos los tipos de cuenta disponibles, la gama de instrumentos financieros admitidos, las [&hellip;]<\/p>\n","protected":false},"author":1,"featured_media":0,"parent":0,"menu_order":0,"comment_status":"closed","ping_status":"closed","template":"templates\/full-width.php","meta":{"footnotes":""},"class_list":["post-120832","page","type-page","status-publish","hentry"],"aioseo_notices":[],"_links":{"self":[{"href":"https:\/\/www.tradingpedia.com\/es\/wp-json\/wp\/v2\/pages\/120832","targetHints":{"allow":["GET"]}}],"collection":[{"href":"https:\/\/www.tradingpedia.com\/es\/wp-json\/wp\/v2\/pages"}],"about":[{"href":"https:\/\/www.tradingpedia.com\/es\/wp-json\/wp\/v2\/types\/page"}],"author":[{"embeddable":true,"href":"https:\/\/www.tradingpedia.com\/es\/wp-json\/wp\/v2\/users\/1"}],"replies":[{"embeddable":true,"href":"https:\/\/www.tradingpedia.com\/es\/wp-json\/wp\/v2\/comments?post=120832"}],"version-history":[{"count":0,"href":"https:\/\/www.tradingpedia.com\/es\/wp-json\/wp\/v2\/pages\/120832\/revisions"}],"wp:attachment":[{"href":"https:\/\/www.tradingpedia.com\/es\/wp-json\/wp\/v2\/media?parent=120832"}],"curies":[{"name":"wp","href":"https:\/\/api.w.org\/{rel}","templated":true}]}}