{"id":120810,"date":"2019-09-04T07:47:20","date_gmt":"2019-09-04T07:47:20","guid":{"rendered":"https:\/\/www.tradingpedia.com\/forex-brokers\/libertex\/"},"modified":"2026-04-28T09:30:39","modified_gmt":"2026-04-28T09:30:39","slug":"libertex","status":"publish","type":"page","link":"https:\/\/www.tradingpedia.com\/es\/forex-brokers\/libertex\/","title":{"rendered":"Libertex: opiniones y an\u00e1lisis del br\u00f3ker"},"content":{"rendered":"<p>Libertex es un br\u00f3ker en l\u00ednea con amplia experiencia en los mercados financieros, especializado en la negociaci\u00f3n de acciones reales y CFD. El br\u00f3ker ofrece una aplicaci\u00f3n f\u00e1cil de usar para dispositivos m\u00f3viles iOS y Android.<\/p>\n<p>Desde un sencillo proceso de registro y dep\u00f3sito de fondos hasta una ejecuci\u00f3n de \u00f3rdenes muy r\u00e1pida y un entorno de trading exclusivo, la plataforma cuenta con todo lo necesario para operar en l\u00ednea. Gracias a su dise\u00f1o intuitivo, Libertex es adecuada para todo tipo de traders.<\/p>\n\n    <section class=\"instruments\">\n      <div class=\"instruments_head\">\n        <h2 id=\"instruments\">Activos subyacentes<div class=\"star-rating stars-4\"><\/div><\/h2>\n        En Libertex, tienes la posibilidad de operar con una variedad de activos subyacentes o invertir en acciones reales. Dependiendo de tu estilo de trading y de tu objetivo, puedes elegir los que mejor se adapten a tus necesidades. Libertex ofrece CFDs negociables, cuyos activos subyacentes incluyen materias primas, \u00edndices, Forex, ETFs, criptomonedas, acciones y otros. Los clientes pueden negociar CFDs con comisiones bajas y diferenciales ajustados.\n      <\/div>\n\n      <div class=\"instruments_body\">\n        <ul class=\"row\">\n          <li class=\"col-12 col-sm-6 col-md-4\"><div class=\"instrument\"><a href=\"#trading_instruments-0\">CFDs sobre divisas<\/a><\/div><\/li><li class=\"col-12 col-sm-6 col-md-4\"><div class=\"instrument\"><a href=\"#trading_instruments-1\">CFDs sobre criptomonedas<\/a><\/div><\/li><li class=\"col-12 col-sm-6 col-md-4\"><div class=\"instrument\"><a href=\"#trading_instruments-2\">CFDs sobre metales preciosos<\/a><\/div><\/li><li class=\"col-12 col-sm-6 col-md-4\"><div class=\"instrument\"><a href=\"#trading_instruments-3\">CFDs sobre petr\u00f3leo y gas<\/a><\/div><\/li><li class=\"col-12 col-sm-6 col-md-4\"><div class=\"instrument\"><a href=\"#trading_instruments-4\">CFDs sobre acciones<\/a><\/div><\/li><li class=\"col-12 col-sm-6 col-md-4\"><div class=\"instrument\"><a href=\"#trading_instruments-5\">CFDs sobre agricultura<\/a><\/div><\/li>\n        <\/ul>\n      <\/div>\n\n      <div class=\"instruments_foot\">\n        <div id=\"trading_instruments-0\"><h3>CFDs sobre divisas<\/h3><p>Los CFDs de Forex permiten a los traders especular tanto con la subida como con la bajada de los precios de diversos pares de divisas sin poseer las monedas subyacentes. En Libertex, puedes operar siete pares CFD principales (EUR\/USD, GBP\/USD, USD\/JPY y otros) y veintitr\u00e9s pares CFD cruzados (EUR\/JPY, GBP\/JPY, CAD\/JPY, etc.). Adem\u00e1s, est\u00e1n disponibles m\u00e1s de veinte pares CFD ex\u00f3ticos.<\/p>\n<\/div><div id=\"trading_instruments-1\"><h3>CFDs sobre criptomonedas<\/h3><p>En un mundo cada vez m\u00e1s digitalizado, las criptomonedas ganan en popularidad. Al igual que al negociar CFDs de Forex, los traders no poseen los activos subyacentes que operan. Libertex ofrece CFDs tanto de Bitcoin como de Litecoin. El precio de Bitcoin fluct\u00faa considerablemente porque su valor depende de la demanda y del volumen de bienes que se pueden comprar con \u00e9l. Litecoin es la segunda criptomoneda m\u00e1s negociada y a menudo se la considera la \u00abplata\u00bb frente al \u00aboro\u00bb de Bitcoin. Su volatilidad tambi\u00e9n presenta oportunidades interesantes para los traders.<\/p>\n<\/div><div id=\"trading_instruments-2\"><h3>CFDs sobre metales preciosos<\/h3><p>Los metales preciosos constituyen otra clase de activo muy demandada por traders de todos los niveles de experiencia.<br \/>\nLibertex permite a los traders elegir entre operar con CFDs sobre oro, plata, cobre, platino y paladio.<br \/>\nLa secci\u00f3n de noticias del mercado de la plataforma de trading los mantiene bien informados sobre las \u00faltimas novedades y tendencias del mercado.<br \/>\nLos CFDs sobre oro y plata atraen gran parte de la atenci\u00f3n de los traders, ya que se consideran entre los mejores activos subyacentes para operar.<br \/>\nLos CFDs sobre cobre, platino y paladio tambi\u00e9n despiertan inter\u00e9s entre los traders, ya que estos metales se utilizan ampliamente en varias industrias.<\/p>\n<\/div><div id=\"trading_instruments-3\"><h3>CFDs sobre petr\u00f3leo y gas<\/h3><p>Libertex ofrece a los traders la oportunidad de negociar cinco tipos de CFDs sobre petr\u00f3leo y gas: Brent Crude Oil, WTI Crude Oil, Henry Hub Natural Gas, Heating Oil y Light Sweet Crude Oil. El comportamiento de los precios del petr\u00f3leo suele estar determinado por el equilibrio entre la oferta y la demanda, as\u00ed como por diversos factores macroecon\u00f3micos y geopol\u00edticos. Adem\u00e1s del equilibrio entre la oferta y la demanda, otros factores que afectan a los precios del gas natural incluyen los precios del petr\u00f3leo y las condiciones meteorol\u00f3gicas.<\/p>\n<\/div><div id=\"trading_instruments-4\"><h3>CFDs sobre acciones<\/h3><p>El trading de CFDs sobre acciones es otra opci\u00f3n disponible para los clientes de Libertex. La plataforma incluye una variedad de sectores, como tecnolog\u00eda, industria, finanzas, servicios al consumidor, telecomunicaciones, energ\u00eda y sanidad, entre otros. Los CFDs sobre las acciones de empresas destacadas \u2013 como eBay Inc., Twitter Inc., Google Inc., Apple Inc., Microsoft Corp. y Adobe Systems Inc. \u2013 tienen una gran demanda entre los traders.<\/p>\n<\/div><div id=\"trading_instruments-5\"><h3>CFDs sobre agricultura<\/h3><p>Cuando Libertex habla de CFDs agr\u00edcolas, se refiere a contratos por diferencia tradicionales disponibles para operar en su moderna plataforma de trading. Estos instrumentos atraen tanto a traders novatos como a experimentados y ofrecen CFDs sobre caf\u00e9, cacao, soja, trigo, ma\u00edz y az\u00facar. Siguen estando entre los activos subyacentes m\u00e1s negociados, con precios que fluct\u00faan estacionalmente y a lo largo del a\u00f1o. Adem\u00e1s de la oferta y la demanda, los precios de los productos agr\u00edcolas se ven influidos por factores como las condiciones meteorol\u00f3gicas, los avances en la tecnolog\u00eda agr\u00edcola y el crecimiento de la poblaci\u00f3n mundial.<\/p>\n<\/div>\n      <\/div>\n    <\/section>\n  \n<h2 id=\"platforms\">Plataforma de trading <div class=\"star-rating stars-4-5\"><\/div><\/h2>\n\n<div class=\"platforms\">\n<table>\n  <tbody>\n    <tr>\n      <th>\n        <img decoding=\"async\" src=\"https:\/\/www.tradingpedia.com\/wp-content\/themes\/trading-pedia\/images\/platforms-icon.svg\">\n        <h3>Plataformas<\/h3>\n      <\/th>\n      <th>\n        <img decoding=\"async\" src=\"https:\/\/www.tradingpedia.com\/wp-content\/themes\/trading-pedia\/images\/pc-mac-icon.svg\">\n        <h3>PC \/ MAC<\/h3>\n      <\/th>\n      <th>\n        <img decoding=\"async\" src=\"https:\/\/www.tradingpedia.com\/wp-content\/themes\/trading-pedia\/images\/smartphones-icon.svg\">\n        <h3>Smartphones<\/h3>\n      <\/th>\n      <th>\n        <img decoding=\"async\" src=\"https:\/\/www.tradingpedia.com\/wp-content\/themes\/trading-pedia\/images\/tablets-icon.svg\">\n        <h3>Tabletas<\/h3>\n      <\/th>\n    <\/tr><tr><td>MetaTrader 4<\/td><td><img decoding=\"async\" src=\"https:\/\/www.tradingpedia.com\/wp-content\/themes\/trading-pedia\/images\/windows-logo.svg\" \/><img decoding=\"async\" src=\"https:\/\/www.tradingpedia.com\/wp-content\/themes\/trading-pedia\/images\/apple-logo.svg\" \/><\/td><td><img decoding=\"async\" src=\"https:\/\/www.tradingpedia.com\/wp-content\/themes\/trading-pedia\/images\/ios-logo.svg\" \/><img decoding=\"async\" src=\"https:\/\/www.tradingpedia.com\/wp-content\/themes\/trading-pedia\/images\/android-logo.svg\" \/><\/td><td><img decoding=\"async\" src=\"https:\/\/www.tradingpedia.com\/wp-content\/themes\/trading-pedia\/images\/ios-logo.svg\" \/><img decoding=\"async\" src=\"https:\/\/www.tradingpedia.com\/wp-content\/themes\/trading-pedia\/images\/android-logo.svg\" \/><\/td><\/tr><tr><td>MetaTrader 5<\/td><td><img decoding=\"async\" src=\"https:\/\/www.tradingpedia.com\/wp-content\/themes\/trading-pedia\/images\/windows-logo.svg\" \/><img decoding=\"async\" src=\"https:\/\/www.tradingpedia.com\/wp-content\/themes\/trading-pedia\/images\/apple-logo.svg\" \/><\/td><td><img decoding=\"async\" src=\"https:\/\/www.tradingpedia.com\/wp-content\/themes\/trading-pedia\/images\/ios-logo.svg\" \/><img decoding=\"async\" src=\"https:\/\/www.tradingpedia.com\/wp-content\/themes\/trading-pedia\/images\/android-logo.svg\" \/><\/td><td><img decoding=\"async\" src=\"https:\/\/www.tradingpedia.com\/wp-content\/themes\/trading-pedia\/images\/ios-logo.svg\" \/><img decoding=\"async\" src=\"https:\/\/www.tradingpedia.com\/wp-content\/themes\/trading-pedia\/images\/android-logo.svg\" \/><\/td><\/tr><\/tbody><\/table><\/div>\n\n        <div class=\"table-wrapper\">\n          <table>\n            <tr><th colspan=\"2\">Informaci\u00f3n de trading<\/th><\/tr>\n            <tr><td>Plataformas de trading<\/td><td>MetaTrader 4, MetaTrader 5<\/d><\/tr>\n      <tr><td>Cuenta demo<\/td><td><img decoding=\"async\" width=\"24\" height=\"24\" src=\"https:\/\/www.tradingpedia.com\/wp-content\/themes\/trading-pedia\/images\/ico-check.svg\" alt=\"Disponible\" \/><\/td><\/tr><tr><td>Cobertura<\/td><td><img decoding=\"async\" width=\"24\" height=\"24\" src=\"https:\/\/www.tradingpedia.com\/wp-content\/themes\/trading-pedia\/images\/ico-check.svg\" alt=\"Disponible\" \/><\/td><\/tr><tr><td>Scalping<\/td><td><img decoding=\"async\" width=\"24\" height=\"24\" src=\"https:\/\/www.tradingpedia.com\/wp-content\/themes\/trading-pedia\/images\/ico-check.svg\" alt=\"Disponible\" \/><\/td><\/tr><tr><td>Traders de EE. UU.<\/td><td><img decoding=\"async\" width=\"24\" height=\"24\" src=\"https:\/\/www.tradingpedia.com\/wp-content\/themes\/trading-pedia\/images\/ico-xmark.svg\" alt=\"No disponible\" \/><\/td><\/tr><tr><td>Traders \u00e1rabes<\/td><td><img decoding=\"async\" width=\"24\" height=\"24\" src=\"https:\/\/www.tradingpedia.com\/wp-content\/themes\/trading-pedia\/images\/ico-xmark.svg\" alt=\"No disponible\" \/><\/td><\/tr>\n          <\/table>\n        <\/div>\n      \n<p>Con Libertex puedes operar en MT4, MT5 y en la plataforma propia de Libertex, as\u00ed como en las aplicaciones para iOS y Android. La plataforma Libertex funciona muy bien tanto en ordenadores de escritorio como en dispositivos m\u00f3viles. Su plataforma de trading basada en la web ofrece una interfaz f\u00e1cil de usar, lo que la hace adecuada para traders de todos los niveles de experiencia. La plataforma ofrece una variedad de funciones especiales que dan lugar a una experiencia de trading muy completa. Por ejemplo, puedes a\u00f1adir un activo subyacente concreto a tus favoritos, lo que te permite encontrarlo al instante la pr\u00f3xima vez que lo necesites.<\/p>\n<p>Tambi\u00e9n puedes elegir c\u00f3mo visualizar cada gr\u00e1fico y su marco temporal. Para acceder a los mercados financieros no es necesario descargar ni instalar ning\u00fan software. La plataforma funciona sin problemas en distintos dispositivos m\u00f3viles, incluidos Android y iOS. Para un acceso m\u00e1s r\u00e1pido, puedes descargar la aplicaci\u00f3n espec\u00edfica de Libertex directamente desde Google Play Store o Apple App Store. Gracias a la aplicaci\u00f3n, puedes operar cuando y donde quieras.<\/p>\n<h2 id=\"payment\">M\u00e9todos de pago <div class=\"star-rating stars-4\"><\/div><\/h2>\n<p>Para depositar fondos en tu cuenta de Libertex, puedes elegir entre varios m\u00e9todos de pago &#8211; Visa, Mastercard, transferencia bancaria, Skrill, PayPal, etc. La disponibilidad de cada m\u00e9todo depende de tu pa\u00eds de residencia y de la normativa local que le sea aplicable.<\/p>\n<h2 id=\"account\">Tipos de cuenta <div class=\"star-rating stars-4\"><\/div><\/h2>\n<p>En Libertex hay disponibles tres tipos de cuenta: una cuenta Invest, una cuenta de trading con CFD y una cuenta demo. Si a\u00fan no te sientes lo suficientemente seguro como para empezar a operar con tus propios fondos, puedes optar por la cuenta demo. Para abrirla solo necesitas una direcci\u00f3n de correo electr\u00f3nico y una contrase\u00f1a. Una vez que te hayas registrado, recibir\u00e1s fondos virtuales que podr\u00e1s utilizar para practicar trading en la plataforma de Libertex.<\/p>\n<p>El segundo tipo de cuenta que puedes abrir es una cuenta de trading con dinero real.<\/p>\n<div class=\"important\"><strong>Importante:<\/strong> Mientras Libertex procura simplificar cada paso\u2014desde el registro y el dep\u00f3sito de fondos hasta la ejecuci\u00f3n de \u00f3rdenes\u2014el trading sigue implicando un riesgo financiero significativo. Aseg\u00farate de leer toda la documentaci\u00f3n legal del br\u00f3ker, revisar cuidadosamente todas las comisiones y probar tus estrategias con la cuenta demo gratuita antes de comprometer capital real. La gesti\u00f3n responsable del dinero sigue siendo en todo momento una obligaci\u00f3n personal.<\/div>\n<h2 id=\"support\">Atenci\u00f3n al cliente <div class=\"star-rating stars-4-5\"><\/div><\/h2>\n<p>Si necesitas ayuda, puedes ponerte en contacto con el equipo de atenci\u00f3n al cliente por tel\u00e9fono, correo electr\u00f3nico o chat en vivo. En general, el chat en vivo es la opci\u00f3n m\u00e1s r\u00e1pida, ya que te conecta directamente con un miembro del equipo de soporte al cliente. Los representantes de la empresa cuentan con amplia experiencia y responden con rapidez a las consultas. Adem\u00e1s, la secci\u00f3n de Ayuda y Soporte de Libertex ofrece informaci\u00f3n detallada sobre una gran variedad de temas, incluida la plataforma de trading, las transacciones y mucho m\u00e1s.<\/p>\n\n    <section class=\"ready-to-trade\">\n      <div class=\"ready-to-trade_head\">\n        <h3>\u00bfEst\u00e1s listo para operar?<\/h3>\n      <\/div>\n      <div class=\"ready-to-trade_body\">\n        <div class=\"row\">\n          <div class=\"col-12 col-md-6\">\n            <a href=\"\/out\/libertex?au=114&bp=1\" target=\"_blank\" rel=\"nofollow noopener noreferrer\" class=\"demo\">Abrir una cuenta demo<\/a>\n          <\/div>\n\n          <div class=\"col-12 col-md-6\">\n            <a href=\"\/out\/libertex?au=114&bp=1\" target=\"_blank\" rel=\"nofollow noopener noreferrer\" class=\"account\">Abrir una cuenta<\/a>\n          <\/div>\n        <\/div>\n      <\/div>\n    <\/section>\n  \n<p><em>Advertencia de riesgo: los CFD son instrumentos complejos y conllevan un alto riesgo de perder dinero r\u00e1pidamente debido al apalancamiento. El 84 % de las cuentas de inversores minoristas pierden dinero cuando operan con CFD con este proveedor. Debes considerar si comprendes c\u00f3mo funcionan los CFD y si puedes asumir el alto riesgo de perder tu dinero.<\/em><\/p>\n","protected":false},"excerpt":{"rendered":"<p>Libertex es un br\u00f3ker en l\u00ednea con amplia experiencia en los mercados financieros, especializado en la negociaci\u00f3n de acciones reales y CFD. El br\u00f3ker ofrece una aplicaci\u00f3n f\u00e1cil de usar para dispositivos m\u00f3viles iOS y Android. Desde un sencillo proceso de registro y dep\u00f3sito de fondos hasta una ejecuci\u00f3n de \u00f3rdenes muy r\u00e1pida y un [&hellip;]<\/p>\n","protected":false},"author":1,"featured_media":0,"parent":120792,"menu_order":9910,"comment_status":"closed","ping_status":"closed","template":"templates\/broker.php","meta":{"footnotes":""},"class_list":["post-120810","page","type-page","status-publish","hentry"],"aioseo_notices":[],"_links":{"self":[{"href":"https:\/\/www.tradingpedia.com\/es\/wp-json\/wp\/v2\/pages\/120810","targetHints":{"allow":["GET"]}}],"collection":[{"href":"https:\/\/www.tradingpedia.com\/es\/wp-json\/wp\/v2\/pages"}],"about":[{"href":"https:\/\/www.tradingpedia.com\/es\/wp-json\/wp\/v2\/types\/page"}],"author":[{"embeddable":true,"href":"https:\/\/www.tradingpedia.com\/es\/wp-json\/wp\/v2\/users\/1"}],"replies":[{"embeddable":true,"href":"https:\/\/www.tradingpedia.com\/es\/wp-json\/wp\/v2\/comments?post=120810"}],"version-history":[{"count":3,"href":"https:\/\/www.tradingpedia.com\/es\/wp-json\/wp\/v2\/pages\/120810\/revisions"}],"predecessor-version":[{"id":135619,"href":"https:\/\/www.tradingpedia.com\/es\/wp-json\/wp\/v2\/pages\/120810\/revisions\/135619"}],"up":[{"embeddable":true,"href":"https:\/\/www.tradingpedia.com\/es\/wp-json\/wp\/v2\/pages\/120792"}],"wp:attachment":[{"href":"https:\/\/www.tradingpedia.com\/es\/wp-json\/wp\/v2\/media?parent=120810"}],"curies":[{"name":"wp","href":"https:\/\/api.w.org\/{rel}","templated":true}]}}