{"id":120805,"date":"2019-09-04T07:47:20","date_gmt":"2019-09-04T07:47:20","guid":{"rendered":"https:\/\/www.tradingpedia.com\/forex-brokers\/fxcm\/"},"modified":"2026-01-27T12:41:55","modified_gmt":"2026-01-27T12:41:55","slug":"fxcm","status":"publish","type":"page","link":"https:\/\/www.tradingpedia.com\/es\/forex-brokers\/fxcm\/","title":{"rendered":"FXCM: opiniones y an\u00e1lisis del br\u00f3ker"},"content":{"rendered":"<p>La galardonada plataforma Trading Station de FXCM admite trading m\u00f3vil, ejecuci\u00f3n de \u00f3rdenes con un solo clic y trading directamente desde gr\u00e1ficos en tiempo real. La empresa es un proveedor global de trading de Forex, ofreciendo  acceso a una amplia red de proveedores de liquidez de Forex.<\/p>\n<h2 id=\"overview\">Descripci\u00f3n general<\/h2>\n<p>FXCM es uno de los br\u00f3kers de Forex m\u00e1s grandes y avanzados de la web. Fundado en 1999, desde entonces se ha convertido en la opci\u00f3n favorita de millones de traders que buscan un br\u00f3ker fiable, f\u00e1cil de usar y moderno.<\/p>\n<p>Los servicios de FXCM est\u00e1n disponibles para clientes de todo el mundo, y la empresa est\u00e1 regulada por los siguientes organismos: NFA, CFTC, SFC, ASIC, CONSOB, FCA, DGCX, BaFin, ACP y AMF. Su sitio web est\u00e1 disponible en m\u00e1s de 10 idiomas, incluidos \u00e1rabe, ruso, hebreo, ingl\u00e9s, alem\u00e1n y otros.<\/p>\n\n        <div class=\"table-wrapper\">\n          <table>\n            <tr><th colspan=\"2\">Informaci\u00f3n general sobre FXCM<\/th><\/tr>\n            <tr>\n              <td><strong>Dep\u00f3sito m\u00edn.<\/strong><\/td>\n              <td>$50<\/td>\n            <\/tr>\n\n            <tr>\n              <td><strong>Idiomas admitidos<\/strong><\/td>\n              <td>\u00c1rabe, Alem\u00e1n, Espa\u00f1ol, Turco<\/td>\n            <\/tr>\n            <tr>\n              <td><strong>Divisas admitidas<\/strong><\/td>\n              <td>EUR, GBP, USD<\/td>\n            <\/tr>\n            \n              <tr>\n                <td style=\"width: 250px;\"><strong>Sitio web<\/strong><\/td>\n                <td><a>https:\/\/www.fxcm-markets.com\/<\/a><\/td>\n              <\/tr>\n          \n              <tr>\n                <td><strong>N\u00famero de tel\u00e9fono<\/strong><\/td>\n                <td><a href=\"tel:+357 22022619\">+357 22022619<\/a><\/td>\n              <\/tr>\n          \n              <tr>\n                <td><strong>Correo electr\u00f3nico de soporte<\/strong><\/td>\n                <td><a href=\"mailto:info@fxcmmarkets.com\">info@fxcmmarkets.com<\/a><\/td>\n              <\/tr>\n          \n              <tr>\n                <td><strong>Direcci\u00f3n de la sede<\/strong><\/td>\n                <td><a href=\"https:\/\/maps.app.goo.gl\/QcLxRSNDnWSErfrC7\" rel=\"nofollow\" target=\"_blank\">33 Neas Engomis Street, 2409 Engomi, Nicosia, Cyprus<\/a><\/td>\n              <\/tr>\n          \n              <tr>\n                <td colspan=\"2\"><iframe src=\"https:\/\/www.google.com\/maps\/embed?pb=!1m18!1m12!1m3!1d3261.6580665595525!2d33.32009147443975!3d35.16514749796311!2m3!1f0!2f0!3f0!3m2!1i1024!2i768!4f13.1!3m3!1m2!1s0x14de1a7296dfeaf7%3A0xdb495d02197498a1!2sDOMS%20Business%20Centre!5e0!3m2!1sen!2smy!4v1738133522993!5m2!1sen!2smy\" style=\"width: 100%; height: 300px;\" style=\"border:0;\" allowfullscreen=\"\" loading=\"lazy\" referrerpolicy=\"no-referrer-when-downgrade\"><\/iframe><\/td>\n              <\/tr>\n          \n          <\/table>\n        <\/div>\n      \n\n          <div class=\"table-wrapper\">\n            <table>\n              <tr><th>Regulador<\/th><th>Licencia<\/th><\/tr>\n        <tr><td>CySEC<\/td><td><a href=\"https:\/\/www.cysec.gov.cy\/en-GB\/entities\/investment-firms\/cypriot\/88692\/\" rel=\"nofollow\" target=\"_blank\">392\/20<\/a><\/td><\/tr><tr><td>FCA<\/td><td><a href=\"https:\/\/register.fca.org.uk\/s\/firm?id=001b000000MfNCCAA3\" rel=\"nofollow\" target=\"_blank\">217689<\/a><\/td><\/tr><tr><td>SVGFSA<\/td><td><a href=\"https:\/\/svgfsa.com\" rel=\"nofollow\" target=\"_blank\">1776<\/a><\/td><\/tr><tr><td>FSCA<\/td><td>46534<\/td><\/tr><tr><td>ISA<\/td><td>515234623<\/td><\/tr><tr><td>ASIC<\/td><td><a href=\"https:\/\/service.asic.gov.au\/Search\/EntityDetail?LicenceNumber=309763&PermissionType=Australian%20financial%20services%20licensees&licenceName=STRATOS%20TRADING%20PTY.%20LIMITED\" rel=\"nofollow\" target=\"_blank\">309763<\/a><\/td><\/tr>\n            <\/table>\n          <\/div>\n        \n<h2 id=\"features\">Plataformas y funciones <div class=\"star-rating stars-4\"><\/div><\/h2>\n\n<div class=\"platforms\">\n<table>\n  <tbody>\n    <tr>\n      <th>\n        <img decoding=\"async\" src=\"https:\/\/www.tradingpedia.com\/wp-content\/themes\/trading-pedia\/images\/platforms-icon.svg\">\n        <h3>Plataformas<\/h3>\n      <\/th>\n      <th>\n        <img decoding=\"async\" src=\"https:\/\/www.tradingpedia.com\/wp-content\/themes\/trading-pedia\/images\/pc-mac-icon.svg\">\n        <h3>PC \/ MAC<\/h3>\n      <\/th>\n      <th>\n        <img decoding=\"async\" src=\"https:\/\/www.tradingpedia.com\/wp-content\/themes\/trading-pedia\/images\/smartphones-icon.svg\">\n        <h3>Smartphones<\/h3>\n      <\/th>\n      <th>\n        <img decoding=\"async\" src=\"https:\/\/www.tradingpedia.com\/wp-content\/themes\/trading-pedia\/images\/tablets-icon.svg\">\n        <h3>Tabletas<\/h3>\n      <\/th>\n    <\/tr><tr><td>MetaTrader 4<\/td><td><img decoding=\"async\" src=\"https:\/\/www.tradingpedia.com\/wp-content\/themes\/trading-pedia\/images\/windows-logo.svg\" \/><img decoding=\"async\" src=\"https:\/\/www.tradingpedia.com\/wp-content\/themes\/trading-pedia\/images\/apple-logo.svg\" \/><\/td><td><img decoding=\"async\" src=\"https:\/\/www.tradingpedia.com\/wp-content\/themes\/trading-pedia\/images\/ios-logo.svg\" \/><img decoding=\"async\" src=\"https:\/\/www.tradingpedia.com\/wp-content\/themes\/trading-pedia\/images\/android-logo.svg\" \/><\/td><td><img decoding=\"async\" src=\"https:\/\/www.tradingpedia.com\/wp-content\/themes\/trading-pedia\/images\/ios-logo.svg\" \/><img decoding=\"async\" src=\"https:\/\/www.tradingpedia.com\/wp-content\/themes\/trading-pedia\/images\/android-logo.svg\" \/><\/td><\/tr><tr><td>FXCM Trading Station<\/td><td><img decoding=\"async\" src=\"https:\/\/www.tradingpedia.com\/wp-content\/themes\/trading-pedia\/images\/windows-logo.svg\" \/><img decoding=\"async\" src=\"https:\/\/www.tradingpedia.com\/wp-content\/themes\/trading-pedia\/images\/apple-logo.svg\" \/><\/td><td><img decoding=\"async\" src=\"https:\/\/www.tradingpedia.com\/wp-content\/themes\/trading-pedia\/images\/ios-logo.svg\" \/><img decoding=\"async\" src=\"https:\/\/www.tradingpedia.com\/wp-content\/themes\/trading-pedia\/images\/android-logo.svg\" \/><\/td><td><img decoding=\"async\" src=\"https:\/\/www.tradingpedia.com\/wp-content\/themes\/trading-pedia\/images\/ios-logo.svg\" \/><img decoding=\"async\" src=\"https:\/\/www.tradingpedia.com\/wp-content\/themes\/trading-pedia\/images\/android-logo.svg\" \/><\/td><\/tr><tr><td>FXCC Zulu Trade<\/td><td><img decoding=\"async\" src=\"https:\/\/www.tradingpedia.com\/wp-content\/themes\/trading-pedia\/images\/windows-logo.svg\" \/><img decoding=\"async\" src=\"https:\/\/www.tradingpedia.com\/wp-content\/themes\/trading-pedia\/images\/apple-logo.svg\" \/><\/td><td><img decoding=\"async\" src=\"https:\/\/www.tradingpedia.com\/wp-content\/themes\/trading-pedia\/images\/ios-logo.svg\" \/><img decoding=\"async\" src=\"https:\/\/www.tradingpedia.com\/wp-content\/themes\/trading-pedia\/images\/android-logo.svg\" \/><\/td><td><img decoding=\"async\" src=\"https:\/\/www.tradingpedia.com\/wp-content\/themes\/trading-pedia\/images\/ios-logo.svg\" \/><img decoding=\"async\" src=\"https:\/\/www.tradingpedia.com\/wp-content\/themes\/trading-pedia\/images\/android-logo.svg\" \/><\/td><\/tr><tr><td>Mirror Trader<\/td><td><img decoding=\"async\" src=\"https:\/\/www.tradingpedia.com\/wp-content\/themes\/trading-pedia\/images\/windows-logo.svg\" \/><img decoding=\"async\" src=\"https:\/\/www.tradingpedia.com\/wp-content\/themes\/trading-pedia\/images\/apple-logo.svg\" \/><\/td><td><img decoding=\"async\" src=\"https:\/\/www.tradingpedia.com\/wp-content\/themes\/trading-pedia\/images\/ios-logo.svg\" \/><img decoding=\"async\" src=\"https:\/\/www.tradingpedia.com\/wp-content\/themes\/trading-pedia\/images\/android-logo.svg\" \/><\/td><td><img decoding=\"async\" src=\"https:\/\/www.tradingpedia.com\/wp-content\/themes\/trading-pedia\/images\/ios-logo.svg\" \/><img decoding=\"async\" src=\"https:\/\/www.tradingpedia.com\/wp-content\/themes\/trading-pedia\/images\/android-logo.svg\" \/><\/td><\/tr><tr><td>Ninja Trader<\/td><td><img decoding=\"async\" src=\"https:\/\/www.tradingpedia.com\/wp-content\/themes\/trading-pedia\/images\/windows-logo.svg\" \/><\/td><td><img decoding=\"async\" src=\"https:\/\/www.tradingpedia.com\/wp-content\/themes\/trading-pedia\/images\/ios-logo.svg\" \/><img decoding=\"async\" src=\"https:\/\/www.tradingpedia.com\/wp-content\/themes\/trading-pedia\/images\/android-logo.svg\" \/><\/td><td><img decoding=\"async\" src=\"https:\/\/www.tradingpedia.com\/wp-content\/themes\/trading-pedia\/images\/ios-logo.svg\" \/><img decoding=\"async\" src=\"https:\/\/www.tradingpedia.com\/wp-content\/themes\/trading-pedia\/images\/android-logo.svg\" \/><\/td><\/tr><tr><td>FXCM Trading Station Web<\/td><td><img decoding=\"async\" src=\"https:\/\/www.tradingpedia.com\/wp-content\/themes\/trading-pedia\/images\/windows-logo.svg\" \/><img decoding=\"async\" src=\"https:\/\/www.tradingpedia.com\/wp-content\/themes\/trading-pedia\/images\/apple-logo.svg\" \/><\/td><td><img decoding=\"async\" src=\"https:\/\/www.tradingpedia.com\/wp-content\/themes\/trading-pedia\/images\/ios-logo.svg\" \/><img decoding=\"async\" src=\"https:\/\/www.tradingpedia.com\/wp-content\/themes\/trading-pedia\/images\/android-logo.svg\" \/><\/td><td><img decoding=\"async\" src=\"https:\/\/www.tradingpedia.com\/wp-content\/themes\/trading-pedia\/images\/ios-logo.svg\" \/><img decoding=\"async\" src=\"https:\/\/www.tradingpedia.com\/wp-content\/themes\/trading-pedia\/images\/android-logo.svg\" \/><\/td><\/tr><\/tbody><\/table><\/div>\n<p>Los traders que utilizan los servicios de FXCM pueden elegir entre una larga lista de plataformas de trading. La opci\u00f3n m\u00e1s popular es MetaTrader 4, pero hay varias alternativas m\u00e1s, como Mirror Trader, ZuluTrade, NinjaTrader y las versiones web, m\u00f3vil y de escritorio propietarias de la plataforma Trading Station. <\/p>\n<p>Una de las funciones m\u00e1s populares que ofrece FXCM es su exclusivo centro educativo, que puede ayudar a traders principiantes, intermedios y expertos a mejorar sus habilidades. FXCM es el br\u00f3ker preferido por muchas personas por varias otras razones:  bajos diferenciales en los principales pares de divisas, condiciones de apalancamiento favorables y la oportunidad de utilizar una cuenta demo ilimitada.<\/p>\n\n        <div class=\"table-wrapper\">\n          <table>\n            <tr><th colspan=\"2\">Informaci\u00f3n de trading<\/th><\/tr>\n            <tr><td>Plataformas de trading<\/td><td>MetaTrader 4, TradingView, ZuluTrade, Trading Station<\/d><\/tr>\n      <tr><td>Cuenta demo<\/td><td><img decoding=\"async\" width=\"24\" height=\"24\" src=\"https:\/\/www.tradingpedia.com\/wp-content\/themes\/trading-pedia\/images\/ico-check.svg\" alt=\"Disponible\" \/><\/td><\/tr><tr><td>Cobertura<\/td><td><img decoding=\"async\" width=\"24\" height=\"24\" src=\"https:\/\/www.tradingpedia.com\/wp-content\/themes\/trading-pedia\/images\/ico-check.svg\" alt=\"Disponible\" \/><\/td><\/tr><tr><td>Scalping<\/td><td><img decoding=\"async\" width=\"24\" height=\"24\" src=\"https:\/\/www.tradingpedia.com\/wp-content\/themes\/trading-pedia\/images\/ico-check.svg\" alt=\"Disponible\" \/><\/td><\/tr><tr><td>Traders de EE. UU.<\/td><td><img decoding=\"async\" width=\"24\" height=\"24\" src=\"https:\/\/www.tradingpedia.com\/wp-content\/themes\/trading-pedia\/images\/ico-check.svg\" alt=\"Disponible\" \/><\/td><\/tr><tr><td>Traders \u00e1rabes<\/td><td><img decoding=\"async\" width=\"24\" height=\"24\" src=\"https:\/\/www.tradingpedia.com\/wp-content\/themes\/trading-pedia\/images\/ico-check.svg\" alt=\"Disponible\" \/><\/td><\/tr>\n          <\/table>\n        <\/div>\n      \n<h2 id=\"assets\">Activos de trading <div class=\"star-rating stars-4-5\"><\/div><\/h2>\n<p>En las plataformas de trading de FXCM tendr\u00e1s acceso a una amplia gama de pares de divisas, incluidos pares populares como EUR\/USD, USD\/CHF, USD\/JPY y muchos m\u00e1s. Adem\u00e1s del trading de Forex, las plataformas tambi\u00e9n permiten operar con CFD (oro, plata, petr\u00f3leo crudo, etc.). Echa un vistazo al sitio web de FXCM para obtener m\u00e1s informaci\u00f3n sobre los activos disponibles.<\/p>\n<p>\n        <div class=\"table-wrapper\">\n          <table>\n            <tr><th>Instrumento<\/th><th>Spread<\/th><\/tr>\n      <tr><td>AUDUSD<\/td><td>AVG 1.8 pips<\/td><\/tr><tr><td>EURGBP<\/td><td>AVG 2.3 pips<\/td><\/tr><tr><td>EURUSD<\/td><td>AVG 1.3 pips<\/td><\/tr><tr><td>GBPUSD<\/td><td>AVG 1.7 pips<\/td><\/tr><tr><td>NZDUSD<\/td><td>AVG 2 pips<\/td><\/tr><tr><td>USDCAD<\/td><td>AVG 2.2 pips<\/td><\/tr><tr><td>USDCHF<\/td><td>AVG 1.6 pips<\/td><\/tr><tr><td>USDCNY<\/td><td>AVG 7.5 pips<\/td><\/tr><tr><td>USDJPY<\/td><td>AVG 1.4 pips<\/td><\/tr>\n          <\/table>\n        <\/div>\n      <br \/>\n\n<div class=\"banking_tabs_holder\"> \n <ul>\n  <li class=\"tab_header_item tab_selected\"><a href=\"#table_broker_deposit_methods\">Dep\u00f3sito<\/a><\/li><li class=\"tab_header_item\"><a href=\"#table_broker_withdrawal_methods\">Retirada<\/a><\/li>\n <\/ul>\n <div class=\"content_holder\"> \n  \n<div id=\"table_broker_deposit_methods\">\n\n<table> \n<thead> \n<tr><td>Marca<\/td><td>M\u00ednimo<\/td><td>Tarifas<\/td><td>Tiempo de procesamiento<\/td><\/tr>\n<tbody><tr><td><img decoding=\"async\" src=\"https:\/\/www.tradingpedia.com\/wp-content\/uploads\/banking\/visa-logo.svg\" \/><\/td><td>50 US$<\/td><td>Sin comisiones<\/td><td>1 d\u00eda h\u00e1bil<\/td><\/tr><tr><td><img decoding=\"async\" src=\"https:\/\/www.tradingpedia.com\/wp-content\/uploads\/banking\/mastercard-logo.svg\" \/><\/td><td>50,00 US$<\/td><td>Sin comisiones<\/td><td>1 d\u00eda h\u00e1bil<\/td><\/tr><tr><td><img decoding=\"async\" src=\"https:\/\/www.tradingpedia.com\/wp-content\/uploads\/banking\/bank-transfer-logo.svg\" \/><\/td><td>50,00 US$<\/td><td>Sin comisiones<\/td><td>1\u20135 d\u00edas h\u00e1biles<\/td><\/tr><tr><td><img decoding=\"async\" src=\"https:\/\/www.tradingpedia.com\/wp-content\/uploads\/banking\/skrill-logo.svg\" \/><\/td><td>50,00 US$<\/td><td>Sin comisiones<\/td><td>1 d\u00eda h\u00e1bil<\/td><\/tr><tr><td><img decoding=\"async\" src=\"https:\/\/www.tradingpedia.com\/wp-content\/uploads\/banking\/neteller-logo.svg\" \/><\/td><td>50 US$<\/td><td>Sin comisiones<\/td><td>1 d\u00eda h\u00e1bil<\/td><\/tr><tr><td><img decoding=\"async\" src=\"https:\/\/www.tradingpedia.com\/wp-content\/uploads\/banking\/wire-transfer-logo.svg\" \/><\/td><td>50,00 US$<\/td><td>Sin comisiones<\/td><td>1 d\u00eda h\u00e1bil<\/td><\/tr><\/tbody><\/table><\/div>\n<div id=\"table_broker_withdrawal_methods\">\n\n<table> \n<thead> \n<tr><td>Marca<\/td><td>M\u00ednimo<\/td><td>Tarifas<\/td><td>Tiempo de procesamiento<\/td><\/tr>\n<tbody><tr><td><img decoding=\"async\" src=\"https:\/\/www.tradingpedia.com\/wp-content\/uploads\/banking\/visa-logo.svg\" \/><\/td><td>-<\/td><td>Sin comisiones<\/td><td>Depende del sistema de pago.<\/td><\/tr><tr><td><img decoding=\"async\" src=\"https:\/\/www.tradingpedia.com\/wp-content\/uploads\/banking\/mastercard-logo.svg\" \/><\/td><td>-<\/td><td>Sin comisiones<\/td><td>Depende del sistema de pago.<\/td><\/tr><tr><td><img decoding=\"async\" src=\"https:\/\/www.tradingpedia.com\/wp-content\/uploads\/banking\/skrill-logo.svg\" \/><\/td><td>-<\/td><td>Sin comisiones<\/td><td>5 d\u00edas h\u00e1biles<\/td><\/tr><tr><td><img decoding=\"async\" src=\"https:\/\/www.tradingpedia.com\/wp-content\/uploads\/banking\/wire-transfer-logo.svg\" \/><\/td><td>-<\/td><td>Sin comisiones<\/td><td>Depende del sistema de pago.<\/td><\/tr><\/tbody><\/table><\/div>\n <\/div>\n<\/div>\n<\/p>\n<h2 id=\"reliability\">Fiabilidad <div class=\"star-rating stars-4\"><\/div><\/h2>\n<p>En t\u00e9rminos de fiabilidad, FXCM es uno de los mejores br\u00f3kers de Forex que puedes encontrar. Sus servicios han sido utilizados por millones de personas a lo largo de los a\u00f1os y hay muy pocas quejas sobre la empresa. Las principales razones de ello son su excelente sistema de trading, su sitio web y sus plataformas, as\u00ed como un equipo de soporte amable y bien informado que est\u00e1 preparado para ofrecer asistencia las 24 horas del d\u00eda, los 7 d\u00edas de la semana. <\/p>\n<div class=\"important\"><strong>Importante:<\/strong> Operar con productos apalancados como Forex y CFD conlleva un alto nivel de riesgo y puede no ser adecuado para todos los inversores. Antes de abrir una cuenta con FXCM, aseg\u00farate de entender c\u00f3mo funciona el apalancamiento, el potencial de p\u00e9rdidas r\u00e1pidas y los requisitos de margen del br\u00f3ker. Ten en cuenta tus objetivos de inversi\u00f3n, tu nivel de experiencia y tu tolerancia al riesgo, y busca asesoramiento independiente si es necesario. Nunca inviertas dinero que no puedas permitirte perder.<\/div>\n<p>Depositar o retirar fondos es r\u00e1pido y sencillo, y puede realizarse mediante uno de los siguientes m\u00e9todos: tarjeta de cr\u00e9dito\/d\u00e9bito, transferencia bancaria, ACH y cheque en papel. FXCM tambi\u00e9n es conocido por exigir un dep\u00f3sito m\u00ednimo muy bajo de solo 50 US$. Puedes elegir entre ocho divisas de cuenta (AUD, JPY, CHF, NZD, USD, CAD, EUR y GBP).<\/p>\n\n        <div class=\"table-wrapper\">\n          <table>\n            <tr><th>Mercado<\/th><th>Apalancamiento<\/th><\/tr>\n      <tr><td>CFDs de materias primas<\/td><td>1:20 (ASIC | Cuenta Minorista)<\/td><\/tr><tr><td>CFDs de materias primas<\/td><td>1:20 (CySEC | Cuenta Minorista)<\/td><\/tr><tr><td>CFDs de materias primas<\/td><td>1:20 (FCA | Cuenta Minorista)<\/td><\/tr><tr><td>CFDs de materias primas<\/td><td>1:20 (FSCA | Cuenta Minorista)<\/td><\/tr><tr><td>CFDs de acciones<\/td><td>1:5 (ASIC | Cuenta Minorista)<\/td><\/tr><tr><td>CFDs de acciones<\/td><td>1:5 (FCA | Cuenta Minorista)<\/td><\/tr><tr><td>CFDs de acciones<\/td><td>1:5 (FSCA | Cuenta Minorista)<\/td><\/tr><tr><td>CFDs de acciones<\/td><td>1:5 (CySEC)<\/td><\/tr><tr><td>CFDs de criptomonedas<\/td><td>1:2 (ASIC | Cuenta Minorista)<\/td><\/tr><tr><td>CFDs de criptomonedas<\/td><td>1:2 (CySEC)<\/td><\/tr><tr><td>CFDs de Forex<\/td><td>1:30 (ASIC | Cuenta Minorista)<\/td><\/tr><tr><td>CFDs de Forex<\/td><td>1:30 (CySEC | Cuenta Minorista)<\/td><\/tr><tr><td>CFDs de Forex<\/td><td>1:30 (FCA | Cuenta Minorista)<\/td><\/tr><tr><td>CFDs de Forex<\/td><td>1:30 (FSCA | Cuenta Minorista)<\/td><\/tr><tr><td>CFDs de Forex<\/td><td>1:100 (ISA | Cuenta Minorista)<\/td><\/tr><tr><td>CFDs de \u00edndices<\/td><td>1:20 (ASIC | Cuenta Minorista)<\/td><\/tr><tr><td>CFDs de \u00edndices<\/td><td>1:20 (CySEC | Cuenta Minorista)<\/td><\/tr><tr><td>CFDs de \u00edndices<\/td><td>1:20 (FCA | Cuenta Minorista)<\/td><\/tr><tr><td>CFDs de \u00edndices<\/td><td>1:20 (FSCA | Cuenta Minorista)<\/td><\/tr><tr><td>CFDs de \u00edndices<\/td><td>1:40 (ISA | Cuenta Minorista)<\/td><\/tr><tr><td>CFDs de materias primas<\/td><td>1:10 (ASIC | Cuenta Minorista)<\/td><\/tr><tr><td>CFDs de materias primas<\/td><td>1:10 (CySEC | Cuenta Minorista)<\/td><\/tr><tr><td>CFDs de materias primas<\/td><td>1:10 (FCA | Cuenta Minorista)<\/td><\/tr><tr><td>CFDs de materias primas<\/td><td>1:10 (FSCA | Cuenta Minorista)<\/td><\/tr><tr><td>CFDs de materias primas<\/td><td>1:20 (ISA | Cuenta Minorista)<\/td><\/tr>\n          <\/table>\n        <\/div>\n      \n<h2 id=\"bonus\">Ofertas de bonos <div class=\"star-rating stars-5\"><\/div><\/h2>\n<p>La \u00fanica promoci\u00f3n que ofrece FXCM en este momento es su programa de recomendaci\u00f3n. A trav\u00e9s de \u00e9l, los traders pueden recibir un bono por cada amigo o familiar que remitan a los servicios de FXCM. Si recomiendas a alguien que abra una cuenta con FXCM, tanto t\u00fa como la persona recomendada recibir\u00e9is un bono de trading de 100 US$. Ten en cuenta que este bono no se puede retirar hasta que se cumplan determinados requisitos. <\/p>\n","protected":false},"excerpt":{"rendered":"<p>La galardonada plataforma Trading Station de FXCM admite trading m\u00f3vil, ejecuci\u00f3n de \u00f3rdenes con un solo clic y trading directamente desde gr\u00e1ficos en tiempo real. La empresa es un proveedor global de trading de Forex, ofreciendo acceso a una amplia red de proveedores de liquidez de Forex. Descripci\u00f3n general FXCM es uno de los br\u00f3kers [&hellip;]<\/p>\n","protected":false},"author":1,"featured_media":0,"parent":120792,"menu_order":0,"comment_status":"closed","ping_status":"closed","template":"templates\/broker.php","meta":{"footnotes":""},"class_list":["post-120805","page","type-page","status-publish","hentry"],"aioseo_notices":[],"_links":{"self":[{"href":"https:\/\/www.tradingpedia.com\/es\/wp-json\/wp\/v2\/pages\/120805","targetHints":{"allow":["GET"]}}],"collection":[{"href":"https:\/\/www.tradingpedia.com\/es\/wp-json\/wp\/v2\/pages"}],"about":[{"href":"https:\/\/www.tradingpedia.com\/es\/wp-json\/wp\/v2\/types\/page"}],"author":[{"embeddable":true,"href":"https:\/\/www.tradingpedia.com\/es\/wp-json\/wp\/v2\/users\/1"}],"replies":[{"embeddable":true,"href":"https:\/\/www.tradingpedia.com\/es\/wp-json\/wp\/v2\/comments?post=120805"}],"version-history":[{"count":1,"href":"https:\/\/www.tradingpedia.com\/es\/wp-json\/wp\/v2\/pages\/120805\/revisions"}],"predecessor-version":[{"id":123825,"href":"https:\/\/www.tradingpedia.com\/es\/wp-json\/wp\/v2\/pages\/120805\/revisions\/123825"}],"up":[{"embeddable":true,"href":"https:\/\/www.tradingpedia.com\/es\/wp-json\/wp\/v2\/pages\/120792"}],"wp:attachment":[{"href":"https:\/\/www.tradingpedia.com\/es\/wp-json\/wp\/v2\/media?parent=120805"}],"curies":[{"name":"wp","href":"https:\/\/api.w.org\/{rel}","templated":true}]}}