{"id":120803,"date":"2019-09-04T07:47:19","date_gmt":"2019-09-04T07:47:19","guid":{"rendered":"https:\/\/www.tradingpedia.com\/forex-brokers\/dukascopy\/"},"modified":"2026-01-27T12:40:55","modified_gmt":"2026-01-27T12:40:55","slug":"dukascopy","status":"publish","type":"page","link":"https:\/\/www.tradingpedia.com\/es\/forex-brokers\/dukascopy\/","title":{"rendered":"Dukascopy Bank: opiniones y an\u00e1lisis del br\u00f3ker"},"content":{"rendered":"<p>Dukascopy ofrece acceso directo al Swiss Foreign Exchange Marketplace. Este mercado proporciona el mayor conjunto de liquidez ECN spot de Forex disponible para bancos, fondos de cobertura, otras instituciones y traders profesionales. El Swiss Foreign Exchange Marketplace (SWFX) es una soluci\u00f3n tecnol\u00f3gica para el trading de Forex que utiliza un modelo de mercado centralizado-descentralizado. Su exitoso lanzamiento fue el resultado de una estrecha cooperaci\u00f3n con bancos seleccionados, otras instituciones, mercados de Forex y proveedores de soluciones tecnol\u00f3gicas.<\/p>\n\n        <div class=\"table-wrapper\">\n          <table>\n            <tr><th colspan=\"2\">Informaci\u00f3n general sobre Dukascopy Bank SA<\/th><\/tr>\n            <tr>\n              <td><strong>Dep\u00f3sito m\u00edn.<\/strong><\/td>\n              <td>$5000.0000<\/td>\n            <\/tr>\n\n            <tr>\n              <td><strong>Idiomas admitidos<\/strong><\/td>\n              <td>Alem\u00e1n, Espa\u00f1ol<\/td>\n            <\/tr>\n            <tr>\n              <td><strong>Divisas admitidas<\/strong><\/td>\n              <td>D\u00f3lar estadounidense, Euro, Yen japon\u00e9s, Libra esterlina, Franco suizo, D\u00f3lar canadiense, D\u00f3lar australiano<\/td>\n            <\/tr>\n            \n          <\/table>\n        <\/div>\n      \n<h2 id=\"overview\">Descripci\u00f3n general<\/h2>\n<p>Dukascopy es uno de los br\u00f3kers de Forex l\u00edderes del mercado y uno de los pocos que ofrecen acceso directo e ilimitado al mercado suizo de Forex. Los clientes minoristas, los fondos de inversi\u00f3n, los bancos y los clientes institucionales pueden abrir cuentas con Dukascopy y depositar dinero para participar en el Swiss FX Marketplace. La empresa se fund\u00f3 en 1998 y est\u00e1 regulada por FINMA. <\/p>\n<p>Ten en cuenta que Dukascopy se divide en dos organizaciones\u2014Dukascopy Europe y Dukascopy Bank SA. Los traders pueden registrarse en ambos servicios, pero los requisitos no son los mismos.<\/p>\n\n          <div class=\"table-wrapper\">\n            <table>\n              <tr><th>Regulador<\/th><th>Licencia<\/th><\/tr>\n        <tr><td>ASIC (Australia)<\/td><td>S\u00ed<\/td><\/tr><tr><td>FMA (Austria)<\/td><td>S\u00ed<\/td><\/tr><tr><td>FSMA (B\u00e9lgica)<\/td><td>S\u00ed<\/td><\/tr><tr><td>IFSC (Belice)<\/td><td>S\u00ed<\/td><\/tr><tr><td>FSC (Islas V\u00edrgenes Brit\u00e1nicas)<\/td><td>S\u00ed<\/td><\/tr><tr><td>BNB (Bulgaria)<\/td><td>S\u00ed<\/td><\/tr><tr><td>FSA (Dinamarca)<\/td><td>S\u00ed<\/td><\/tr><tr><td>DFSA (Dub\u00e1i)<\/td><td>S\u00ed<\/td><\/tr><tr><td>FSA (Estonia)<\/td><td>S\u00ed<\/td><\/tr><tr><td>FSC (Mauricio)<\/td><td>S\u00ed<\/td><\/tr><tr><td>AFM (Pa\u00edses Bajos)<\/td><td>S\u00ed<\/td><\/tr><tr><td>FINMA (Suiza)<\/td><td>S\u00ed<\/td><\/tr>\n            <\/table>\n          <\/div>\n        \n\n        <div class=\"table-wrapper\">\n          <table>\n            <tr><th>Instrumento<\/th><th>Spread<\/th><\/tr>\n      <tr><td>EUR\/USD<\/td><td>0.40<\/td><\/tr><tr><td>GBP\/USD<\/td><td>1.20<\/td><\/tr><tr><td>USD\/JPY<\/td><td>1.10<\/td><\/tr>\n          <\/table>\n        <\/div>\n      \n<h2 id=\"features\">Plataformas &amp; caracter\u00edsticas <div class=\"star-rating stars-4\"><\/div><\/h2>\n\n<div class=\"platforms\">\n<table>\n  <tbody>\n    <tr>\n      <th>\n        <img decoding=\"async\" src=\"https:\/\/www.tradingpedia.com\/wp-content\/themes\/trading-pedia\/images\/platforms-icon.svg\">\n        <h3>Plataformas<\/h3>\n      <\/th>\n      <th>\n        <img decoding=\"async\" src=\"https:\/\/www.tradingpedia.com\/wp-content\/themes\/trading-pedia\/images\/pc-mac-icon.svg\">\n        <h3>PC \/ MAC<\/h3>\n      <\/th>\n      <th>\n        <img decoding=\"async\" src=\"https:\/\/www.tradingpedia.com\/wp-content\/themes\/trading-pedia\/images\/smartphones-icon.svg\">\n        <h3>Smartphones<\/h3>\n      <\/th>\n      <th>\n        <img decoding=\"async\" src=\"https:\/\/www.tradingpedia.com\/wp-content\/themes\/trading-pedia\/images\/tablets-icon.svg\">\n        <h3>Tabletas<\/h3>\n      <\/th>\n    <\/tr><tr><td>MetaTrader 4<\/td><td><img decoding=\"async\" src=\"https:\/\/www.tradingpedia.com\/wp-content\/themes\/trading-pedia\/images\/windows-logo.svg\" \/><img decoding=\"async\" src=\"https:\/\/www.tradingpedia.com\/wp-content\/themes\/trading-pedia\/images\/apple-logo.svg\" \/><\/td><td><img decoding=\"async\" src=\"https:\/\/www.tradingpedia.com\/wp-content\/themes\/trading-pedia\/images\/ios-logo.svg\" \/><img decoding=\"async\" src=\"https:\/\/www.tradingpedia.com\/wp-content\/themes\/trading-pedia\/images\/android-logo.svg\" \/><\/td><td><img decoding=\"async\" src=\"https:\/\/www.tradingpedia.com\/wp-content\/themes\/trading-pedia\/images\/ios-logo.svg\" \/><img decoding=\"async\" src=\"https:\/\/www.tradingpedia.com\/wp-content\/themes\/trading-pedia\/images\/android-logo.svg\" \/><\/td><\/tr><tr><td>JForex<\/td><td><img decoding=\"async\" src=\"https:\/\/www.tradingpedia.com\/wp-content\/themes\/trading-pedia\/images\/windows-logo.svg\" \/><img decoding=\"async\" src=\"https:\/\/www.tradingpedia.com\/wp-content\/themes\/trading-pedia\/images\/apple-logo.svg\" \/><\/td><td><img decoding=\"async\" src=\"https:\/\/www.tradingpedia.com\/wp-content\/themes\/trading-pedia\/images\/ios-logo.svg\" \/><img decoding=\"async\" src=\"https:\/\/www.tradingpedia.com\/wp-content\/themes\/trading-pedia\/images\/android-logo.svg\" \/><\/td><td><img decoding=\"async\" src=\"https:\/\/www.tradingpedia.com\/wp-content\/themes\/trading-pedia\/images\/ios-logo.svg\" \/><img decoding=\"async\" src=\"https:\/\/www.tradingpedia.com\/wp-content\/themes\/trading-pedia\/images\/android-logo.svg\" \/><\/td><\/tr><tr><td>SwissFX Web<\/td><td><img decoding=\"async\" src=\"https:\/\/www.tradingpedia.com\/wp-content\/themes\/trading-pedia\/images\/windows-logo.svg\" \/><img decoding=\"async\" src=\"https:\/\/www.tradingpedia.com\/wp-content\/themes\/trading-pedia\/images\/apple-logo.svg\" \/><\/td><td><img decoding=\"async\" src=\"https:\/\/www.tradingpedia.com\/wp-content\/themes\/trading-pedia\/images\/ios-logo.svg\" \/><img decoding=\"async\" src=\"https:\/\/www.tradingpedia.com\/wp-content\/themes\/trading-pedia\/images\/android-logo.svg\" \/><\/td><td><img decoding=\"async\" src=\"https:\/\/www.tradingpedia.com\/wp-content\/themes\/trading-pedia\/images\/ios-logo.svg\" \/><img decoding=\"async\" src=\"https:\/\/www.tradingpedia.com\/wp-content\/themes\/trading-pedia\/images\/android-logo.svg\" \/><\/td><\/tr><\/tbody><\/table><\/div>\n\n        <div class=\"table-wrapper\">\n          <table>\n            <tr><th colspan=\"2\">Informaci\u00f3n de trading<\/th><\/tr>\n            <tr><td>Plataformas de trading<\/td><td>MetaTrader 4, JForex, SwissFX Web<\/d><\/tr>\n      <tr><td>Cuenta demo<\/td><td><img decoding=\"async\" width=\"24\" height=\"24\" src=\"https:\/\/www.tradingpedia.com\/wp-content\/themes\/trading-pedia\/images\/ico-check.svg\" alt=\"Disponible\" \/><\/td><\/tr><tr><td>Cobertura<\/td><td><img decoding=\"async\" width=\"24\" height=\"24\" src=\"https:\/\/www.tradingpedia.com\/wp-content\/themes\/trading-pedia\/images\/ico-xmark.svg\" alt=\"No disponible\" \/><\/td><\/tr><tr><td>Scalping<\/td><td><img decoding=\"async\" width=\"24\" height=\"24\" src=\"https:\/\/www.tradingpedia.com\/wp-content\/themes\/trading-pedia\/images\/ico-xmark.svg\" alt=\"No disponible\" \/><\/td><\/tr><tr><td>Cuenta de jubilaci\u00f3n<\/td><td><img decoding=\"async\" width=\"24\" height=\"24\" src=\"https:\/\/www.tradingpedia.com\/wp-content\/themes\/trading-pedia\/images\/ico-xmark.svg\" alt=\"No disponible\" \/><\/td><\/tr><tr><td>Traders de EE. UU.<\/td><td><img decoding=\"async\" width=\"24\" height=\"24\" src=\"https:\/\/www.tradingpedia.com\/wp-content\/themes\/trading-pedia\/images\/ico-xmark.svg\" alt=\"No disponible\" \/><\/td><\/tr><tr><td>Traders \u00e1rabes<\/td><td><img decoding=\"async\" width=\"24\" height=\"24\" src=\"https:\/\/www.tradingpedia.com\/wp-content\/themes\/trading-pedia\/images\/ico-xmark.svg\" alt=\"No disponible\" \/><\/td><\/tr>\n          <\/table>\n        <\/div>\n      \n<p>Los usuarios de Dukascopy tienen acceso a varias plataformas de trading, incluidas JForex, SwissFX Web, MetaTrader 4, SWFX Trader para iOS, SWFX Trader para Android y una plataforma basada en Java. Cada plataforma es \u00fanica y permite a los traders utilizar una amplia gama de herramientas t\u00e9cnicas y estad\u00edsticas. Los especialistas de Dukascopy se han asegurado de que los traders no se enfrenten a problemas de compatibilidad y puedan operar pr\u00e1cticamente desde cualquier dispositivo y sistema operativo. <\/p>\n<p>Abrir una cuenta con Dukascopy puede llevar tiempo debido a las medidas de seguridad adicionales, pero puedes tener la confianza de que tus fondos est\u00e1n protegidos. El dep\u00f3sito m\u00ednimo es de 5.000 US$, y la divisa de tu cuenta puede ser AUD, CHF, JPY, GBP, USD, CAD o EUR. <\/p>\n<h2 id=\"assets\">Activos de trading <div class=\"star-rating stars-3-5\"><\/div><\/h2>\n<p>Los traders que utilizan los servicios de Dukascopy tienen acceso a m\u00e1s de 30 pares de divisas, as\u00ed como a dos materias primas: oro y plata. Aunque los spreads que ofrece este br\u00f3ker no son los m\u00e1s competitivos, las funciones adicionales que proporciona Dukascopy compensan los costes m\u00e1s elevados. La mayor\u00eda de los principales pares de divisas est\u00e1n incluidos, por lo que la selecci\u00f3n limitada no deber\u00eda ser un problema.<\/p>\n\n        <div class=\"table-wrapper\">\n          <table>\n            <tr><th>Mercado<\/th><th>Apalancamiento<\/th><\/tr>\n      <tr><td>Divisas<\/td><td>100<\/td><\/tr>\n          <\/table>\n        <\/div>\n      \n\n<div class=\"banking_tabs_holder\"> \n <ul>\n  <li class=\"tab_header_item tab_selected\"><a href=\"#table_broker_deposit_methods\">Dep\u00f3sito<\/a><\/li><li class=\"tab_header_item\"><a href=\"#table_broker_withdrawal_methods\">Retirada<\/a><\/li>\n <\/ul>\n <div class=\"content_holder\"> \n  \n<div id=\"table_broker_deposit_methods\">\n\n<table> \n<thead> \n<tr><td>Marca<\/td><td>M\u00ednimo<\/td><td>Tarifas<\/td><td>Tiempo de procesamiento<\/td><\/tr>\n<tbody><tr><td><img decoding=\"async\" src=\"https:\/\/www.tradingpedia.com\/wp-content\/uploads\/banking\/visa-logo.svg\" \/><\/td><td>200 US$<\/td><td>1,2 %<\/td><td>1\u20132 d\u00edas h\u00e1biles<\/td><\/tr><tr><td><img decoding=\"async\" src=\"https:\/\/www.tradingpedia.com\/wp-content\/uploads\/banking\/mastercard-logo.svg\" \/><\/td><td>200,00 US$<\/td><td>1,2 %<\/td><td>1\u20132 d\u00edas h\u00e1biles<\/td><\/tr><tr><td><img decoding=\"async\" src=\"https:\/\/www.tradingpedia.com\/wp-content\/uploads\/banking\/bank-transfer-logo.svg\" \/><\/td><td>200,00 US$<\/td><td>1,2 %<\/td><td>1\u20132 d\u00edas h\u00e1biles<\/td><\/tr><tr><td><img decoding=\"async\" src=\"https:\/\/www.tradingpedia.com\/wp-content\/uploads\/banking\/skrill-logo.svg\" \/><\/td><td>200 US$<\/td><td>2,5 %<\/td><td>1\u20132 d\u00edas h\u00e1biles<\/td><\/tr><tr><td><img decoding=\"async\" src=\"https:\/\/www.tradingpedia.com\/wp-content\/uploads\/banking\/neteller-logo.svg\" \/><\/td><td>200 US$<\/td><td>1 EUR o 2,5 %<\/td><td>1\u20132 d\u00edas h\u00e1biles<\/td><\/tr><tr><td><img decoding=\"async\" src=\"https:\/\/www.tradingpedia.com\/wp-content\/uploads\/banking\/maestro-logo.svg\" \/><\/td><td>200 US$<\/td><td>1,2 %<\/td><td>1\u20132 d\u00edas h\u00e1biles<\/td><\/tr><tr><td><img decoding=\"async\" src=\"https:\/\/www.tradingpedia.com\/wp-content\/uploads\/banking\/wire-transfer-logo.svg\" \/><\/td><td>200 US$<\/td><td>1,2 %<\/td><td>1\u20132 d\u00edas h\u00e1biles<\/td><\/tr><\/tbody><\/table><\/div>\n<div id=\"table_broker_withdrawal_methods\">\n\n<table> \n<thead> \n<tr><td>Marca<\/td><td>M\u00ednimo<\/td><td>Tarifas<\/td><td>Tiempo de procesamiento<\/td><\/tr>\n<tbody><tr><td><img decoding=\"async\" src=\"https:\/\/www.tradingpedia.com\/wp-content\/uploads\/banking\/visa-logo.svg\" \/><\/td><td>200 US$<\/td><td>1,5 EUR + 2,5 %<\/td><td>3\u20135 d\u00edas h\u00e1biles<\/td><\/tr><tr><td><img decoding=\"async\" src=\"https:\/\/www.tradingpedia.com\/wp-content\/uploads\/banking\/mastercard-logo.svg\" \/><\/td><td>200,00 US$<\/td><td>1,5 EUR + 2,5 %<\/td><td>3\u20135 d\u00edas h\u00e1biles<\/td><\/tr><tr><td><img decoding=\"async\" src=\"https:\/\/www.tradingpedia.com\/wp-content\/uploads\/banking\/maestro-logo.svg\" \/><\/td><td>200 US$<\/td><td>1,50 EUR + 2,5 %<\/td><td>3\u20135 d\u00edas h\u00e1biles<\/td><\/tr><\/tbody><\/table><\/div>\n <\/div>\n<\/div>\n\n<h2 id=\"reliability\">Fiabilidad <div class=\"star-rating stars-4-5\"><\/div><\/h2>\n<p>El dep\u00f3sito m\u00ednimo requerido para empezar a hacer trading con Dukascopy es el siguiente: 100 US$ para una cuenta con Dukascopy Europe y 5.000 US$ para una cuenta con Dukascopy Bank SA. Ten en cuenta que Dukascopy Bank SA impone requisitos m\u00e1s estrictos, por lo que registrarse all\u00ed implica otras condiciones, como un tama\u00f1o m\u00ednimo de lote de 1.000 unidades. <\/p>\n<p>Dukascopy es uno de los br\u00f3kers de Forex m\u00e1s reputados del mercado, por lo que puedes estar tranquilo al utilizar sus servicios. El personal de soporte est\u00e1 disponible las 24 horas del d\u00eda, seis d\u00edas a la semana, y puedes ponerte en contacto con ellos a trav\u00e9s de foros, tel\u00e9fono o chat. <\/p>\n<div class=\"important\"><strong>Importante:<\/strong>Aunque Dukascopy Bank SA exige un dep\u00f3sito inicial m\u00e1s elevado, su mayor protecci\u00f3n del capital, la supervisi\u00f3n m\u00e1s estricta de FINMA y el acceso prioritario a los proveedores de liquidez pueden ser ventajas decisivas para los traders experimentados que gestionan carteras de gran tama\u00f1o. Antes de elegir entre Dukascopy Europe y Dukascopy Bank SA, eval\u00faa tu volumen de trading, el apalancamiento que prefieres y tus obligaciones regulatorias para asegurarte de seleccionar la estructura que mejor se alinee con tus objetivos.<\/div>\n<h2 id=\"bonus\">Ofertas de bono <div class=\"star-rating stars-4\"><\/div><\/h2>\n<p>Lamentablemente, Dukascopy no tiene ninguna oferta de bono activa en este momento.<\/p>\n","protected":false},"excerpt":{"rendered":"<p>Dukascopy ofrece acceso directo al Swiss Foreign Exchange Marketplace. Este mercado proporciona el mayor conjunto de liquidez ECN spot de Forex disponible para bancos, fondos de cobertura, otras instituciones y traders profesionales. El Swiss Foreign Exchange Marketplace (SWFX) es una soluci\u00f3n tecnol\u00f3gica para el trading de Forex que utiliza un modelo de mercado centralizado-descentralizado. Su [&hellip;]<\/p>\n","protected":false},"author":1,"featured_media":0,"parent":120792,"menu_order":0,"comment_status":"closed","ping_status":"closed","template":"templates\/broker.php","meta":{"footnotes":""},"class_list":["post-120803","page","type-page","status-publish","hentry"],"aioseo_notices":[],"_links":{"self":[{"href":"https:\/\/www.tradingpedia.com\/es\/wp-json\/wp\/v2\/pages\/120803","targetHints":{"allow":["GET"]}}],"collection":[{"href":"https:\/\/www.tradingpedia.com\/es\/wp-json\/wp\/v2\/pages"}],"about":[{"href":"https:\/\/www.tradingpedia.com\/es\/wp-json\/wp\/v2\/types\/page"}],"author":[{"embeddable":true,"href":"https:\/\/www.tradingpedia.com\/es\/wp-json\/wp\/v2\/users\/1"}],"replies":[{"embeddable":true,"href":"https:\/\/www.tradingpedia.com\/es\/wp-json\/wp\/v2\/comments?post=120803"}],"version-history":[{"count":1,"href":"https:\/\/www.tradingpedia.com\/es\/wp-json\/wp\/v2\/pages\/120803\/revisions"}],"predecessor-version":[{"id":123814,"href":"https:\/\/www.tradingpedia.com\/es\/wp-json\/wp\/v2\/pages\/120803\/revisions\/123814"}],"up":[{"embeddable":true,"href":"https:\/\/www.tradingpedia.com\/es\/wp-json\/wp\/v2\/pages\/120792"}],"wp:attachment":[{"href":"https:\/\/www.tradingpedia.com\/es\/wp-json\/wp\/v2\/media?parent=120803"}],"curies":[{"name":"wp","href":"https:\/\/api.w.org\/{rel}","templated":true}]}}