{"id":120794,"date":"2019-09-04T06:32:21","date_gmt":"2019-09-04T06:32:21","guid":{"rendered":"https:\/\/www.tradingpedia.com\/www-tradingpedia-com-2\/"},"modified":"2026-02-02T09:03:27","modified_gmt":"2026-02-02T09:03:27","slug":"www-tradingpedia-com","status":"publish","type":"page","link":"https:\/\/www.tradingpedia.com\/es\/","title":{"rendered":"Inicio"},"content":{"rendered":"<p>Por favor, facilita el contenido HTML completo que deseas traducir y editar (incluyendo todas las etiquetas). A partir de la l\u00ednea indicada (\u00abHTML content starts below this line\u00bb), podr\u00e9 traducir el texto al espa\u00f1ol, corregir la gram\u00e1tica y mejorar la redacci\u00f3n, manteniendo intacta toda la estructura y el c\u00f3digo HTML.<\/p>\n","protected":false},"excerpt":{"rendered":"<p>Por favor, facilita el contenido HTML completo que deseas traducir y editar (incluyendo todas las etiquetas). A partir de la l\u00ednea indicada (\u00abHTML content starts below this line\u00bb), podr\u00e9 traducir el texto al espa\u00f1ol, corregir la gram\u00e1tica y mejorar la redacci\u00f3n, manteniendo intacta toda la estructura y el c\u00f3digo HTML.<\/p>\n","protected":false},"author":1,"featured_media":80123,"parent":0,"menu_order":0,"comment_status":"closed","ping_status":"closed","template":"templates\/homepage.php","meta":{"footnotes":""},"class_list":["post-120794","page","type-page","status-publish","has-post-thumbnail","hentry"],"aioseo_notices":[],"_links":{"self":[{"href":"https:\/\/www.tradingpedia.com\/es\/wp-json\/wp\/v2\/pages\/120794","targetHints":{"allow":["GET"]}}],"collection":[{"href":"https:\/\/www.tradingpedia.com\/es\/wp-json\/wp\/v2\/pages"}],"about":[{"href":"https:\/\/www.tradingpedia.com\/es\/wp-json\/wp\/v2\/types\/page"}],"author":[{"embeddable":true,"href":"https:\/\/www.tradingpedia.com\/es\/wp-json\/wp\/v2\/users\/1"}],"replies":[{"embeddable":true,"href":"https:\/\/www.tradingpedia.com\/es\/wp-json\/wp\/v2\/comments?post=120794"}],"version-history":[{"count":2,"href":"https:\/\/www.tradingpedia.com\/es\/wp-json\/wp\/v2\/pages\/120794\/revisions"}],"predecessor-version":[{"id":122519,"href":"https:\/\/www.tradingpedia.com\/es\/wp-json\/wp\/v2\/pages\/120794\/revisions\/122519"}],"wp:featuredmedia":[{"embeddable":true,"href":"https:\/\/www.tradingpedia.com\/es\/wp-json\/wp\/v2\/media\/80123"}],"wp:attachment":[{"href":"https:\/\/www.tradingpedia.com\/es\/wp-json\/wp\/v2\/media?parent=120794"}],"curies":[{"name":"wp","href":"https:\/\/api.w.org\/{rel}","templated":true}]}}