{"id":120791,"date":"2013-10-03T14:41:17","date_gmt":"2013-10-03T14:41:17","guid":{"rendered":"https:\/\/www.tradingpedia.com\/contact-us-2\/"},"modified":"2026-01-16T11:03:08","modified_gmt":"2026-01-16T11:03:08","slug":"contact-us","status":"publish","type":"page","link":"https:\/\/www.tradingpedia.com\/es\/contact-us\/","title":{"rendered":"Cont\u00e1ctanos"},"content":{"rendered":"<p>Siempre que sea posible, p\u00f3ngase en contacto con nosotros por correo electr\u00f3nico, dirigi\u00e9ndolo al departamento o a la persona con la que desee comunicarse.<\/p>\n<p><strong>Editorial<\/strong>: editorial@tradingpedia.com<br \/>\n<strong>Marketing<\/strong>:  marketing@tradingpedia.com<\/p>\n<p><strong>Autores<\/strong>:<br \/>\n               Brian McColl: bmcoll@tradingpedia.com<br \/>\n               Elmira Miteva: emiteva@tradingpedia.com<br \/>\n               Michael Fisher: mfisher@tradingpedia.com<br \/>\n               Miroslav Marinov: mmarinov@tradingpedia.com<br \/>\n               Sandra Leggero: sleggero@tradingpedia.com<br \/>\n               Veselin Valchev: vvalchev@tradingpedia.com<\/p>\n<h3>Empresa<\/h3>\n<p>Neo Search Ltd<\/p>\n<h3>Tel\u00e9fono<\/h3>\n<p>+359 877 112 113<\/p>\n<h3>Nota<\/h3>\n<p>Le rogamos que no nos env\u00ede correos electr\u00f3nicos solicitando afiliaci\u00f3n, ya que no participamos en ning\u00fan programa de afiliados. Si est\u00e1 interesado en anunciarse en TradingPedia, consulte nuestras opciones de publicidad here.<\/p>\n","protected":false},"excerpt":{"rendered":"<p>Siempre que sea posible, p\u00f3ngase en contacto con nosotros por correo electr\u00f3nico, dirigi\u00e9ndolo al departamento o a la persona con la que desee comunicarse. Editorial: editorial@tradingpedia.com Marketing: marketing@tradingpedia.com Autores: Brian McColl: bmcoll@tradingpedia.com Elmira Miteva: emiteva@tradingpedia.com Michael Fisher: mfisher@tradingpedia.com Miroslav Marinov: mmarinov@tradingpedia.com Sandra Leggero: sleggero@tradingpedia.com Veselin Valchev: vvalchev@tradingpedia.com Empresa Neo Search Ltd Tel\u00e9fono +359 877 112 [&hellip;]<\/p>\n","protected":false},"author":1,"featured_media":0,"parent":0,"menu_order":600,"comment_status":"closed","ping_status":"open","template":"templates\/full-width.php","meta":{"footnotes":""},"class_list":["post-120791","page","type-page","status-publish","hentry"],"aioseo_notices":[],"_links":{"self":[{"href":"https:\/\/www.tradingpedia.com\/es\/wp-json\/wp\/v2\/pages\/120791","targetHints":{"allow":["GET"]}}],"collection":[{"href":"https:\/\/www.tradingpedia.com\/es\/wp-json\/wp\/v2\/pages"}],"about":[{"href":"https:\/\/www.tradingpedia.com\/es\/wp-json\/wp\/v2\/types\/page"}],"author":[{"embeddable":true,"href":"https:\/\/www.tradingpedia.com\/es\/wp-json\/wp\/v2\/users\/1"}],"replies":[{"embeddable":true,"href":"https:\/\/www.tradingpedia.com\/es\/wp-json\/wp\/v2\/comments?post=120791"}],"version-history":[{"count":0,"href":"https:\/\/www.tradingpedia.com\/es\/wp-json\/wp\/v2\/pages\/120791\/revisions"}],"wp:attachment":[{"href":"https:\/\/www.tradingpedia.com\/es\/wp-json\/wp\/v2\/media?parent=120791"}],"curies":[{"name":"wp","href":"https:\/\/api.w.org\/{rel}","templated":true}]}}