{"id":120790,"date":"2013-09-24T15:46:52","date_gmt":"2013-09-24T15:46:52","guid":{"rendered":"https:\/\/www.tradingpedia.com\/about-us-2\/"},"modified":"2026-01-16T11:02:56","modified_gmt":"2026-01-16T11:02:56","slug":"about-us","status":"publish","type":"page","link":"https:\/\/www.tradingpedia.com\/es\/about-us\/","title":{"rendered":"Sobre nosotros"},"content":{"rendered":"<p>Fundado en 2013 y gestionado por Markets Chain Ltd (n.\u00ba de empresa: <a href=\"https:\/\/portal.registryagency.bg\/CR\/en\/Reports\/ActiveConditionTabResult?uic=208041531\" rel=\"nofollow\" target=\"_blank\">208041531<\/a>), TradingPedia.com tiene como objetivo ofrecer a sus lectores una cobertura de noticias financieras precisa y actualizada. Nuestro sitio web se centra en los principales segmentos de los mercados financieros \u2013 acciones, divisas y materias primas, as\u00ed como en explicaciones interactivas y en profundidad de los principales acontecimientos e indicadores econ\u00f3micos. Va a\u00fan m\u00e1s lejos al proporcionar a los traders principiantes, as\u00ed como a los m\u00e1s experimentados, estrategias de trading basadas tanto en el an\u00e1lisis fundamental como en el t\u00e9cnico. <\/p>\n<p>El objetivo primordial de nuestro trabajo es garantizar la conexi\u00f3n entre nuestros lectores y los br\u00f3kers de Forex y CFD m\u00e1s fiables. <\/p>\n<p>Al recopilar informaci\u00f3n crucial y datos clave, que ofrecemos en forma de rese\u00f1as de br\u00f3kers, facilitamos la toma de decisiones informadas por parte de los posibles inversores.<\/p>\n","protected":false},"excerpt":{"rendered":"<p>Fundado en 2013 y gestionado por Markets Chain Ltd (n.\u00ba de empresa: 208041531), TradingPedia.com tiene como objetivo ofrecer a sus lectores una cobertura de noticias financieras precisa y actualizada. Nuestro sitio web se centra en los principales segmentos de los mercados financieros \u2013 acciones, divisas y materias primas, as\u00ed como en explicaciones interactivas y en [&hellip;]<\/p>\n","protected":false},"author":1,"featured_media":0,"parent":0,"menu_order":100,"comment_status":"closed","ping_status":"open","template":"templates\/full-width.php","meta":{"footnotes":""},"class_list":["post-120790","page","type-page","status-publish","hentry"],"aioseo_notices":[],"_links":{"self":[{"href":"https:\/\/www.tradingpedia.com\/es\/wp-json\/wp\/v2\/pages\/120790","targetHints":{"allow":["GET"]}}],"collection":[{"href":"https:\/\/www.tradingpedia.com\/es\/wp-json\/wp\/v2\/pages"}],"about":[{"href":"https:\/\/www.tradingpedia.com\/es\/wp-json\/wp\/v2\/types\/page"}],"author":[{"embeddable":true,"href":"https:\/\/www.tradingpedia.com\/es\/wp-json\/wp\/v2\/users\/1"}],"replies":[{"embeddable":true,"href":"https:\/\/www.tradingpedia.com\/es\/wp-json\/wp\/v2\/comments?post=120790"}],"version-history":[{"count":0,"href":"https:\/\/www.tradingpedia.com\/es\/wp-json\/wp\/v2\/pages\/120790\/revisions"}],"wp:attachment":[{"href":"https:\/\/www.tradingpedia.com\/es\/wp-json\/wp\/v2\/media?parent=120790"}],"curies":[{"name":"wp","href":"https:\/\/api.w.org\/{rel}","templated":true}]}}