{"id":120789,"date":"2013-09-15T07:56:19","date_gmt":"2013-09-15T07:56:19","guid":{"rendered":"https:\/\/www.tradingpedia.com\/privacy-2\/"},"modified":"2026-01-21T09:50:05","modified_gmt":"2026-01-21T09:50:05","slug":"privacy","status":"publish","type":"page","link":"https:\/\/www.tradingpedia.com\/es\/privacy\/","title":{"rendered":"Privacidad"},"content":{"rendered":"<p>Esta pol\u00edtica de privacidad establece c\u00f3mo TradingPedia.com utiliza y protege cualquier informaci\u00f3n que usted facilite a TradingPedia.com cuando utiliza este sitio web. Nos comprometemos a garantizar la protecci\u00f3n de su privacidad. <\/p>\n<p>Si le solicitamos que nos proporcione determinada informaci\u00f3n mediante la cual pueda ser<br \/>\nidentificado al utilizar este sitio web, puede tener la seguridad de que solo se utilizar\u00e1 de acuerdo con la presente declaraci\u00f3n de privacidad.<\/p>\n<p>TradingPedia.com puede modificar esta pol\u00edtica cada cierto tiempo actualizando esta p\u00e1gina. Debe consultar esta p\u00e1gina peri\u00f3dicamente para asegurarse de que est\u00e1 conforme con cualquier cambio.<\/p>\n<h3>Qu\u00e9 datos recopilamos<\/h3>\n<ul>\n<li>informaci\u00f3n demogr\u00e1fica, como preferencias e intereses<\/li>\n<li>otra informaci\u00f3n relevante para encuestas a clientes y\/o ofertas<\/li>\n<\/ul>\n<h3>C\u00f3mo utilizamos la informaci\u00f3n que recopilamos<\/h3>\n<ul>\n<li>Necesitamos esta informaci\u00f3n para comprender sus necesidades y ofrecerle un mejor servicio, en particular por las siguientes razones: registro interno<\/li>\n<li>Podemos utilizar la informaci\u00f3n para mejorar nuestros productos y servicios<\/li>\n<\/ul>\n<h3>Seguridad<\/h3>\n<p>Nos comprometemos a garantizar que su informaci\u00f3n est\u00e9 segura. Para evitar el acceso o la divulgaci\u00f3n no autorizados, hemos implantado procedimientos f\u00edsicos, electr\u00f3nicos y de gesti\u00f3n adecuados para salvaguardar y proteger la informaci\u00f3n que recopilamos en l\u00ednea. <\/p>\n<h3>C\u00f3mo utilizamos las cookies<\/h3>\n<p>Una cookie es un peque\u00f1o archivo que solicita permiso para instalarse en el disco duro de su ordenador. Una vez que usted acepta, el archivo se a\u00f1ade y la cookie ayuda a analizar el tr\u00e1fico web o le avisa cuando visita un sitio concreto. Las cookies permiten que las aplicaciones web le respondan de forma individual. La aplicaci\u00f3n web puede adaptar su funcionamiento a sus necesidades y a sus gustos y preferencias recopilando y recordando informaci\u00f3n sobre sus preferencias. <\/p>\n<p>Utilizamos cookies de registro de tr\u00e1fico para identificar qu\u00e9 p\u00e1ginas se utilizan. Esto nos ayuda a analizar datos sobre el tr\u00e1fico de las p\u00e1ginas web y a mejorar nuestro sitio web con el fin de adaptarlo a las necesidades de los clientes. Solo utilizamos esta informaci\u00f3n con fines de an\u00e1lisis estad\u00edstico y, posteriormente, los datos se eliminan del sistema. <\/p>\n<h3>Enlaces a otros sitios web<\/h3>\n<p>Nuestro sitio web puede contener enlaces a otros sitios web de inter\u00e9s. Sin embargo, una vez que haya utilizado estos enlaces para abandonar nuestro sitio, debe tener en cuenta que no tenemos ning\u00fan control sobre ese otro sitio web. Por lo tanto, no podemos responsabilizarnos de la protecci\u00f3n y la privacidad de cualquier informaci\u00f3n que facilite mientras visita dichos sitios, ya que no se rigen por la presente declaraci\u00f3n de privacidad. <\/p>\n","protected":false},"excerpt":{"rendered":"<p>Esta pol\u00edtica de privacidad establece c\u00f3mo TradingPedia.com utiliza y protege cualquier informaci\u00f3n que usted facilite a TradingPedia.com cuando utiliza este sitio web. Nos comprometemos a garantizar la protecci\u00f3n de su privacidad. Si le solicitamos que nos proporcione determinada informaci\u00f3n mediante la cual pueda ser identificado al utilizar este sitio web, puede tener la seguridad de [&hellip;]<\/p>\n","protected":false},"author":1,"featured_media":0,"parent":0,"menu_order":300,"comment_status":"closed","ping_status":"open","template":"templates\/full-width.php","meta":{"footnotes":""},"class_list":["post-120789","page","type-page","status-publish","hentry"],"aioseo_notices":[],"_links":{"self":[{"href":"https:\/\/www.tradingpedia.com\/es\/wp-json\/wp\/v2\/pages\/120789","targetHints":{"allow":["GET"]}}],"collection":[{"href":"https:\/\/www.tradingpedia.com\/es\/wp-json\/wp\/v2\/pages"}],"about":[{"href":"https:\/\/www.tradingpedia.com\/es\/wp-json\/wp\/v2\/types\/page"}],"author":[{"embeddable":true,"href":"https:\/\/www.tradingpedia.com\/es\/wp-json\/wp\/v2\/users\/1"}],"replies":[{"embeddable":true,"href":"https:\/\/www.tradingpedia.com\/es\/wp-json\/wp\/v2\/comments?post=120789"}],"version-history":[{"count":1,"href":"https:\/\/www.tradingpedia.com\/es\/wp-json\/wp\/v2\/pages\/120789\/revisions"}],"predecessor-version":[{"id":122183,"href":"https:\/\/www.tradingpedia.com\/es\/wp-json\/wp\/v2\/pages\/120789\/revisions\/122183"}],"wp:attachment":[{"href":"https:\/\/www.tradingpedia.com\/es\/wp-json\/wp\/v2\/media?parent=120789"}],"curies":[{"name":"wp","href":"https:\/\/api.w.org\/{rel}","templated":true}]}}