{"id":120788,"date":"2013-09-15T07:52:26","date_gmt":"2013-09-15T07:52:26","guid":{"rendered":"https:\/\/www.tradingpedia.com\/authors-2\/"},"modified":"2026-01-21T07:32:42","modified_gmt":"2026-01-21T07:32:42","slug":"authors","status":"publish","type":"page","link":"https:\/\/www.tradingpedia.com\/es\/authors\/","title":{"rendered":"Autores"},"content":{"rendered":"<p>A continuaci\u00f3n encontrar\u00e1 informaci\u00f3n sobre los autores que est\u00e1n detr\u00e1s de nuestras noticias financieras diarias.<\/p>\n<h2><a href=\"https:\/\/www.tradingpedia.com\/es\/authors\/miroslav-marinov\/\">Miroslav Marinov<\/a><\/h2>\n<p>Miroslav Marinov, editor de noticias financieras en TradingPedia, se dedica a observar e informar sobre las tendencias del mercado de divisas (Forex), ya que actualmente centra su atenci\u00f3n en las principales divisas de ocho econom\u00edas desarrolladas de todo el mundo. Est\u00e1 a cargo de la secci\u00f3n \u00abOperativa con divisas\u00bb del sitio web y tambi\u00e9n colabora en las secciones \u00abAn\u00e1lisis fundamental\u00bb, \u00abAn\u00e1lisis t\u00e9cnico\u00bb y \u00abEstrategias de trading\u00bb.<\/p>\n<p>Marinov ha sido trader independiente de Forex durante dos a\u00f1os. Tambi\u00e9n ha trabajado en los \u00e1mbitos de la banca minorista y la gesti\u00f3n de relaciones con clientes, as\u00ed como en la auditor\u00eda financiera independiente. Sus intereses profesionales abarcan los mercados financieros globales, la gesti\u00f3n global de patrimonios, las buenas pr\u00e1cticas de gobierno corporativo y la planificaci\u00f3n de inversiones de capital. Posee una licenciatura en Finanzas y un m\u00e1ster en Finanzas Corporativas.<\/p>\n<p><a target=\"_blank\" href=\"https:\/\/bg.linkedin.com\/in\/miroslav-marinoff-5a909828\" rel=\"nofollow noopener\"><img decoding=\"async\" width=\"25\" src=\"\/wp-content\/themes\/trading-pedia\/images\/icon-linkedin.svg\" \/><\/a><\/p>\n<hr \/>\n<h2><a href=\"https:\/\/www.tradingpedia.com\/es\/authors\/mircea-vasiu\/\">Mircea Vasiu<\/a><\/h2>\n<p>Mircea Vasiu es un analista de mercados con amplia experiencia en TradingPedia y trader profesional, con una d\u00e9cada de trayectoria escribiendo sobre las complejidades del mercado de valores y el trading de divisas. Al combinar su especializaci\u00f3n en macroeconom\u00eda con una aguda capacidad para el an\u00e1lisis de datos, Mircea es capaz de sintetizar complejas tendencias de mercado en ideas pr\u00e1cticas de trading e inversi\u00f3n. Es el autor de nuestra secci\u00f3n de v\u00eddeos. <\/p>\n<p><a target=\"_blank\" href=\"https:\/\/www.linkedin.com\/in\/mirceavasiu\/\" rel=\"nofollow noopener\"><img decoding=\"async\" width=\"25\" src=\"\/wp-content\/themes\/trading-pedia\/images\/icon-linkedin.svg\" \/><\/a><\/p>\n<hr \/>\n<h2><a href=\"https:\/\/www.tradingpedia.com\/es\/authors\/miro-nikolov\/\">Miro Nikolov<\/a><\/h2>\n<p>Miro Nikolov es cofundador de TradingPedia.com y BestBrokers.com. Su misi\u00f3n es ayudar a las personas a realizar inversiones rentables proporcion\u00e1ndoles acceso a recursos educativos y herramientas de an\u00e1lisis. <\/p>\n<p><a target=\"_blank\" href=\"https:\/\/www.linkedin.com\/in\/miro-nikolov-1946b9141\/\" rel=\"nofollow noopener\"><img decoding=\"async\" width=\"25\" src=\"\/wp-content\/themes\/trading-pedia\/images\/icon-linkedin.svg\" \/><\/a><\/p>\n<hr \/>\n<h2><a href=\"https:\/\/www.tradingpedia.com\/es\/authors\/arslan-ali\/\">Arslan Ali<\/a><\/h2>\n<p>Le presentamos a Arslan, un experto con amplia experiencia en el mundo de los derivados, especializado en criptomonedas, Forex, materias primas e \u00edndices. Como ponente profesional en seminarios web en directo, comparte sus conocimientos con audiencias de todo el mundo. Gracias a su s\u00f3lida formaci\u00f3n acad\u00e9mica, que incluye un MBA en Finanzas y un MPhil en Finanzas del Comportamiento, Arslan aporta a su trabajo una combinaci\u00f3n \u00fanica de conocimientos t\u00e9cnicos y an\u00e1lisis del comportamiento, lo que lo convierte en una voz de referencia en el sector.<\/p>\n<p><a target=\"_blank\" href=\"https:\/\/www.linkedin.com\/in\/arslan-butt\/\" rel=\"nofollow noopener\"><img decoding=\"async\" width=\"25\" src=\"\/wp-content\/themes\/trading-pedia\/images\/icon-linkedin.svg\" \/><\/a><\/p>\n<hr \/>\n<h2><a href=\"https:\/\/www.tradingpedia.com\/es\/authors\/jeremy-wagner\/\">Jeremy Wagner<\/a><\/h2>\n<p>Trader activo de Forex, renta variable y opciones sobre acciones. Jeremy es el principal autor de nuestra Academia de Trading. <\/p>\n<p><a target=\"_blank\" href=\"https:\/\/www.linkedin.com\/in\/jeremydwagner\/\" rel=\"nofollow noopener\"><img decoding=\"async\" width=\"25\" src=\"\/wp-content\/themes\/trading-pedia\/images\/icon-linkedin.svg\" \/><\/a><\/p>\n","protected":false},"excerpt":{"rendered":"<p>A continuaci\u00f3n encontrar\u00e1 informaci\u00f3n sobre los autores que est\u00e1n detr\u00e1s de nuestras noticias financieras diarias. Miroslav Marinov Miroslav Marinov, editor de noticias financieras en TradingPedia, se dedica a observar e informar sobre las tendencias del mercado de divisas (Forex), ya que actualmente centra su atenci\u00f3n en las principales divisas de ocho econom\u00edas desarrolladas de todo [&hellip;]<\/p>\n","protected":false},"author":1,"featured_media":0,"parent":0,"menu_order":200,"comment_status":"closed","ping_status":"open","template":"templates\/full-width.php","meta":{"footnotes":""},"class_list":["post-120788","page","type-page","status-publish","hentry"],"aioseo_notices":[],"_links":{"self":[{"href":"https:\/\/www.tradingpedia.com\/es\/wp-json\/wp\/v2\/pages\/120788","targetHints":{"allow":["GET"]}}],"collection":[{"href":"https:\/\/www.tradingpedia.com\/es\/wp-json\/wp\/v2\/pages"}],"about":[{"href":"https:\/\/www.tradingpedia.com\/es\/wp-json\/wp\/v2\/types\/page"}],"author":[{"embeddable":true,"href":"https:\/\/www.tradingpedia.com\/es\/wp-json\/wp\/v2\/users\/1"}],"replies":[{"embeddable":true,"href":"https:\/\/www.tradingpedia.com\/es\/wp-json\/wp\/v2\/comments?post=120788"}],"version-history":[{"count":1,"href":"https:\/\/www.tradingpedia.com\/es\/wp-json\/wp\/v2\/pages\/120788\/revisions"}],"predecessor-version":[{"id":122057,"href":"https:\/\/www.tradingpedia.com\/es\/wp-json\/wp\/v2\/pages\/120788\/revisions\/122057"}],"wp:attachment":[{"href":"https:\/\/www.tradingpedia.com\/es\/wp-json\/wp\/v2\/media?parent=120788"}],"curies":[{"name":"wp","href":"https:\/\/api.w.org\/{rel}","templated":true}]}}