{"id":120773,"date":"2013-06-27T14:53:53","date_gmt":"2013-06-27T14:53:53","guid":{"rendered":"https:\/\/www.tradingpedia.com\/stp-forex-brokers-explained\/"},"modified":"2026-01-27T12:18:56","modified_gmt":"2026-01-27T12:18:56","slug":"stp-forex-brokers-explained","status":"publish","type":"page","link":"https:\/\/www.tradingpedia.com\/es\/forex-brokers\/stp-forex-brokers-explained\/","title":{"rendered":"Br\u00f3kers con modelo ECN\/STP"},"content":{"rendered":"<p>Existen tres tipos principales de br\u00f3kers: market makers, ECN y STP. Cada uno de estos tipos tiene sus pros y sus contras, y los traders sin experiencia suelen tener dificultades para determinar cu\u00e1l es el br\u00f3ker m\u00e1s adecuado para sus necesidades.<\/p>\n<p><img decoding=\"async\" src=\"https:\/\/www.tradingpedia.com\/wp-content\/uploads\/2020\/08\/ecn-stp-brokers-explained.svg\" alt=\"ecn_forex\" width=\"600\" height=\"478\" class=\"aligncenter size-full wp-image-4568\"><\/p>\n<p>Los market makers son muy populares, pero tambi\u00e9n se encuentran entre los peores tipos de br\u00f3ker, ya que ganan cuando t\u00fa pierdes \u2013y viceversa\u2013. Si quieres trabajar con br\u00f3kers de buena reputaci\u00f3n, fiables y cercanos, deber\u00edas centrarte en <a href=\"https:\/\/www.tradingpedia.com\/es\/forex-brokers\/ecn-forex-brokers\/\">br\u00f3kers ECN<\/a> o <a href=\"https:\/\/www.tradingpedia.com\/es\/forex-brokers\/stp-forex-brokers\/\">br\u00f3kers STP<\/a>. <\/p>\n<p>En este art\u00edculo aprender\u00e1s cu\u00e1les son las diferencias entre los br\u00f3kers STP y ECN y por qu\u00e9 pueden ser mejores que los market makers. Tambi\u00e9n analizamos una nueva generaci\u00f3n de br\u00f3kers h\u00edbridos que combinan estos dos modelos y resumimos las principales ventajas que el trading STP y ECN puede ofrecer a los inversores. <\/p>\n<div class=\"important\"><strong>Importante:<\/strong> Al elegir un br\u00f3ker que afirma ser ECN o STP, verifica siempre su situaci\u00f3n regulatoria y lee la letra peque\u00f1a. Algunas empresas se promocionan como \u00abECN\u00bb pero enrutan las \u00f3rdenes minoristas a trav\u00e9s de una mesa de negociaci\u00f3n interna, actuando en la pr\u00e1ctica como market makers. Confirma que la ejecuci\u00f3n de \u00f3rdenes sea sin mesa de negociaci\u00f3n, que los diferenciales sean variables y que las comisiones se indiquen de antemano. Realizar una debida diligencia puede ahorrarte costes ocultos y posibles conflictos de inter\u00e9s.<\/div>\n<h2 id=\"ndd\">C\u00f3mo funcionan los br\u00f3kers sin mesa de negociaci\u00f3n<\/h2>\n<p><img decoding=\"async\" src=\"https:\/\/www.tradingpedia.com\/wp-content\/uploads\/2020\/08\/how-no-dealing-desk-works.svg\" alt=\"how no dealing desk works\" width=\"600\" height=\"250\" class=\"aligncenter size-full wp-image-62393\"><\/p>\n<p>En el mercado de Forex existen dos categor\u00edas principales de br\u00f3kers, y la primera est\u00e1 formada por los llamados br\u00f3kers Dealing Desk (DD), tambi\u00e9n conocidos como market makers. Como su nombre indica, este tipo de compa\u00f1\u00edas de intermediaci\u00f3n \u00abcrean el mercado\u00bb determinando los diferenciales de compra y venta a trav\u00e9s de sus mesas de negociaci\u00f3n. <\/p>\n<p>Las \u00f3rdenes de los clientes nunca se cotizan al precio exacto de mercado debido al diferencial incorporado que garantiza un beneficio para los br\u00f3kers DD. Otra particularidad de los market makers es que en ocasiones emiten requotes, ya que las \u00f3rdenes de los clientes no se env\u00edan directamente al mercado interbancario. <\/p>\n<p>El market maker decide aceptar o rechazar la orden de un cliente en funci\u00f3n de factores como la volatilidad y las noticias. En el mejor de los casos, tus posiciones se compensan con las de otros clientes. Sin embargo, si esto no es posible, un br\u00f3ker DD tomar\u00e1 la posici\u00f3n contraria o bien trasladar\u00e1 la orden a otro proveedor de liquidez. <\/p>\n<p>Un br\u00f3ker DD suele pagar las operaciones ganadoras directamente desde su propia cuenta. En consecuencia, este tipo de intermediario gana dinero cuando sus clientes cierran sus posiciones con p\u00e9rdidas, y viceversa. <\/p>\n<p>Este no es el caso de los <a href=\"https:\/\/www.tradingpedia.com\/es\/forex-brokers\/no-dealing-desk-forex-brokers\/\">br\u00f3kers No-Dealing-Desk (NDD)<\/a>, que utilizan tecnolog\u00edas de straight-through processing (STP) o electronic communication network (ECN) para enviar las \u00f3rdenes de sus clientes directamente a otros proveedores de liquidez. <\/p>\n<p>Esto proporciona a los traders acceso directo al mercado interbancario, donde sus \u00f3rdenes se ejecutan m\u00e1s r\u00e1pido y a mejores precios. Un br\u00f3ker NDD act\u00faa esencialmente como un puente entre sus clientes y los proveedores de liquidez. <\/p>\n<p>No hay requotes cuando se opera con un br\u00f3ker NDD. El trader tiene acceso a m\u00faltiples fuentes de liquidez, lo que le permite obtener los mejores precios de compra y venta. Otra diferencia es que los br\u00f3kers NDD cobran comisiones adicionales por trasladar los diferenciales de los proveedores de liquidez a los clientes. <\/p>\n<h3 id=\"ecn\">Redes de comunicaci\u00f3n electr\u00f3nica (ECN)<\/h3>\n<p><img decoding=\"async\" src=\"https:\/\/www.tradingpedia.com\/wp-content\/uploads\/2020\/08\/how-ecn-network-works.svg\" alt=\"how ecn network works\" width=\"600\" height=\"250\" class=\"aligncenter size-full wp-image-62394\"><\/p>\n<p>Los br\u00f3kers ECN se basan en las Electronic Communication Networks (ECN) para sus operaciones. Una ECN es un sistema digital que empareja autom\u00e1ticamente las \u00f3rdenes de compra y venta de productos financieros. Los pares de divisas de Forex y las acciones son los dos productos m\u00e1s habituales que se negocian a trav\u00e9s de esta red informatizada. <\/p>\n<p>Entre las redes de comunicaci\u00f3n electr\u00f3nica m\u00e1s conocidas hasta la fecha se encuentran el prototipo Instinet (lanzado a finales de la d\u00e9cada de 1960), NYSE Arca y SelectNet. Algunos de estos sistemas est\u00e1n destinados a inversores institucionales, mientras que otros se crearon espec\u00edficamente pensando en los inversores minoristas. <\/p>\n<p>La ECN conecta a los principales br\u00f3kers, a los traders individuales y a los proveedores de liquidez, lo que les permite ejecutar operaciones directamente entre ellos sin recurrir a intermediarios. Esto garantiza un alto nivel de anonimato para los traders que utilizan br\u00f3kers ECN.<\/p>\n<p>Otra ventaja de las ECN es que permiten a los inversores operar fuera del horario convencional. Es una excelente soluci\u00f3n para quienes no pueden participar activamente en los mercados durante las horas habituales de negociaci\u00f3n o buscan una mayor disponibilidad y flexibilidad. <\/p>\n<p>El modelo ECN ofrece otras ventajas para los traders minoristas, entre ellas <a href=\"https:\/\/www.tradingpedia.com\/es\/forex-brokers\/low-spread-forex-brokers\/\">spreads m\u00e1s bajos<\/a>, una ejecuci\u00f3n de \u00f3rdenes m\u00e1s r\u00e1pida, mayor liquidez y transparencia en los precios. Adem\u00e1s, las ECN permiten a las instituciones financieras reducir sus costes globales al disminuir el trabajo manual. <\/p>\n<h3 id=\"stp\">Procesamiento directo (STP)<\/h3>\n<p><img decoding=\"async\" src=\"https:\/\/www.tradingpedia.com\/wp-content\/uploads\/2020\/08\/how-stp-works.svg\" alt=\"how stp works\" width=\"600\" height=\"250\" class=\"aligncenter size-full wp-image-62395\"><\/p>\n<p>Muchas de las principales instituciones financieras y grandes corporaciones utilizan el m\u00e9todo de straight-through processing (STP). Los sistemas STP permiten realizar transacciones financieras totalmente automatizadas sin intervenci\u00f3n manual, de ah\u00ed el nombre de \u00abstraight-through processing\u00bb. <\/p>\n<p>Este tipo de sistemas se ide\u00f3 por primera vez a comienzos de la d\u00e9cada de 1990 y estaba pensado para su uso en los mercados de renta variable. El mayor beneficio del STP es el ahorro de tiempo. Todo el ciclo de negociaci\u00f3n, desde la creaci\u00f3n de las \u00f3rdenes hasta su liquidaci\u00f3n final, se gestiona autom\u00e1ticamente sin intervenci\u00f3n humana. <\/p>\n<p>Las \u00f3rdenes se procesan en tiempo real. Se env\u00edan directamente desde el trader a distintos proveedores de liquidez en el mercado interbancario sin que intervenga el br\u00f3ker. Las \u00f3rdenes de los traders se ejecutan a mejores precios porque tienen acceso directo al mercado interbancario. <\/p>\n<p>Las \u00f3rdenes no pasan por mesas de negociaci\u00f3n. En su lugar, el br\u00f3ker STP las env\u00eda \u00abdirectamente\u00bb a distintos proveedores de liquidez, como bancos o br\u00f3kers de mayor tama\u00f1o. A su vez, esto evita los requotes y los retrasos en la ejecuci\u00f3n de \u00f3rdenes. El sistema STP ofrece varias ventajas, entre ellas menores tiempos de procesamiento, reducci\u00f3n del riesgo de liquidaci\u00f3n y menores costes operativos. <\/p>\n<h2 id=\"stpbrokers\">Explicaci\u00f3n de los br\u00f3kers STP<\/h2>\n<p><img decoding=\"async\" src=\"https:\/\/www.tradingpedia.com\/wp-content\/uploads\/2020\/08\/stp-brokers-explained.svg\" alt=\"stp brokers explained\" width=\"600\" height=\"250\" class=\"aligncenter size-full wp-image-62396\"><\/p>\n<p>Los br\u00f3kers STP son menos habituales, pero muchos traders siguen consider\u00e1ndolos la mejor opci\u00f3n, y con raz\u00f3n. Curiosamente, combinan las caracter\u00edsticas de los br\u00f3kers ECN y de los market makers. Su modo de funcionamiento es algo complicado, as\u00ed que lee con atenci\u00f3n si quieres saber m\u00e1s sobre los br\u00f3kers STP y c\u00f3mo trabajan. <\/p>\n<p>Cuando un <a href=\"https:\/\/www.tradingpedia.com\/es\/forex-brokers\/\">br\u00f3ker de Forex<\/a> utiliza un sistema de straight-through processing, enruta las \u00f3rdenes de los traders directamente a distintos proveedores de liquidez en el mercado interbancario. Estos pueden ser grandes bancos, inversores contraparte, importantes corporaciones de inversi\u00f3n o hedge funds. Un br\u00f3ker STP conecta a los traders directamente con el mercado interbancario. <\/p>\n<p>No intervienen intermediarios porque las \u00f3rdenes de los clientes no pasan por una mesa de negociaci\u00f3n. La ausencia de un tercero elimina los retrasos en la ejecuci\u00f3n de las \u00f3rdenes y la necesidad de emitir requotes. Al tener acceso directo al mercado, las \u00f3rdenes de los clientes se ejecutan a los precios m\u00e1s competitivos. <\/p>\n<p>Esto nos lleva a la pregunta de c\u00f3mo ganan dinero los br\u00f3kers STP. La respuesta es que a\u00f1aden un recargo nominal al diferencial de compra y venta que ofrecen sus proveedores de liquidez. Los br\u00f3kers STP ofrecen spreads variables que dependen de las condiciones de mercado, mientras que el recargo suele ser fijo. <\/p>\n<p>Los br\u00f3kers STP tambi\u00e9n permiten a sus clientes ejecutar operaciones durante la publicaci\u00f3n de noticias financieras, algo que no siempre ocurre con los market makers que operan con mesa de negociaci\u00f3n. Esto, combinado con la velocidad de ejecuci\u00f3n de las \u00f3rdenes, convierte a los br\u00f3kers STP en la opci\u00f3n ideal para los scalpers y los news traders. <\/p>\n<p>En este modelo hay mayor anonimato y ning\u00fan conflicto de inter\u00e9s. Los br\u00f3kers STP agregan precios de compra y venta de m\u00faltiples proveedores de liquidez, a\u00f1adiendo el recargo nominal mencionado antes. El trader realiza una orden y la firma de intermediaci\u00f3n la env\u00eda a uno de sus proveedores de liquidez, qued\u00e1ndose con el beneficio derivado de la peque\u00f1a diferencia en el spread. <\/p>\n<p>El sistema STP ordena los precios de compra y venta de mejor a peor y, a continuaci\u00f3n, aplica el recargo. En consecuencia, si los proveedores de liquidez aumentan sus spreads, el br\u00f3ker STP responde ampliando los suyos con un recargo mayor.<\/p>\n<p>En esencia, los inversores operan contra otros participantes del mercado y no contra el propio intermediario, que no se beneficia de las p\u00e9rdidas de sus clientes. De hecho, ocurre lo contrario. Si los clientes de un br\u00f3ker STP pierden demasiado dinero, dejar\u00e1n de introducir nuevas \u00f3rdenes y el br\u00f3ker dejar\u00e1 de obtener ingresos constantes del mercado.<\/p>\n<h3 id=\"whystp\">Por qu\u00e9 los br\u00f3kers de Forex prefieren el modelo STP<\/h3>\n<p><img decoding=\"async\" src=\"https:\/\/www.tradingpedia.com\/wp-content\/uploads\/2020\/08\/why-forex-brokers-prefer-stp.svg\" alt=\"things to consider\" class=\"alignleft size-full wp-image-62375\">Probablemente ya intuyas por qu\u00e9 un n\u00famero creciente de traders prefiere los br\u00f3kers STP. Las ventajas del modelo desde la perspectiva del trader son evidentes. Sin embargo, los sistemas de straight-through processing tambi\u00e9n resultan beneficiosos para los br\u00f3kers por varias razones.<\/p>\n<p>La primera y m\u00e1s importante raz\u00f3n tiene que ver con la reducci\u00f3n de los costes operativos. Utilizar un sistema STP suele ser menos costoso que gestionar una mesa de negociaci\u00f3n, ya que el br\u00f3ker ahorra en salarios. <\/p>\n<p>Tambi\u00e9n hay menos trabajo en lo que respecta a la gesti\u00f3n del riesgo, puesto que un br\u00f3ker STP se limita a trasladar las \u00f3rdenes de los traders a sus proveedores de liquidez. Por tanto, los movimientos inesperados del mercado no afectan directamente al br\u00f3ker. <\/p>\n<p>El modelo STP se traduce en menos quebraderos de cabeza para los br\u00f3kers. No tienen que preocuparse tanto por las noticias clave ni por los movimientos adversos e inesperados en los precios de mercado. Al igual que los traders, las propias firmas de intermediaci\u00f3n est\u00e1n a merced de las condiciones del mercado. Como regla general, los market makers que fijan sus propios precios de compra y venta lo tienen m\u00e1s f\u00e1cil cuando se enfrentan a condiciones de mercado vol\u00e1tiles que en periodos m\u00e1s tranquilos. <\/p>\n<p>Aun as\u00ed, para un br\u00f3ker DD resulta dif\u00edcil hacer previsiones de ingresos precisas porque nunca puede estar completamente seguro de cu\u00e1ndo se mover\u00e1n los precios de mercado ni en qu\u00e9 medida. Esto no supone un problema para un br\u00f3ker STP, cuyos ingresos suelen mantenerse constantes independientemente de los movimientos adversos de precios y de las malas condiciones de mercado. <\/p>\n<p>Los errores humanos en la ejecuci\u00f3n de \u00f3rdenes tambi\u00e9n desaparecen cuando se utiliza un sistema STP totalmente automatizado. Las \u00f3rdenes cursadas mediante un sistema STP se ejecutan con mayor rapidez, lo que se traduce en una mejor experiencia para los clientes. Los propios br\u00f3kers STP se benefician de estos mayores niveles de satisfacci\u00f3n de la clientela. <\/p>\n<p>Este tipo de intermediarios obtiene beneficios a partir de los recargos sobre los spreads y no de las p\u00e9rdidas de sus clientes, como suele ocurrir con los market makers. Si los clientes est\u00e1n satisfechos con el servicio en general, seguir\u00e1n operando en la correspondiente plataforma de trading STP, generando ingresos constantes para el br\u00f3ker a trav\u00e9s de esos recargos. <\/p>\n<h3 id=\"benefits-stp\">Ventajas del modelo STP desde la perspectiva de los traders<\/h3>\n<p>Los br\u00f3kers no son los \u00fanicos que se benefician de los sistemas de straight-through processing. El modelo STP tambi\u00e9n ofrece muchas ventajas a los traders. A continuaci\u00f3n, resumimos los principales aspectos positivos de operar con un intermediario STP.<\/p>\n<ul>\n<li>No existe conflicto de inter\u00e9s debido a la forma en que se ejecutan las \u00f3rdenes de los traders. A diferencia de los market makers, los br\u00f3kers STP no tienen que recurrir al hedging, es decir, a tomar posiciones opuestas a las de sus clientes. En lugar de beneficiarse de las p\u00e9rdidas de los clientes, los br\u00f3kers que utilizan este modelo generan ingresos a partir de las peque\u00f1as comisiones (el recargo) que cobran en cada operaci\u00f3n.<\/li>\n<li>El sistema STP garantiza mayores niveles de anonimato porque conecta directamente a los traders con los proveedores de liquidez con los que trabaja el br\u00f3ker. Como resultado, los clientes obtienen acceso inmediato a m\u00e1s liquidez y a mejores precios interbancarios. Esto es especialmente beneficioso para los scalpers, que no tienen que lidiar con problemas como el deslizamiento y los requotes. Tambi\u00e9n favorece a los news traders. La exposici\u00f3n de un market maker aumenta por encima de determinados niveles preestablecidos tras la publicaci\u00f3n de noticias importantes, lo que puede llevarle a rechazar algunas \u00f3rdenes de clientes. Un news trader se ahorra estos inconvenientes cuando opera con un br\u00f3ker STP.<\/li>\n<li>Los br\u00f3kers STP proporcionan a los traders un acceso m\u00e1s profundo a los mercados. Las compa\u00f1\u00edas que se basan en este modelo agregan los precios de mercado de m\u00faltiples proveedores de liquidez. Esto se traduce en una mejor ejecuci\u00f3n de las operaciones, mayor transparencia y precios m\u00e1s competitivos para los clientes.<\/li>\n<li>Las \u00f3rdenes se ejecutan con mayor rapidez porque no pasan por una mesa de negociaci\u00f3n. Todo se procesa autom\u00e1ticamente mediante el sistema, lo que elimina retrasos y la necesidad de requotes.<\/li>\n<\/ul>\n<h2 id=\"ecnbrokers\">Explicaci\u00f3n de los br\u00f3kers ECN<\/h2>\n<p><img decoding=\"async\" src=\"https:\/\/www.tradingpedia.com\/wp-content\/uploads\/2020\/08\/ecn-brokers-explained.svg\" alt=\"ecn brokers explained\" width=\"600\" height=\"250\" class=\"aligncenter size-full wp-image-62397\"><\/p>\n<p>Al igual que las plataformas de trading STP, los br\u00f3kers ECN ofrecen a los traders acceso directo al mercado interbancario real. Esto significa que las ganancias y p\u00e9rdidas del br\u00f3ker no dependen del \u00e9xito de los traders. En su lugar, los br\u00f3kers ECN dependen de las comisiones para ganar dinero. <\/p>\n<p>La red de comunicaci\u00f3n electr\u00f3nica conecta directamente a los traders con los proveedores de liquidez del br\u00f3ker. En t\u00e9rminos de ejecuci\u00f3n, funciona de forma id\u00e9ntica a un sistema STP. En lugar de operar contra tu br\u00f3ker, operas contra otros participantes del mercado, como entidades bancarias, br\u00f3kers de mayor tama\u00f1o, hedge funds, traders privados, etc. <\/p>\n<p>Todas estas entidades, en esencia, operan entre s\u00ed ofreciendo a los dem\u00e1s sus mejores precios de compra y venta. Esto proporciona a los clientes de los br\u00f3kers ECN acceso a la profundidad del mercado, lo que hace imposible la manipulaci\u00f3n de los precios. La profundidad de mercado incluye todos los precios cotizados para un determinado mercado, junto con el volumen de negociaci\u00f3n propuesto para cada nivel de oferta y demanda. <\/p>\n<p>Los traders pueden comparar sus precios de ejecuci\u00f3n de \u00f3rdenes con los de otros participantes del mercado que tienen acceso al mismo flujo de precios. Otro punto importante es que los proveedores de liquidez compiten entre s\u00ed por mayores vol\u00famenes de negociaci\u00f3n, lo que les motiva a ofrecer mejores cotizaciones. Las \u00f3rdenes ECN se ejecutan a los precios m\u00e1s competitivos; cuando la liquidez es insuficiente para llenarlas, se utilizan los segundos mejores precios. <\/p>\n<p>Una diferencia fundamental entre los br\u00f3kers ECN y los STP es que los primeros no dependen de los diferenciales de compra y venta ni de los recargos para generar ingresos. En su lugar, obtienen beneficios cobrando a los clientes una comisi\u00f3n fija nominal por cada posici\u00f3n que abren. En la mayor\u00eda de los casos, esta comisi\u00f3n es de 10 US$ por lote completo, aunque puede ser inferior o superior en funci\u00f3n de distintos factores.<\/p>\n<p>La ausencia de recargo da lugar a spreads ultrarreducidos, que pueden acercarse a cero pips. Al igual que sus hom\u00f3logos STP, los br\u00f3kers ECN solo ofrecen spreads flotantes. Los spreads fijos son imposibles en un entorno as\u00ed, ya que los precios se agregan a partir de muchas fuentes de liquidez distintas. Esto hace que sea f\u00e1cil identificar a los verdaderos br\u00f3kers ECN: solo tienes que buscar spreads variables. <\/p>\n<p>Ten en cuenta que los br\u00f3kers ECN exigen dep\u00f3sitos m\u00ednimos y tama\u00f1os de lote muy elevados. Esto los hace inadecuados para la mayor\u00eda de los clientes minoristas y los inversores de peque\u00f1a escala. Se ha convertido en algo habitual que los br\u00f3kers ECN impongan un tama\u00f1o m\u00ednimo de operaci\u00f3n de un minilote, equivalente a 1\/10 de un lote micro. En algunos casos, los dep\u00f3sitos m\u00ednimos var\u00edan de 50.000 a 100.000 US$. <\/p>\n<h3 id=\"benefits-ecn\">Ventajas de los br\u00f3kers ECN<\/h3>\n<p>A pesar de los dep\u00f3sitos m\u00ednimos m\u00e1s altos y de los tama\u00f1os de lote mayores que exigen los br\u00f3kers ECN, estos se est\u00e1n convirtiendo en la opci\u00f3n preferida de muchos traders porque ofrecen m\u00faltiples ventajas, entre ellas las siguientes:<\/p>\n<ul>\n<li>Los intereses de los clientes y de los br\u00f3kers est\u00e1n perfectamente alineados, ya que los br\u00f3kers ECN nunca operan contra su propia clientela. Tus \u00f3rdenes se compensan con las de otros participantes del mercado. El br\u00f3ker ECN act\u00faa simplemente como intermediario entre los participantes. Que tus operaciones terminen en ganancias o p\u00e9rdidas es irrelevante, porque el br\u00f3ker obtiene beneficios de las comisiones que cobra. De hecho, resulta positivo para un br\u00f3ker ECN que sus clientes ganen dinero, ya que esto les permite hacer crecer sus cuentas y operar con vol\u00famenes mayores, algo que tambi\u00e9n beneficia al propio br\u00f3ker.<\/li>\n<li>La manipulaci\u00f3n de los precios de mercado es imposible con los br\u00f3kers ECN, lo que garantiza unas condiciones de trading justas y totalmente transparentes. Esto se debe a que estos intermediarios muestran precios de mercado procedentes de m\u00faltiples proveedores de liquidez en lugar de fijar sus propios precios de compra y venta, como hacen los market makers. Los clientes de ECN tambi\u00e9n tienen acceso directo a la profundidad de mercado, lo que aumenta a\u00fan m\u00e1s la transparencia.<\/li>\n<li>Las operaciones se ejecutan de forma inmediata y con spreads mucho m\u00e1s ajustados que los que ofrecen los market makers. Muchos proveedores de liquidez distintos compiten por las \u00f3rdenes de negociaci\u00f3n. Esto les motiva a ofrecer los precios m\u00e1s ajustados posibles con el fin de atraer a los traders y superar a la competencia.<\/li>\n<li>El acceso a precios interbancarios en tiempo real evita la emisi\u00f3n de requotes, un problema habitual para quienes utilizan los servicios de los market makers. Los requotes influyen negativamente en el rendimiento del trading a largo plazo. Normalmente se producen cuando un br\u00f3ker se niega a ejecutar una orden debido a cambios en el precio de mercado del activo negociado. Los requotes que ofrecen los market makers rara vez benefician a los traders.<\/li>\n<\/ul>\n<h2 id=\"ndd-dd\">Br\u00f3kers de Forex que combinan los modelos NDD y DD<\/h2>\n<p><img decoding=\"async\" src=\"https:\/\/www.tradingpedia.com\/wp-content\/uploads\/2020\/08\/dd-and-ndd-brokers.svg\" alt=\"dd and ndd brokers\" class=\"alignleft size-full wp-image-62398\">Algunos br\u00f3kers de Forex se basan en una combinaci\u00f3n de modelos NDD y DD, ya que esto les permite atender a un espectro m\u00e1s amplio de preferencias de los clientes. Es habitual que este tipo de firmas ofrezcan a los clientes la posibilidad de elegir entre cuentas ECN y STP y, al mismo tiempo, sigan actuando como market makers. <\/p>\n<p>Los profesionales y los traders de mayor volumen pueden abrir cuentas ECN. Mientras tanto, las operaciones de los inversores minoristas de peque\u00f1a escala deben seguir pasando por una mesa de negociaci\u00f3n, porque los grandes proveedores de liquidez, por lo general, no est\u00e1n interesados en gestionar vol\u00famenes tan reducidos. <\/p>\n<p>De este modo, los br\u00f3kers h\u00edbridos pueden centrarse en otras \u00e1reas importantes, como la atenci\u00f3n al cliente, el an\u00e1lisis de mercado y los recursos educativos. La combinaci\u00f3n de ECN y STP tambi\u00e9n impulsa la automatizaci\u00f3n completa de la introducci\u00f3n de \u00f3rdenes, la ejecuci\u00f3n de operaciones y la fijaci\u00f3n de spreads.<\/p>\n","protected":false},"excerpt":{"rendered":"<p>Existen tres tipos principales de br\u00f3kers: market makers, ECN y STP. Cada uno de estos tipos tiene sus pros y sus contras, y los traders sin experiencia suelen tener dificultades para determinar cu\u00e1l es el br\u00f3ker m\u00e1s adecuado para sus necesidades. Los market makers son muy populares, pero tambi\u00e9n se encuentran entre los peores tipos [&hellip;]<\/p>\n","protected":false},"author":7,"featured_media":0,"parent":120792,"menu_order":0,"comment_status":"closed","ping_status":"open","template":"templates\/best-brokers-list.php","meta":{"footnotes":""},"class_list":["post-120773","page","type-page","status-publish","hentry"],"aioseo_notices":[],"_links":{"self":[{"href":"https:\/\/www.tradingpedia.com\/es\/wp-json\/wp\/v2\/pages\/120773","targetHints":{"allow":["GET"]}}],"collection":[{"href":"https:\/\/www.tradingpedia.com\/es\/wp-json\/wp\/v2\/pages"}],"about":[{"href":"https:\/\/www.tradingpedia.com\/es\/wp-json\/wp\/v2\/types\/page"}],"author":[{"embeddable":true,"href":"https:\/\/www.tradingpedia.com\/es\/wp-json\/wp\/v2\/users\/7"}],"replies":[{"embeddable":true,"href":"https:\/\/www.tradingpedia.com\/es\/wp-json\/wp\/v2\/comments?post=120773"}],"version-history":[{"count":1,"href":"https:\/\/www.tradingpedia.com\/es\/wp-json\/wp\/v2\/pages\/120773\/revisions"}],"predecessor-version":[{"id":123659,"href":"https:\/\/www.tradingpedia.com\/es\/wp-json\/wp\/v2\/pages\/120773\/revisions\/123659"}],"up":[{"embeddable":true,"href":"https:\/\/www.tradingpedia.com\/es\/wp-json\/wp\/v2\/pages\/120792"}],"wp:attachment":[{"href":"https:\/\/www.tradingpedia.com\/es\/wp-json\/wp\/v2\/media?parent=120773"}],"curies":[{"name":"wp","href":"https:\/\/api.w.org\/{rel}","templated":true}]}}