{"id":120752,"date":"2013-05-21T06:47:24","date_gmt":"2013-05-21T06:47:24","guid":{"rendered":"https:\/\/www.tradingpedia.com\/forex-trading-brokers-with-paysafecard\/"},"modified":"2026-02-20T15:45:39","modified_gmt":"2026-02-20T15:45:39","slug":"forex-trading-brokers-with-paysafecard","status":"publish","type":"page","link":"https:\/\/www.tradingpedia.com\/es\/forex-brokers\/forex-trading-brokers-with-paysafecard\/","title":{"rendered":"Br\u00f3kers de Forex con Paysafecard"},"content":{"rendered":"<p>\u00bfEst\u00e1 buscando br\u00f3keres de Forex regulados y de confianza que acepten Paysafecard? Nuestro equipo de traders expertos ha probado numerosos br\u00f3keres de Forex con cuentas reales y ha elaborado una lista de los mejores que aceptan Paysafecard. Paysafecard es una de las soluciones de prepago m\u00e1s populares disponibles actualmente en Internet. Es uno de los varios servicios operados por Paysafe Group, una empresa regulada por la Autoridad de Conducta Financiera del Reino Unido (FCA).<\/p>\n<ol class=\"brokers-grid-container list-brokers\" data-pid=\"120752\">\n          <li><a rel=\"nofollow\" target=\"_blank\" href=\"\/out\/plus500-us?au=114&bp=1\">\n            \n      <figure>\n        <img decoding=\"async\" src=\"https:\/\/www.tradingpedia.com\/www-tradingpedia-com\/wp-content\/uploads\/logos\/lg-plus500-us-logo.webp\" width=\"160\" height=\"45\">\n      <\/figure>\n    \n\n            <div>\n              <span class=\"broker-name\">Plus500 US<\/span>\n\n              <div class=\"broker-rating\">Calificaci\u00f3n: 4,2 <i class=\"ico-star\"><\/i><\/div>\n\n              <em>Este contenido se aplica \u00fanicamente a Plus500 US y a los clientes de Estados Unidos. Operar con futuros implica el riesgo de p\u00e9rdidas.<\/em>\n            <\/div>\n          <\/a><\/li>\n        \n          <li><a rel=\"nofollow\" target=\"_blank\" href=\"\/out\/etoro?au=114&bp=2\">\n            \n      <figure>\n        <img decoding=\"async\" src=\"https:\/\/www.tradingpedia.com\/www-tradingpedia-com\/wp-content\/uploads\/logos\/lg-etoro-logo.webp\" width=\"160\" height=\"45\">\n      <\/figure>\n    \n\n            <div>\n              <span class=\"broker-name\">eToro<\/span>\n\n              <div class=\"broker-rating\">Calificaci\u00f3n: 4,2 <i class=\"ico-star\"><\/i><\/div>\n\n              <em>El 50 % de las cuentas de inversionistas minoristas pierden dinero<\/em>\n            <\/div>\n          <\/a><\/li>\n        \n          <li><a rel=\"nofollow\" target=\"_blank\" href=\"\/out\/fusion-markets?au=114&bp=3\">\n            \n      <figure>\n        <img decoding=\"async\" src=\"https:\/\/www.tradingpedia.com\/www-tradingpedia-com\/wp-content\/uploads\/logos\/lg-fusion-markets-logo.webp\" width=\"160\" height=\"45\">\n      <\/figure>\n    \n\n            <div>\n              <span class=\"broker-name\">Fusion Markets<\/span>\n\n              <div class=\"broker-rating\">Calificaci\u00f3n: 4,8 <i class=\"ico-star\"><\/i><\/div>\n\n              <em>El 74-89 % de las cuentas minoristas de CFD pierden dinero<\/em>\n            <\/div>\n          <\/a><\/li>\n        \n          <li><a rel=\"nofollow\" target=\"_blank\" href=\"\/out\/fp-markets?au=114&bp=4\">\n            \n      <figure>\n        <img decoding=\"async\" src=\"https:\/\/www.tradingpedia.com\/www-tradingpedia-com\/wp-content\/uploads\/logos\/lg-fp-markets-logo.webp\" width=\"160\" height=\"45\">\n      <\/figure>\n    \n\n            <div>\n              <span class=\"broker-name\">FP Markets<\/span>\n\n              <div class=\"broker-rating\">Calificaci\u00f3n: 4,9 <i class=\"ico-star\"><\/i><\/div>\n\n              <em>73,33 % de las cuentas de inversores minoristas pierden dinero<\/em>\n            <\/div>\n          <\/a><\/li>\n        \n          <li><a rel=\"nofollow\" target=\"_blank\" href=\"\/out\/global-prime?au=114&bp=5\">\n            \n      <figure>\n        <img decoding=\"async\" src=\"https:\/\/www.tradingpedia.com\/www-tradingpedia-com\/wp-content\/uploads\/logos\/lg-global-prime-logo.jpg\" width=\"160\" height=\"45\">\n      <\/figure>\n    \n\n            <div>\n              <span class=\"broker-name\">Global Prime<\/span>\n\n              <div class=\"broker-rating\">Calificaci\u00f3n: 4,7 <i class=\"ico-star\"><\/i><\/div>\n\n              <em>El 74-89 % de las cuentas minoristas de CFD pierden dinero<\/em>\n            <\/div>\n          <\/a><\/li>\n        <\/ol>\n<p>En la actualidad, Paysafecard est\u00e1 disponible en decenas de pa\u00edses y en cientos de miles de puntos de venta en todo el mundo. Adem\u00e1s, su nivel de soporte no tiene parang\u00f3n entre los servicios prepago y compite en accesibilidad con las <a href=\"https:\/\/www.tradingpedia.com\/es\/forex-brokers\/credit-card-forex-brokers\/\">tarjetas de cr\u00e9dito<\/a> y los monederos electr\u00f3nicos. Como ocurre, el sector de la operativa de Forex en l\u00ednea tambi\u00e9n aprecia bastante Paysafecard, y hay numerosas p\u00e1ginas web de br\u00f3kers dispuestas a aceptar pagos mediante este m\u00e9todo. A continuaci\u00f3n, analizaremos los aspectos m\u00e1s importantes de usar Paysafecard para operar en Forex y qu\u00e9 puede esperar de esta soluci\u00f3n prepago.<\/p>\n<h2 id=\"deposit\">C\u00f3mo depositar en una cuenta de Forex con Paysafecard<\/h2>\n<p><img decoding=\"async\" src=\"https:\/\/www.tradingpedia.com\/wp-content\/uploads\/2013\/07\/how-to-fund-forex-account.svg\" alt=\"\" class=\"alignleft\" width=\"150\" height=\"150\">Realizar un dep\u00f3sito mediante Paysafecard es uno de los aspectos m\u00e1s sencillos del trading de Forex y, una vez que haya completado el procedimiento por primera vez, no tendr\u00e1 ning\u00fan problema en repetirlo. El proceso es bastante simple y no difiere demasiado de otros m\u00e9todos de pago. Todo lo que tiene que hacer es tomar su cup\u00f3n Paysafecard y anotar el c\u00f3digo de 16 d\u00edgitos impreso en \u00e9l. Despu\u00e9s, busque la p\u00e1gina de pagos en el sitio web del br\u00f3ker y elija Paysafecard en la lista de servicios admitidos. Introduzca el importe que desea depositar y el c\u00f3digo del recibo. Una vez que confirme la operaci\u00f3n, el dinero aparecer\u00e1 al instante en su saldo y podr\u00e1 utilizarlo para operar como prefiera.<\/p>\n<p>Depositar con Paysafecard es simple y directo. No tiene que enfrentarse a muchos de los problemas que afectan a otras soluciones de banca en l\u00ednea. Adem\u00e1s, el proceso es id\u00e9ntico tanto en ordenadores de sobremesa como en dispositivos m\u00f3viles, lo que le da la oportunidad de utilizar todos sus dispositivos para sus necesidades de trading de Forex.<\/p>\n<h2 id=\"withdraw\">C\u00f3mo retirar fondos de una cuenta de Forex con Paysafecard<\/h2>\n<p><img decoding=\"async\" src=\"https:\/\/www.tradingpedia.com\/wp-content\/uploads\/2020\/08\/how-to-withdraw.svg\" alt=\"\" class=\"alignleft\" width=\"150\" height=\"150\">Las retiradas de fondos no son posibles con Paysafecard. Aunque la industria del trading de Forex requiere un movimiento constante de dinero entre br\u00f3kers y clientes, Paysafecard no se dise\u00f1\u00f3 con este fin. En su lugar, se cre\u00f3 para peque\u00f1as compras digitales y no para transacciones a gran escala. Por ello, Paysafecard solo puede mover dinero en una direcci\u00f3n\u2014hacia el br\u00f3ker. Si desea retirar el saldo de su cuenta, no se le denegar\u00e1, pero no podr\u00e1 hacerlo mediante Paysafecard.<\/p>\n<p>La mayor\u00eda de los <a href=\"https:\/\/www.tradingpedia.com\/es\/forex-brokers\/\">br\u00f3kers de Forex<\/a> le permitir\u00e1n retirar sus fondos mediante una <a href=\"https:\/\/www.tradingpedia.com\/es\/forex-brokers\/forex-trading-brokers-with-bank-transfer\/\">transferencia bancaria<\/a> tradicional. Para ello, tendr\u00e1 que facilitar al br\u00f3ker sus datos bancarios y despu\u00e9s esperar a que se apruebe el pago. Una vez aprobado, la operaci\u00f3n suele tardar entre uno y cinco d\u00edas laborables en procesarse.<\/p>\n<h2 id=\"pros\">Ventajas de usar Paysafecard para el trading de Forex<\/h2>\n<p><img decoding=\"async\" src=\"https:\/\/www.tradingpedia.com\/wp-content\/uploads\/2020\/08\/benefits.svg\" alt=\"\" class=\"alignleft\" width=\"150\" height=\"150\">Paysafecard ofrece varias ventajas que hacen que el servicio resulte atractivo para los clientes. Estos beneficios se presentan de diferentes formas y pueden tener un impacto significativo en su experiencia de trading de Forex. Para empezar, Paysafecard facilita los dep\u00f3sitos instant\u00e1neos. El servicio es r\u00e1pido y eficaz a la hora de procesar pagos, lo que garantiza que no sufra interrupciones.<\/p>\n<p>Otro punto a tener en cuenta es que, en la mayor\u00eda de los casos, el servicio es completamente gratuito. No se cobran comisiones por realizar transacciones ni por comprar un cup\u00f3n. Solo se le aplicar\u00e1n cargos si desea retirar el saldo de un PIN de Paysafecard a su cuenta bancaria, despu\u00e9s de un largo per\u00edodo de inactividad o al realizar una operaci\u00f3n en una moneda extranjera. Naturalmente, estos cargos pueden evitarse con un poco de planificaci\u00f3n.<\/p>\n<p>Otra gran ventaja de Paysafecard es su disponibilidad en m\u00e1s de 400.000 puntos de venta en todo el mundo. Es muy probable que haya una tienda cerca de usted que ofrezca cupones Paysafecard y pueda adquirir uno f\u00e1cilmente. Incluso puede hacerlo mientras realiza sus recados habituales. En t\u00e9rminos de disponibilidad y facilidad de uso, pocos servicios pueden competir con Paysafecard.<\/p>\n<h2 id=\"cons\">Desventajas de usar Paysafecard para el trading de Forex<\/h2>\n<p><img decoding=\"async\" src=\"https:\/\/www.tradingpedia.com\/wp-content\/uploads\/2020\/08\/disadvantages.svg\" alt=\"\" class=\"alignleft\" width=\"150\" height=\"150\">Existen varios motivos por los que Paysafecard puede no ser adecuada para el trading de Forex, y debe conocerlos antes de elegir un m\u00e9todo de pago. Para empezar, el servicio no admite retiradas de fondos, por lo que tendr\u00e1 que buscar una forma alternativa de cobrar. Normalmente, los br\u00f3kers le permitir\u00e1n retirar su saldo mediante transferencia bancaria, pero este m\u00e9todo es relativamente lento y puede tardar varios d\u00edas laborables en procesarse.<\/p>\n<p>Otro inconveniente es que Paysafecard puede tener l\u00edmites de transacci\u00f3n muy bajos. Un \u00fanico PIN de Paysafecard solo puede contener hasta 100 US$, o un importe equivalente en otra divisa. Este l\u00edmite es excepcionalmente bajo y la mayor\u00eda de los traders lo considerar\u00e1n insuficiente. Aunque puede vincular varios cupones en una misma operaci\u00f3n, no es una forma ideal de depositar fondos. Resulta poco pr\u00e1ctica y le obliga a comprar varios PIN por adelantado. Si desea depositar sumas de varios miles, necesitar\u00e1 una soluci\u00f3n bancaria diferente.<\/p>\n<p>Por \u00faltimo, aunque no menos importante, tiene que comprar un cup\u00f3n f\u00edsico cada vez que quiera depositar. Con el tiempo, visitar repetidamente un punto de venta puede resultar inc\u00f3modo.<\/p>\n<h2 id=\"fees\">Comisiones y l\u00edmites al usar Paysafecard para operar en Forex<\/h2>\n<p><img decoding=\"async\" src=\"https:\/\/www.tradingpedia.com\/wp-content\/uploads\/2020\/08\/fees-and-limits.svg\" alt=\"\" class=\"alignleft\" width=\"150\" height=\"150\">Paysafecard tiene l\u00edmites de transacci\u00f3n claramente definidos y una estructura de comisiones que, en general, resulta ventajosa para los clientes. En lo que respecta a los l\u00edmites, Paysafecard es algo restrictiva. Un cup\u00f3n puede comprarse en varios importes, siendo 100 US$ el valor m\u00e1ximo por PIN individual. Por s\u00ed solo, este l\u00edmite es muy bajo y no satisfar\u00e1 a la gran mayor\u00eda de los traders. No obstante, los clientes pueden vincular hasta 10 PIN por operaci\u00f3n, lo que permite efectuar un pago m\u00e1ximo de 1.000 US$ de una vez. Aunque esto posibilita transferencias m\u00e1s elevadas, no es una soluci\u00f3n elegante ni ofrece la flexibilidad de los servicios con l\u00edmites superiores. Tenga en cuenta que Paysafecard aplica l\u00edmites diferentes seg\u00fan el pa\u00eds, por lo que pueden existir algunas discrepancias.<\/p>\n<p>En cuanto al coste, puede utilizar Paysafecard durante bastante tiempo antes de tener que pagar nada. Las operaciones realizadas con Paysafecard son gratuitas por parte del servicio, al igual que la compra del propio cup\u00f3n. Sin embargo, en determinadas circunstancias pueden aplicarse comisiones. Por ejemplo, realizar una transacci\u00f3n en una moneda extranjera conllevar\u00e1 gastos de cambio. Adem\u00e1s, un PIN de Paysafecard sin usar generar\u00e1 una comisi\u00f3n de 2,00 US$ al mes despu\u00e9s de 12 meses de inactividad. Asimismo, si desea retirar el saldo de un cup\u00f3n Paysafecard, se descontar\u00e1n 7,50 US$ del importe total.<\/p>\n<div class=\"important\"><strong>Importante:<\/strong> Al elegir Paysafecard para realizar dep\u00f3sitos en Forex, recuerde que el cup\u00f3n solo puede enviar fondos hacia el br\u00f3ker y nunca de vuelta a usted. Dado que las retiradas deben hacerse mediante transferencia bancaria, tendr\u00e1 que verificar su identidad y esperar hasta varios d\u00edas por cada pago. Si las transferencias r\u00e1pidas y bidireccionales son fundamentales para su estrategia, considere combinar Paysafecard con una opci\u00f3n de pago m\u00e1s r\u00e1pida y reversible.<\/div>\n<h2 id=\"chargeback\">Contracargos con Paysafecard en cuentas de Forex<\/h2>\n<p><img decoding=\"async\" src=\"https:\/\/www.tradingpedia.com\/wp-content\/uploads\/2020\/08\/chargeback.svg\" alt=\"\" class=\"alignleft\" width=\"150\" height=\"150\">Uno de los \u00e1mbitos en los que Paysafecard es notoriamente inflexible es el de los reembolsos y los contracargos. En concreto, no existen contracargos cuando se utiliza Paysafecard en ninguna de sus modalidades. La empresa no revierte transacciones bajo ninguna circunstancia\u2014ya sea que realice un pago por error, que le roben el PIN o que suceda cualquier otra cosa. Si no tiene cuidado con su dinero, no tendr\u00e1 ning\u00fan recurso y deber\u00e1 asumir la p\u00e9rdida.<\/p>\n<p>Por lo tanto, si sufre una estafa y un br\u00f3ker se niega a pagarle, no tendr\u00e1 ninguna opci\u00f3n a su alcance. Esto es algo que realmente debe tener en cuenta si decide utilizar Paysafecard para el trading de Forex. Si no est\u00e1 dispuesto a asumir ese riesgo, le convendr\u00e1 m\u00e1s optar por otra soluci\u00f3n de pago.<\/p>\n<h2 id=\"security\">Seguridad al operar en Forex con Paysafecard<\/h2>\n<p><img decoding=\"async\" src=\"https:\/\/www.tradingpedia.com\/wp-content\/uploads\/2020\/08\/security.svg\" alt=\"\" class=\"alignleft\" width=\"150\" height=\"150\">En lo que respecta a la seguridad, Paysafecard puede ser ideal para ciertos clientes, en particular para quienes se muestran reacios a compartir informaci\u00f3n sensible en l\u00ednea. La principal ventaja es que nunca se le exige facilitar datos personales. Puede simplemente acercarse al mostrador de un punto de venta y comprar un cup\u00f3n sin requisitos previos. Como resultado, sus datos importantes no pueden filtrarse si nunca se enviaron en primer lugar.<\/p>\n<p>Por supuesto, si desea retirar fondos tendr\u00e1 que utilizar otra soluci\u00f3n, normalmente una transferencia bancaria. Para ello, el br\u00f3ker le pedir\u00e1 sus datos bancarios, que se almacenar\u00e1n tras un muro de cifrado de alto nivel. Esto hace que la informaci\u00f3n sea ilegible para cualquier parte no autorizada, lo que le permite operar con tranquilidad, sabiendo que no est\u00e1 en riesgo.  <\/p>\n<h2 id=\"conclusion\">Conclusi\u00f3n<\/h2>\n<p><img decoding=\"async\" src=\"https:\/\/www.tradingpedia.com\/wp-content\/uploads\/2020\/08\/conclusion.svg\" alt=\"\" class=\"alignleft\" width=\"150\" height=\"150\">En definitiva, Paysafecard es adecuada para un grupo reducido de clientes, mientras que muchos otros podr\u00edan estar mejor con una soluci\u00f3n de pago diferente. Los l\u00edmites bajos y la falta de funcionalidad para retiradas impiden que este servicio se considere un m\u00e9todo de pago de primer nivel.<\/p>\n","protected":false},"excerpt":{"rendered":"<p>\u00bfEst\u00e1 buscando br\u00f3keres de Forex regulados y de confianza que acepten Paysafecard? Nuestro equipo de traders expertos ha probado numerosos br\u00f3keres de Forex con cuentas reales y ha elaborado una lista de los mejores que aceptan Paysafecard. Paysafecard es una de las soluciones de prepago m\u00e1s populares disponibles actualmente en Internet. Es uno de los [&hellip;]<\/p>\n","protected":false},"author":7,"featured_media":122187,"parent":120792,"menu_order":0,"comment_status":"open","ping_status":"open","template":"templates\/best-brokers-list.php","meta":{"footnotes":""},"class_list":["post-120752","page","type-page","status-publish","has-post-thumbnail","hentry"],"aioseo_notices":[],"_links":{"self":[{"href":"https:\/\/www.tradingpedia.com\/es\/wp-json\/wp\/v2\/pages\/120752","targetHints":{"allow":["GET"]}}],"collection":[{"href":"https:\/\/www.tradingpedia.com\/es\/wp-json\/wp\/v2\/pages"}],"about":[{"href":"https:\/\/www.tradingpedia.com\/es\/wp-json\/wp\/v2\/types\/page"}],"author":[{"embeddable":true,"href":"https:\/\/www.tradingpedia.com\/es\/wp-json\/wp\/v2\/users\/7"}],"replies":[{"embeddable":true,"href":"https:\/\/www.tradingpedia.com\/es\/wp-json\/wp\/v2\/comments?post=120752"}],"version-history":[{"count":3,"href":"https:\/\/www.tradingpedia.com\/es\/wp-json\/wp\/v2\/pages\/120752\/revisions"}],"predecessor-version":[{"id":126885,"href":"https:\/\/www.tradingpedia.com\/es\/wp-json\/wp\/v2\/pages\/120752\/revisions\/126885"}],"up":[{"embeddable":true,"href":"https:\/\/www.tradingpedia.com\/es\/wp-json\/wp\/v2\/pages\/120792"}],"wp:featuredmedia":[{"embeddable":true,"href":"https:\/\/www.tradingpedia.com\/es\/wp-json\/wp\/v2\/media\/122187"}],"wp:attachment":[{"href":"https:\/\/www.tradingpedia.com\/es\/wp-json\/wp\/v2\/media?parent=120752"}],"curies":[{"name":"wp","href":"https:\/\/api.w.org\/{rel}","templated":true}]}}