{"id":129463,"date":"2026-03-19T12:33:03","date_gmt":"2026-03-19T12:33:03","guid":{"rendered":"https:\/\/www.tradingpedia.com\/?page_id=129463"},"modified":"2026-03-19T15:00:52","modified_gmt":"2026-03-19T15:00:52","slug":"afggen-butt","status":"publish","type":"page","link":"https:\/\/www.tradingpedia.com\/de\/authors\/afggen-butt\/","title":{"rendered":"Afggen Butt"},"content":{"rendered":"<p>Afggen Butt ist ein erfahrener Redakteur und \u00dcbersetzer mit besonderem Fokus auf Investitionen, Finanzm\u00e4rkte und Kryptow\u00e4hrungen. In seiner Arbeit verbindet er sprachliche Pr\u00e4zision mit einem ausgepr\u00e4gten Verst\u00e4ndnis f\u00fcr komplexe Finanzthemen, um Inhalte klar, fundiert und f\u00fcr ein deutschsprachiges Publikum verst\u00e4ndlich aufzubereiten. Seine redaktionelle T\u00e4tigkeit konzentriert sich insbesondere auf die verst\u00e4ndliche Vermittlung von Marktinformationen, Handelskonzepten und Entwicklungen im Bereich digitaler Verm\u00f6genswerte.<\/p>\n<p><a target=\"_blank\" href=\"https:\/\/www.linkedin.com\/in\/afggen-b-91b95a234\/\" rel=\"nofollow noopener\"><img decoding=\"async\" width=\"25\" src=\"\/wp-content\/themes\/trading-pedia\/images\/icon-linkedin.svg\" \/><\/a><\/p>\n","protected":false},"excerpt":{"rendered":"<p>Afggen Butt ist ein erfahrener Redakteur und \u00dcbersetzer mit besonderem Fokus auf Investitionen, Finanzm\u00e4rkte und Kryptow\u00e4hrungen. In seiner Arbeit verbindet er sprachliche Pr\u00e4zision mit einem ausgepr\u00e4gten Verst\u00e4ndnis f\u00fcr komplexe Finanzthemen, um Inhalte klar, fundiert und f\u00fcr ein deutschsprachiges Publikum verst\u00e4ndlich aufzubereiten. Seine redaktionelle T\u00e4tigkeit konzentriert sich insbesondere auf die verst\u00e4ndliche Vermittlung von Marktinformationen, Handelskonzepten und [&hellip;]<\/p>\n","protected":false},"author":1,"featured_media":0,"parent":120597,"menu_order":0,"comment_status":"closed","ping_status":"closed","template":"templates\/full-width.php","meta":{"footnotes":""},"class_list":["post-129463","page","type-page","status-publish","hentry"],"aioseo_notices":[],"_links":{"self":[{"href":"https:\/\/www.tradingpedia.com\/de\/wp-json\/wp\/v2\/pages\/129463","targetHints":{"allow":["GET"]}}],"collection":[{"href":"https:\/\/www.tradingpedia.com\/de\/wp-json\/wp\/v2\/pages"}],"about":[{"href":"https:\/\/www.tradingpedia.com\/de\/wp-json\/wp\/v2\/types\/page"}],"author":[{"embeddable":true,"href":"https:\/\/www.tradingpedia.com\/de\/wp-json\/wp\/v2\/users\/1"}],"replies":[{"embeddable":true,"href":"https:\/\/www.tradingpedia.com\/de\/wp-json\/wp\/v2\/comments?post=129463"}],"version-history":[{"count":2,"href":"https:\/\/www.tradingpedia.com\/de\/wp-json\/wp\/v2\/pages\/129463\/revisions"}],"predecessor-version":[{"id":129466,"href":"https:\/\/www.tradingpedia.com\/de\/wp-json\/wp\/v2\/pages\/129463\/revisions\/129466"}],"up":[{"embeddable":true,"href":"https:\/\/www.tradingpedia.com\/de\/wp-json\/wp\/v2\/pages\/120597"}],"wp:attachment":[{"href":"https:\/\/www.tradingpedia.com\/de\/wp-json\/wp\/v2\/media?parent=129463"}],"curies":[{"name":"wp","href":"https:\/\/api.w.org\/{rel}","templated":true}]}}