{"id":121668,"date":"2025-03-14T10:29:06","date_gmt":"2025-03-14T10:29:06","guid":{"rendered":"https:\/\/www.tradingpedia.com\/ranking-methodology-2\/"},"modified":"2026-03-19T14:58:23","modified_gmt":"2026-03-19T14:58:23","slug":"ranking-methodology","status":"publish","type":"page","link":"https:\/\/www.tradingpedia.com\/de\/ranking-methodology\/","title":{"rendered":"Methodik zur Einstufung von Forex-Brokern bei Tradingpedia"},"content":{"rendered":"<p>Bei Tradingpedia k\u00f6nnen Trader unsere Auswahl an seri\u00f6sen Brokern einsehen, die auf unterschiedliche Trader-Typen ausgerichtet sind, darunter Anf\u00e4nger, erfahrene Trader und professionelle H\u00e4ndler. Unser Expertenteam st\u00fctzt sich auf die folgende Methodik, um die Marken auf der Website von Tradingpedia zu bewerten, basierend auf einer gr\u00fcndlichen Pr\u00fcfung aller wichtigen Aspekte, die zu einem angemessenen Trading-Erlebnis beitragen. In jedem Broker-Testbericht heben wir die folgenden Faktoren hervor:<\/p>\n<ul>\n<li><a href=\"#regulation\">Regulierung<\/a><\/li>\n<li><a href=\"#reputation\">Reputation<\/a><\/li>\n<li><a href=\"#instruments\">Verf\u00fcgbare Handelsinstrumente<\/a><\/li>\n<li><a href=\"#platforms\">Handelsplattformen<\/a><\/li>\n<li><a href=\"#payments\">Zahlungen<\/a><\/li>\n<li><a href=\"#cost\">Handelskosten<\/a><\/li>\n<li><a href=\"#accounts\">Kontotypen<\/a><\/li>\n<li><a href=\"#support\">Kundenservice<\/a><\/li>\n<\/ul>\n<p>Die Gesamtpunktzahl f\u00fcr alle Faktoren betr\u00e4gt 10. Jeder Faktor hat eine unterschiedliche Gewichtung wie folgt: Regulierung &#8211; 2; Reputation &#8211; 1,5; Verf\u00fcgbare Handelsinstrumente &#8211; 1; Handelsplattformen &#8211; 1,5; Zahlungen &#8211; 1; Handelskosten &#8211; 1; Kontotypen &#8211; 1; Kundenservice &#8211; 1.<\/p>\n<h2 id=\"regulation\">Regulierung (Gewichtung: 2)<\/h2>\n<p>Da wir uns an ein globales Publikum von Tradern richten, stellen wir sicher, Broker unter Ber\u00fccksichtigung von Tradern aus verschiedenen Teilen der Welt zu bewerten. Deshalb pr\u00fcfen wir die vollst\u00e4ndige Liste der Beh\u00f6rden, die jeden Broker regulieren, und best\u00e4tigen die G\u00fcltigkeit der jeweiligen Lizenzen. Da wir uns der strengeren Vorgaben in Europa, Australien, den USA und anderen Regionen bewusst sind, bewerten wir Marken h\u00f6her, die die regulatorischen Richtlinien von Beh\u00f6rden wie der CySEC, der FCA, der ASIC und anderen Tier-1-Regulierungsbeh\u00f6rden einhalten.<\/p>\n<div class=\"row mb-3\">\n<div class=\"col-6 col-md-3 text-center\"><a href=\"https:\/\/www.fca.org.uk\/\" rel=\"nofollow\" target=\"_blank\"><img decoding=\"async\" src=\"https:\/\/www.tradingpedia.com\/wp-content\/uploads\/2025\/03\/Financial_Conduct_Authority_logo.svg.png\" alt=\"FCA logo\" width=\"200\" height=\"65\" \/><\/a><\/div>\n<div class=\"col-6 col-md-3 text-center\"><a href=\"https:\/\/asic.gov.au\/\" rel=\"nofollow\" target=\"_blank\"><img decoding=\"async\" src=\"https:\/\/www.tradingpedia.com\/wp-content\/uploads\/2025\/03\/asic-logo.png\" alt=\"ASIC logo\" width=\"150\" height=\"65\" \/><\/a><\/div>\n<div class=\"col-6 col-md-3 text-center\"><a href=\"https:\/\/www.cysec.gov.cy\/en-GB\/home\/\" rel=\"nofollow\" target=\"_blank\"><img decoding=\"async\" src=\"https:\/\/www.tradingpedia.com\/wp-content\/uploads\/2025\/03\/Cysec_Cy.jpg\" alt=\"CySEC logo\" width=\"67\" height=\"65\" \/><\/a><\/div>\n<div class=\"col-6 col-md-3 text-center\"><a href=\"https:\/\/fsaseychelles.sc\/\" rel=\"nofollow\" target=\"_blank\"><img decoding=\"async\" src=\"https:\/\/www.tradingpedia.com\/wp-content\/uploads\/2025\/03\/fsa-logo.png\" alt=\"FSA logo\" width=\"90\" height=\"65\" \/><\/a><\/div>\n<\/p><\/div>\n<h2 id=\"reputation\">Reputation (Gewichtung: 1,5)<\/h2>\n<p>Da Transparenz f\u00fcr uns im Mittelpunkt steht, ber\u00fccksichtigen wir auch das Feedback von echten Tradern. Wir zeigen die aktuelle Trustpilot-Bewertung jedes Brokers an, entsprechend den Rezensionen, die von realen Kunden der jeweiligen Marke abgegeben wurden. Dadurch wird eine fundierte Einsch\u00e4tzung der Reputation erm\u00f6glicht, indem St\u00e4rken und Schw\u00e4chen der Broker hervorgehoben werden, die wir auf unserer Seite bewertet haben.<\/p>\n<p><a href=\"https:\/\/www.trustpilot.com\/\" class=\"d-inline-block mr-3\"><img decoding=\"async\" src=\"https:\/\/www.tradingpedia.com\/wp-content\/uploads\/2025\/03\/trustpilot-logo.png\" alt=\"Trustpilot logo\" width=\"300\" height=\"74\" \/><\/a> <a href=\"https:\/\/www.google.com\/maps\/contrib\/\/reviews\/\" class=\"d-inline-block mr-3\"><img decoding=\"async\" src=\"https:\/\/www.tradingpedia.com\/wp-content\/uploads\/2025\/03\/google-logo.webp\" alt=\"Google logo\" width=\"220\" height=\"74\" \/><\/a><\/p>\n<h2 id=\"instruments\">Verf\u00fcgbare Handelsinstrumente (Gewichtung: 1)<\/h2>\n<p>Bei Tradingpedia kennen wir die Pr\u00e4ferenzen unterschiedlicher Trader gut: Manche suchen bestimmte Instrumente, w\u00e4hrend andere ihre Portfolios diversifizieren m\u00f6chten. Deshalb decken wir die gesamte Bandbreite an M\u00e4rkten und handelbaren Instrumenten ab, die bei jedem Online-Broker verf\u00fcgbar sind. Wir stufen Broker mit einer gr\u00f6\u00dferen Auswahl an handelbaren Assets tendenziell h\u00f6her ein, da sie Tradern eine umfangreichere Produktpalette bieten, um ihre Handelsportfolios zu erweitern. W\u00e4hrend sich einige Broker auf Forex- und CFD-Handel konzentrieren, bieten andere verschiedene M\u00f6glichkeiten, bestimmte Produkte zu handeln und in sie zu investieren. Wir stellen sicher, dass wir in jedem Broker-Testbericht die vollst\u00e4ndige Bandbreite handelbarer Optionen ber\u00fccksichtigen.<\/p>\n<h2 id=\"platforms\">Handelsplattformen (Gewichtung: 1,5)<\/h2>\n<p>Ein weiterer Faktor, der zu unserem Ranking-System beitr\u00e4gt, ist die Auswahl an Handelsplattformen, die jeder von uns bewertete Broker unterst\u00fctzt. MetaTrader 4 (MT4) und sein Nachfolger MetaTrader 5 (MT5) sind wahrscheinlich die bekanntesten Plattformen unter den meisten Tradern, daher sch\u00e4tzen wir Broker, die eine oder beide Plattformen anbieten. Nat\u00fcrlich vergeben wir auch Zusatzpunkte an Brokerh\u00e4user, die fortschrittliche Optionen wie cTrader oder TradingView bereitstellen und damit Zugang zu detaillierten Charting- und Analyse-Tools erm\u00f6glichen. Au\u00dferdem bewerten wir Marken h\u00f6her, wenn sie eigene, propriet\u00e4re Plattformen anbieten, sofern diese benutzerfreundlich sind und fortgeschrittenes Trading f\u00fcr unterschiedliche Trader-Typen erm\u00f6glichen. Die Kompatibilit\u00e4t mit mehreren Ger\u00e4ten ist ebenfalls ein Merkmal, das wir bei der Bewertung der von Brokern eingesetzten Handelsplattformen ber\u00fccksichtigen.<\/p>\n<h2 id=\"payments\">Zahlungen (Gewichtung: 1)<\/h2>\n<p>Ein weiterer wichtiger Bestandteil unserer Methodik f\u00fcr Broker-Rankings sind Zahlungen. In dieser Kategorie ber\u00fccksichtigt das Tradingpedia-Team erneut die Bed\u00fcrfnisse unseres globalen Publikums und listet Zahlungsl\u00f6sungen auf, die Tradern aus verschiedenen Regionen zur Verf\u00fcgung stehen. Mindesteinzahlungsanforderungen, Bearbeitungszeiten f\u00fcr Zahlungen und Geb\u00fchren, die mit dem Aufladen des Trading-Guthabens verbunden sind, geh\u00f6ren zu den wichtigsten Aspekten, die wir im Rahmen unseres Bewertungsprozesses ber\u00fccksichtigen. Da Geldtransaktionen auch Auszahlungen umfassen, stellen wir sicher, dass wir die Auszahlungsoptionen jedes Brokers abdecken und vergeben mehr Punkte an Marken, die schnelle Auszahlungen erm\u00f6glichen, ohne Geb\u00fchren oder mit sehr niedrigen Geb\u00fchren f\u00fcr Transaktionen.<\/p>\n<h2 id=\"cost\">Handelskosten (Gewichtung: 1)<\/h2>\n<p>Einer der wichtigsten Faktoren in unserer Broker-Performance-Bewertung sind die gesamten Handelskosten. Spreads, Kommissionen, Swaps und Geb\u00fchren au\u00dferhalb des Handels werden bei der Berechnung der Gesamtbewertung jeder Brokerage ber\u00fccksichtigt. W\u00e4hrend Zero-Kommissionen sehr gesch\u00e4tzt werden, betrachten wir vor allem Broker mit engen Spreads als Top-Performer im Trading-Bereich und vergeben ihnen h\u00f6here Punktzahlen, weil sie ihren Kunden kosteng\u00fcnstiges Trading bieten.<\/p>\n<h2 id=\"accounts\">Kontotypen (Gewichtung: 1)<\/h2>\n<p>Die meisten Broker erm\u00f6glichen ihren Kunden die Auswahl aus mehreren Kontomodellen. Deshalb ber\u00fccksichtigen wir Preismodelle, unterst\u00fctzte Instrumente und verschiedene Vorteile, die \u00fcber alle Kontomodelle bei Online-Brokern hinweg verf\u00fcgbar sind. Wenn Marken die Pr\u00e4ferenzen unterschiedlicher Trader bedienen und Micro-Trades, High-Volume-Trades, swapfreies Trading sowie weitere Vorteile \u00fcber unterschiedliche Kontomodelle anbieten, vergeben wir tendenziell zus\u00e4tzliche Punkte. Demo-Konten und professionelle Konten gelten ebenfalls als Vorteile, die wir bei der Bewertung der Broker auf unserer Website ber\u00fccksichtigen.<\/p>\n<h2 id=\"support\">Kundenservice (Gewichtung: 1)<\/h2>\n<p>Zu guter Letzt bewerten wir den Kundenservice jeder Marke, die wir testen. Mehrere Kommunikationskan\u00e4le und ein Rund-um-die-Uhr-Kundensupport sind Aspekte, die unserer Ansicht nach ein h\u00f6heres Ranking verdienen. Mehrsprachiger Support und schnelle Antworten werden vom Tradingpedia-Team ebenfalls als Faktoren anerkannt, die im Rahmen des Performance-Review-Prozesses zus\u00e4tzliche Punkte wert sind.<\/p>\n<p>Alle oben genannten Aspekte sind Teil der Broker-Ranking-Methodik von Tradingpedia. Unser Team legt nicht nur gro\u00dfen Wert darauf, jeden auf unserer Seite bewerteten Broker gr\u00fcndlich zu pr\u00fcfen, sondern f\u00fchrt auch regelm\u00e4\u00dfige Neubewertungen durch, um unsere Ratings relevant und auf dem neuesten Stand zu halten.<\/p>\n","protected":false},"excerpt":{"rendered":"<p>Bei Tradingpedia k\u00f6nnen Trader unsere Auswahl an seri\u00f6sen Brokern einsehen, die auf unterschiedliche Trader-Typen ausgerichtet sind, darunter Anf\u00e4nger, erfahrene Trader und professionelle H\u00e4ndler. Unser Expertenteam st\u00fctzt sich auf die folgende Methodik, um die Marken auf der Website von Tradingpedia zu bewerten, basierend auf einer gr\u00fcndlichen Pr\u00fcfung aller wichtigen Aspekte, die zu einem angemessenen Trading-Erlebnis beitragen. [&hellip;]<\/p>\n","protected":false},"author":1,"featured_media":0,"parent":0,"menu_order":0,"comment_status":"closed","ping_status":"closed","template":"templates\/full-width.php","meta":{"footnotes":""},"class_list":["post-121668","page","type-page","status-publish","hentry"],"aioseo_notices":[],"_links":{"self":[{"href":"https:\/\/www.tradingpedia.com\/de\/wp-json\/wp\/v2\/pages\/121668","targetHints":{"allow":["GET"]}}],"collection":[{"href":"https:\/\/www.tradingpedia.com\/de\/wp-json\/wp\/v2\/pages"}],"about":[{"href":"https:\/\/www.tradingpedia.com\/de\/wp-json\/wp\/v2\/types\/page"}],"author":[{"embeddable":true,"href":"https:\/\/www.tradingpedia.com\/de\/wp-json\/wp\/v2\/users\/1"}],"replies":[{"embeddable":true,"href":"https:\/\/www.tradingpedia.com\/de\/wp-json\/wp\/v2\/comments?post=121668"}],"version-history":[{"count":1,"href":"https:\/\/www.tradingpedia.com\/de\/wp-json\/wp\/v2\/pages\/121668\/revisions"}],"predecessor-version":[{"id":121700,"href":"https:\/\/www.tradingpedia.com\/de\/wp-json\/wp\/v2\/pages\/121668\/revisions\/121700"}],"wp:attachment":[{"href":"https:\/\/www.tradingpedia.com\/de\/wp-json\/wp\/v2\/media?parent=121668"}],"curies":[{"name":"wp","href":"https:\/\/api.w.org\/{rel}","templated":true}]}}