{"id":120749,"date":"2026-01-08T12:57:11","date_gmt":"2026-01-08T12:57:11","guid":{"rendered":"https:\/\/www.tradingpedia.com\/tools\/pip-value-calculator\/"},"modified":"2026-03-19T14:59:58","modified_gmt":"2026-03-19T14:59:58","slug":"pip-value-calculator","status":"publish","type":"page","link":"https:\/\/www.tradingpedia.com\/de\/tools\/pip-value-calculator\/","title":{"rendered":"Pip-Wert-Rechner"},"content":{"rendered":"<div class=\"row\">\n    <!-- Inputs Column -->\n    <div class=\"col-12 col-md-4 mb-3\">\n        <strong class=\"d-block text-center\">Werte<\/strong>\n        <div class=\"card p-4\">\n\n            <!-- Currency Pair -->\n            <div class=\"form-group mb-3\">\n                <label for=\"pipCalculator_pair\" class=\"form-label\">W\u00e4hrungspaar:<\/label>\n                <select id=\"pipCalculator_pair\" class=\"form-control form-select\">\n                    <option value=\"AUDCAD\">AUDCAD<\/option>\n                    <option value=\"AUDCHF\">AUDCHF<\/option>\n                    <option value=\"AUDJPY\">AUDJPY<\/option>\n                    <option value=\"AUDNZD\">AUDNZD<\/option>\n                    <option value=\"AUDSGD\">AUDSGD<\/option>\n                    <option value=\"AUDUSD\">AUDUSD<\/option>\n                    <option value=\"CADCHF\">CADCHF<\/option>\n                    <option value=\"CADJPY\">CADJPY<\/option>\n                    <option value=\"CHFJPY\">CHFJPY<\/option>\n                    <option value=\"CHFSGD\">CHFSGD<\/option>\n                    <option value=\"EURAUD\">EURAUD<\/option>\n                    <option value=\"EURCAD\">EURCAD<\/option>\n                    <option value=\"EURCHF\">EURCHF<\/option>\n                    <option value=\"EURCZK\">EURCZK<\/option>\n                    <option value=\"EURGBP\">EURGBP<\/option>\n                    <option value=\"EURHUF\">EURHUF<\/option>\n                    <option value=\"EURJPY\">EURJPY<\/option>\n                    <option value=\"EURMXN\">EURMXN<\/option>\n                    <option value=\"EURNOK\">EURNOK<\/option>\n                    <option value=\"EURNZD\">EURNZD<\/option>\n                    <option value=\"EURPLN\">EURPLN<\/option>\n                    <option value=\"EURSEK\">EURSEK<\/option>\n                    <option value=\"EURSGD\">EURSGD<\/option>\n                    <option value=\"EURTRY\">EURTRY<\/option>\n                    <option value=\"EURUSD\">EURUSD<\/option>\n                    <option value=\"EURZAR\">EURZAR<\/option>\n                    <option value=\"GBPAUD\">GBPAUD<\/option>\n                    <option value=\"GBPCAD\">GBPCAD<\/option>\n                    <option value=\"GBPCHF\">GBPCHF<\/option>\n                    <option value=\"GBPJPY\">GBPJPY<\/option>\n                    <option value=\"GBPMXN\">GBPMXN<\/option>\n                    <option value=\"GBPNOK\">GBPNOK<\/option>\n                    <option value=\"GBPNZD\">GBPNZD<\/option>\n                    <option value=\"GBPSEK\">GBPSEK<\/option>\n                    <option value=\"GBPSGD\">GBPSGD<\/option>\n                    <option value=\"GBPTRY\">GBPTRY<\/option>\n                    <option value=\"GBPUSD\">GBPUSD<\/option>\n                    <option value=\"NOKJPY\">NOKJPY<\/option>\n                    <option value=\"NOKSEK\">NOKSEK<\/option>\n                    <option value=\"NZDCAD\">NZDCAD<\/option>\n                    <option value=\"NZDCHF\">NZDCHF<\/option>\n                    <option value=\"NZDJPY\">NZDJPY<\/option>\n                    <option value=\"NZDUSD\">NZDUSD<\/option>\n                    <option value=\"SEKJPY\">SEKJPY<\/option>\n                    <option value=\"SGDJPY\">SGDJPY<\/option>\n                    <option value=\"USDCAD\">USDCAD<\/option>\n                    <option value=\"USDCHF\">USDCHF<\/option>\n                    <option value=\"USDCNH\">USDCNH<\/option>\n                    <option value=\"USDCZK\">USDCZK<\/option>\n                    <option value=\"USDHUF\">USDHUF<\/option>\n                    <option value=\"USDJPY\">USDJPY<\/option>\n                    <option value=\"USDMXN\">USDMXN<\/option>\n                    <option value=\"USDNOK\">USDNOK<\/option>\n                    <option value=\"USDPLN\">USDPLN<\/option>\n                    <option value=\"USDRUB\">USDRUB<\/option>\n                    <option value=\"USDSEK\">USDSEK<\/option>\n                    <option value=\"USDSGD\">USDSGD<\/option>\n                    <option value=\"USDTHB\">USDTHB<\/option>\n                    <option value=\"USDTRY\">USDTRY<\/option>\n                    <option value=\"USDZAR\">USDZAR<\/option>\n                    <option value=\"XAGAUD\">XAGAUD<\/option>\n                    <option value=\"XAGEUR\">XAGEUR<\/option>\n                    <option value=\"XAGUSD\">XAGUSD<\/option>\n                    <option value=\"XAUAUD\">XAUAUD<\/option>\n                    <option value=\"XAUCHF\">XAUCHF<\/option>\n                    <option value=\"XAUEUR\">XAUEUR<\/option>\n                    <option value=\"XAUGBP\">XAUGBP<\/option>\n                    <option value=\"XAUJPY\">XAUJPY<\/option>\n                    <option value=\"XAUUSD\">XAUUSD<\/option>\n                    <option value=\"XPDUSD\">XPDUSD<\/option>\n                    <option value=\"XPTUSD\">XPTUSD<\/option>\n                    <option value=\"ZARJPY\">ZARJPY<\/option>\n                <\/select>\n            <\/div>\n\n            <!-- Price (base->quote) -->\n            <div class=\"form-group mb-3\">\n                <label for=\"pipCalculator_price\" class=\"form-label\">\n                    Preis                <\/label>\n                <input\n                    type=\"number\"\n                    id=\"pipCalculator_price\"\n                    class=\"form-control\"\n                    placeholder=\"Base\u2192Quote (e.g. 0.89775)\"\n                    step=\"any\"\n                \/>\n            <\/div>\n\n            <!-- Account Currency -->\n            <div class=\"form-group mb-3\">\n                <label for=\"pipCalculator_accountCur\" class=\"form-label\">\n                    Kontow\u00e4hrung                <\/label>\n                <select id=\"pipCalculator_accountCur\" class=\"form-control form-select\">\n                    <option value=\"USD\" selected>USD<\/option>\n                    <!-- Add more if needed -->\n                <\/select>\n            <\/div>\n\n            <!-- Exchange Rate (quote->account) -->\n            <div class=\"form-group mb-3\">\n                <label for=\"pipCalculator_exchangeRate\" class=\"form-label\">\n                    Wechselkurs (1 Quote \u2192 X Konto)                <\/label>\n                <input\n                    type=\"number\"\n                    id=\"pipCalculator_exchangeRate\"\n                    class=\"form-control\"\n                    placeholder=\"e.g. 0.78 (1 CAD => 0.78 USD)\"\n                    step=\"any\"\n                    value=\"0.78\"\n                \/>\n            <\/div>\n\n            <!-- Trade size (Lots) -->\n            <div class=\"form-group mb-3\">\n                <label for=\"pipCalculator_lots\" class=\"form-label\">\n                    Handelsgr\u00f6\u00dfe (Lots)                <\/label>\n                <input\n                    type=\"number\"\n                    id=\"pipCalculator_lots\"\n                    class=\"form-control\"\n                    placeholder=\"1.0\"\n                    step=\"any\"\n                    value=\"1\"\n                \/>\n            <\/div>\n\n            <!-- Pips -->\n            <div class=\"form-group mb-3\">\n                <label for=\"pipCalculator_pips\" class=\"form-label\">\n                    Pips                <\/label>\n                <input\n                    type=\"number\"\n                    id=\"pipCalculator_pips\"\n                    class=\"form-control\"\n                    placeholder=\"1\"\n                    step=\"any\"\n                    value=\"1\"\n                \/>\n            <\/div>\n\n            <!-- Calculate + Reset buttons -->\n            <div>\n                <button\n                    class=\"btn btn-primary me-2\"\n                    onclick=\"calculatePipValue()\"\n                >\n                    Berechnen                <\/button>\n                <button\n                    class=\"btn btn-secondary\"\n                    onclick=\"resetPipCalculator()\"\n                >\n                    Zur\u00fccksetzen                <\/button>\n            <\/div>\n        <\/div>\n    <\/div>\n\n    <!-- Results Column -->\n    <div class=\"col-12 col-md-8 mb-3\">\n        <strong class=\"d-block text-center\">\n            Ergebnisse        <\/strong>\n        <div class=\"card p-4\">\n            <table class=\"table\">\n                <thead>\n                    <tr>\n                        <th>Einheit<\/th>\n                        <th>Wert<\/th>\n                    <\/tr>\n                <\/thead>\n                <tbody>\n                    <tr>\n                        <td>Standard-Lot<\/td>\n                        <td id=\"pipCalculator_stdCell\">$0.00<\/td>\n                    <\/tr>\n                    <tr>\n                        <td>Mini-Lot<\/td>\n                        <td id=\"pipCalculator_miniCell\">$0.00<\/td>\n                    <\/tr>\n                    <tr>\n                        <td>Micro-Lot<\/td>\n                        <td id=\"pipCalculator_microCell\">$0.00<\/td>\n                    <\/tr>\n                    <tr>\n                        <td>Pip-Wert<\/td>\n                        <td id=\"pipCalculator_pipValCell\">$0.00<\/td>\n                    <\/tr>\n                <\/tbody>\n            <\/table>\n        <\/div>\n    <\/div>\n<\/div>\n\n<script>\n\/\/ Determines whether the pair is JPY-based\nfunction getPipFactor(pair) {\n  return pair.slice(-3).toUpperCase() === 'JPY' ? 0.01 : 0.0001;\n}\n\nfunction calculatePipValue() {\n  const pair         = document.getElementById('pipCalculator_pair').value;         \/\/ e.g. \"AUDUSD\"\n  const price        = parseFloat(document.getElementById('pipCalculator_price').value); \/\/ base->quote\n  const lots         = parseFloat(document.getElementById('pipCalculator_lots').value);\n  const pips         = parseFloat(document.getElementById('pipCalculator_pips').value);\n  const exchRate     = parseFloat(document.getElementById('pipCalculator_exchangeRate').value); \/\/ quote->account\n  const accountCur   = document.getElementById('pipCalculator_accountCur').value;   \/\/ e.g. \"USD\"\n\n  if (\n    isNaN(price) || price <= 0 ||\n    isNaN(lots)  || lots <= 0  ||\n    isNaN(pips)  || pips <= 0  ||\n    isNaN(exchRate) || exchRate <= 0\n  ) {\n    alert(\"Bitte geben Sie g\u00fcltige numerische Werte ein.\");\n    return;\n  }\n\n  \/\/ 1) If pair\u2019s quote == account currency and not JPY => standard-lot pip = pips * 10\n  \/\/    If pair\u2019s quote == account currency and JPY => standard-lot pip = pips * 100\n  \/\/    otherwise => universal formula with price+exchRate\n  const quoteCcy = pair.slice(-3).toUpperCase();\n  const isJpyPair = (quoteCcy === 'JPY');\n\n  let standardLotVal;\n  if (quoteCcy === accountCur) {\n    \/\/ The pair\u2019s quote is the same as the user\u2019s account currency.\n    if (isJpyPair) {\n      \/\/ e.g. USDJPY with account=JPY or CADJPY with account=JPY => 1 pip, 1 lot => 100\n      standardLotVal = pips * 100;\n    } else {\n      \/\/ e.g. AUDUSD with account=USD => 1 pip, 1 lot => $10\n      standardLotVal = pips * 10;\n    }\n  } else {\n    \/\/ 2) universal approach\n    \/\/ pipFactor: 0.01 if the pair\u2019s base is something and quote is JPY, else 0.0001\n    const pipFactor = isJpyPair ? 0.01 : 0.0001;\n\n    \/\/ e.g. standardLotVal = pips * (pipFactor * 100000) * price * exchRate\n    const baseUnitsPerPip = pipFactor * 100000; \/\/ e.g. 10 if not JPY\n    \/\/ convert base->quote by multiplying by price\n    const quotePerPip = baseUnitsPerPip * price;\n\n    \/\/ then quote->account by multiplying exchRate\n    standardLotVal = pips * (quotePerPip * exchRate);\n  }\n\n  \/\/ mini & micro\n  const miniLotVal  = standardLotVal * 0.1;\n  const microLotVal = standardLotVal * 0.01;\n  \/\/ user-lots pip\n  const userPipVal  = standardLotVal * lots;\n\n  \/\/ display\n  document.getElementById('pipCalculator_stdCell').textContent    = '$' + standardLotVal.toFixed(5);\n  document.getElementById('pipCalculator_miniCell').textContent   = '$' + miniLotVal.toFixed(5);\n  document.getElementById('pipCalculator_microCell').textContent  = '$' + microLotVal.toFixed(5);\n  document.getElementById('pipCalculator_pipValCell').textContent = '$' + userPipVal.toFixed(5);\n}\n\nfunction resetPipCalculator() {\n  document.getElementById('pipCalculator_price').value        = '';\n  document.getElementById('pipCalculator_exchangeRate').value = '1.0';\n  document.getElementById('pipCalculator_lots').value         = '1';\n  document.getElementById('pipCalculator_pips').value         = '1';\n\n  document.getElementById('pipCalculator_stdCell').textContent    = '$0.00';\n  document.getElementById('pipCalculator_miniCell').textContent   = '$0.00';\n  document.getElementById('pipCalculator_microCell').textContent  = '$0.00';\n  document.getElementById('pipCalculator_pipValCell').textContent = '$0.00';\n}\n<\/script>\n\n<p><strong>Der Pip-Wert-Rechner zeigt Ihnen, wie viel eine Bewegung von einem Pip bei einer bestimmten Positionsgr\u00f6\u00dfe in Geld wert ist.<\/strong> Dies ist f\u00fcr das Risikomanagement entscheidend, da Stop-Loss- und Take-Profit-Abst\u00e4nde in Pips gemessen werden, Ihr Kontorisiko jedoch in Dollar (oder Ihrer Kontow\u00e4hrung) gemessen wird.<\/p>\n<p>Indem Pips in reale W\u00e4hrungsbetr\u00e4ge umgerechnet werden, hilft Ihnen der Rechner, zu gro\u00dfe Positionen zu vermeiden und macht es einfacher, das Risiko \u00fcber verschiedene W\u00e4hrungspaare und Marktbedingungen hinweg konsistent zu halten.<\/p>\n<h2>Warum Trader den Pip-Wert berechnen<\/h2>\n<p>Pips beschreiben Kursbewegungen, sagen Ihnen aber nicht, wie viel Sie gewinnen oder verlieren k\u00f6nnen. Derselbe Stop von 20 Pips kann bei einem Trade gering und bei einem anderen gro\u00df sein, abh\u00e4ngig vom W\u00e4hrungspaar, der Lotgr\u00f6\u00dfe und Ihrer Kontow\u00e4hrung.<\/p>\n<p>Eine \u00dcberpr\u00fcfung des Pip-Werts ist ebenfalls hilfreich, wenn Sie zwischen Hauptw\u00e4hrungspaaren, Cross-Paaren und JPY-Paaren wechseln, bei denen sich Pip-Gr\u00f6\u00dfe und typische Volatilit\u00e4t unterscheiden k\u00f6nnen.<\/p>\n<h2>H\u00e4ufige Anwendungsf\u00e4lle<\/h2>\n<ul>\n<li><strong>Stop-Loss-Planung:<\/strong> wandeln Sie einen Stop in Pips in einen klar definierten Geldbetrag f\u00fcr das Risiko um.<\/li>\n<li><strong>Unterst\u00fctzung bei der Positionsgr\u00f6\u00dfe:<\/strong> kombinieren Sie den Pip-Wert mit Ihren Regeln zum Risiko pro Trade, um Positionen einheitlich zu bemessen.<\/li>\n<li><strong>Vergleich von Instrumenten:<\/strong> sehen Sie, wie sich der Pip-Wert bei gleicher Lotgr\u00f6\u00dfe zwischen verschiedenen Paaren unterscheidet.<\/li>\n<li><strong>Trade-Management:<\/strong> verstehen Sie, was Teilschlie\u00dfungen oder Trailing Stops in Ihrer Kontow\u00e4hrung bedeuten.<\/li>\n<li><strong>Umrechnung der Kontow\u00e4hrung:<\/strong> sch\u00e4tzen Sie den Wert eines Pips auch dann, wenn sich die Kursw\u00e4hrung von Ihrer Kontow\u00e4hrung unterscheidet.<\/li>\n<\/ul>\n<h2>Was die Eingaben bedeuten<\/h2>\n<p><strong>W\u00e4hrungspaar<\/strong> bestimmt die Regeln f\u00fcr die Pip-Gr\u00f6\u00dfe, insbesondere bei JPY-Paaren, bei denen ein Pip im angegebenen Kurs typischerweise gr\u00f6\u00dfer ausf\u00e4llt.<\/p>\n<p><strong>Preis<\/strong> wird verwendet, wenn sich die Kursw\u00e4hrung von Ihrer Kontow\u00e4hrung unterscheidet, da der Pip-Wert vom aktuellen Wechselkurs abh\u00e4ngen kann.<\/p>\n<p><strong>Wechselkurs (Kurs- zu Kontow\u00e4hrung)<\/strong> wird verwendet, um den Pip-Wert in Ihre Kontow\u00e4hrung umzurechnen. Das ist wichtig, wenn Ihr Konto in USD gef\u00fchrt wird, die Kursw\u00e4hrung des Paares jedoch CAD, JPY oder eine andere W\u00e4hrung ist.<\/p>\n<p><strong>Positionsgr\u00f6\u00dfe (Lots)<\/strong> legt den Umfang der Position fest. Der Pip-Wert steigt linear mit der Lotgr\u00f6\u00dfe, daher verdoppelt sich der Pip-Wert, wenn Sie die Anzahl der Lots verdoppeln.<\/p>\n<p><strong>Pips<\/strong> erm\u00f6glichen es Ihnen, den Wert einer Bewegung von mehr als einem Pip zu sch\u00e4tzen, was hilfreich ist, um Stop-Loss- und Take-Profit-Abst\u00e4nde zu beurteilen.<\/p>\n<h2>Wie Sie die Ergebnisse interpretieren<\/h2>\n<p>Die Tabelle zeigt den Pip-Wert f\u00fcr Standard-, Mini- und Micro-Lots und anschlie\u00dfend den Pip-Wert f\u00fcr Ihre gew\u00e4hlte Positionsgr\u00f6\u00dfe. Dadurch wird es einfacher, entweder in Begriffen der \u201ePlattformgr\u00f6\u00dfe\u201c (Lots) oder in Risikobegriffen (Geld) zu denken.<\/p>\n<p>Am praxisnahsten ist der Pip-Wert f\u00fcr Ihre gew\u00e4hlte Lotgr\u00f6\u00dfe, da er Ihnen hilft, Ihren geplanten Stop-Loss schnell in einen Geldbetrag umzurechnen.<\/p>\n<h2>Tipps f\u00fcr eine genauere Risikoplanung<\/h2>\n<p>Verwenden Sie realistische, aktuelle Kurse, wenn Sie Cross-Paare handeln, da sich der Pip-Wert mit ver\u00e4nderten Wechselkursen \u00e4ndern kann. Wenn Sie h\u00e4ufig handeln, kann das Aktualisieren der Preiseingabe die Genauigkeit verbessern.<\/p>\n<p>Denken Sie daran, dass Spreads und Kommissionen das effektive Risiko leicht beeinflussen k\u00f6nnen, insbesondere bei kurzfristigen Trades mit engen Stops.<\/p>\n<ul>\n<li><strong>Ergebnisse als Sch\u00e4tzung betrachten:<\/strong> tats\u00e4chliche Ausf\u00fchrung, Spread und Slippage k\u00f6nnen die Resultate beeinflussen.<\/li>\n<li><strong>Mit Puffer planen:<\/strong> wenn Sie rund um Nachrichten handeln, rechnen Sie mit gr\u00f6\u00dferen Spreads und schnelleren Bewegungen.<\/li>\n<li><strong>In Verbindung mit der Positionsgr\u00f6\u00dfe nutzen:<\/strong> der Pip-Wert ist am wirkungsvollsten, wenn er mit einer festen Risiko-pro-Trade-Regel kombiniert wird.<\/li>\n<\/ul>\n","protected":false},"excerpt":{"rendered":"<p>Der Pip-Wert-Rechner zeigt Ihnen, wie viel eine Bewegung von einem Pip bei einer bestimmten Positionsgr\u00f6\u00dfe in Geld wert ist. Dies ist f\u00fcr das Risikomanagement entscheidend, da Stop-Loss- und Take-Profit-Abst\u00e4nde in Pips gemessen werden, Ihr Kontorisiko jedoch in Dollar (oder Ihrer Kontow\u00e4hrung) gemessen wird. Indem Pips in reale W\u00e4hrungsbetr\u00e4ge umgerechnet werden, hilft Ihnen der Rechner, zu [&hellip;]<\/p>\n","protected":false},"author":1,"featured_media":121073,"parent":120743,"menu_order":0,"comment_status":"closed","ping_status":"closed","template":"templates\/full-width.php","meta":{"footnotes":""},"class_list":["post-120749","page","type-page","status-publish","has-post-thumbnail","hentry"],"aioseo_notices":[],"_links":{"self":[{"href":"https:\/\/www.tradingpedia.com\/de\/wp-json\/wp\/v2\/pages\/120749","targetHints":{"allow":["GET"]}}],"collection":[{"href":"https:\/\/www.tradingpedia.com\/de\/wp-json\/wp\/v2\/pages"}],"about":[{"href":"https:\/\/www.tradingpedia.com\/de\/wp-json\/wp\/v2\/types\/page"}],"author":[{"embeddable":true,"href":"https:\/\/www.tradingpedia.com\/de\/wp-json\/wp\/v2\/users\/1"}],"replies":[{"embeddable":true,"href":"https:\/\/www.tradingpedia.com\/de\/wp-json\/wp\/v2\/comments?post=120749"}],"version-history":[{"count":1,"href":"https:\/\/www.tradingpedia.com\/de\/wp-json\/wp\/v2\/pages\/120749\/revisions"}],"predecessor-version":[{"id":122308,"href":"https:\/\/www.tradingpedia.com\/de\/wp-json\/wp\/v2\/pages\/120749\/revisions\/122308"}],"up":[{"embeddable":true,"href":"https:\/\/www.tradingpedia.com\/de\/wp-json\/wp\/v2\/pages\/120743"}],"wp:featuredmedia":[{"embeddable":true,"href":"https:\/\/www.tradingpedia.com\/de\/wp-json\/wp\/v2\/media\/121073"}],"wp:attachment":[{"href":"https:\/\/www.tradingpedia.com\/de\/wp-json\/wp\/v2\/media?parent=120749"}],"curies":[{"name":"wp","href":"https:\/\/api.w.org\/{rel}","templated":true}]}}