{"id":120698,"date":"2024-11-20T13:54:01","date_gmt":"2024-11-20T13:54:01","guid":{"rendered":"https:\/\/www.tradingpedia.com\/authors\/mircea-vasiu\/"},"modified":"2026-03-19T15:02:27","modified_gmt":"2026-03-19T15:02:27","slug":"mircea-vasiu","status":"publish","type":"page","link":"https:\/\/www.tradingpedia.com\/de\/authors\/mircea-vasiu\/","title":{"rendered":"Mircea Vasiu"},"content":{"rendered":"<p>Mircea Vasiu ist ein erfahrener Marktanalyst bei TradingPedia und professioneller Trader mit einem Jahrzehnt Erfahrung im Schreiben \u00fcber die Feinheiten des Aktien- und Devisenmarkts. Indem er seine Expertise in Makro\u00f6konomie mit einem ausgepr\u00e4gten Blick f\u00fcr Datenanalyse verbindet, ist Mircea in der Lage, komplexe Markttrends in konkrete Handels- und Anlageempfehlungen zu \u00fcbersetzen. Er verantwortet unseren Videobereich. <\/p>\n<p><a target=\"_blank\" href=\"https:\/\/www.linkedin.com\/in\/mirceavasiu\/\" rel=\"nofollow noopener\"><img decoding=\"async\" width=\"25\" src=\"\/wp-content\/themes\/trading-pedia\/images\/icon-linkedin.svg\" \/><\/a><\/p>\n","protected":false},"excerpt":{"rendered":"<p>Mircea Vasiu ist ein erfahrener Marktanalyst bei TradingPedia und professioneller Trader mit einem Jahrzehnt Erfahrung im Schreiben \u00fcber die Feinheiten des Aktien- und Devisenmarkts. Indem er seine Expertise in Makro\u00f6konomie mit einem ausgepr\u00e4gten Blick f\u00fcr Datenanalyse verbindet, ist Mircea in der Lage, komplexe Markttrends in konkrete Handels- und Anlageempfehlungen zu \u00fcbersetzen. Er verantwortet unseren Videobereich.<\/p>\n","protected":false},"author":1,"featured_media":0,"parent":120597,"menu_order":0,"comment_status":"closed","ping_status":"closed","template":"templates\/full-width.php","meta":{"footnotes":""},"class_list":["post-120698","page","type-page","status-publish","hentry"],"aioseo_notices":[],"_links":{"self":[{"href":"https:\/\/www.tradingpedia.com\/de\/wp-json\/wp\/v2\/pages\/120698","targetHints":{"allow":["GET"]}}],"collection":[{"href":"https:\/\/www.tradingpedia.com\/de\/wp-json\/wp\/v2\/pages"}],"about":[{"href":"https:\/\/www.tradingpedia.com\/de\/wp-json\/wp\/v2\/types\/page"}],"author":[{"embeddable":true,"href":"https:\/\/www.tradingpedia.com\/de\/wp-json\/wp\/v2\/users\/1"}],"replies":[{"embeddable":true,"href":"https:\/\/www.tradingpedia.com\/de\/wp-json\/wp\/v2\/comments?post=120698"}],"version-history":[{"count":1,"href":"https:\/\/www.tradingpedia.com\/de\/wp-json\/wp\/v2\/pages\/120698\/revisions"}],"predecessor-version":[{"id":129608,"href":"https:\/\/www.tradingpedia.com\/de\/wp-json\/wp\/v2\/pages\/120698\/revisions\/129608"}],"up":[{"embeddable":true,"href":"https:\/\/www.tradingpedia.com\/de\/wp-json\/wp\/v2\/pages\/120597"}],"wp:attachment":[{"href":"https:\/\/www.tradingpedia.com\/de\/wp-json\/wp\/v2\/media?parent=120698"}],"curies":[{"name":"wp","href":"https:\/\/api.w.org\/{rel}","templated":true}]}}