{"id":120694,"date":"2024-11-20T12:40:01","date_gmt":"2024-11-20T12:40:01","guid":{"rendered":"https:\/\/www.tradingpedia.com\/authors\/veneta-slavova-cfa\/"},"modified":"2026-03-19T15:03:34","modified_gmt":"2026-03-19T15:03:34","slug":"veneta-slavova-cfa","status":"publish","type":"page","link":"https:\/\/www.tradingpedia.com\/de\/authors\/veneta-slavova-cfa\/","title":{"rendered":"Veneta Slavova, CFA"},"content":{"rendered":"<p>Veneta Slavova, CFA, ist Finanzmanagerin mit 14 Jahren intensiver Erfahrung an den Kapital- und Forex-M\u00e4rkten durch propriet\u00e4res Daytrading \/NYSE, Nasdaq, Direct Access\/, treuh\u00e4nderische Verm\u00f6gensverwaltung \/6 wichtige W\u00e4hrungspaare\/, Investitionen sowie die Ermittlung des fairen Marktwerts von Aktien, das Verfassen von IPO-Memoranden und die Entwicklung t\u00e4glicher Marktstrategien f\u00fcr einige Asset Manager. Veneta ist au\u00dferdem CFA-Charterholderin und verf\u00fcgt \u00fcber laufende Erfahrung im Bereich Konzernfinanzierung, insbesondere in den Bereichen Beratung, Finanzmodellierung zuk\u00fcnftiger Cashflows, Budgetierung, Reporting und Finanzcontrolling.<\/p>\n<p>Ihr Spezialgebiet auf den Finanzm\u00e4rkten ist die Fundamentalanalyse mit Schwerpunkt auf der Aufschl\u00fcsselung makro\u00f6konomischer Ereignisse, der Bestimmung t\u00e4glicher Korrelationen sowie sektor- und unternehmensspezifischer Entwicklungen. Auf Basis langj\u00e4hriger Marktbeobachtungen, der Abdeckung zahlreicher Branchen, Erfahrung im Corporate Finance und aktivem Handel mit einer gro\u00dfen Zahl US-amerikanischer Aktien ist sie darauf spezialisiert, die t\u00e4gliche Marktstimmung und geeignete Aktien f\u00fcr den Handel zu identifizieren. In ihrem Momentum-Trading nutzt sie die technische Analyse als hilfreiches zus\u00e4tzliches Instrument zur Feinabstimmung von Einstiegs- und Ausstiegszeitpunkten, ist jedoch fest davon \u00fcberzeugt, dass wirtschaftliche, politische, geopolitische, sektor- und marktspezifische sowie unternehmens\u00fcbergreifende Ereignisse zusammen mit unternehmensbezogenen Finanzprognosen die eigentlichen Treiber der weltweiten Kapitalstr\u00f6me sind \u2013 und nicht technische Signale allein.<\/p>\n","protected":false},"excerpt":{"rendered":"<p>Veneta Slavova, CFA, ist Finanzmanagerin mit 14 Jahren intensiver Erfahrung an den Kapital- und Forex-M\u00e4rkten durch propriet\u00e4res Daytrading \/NYSE, Nasdaq, Direct Access\/, treuh\u00e4nderische Verm\u00f6gensverwaltung \/6 wichtige W\u00e4hrungspaare\/, Investitionen sowie die Ermittlung des fairen Marktwerts von Aktien, das Verfassen von IPO-Memoranden und die Entwicklung t\u00e4glicher Marktstrategien f\u00fcr einige Asset Manager. Veneta ist au\u00dferdem CFA-Charterholderin und verf\u00fcgt [&hellip;]<\/p>\n","protected":false},"author":1,"featured_media":0,"parent":120597,"menu_order":0,"comment_status":"closed","ping_status":"closed","template":"templates\/full-width.php","meta":{"footnotes":""},"class_list":["post-120694","page","type-page","status-publish","hentry"],"aioseo_notices":[],"_links":{"self":[{"href":"https:\/\/www.tradingpedia.com\/de\/wp-json\/wp\/v2\/pages\/120694","targetHints":{"allow":["GET"]}}],"collection":[{"href":"https:\/\/www.tradingpedia.com\/de\/wp-json\/wp\/v2\/pages"}],"about":[{"href":"https:\/\/www.tradingpedia.com\/de\/wp-json\/wp\/v2\/types\/page"}],"author":[{"embeddable":true,"href":"https:\/\/www.tradingpedia.com\/de\/wp-json\/wp\/v2\/users\/1"}],"replies":[{"embeddable":true,"href":"https:\/\/www.tradingpedia.com\/de\/wp-json\/wp\/v2\/comments?post=120694"}],"version-history":[{"count":1,"href":"https:\/\/www.tradingpedia.com\/de\/wp-json\/wp\/v2\/pages\/120694\/revisions"}],"predecessor-version":[{"id":129613,"href":"https:\/\/www.tradingpedia.com\/de\/wp-json\/wp\/v2\/pages\/120694\/revisions\/129613"}],"up":[{"embeddable":true,"href":"https:\/\/www.tradingpedia.com\/de\/wp-json\/wp\/v2\/pages\/120597"}],"wp:attachment":[{"href":"https:\/\/www.tradingpedia.com\/de\/wp-json\/wp\/v2\/media?parent=120694"}],"curies":[{"name":"wp","href":"https:\/\/api.w.org\/{rel}","templated":true}]}}