{"id":120693,"date":"2024-11-20T12:38:28","date_gmt":"2024-11-20T12:38:28","guid":{"rendered":"https:\/\/www.tradingpedia.com\/authors\/veselin-valchev\/"},"modified":"2026-03-19T15:03:47","modified_gmt":"2026-03-19T15:03:47","slug":"veselin-valchev","status":"publish","type":"page","link":"https:\/\/www.tradingpedia.com\/de\/authors\/veselin-valchev\/","title":{"rendered":"Veselin Valchev"},"content":{"rendered":"<p>Veselin ist Finanznachrichten-Autor und Redakteur bei TradingPedia, beobachtet den Kassamarkt f\u00fcr Rohstoffe und berichtet \u00fcber Preisbildung und Trends an den Terminm\u00e4rkten.<\/p>\n<p>Veselin hat einen Bachelorabschluss in Marketing, und seine bisherige Berufserfahrung umfasst Marktforschung, wirtschaftliche Analysen und die Erstellung redaktioneller Inhalte. Veselin interessiert sich leidenschaftlich f\u00fcr Fu\u00dfball, Gaming und Wissenschaft.<\/p>\n","protected":false},"excerpt":{"rendered":"<p>Veselin ist Finanznachrichten-Autor und Redakteur bei TradingPedia, beobachtet den Kassamarkt f\u00fcr Rohstoffe und berichtet \u00fcber Preisbildung und Trends an den Terminm\u00e4rkten. Veselin hat einen Bachelorabschluss in Marketing, und seine bisherige Berufserfahrung umfasst Marktforschung, wirtschaftliche Analysen und die Erstellung redaktioneller Inhalte. Veselin interessiert sich leidenschaftlich f\u00fcr Fu\u00dfball, Gaming und Wissenschaft.<\/p>\n","protected":false},"author":1,"featured_media":0,"parent":120597,"menu_order":0,"comment_status":"closed","ping_status":"closed","template":"templates\/full-width.php","meta":{"footnotes":""},"class_list":["post-120693","page","type-page","status-publish","hentry"],"aioseo_notices":[],"_links":{"self":[{"href":"https:\/\/www.tradingpedia.com\/de\/wp-json\/wp\/v2\/pages\/120693","targetHints":{"allow":["GET"]}}],"collection":[{"href":"https:\/\/www.tradingpedia.com\/de\/wp-json\/wp\/v2\/pages"}],"about":[{"href":"https:\/\/www.tradingpedia.com\/de\/wp-json\/wp\/v2\/types\/page"}],"author":[{"embeddable":true,"href":"https:\/\/www.tradingpedia.com\/de\/wp-json\/wp\/v2\/users\/1"}],"replies":[{"embeddable":true,"href":"https:\/\/www.tradingpedia.com\/de\/wp-json\/wp\/v2\/comments?post=120693"}],"version-history":[{"count":1,"href":"https:\/\/www.tradingpedia.com\/de\/wp-json\/wp\/v2\/pages\/120693\/revisions"}],"predecessor-version":[{"id":129614,"href":"https:\/\/www.tradingpedia.com\/de\/wp-json\/wp\/v2\/pages\/120693\/revisions\/129614"}],"up":[{"embeddable":true,"href":"https:\/\/www.tradingpedia.com\/de\/wp-json\/wp\/v2\/pages\/120597"}],"wp:attachment":[{"href":"https:\/\/www.tradingpedia.com\/de\/wp-json\/wp\/v2\/media?parent=120693"}],"curies":[{"name":"wp","href":"https:\/\/api.w.org\/{rel}","templated":true}]}}