{"id":120692,"date":"2024-11-20T12:36:54","date_gmt":"2024-11-20T12:36:54","guid":{"rendered":"https:\/\/www.tradingpedia.com\/authors\/vladimir-manev\/"},"modified":"2026-03-19T15:04:00","modified_gmt":"2026-03-19T15:04:00","slug":"vladimir-manev","status":"publish","type":"page","link":"https:\/\/www.tradingpedia.com\/de\/authors\/vladimir-manev\/","title":{"rendered":"Vladimir Manev"},"content":{"rendered":"<p>Vladimir ist Finanznachrichtenautor und Redakteur bei TradingPedia, beobachtet und berichtet \u00fcber die Entwicklungen am Devisenmarkt (Forex) sowie an den Spot- und Terminm\u00e4rkten f\u00fcr Rohstoffe und \u00fcber die Faktoren, die deren Preisbildung beeinflussen.<\/p>\n<p>Seine berufliche Laufbahn begann vor seiner Anstellung bei v beim Internationalen Wechselb\u00fcro \u201eICE\u201c Plc. Manev hat einen Bachelorabschluss in Finanzwesen und einen Master of Science (MSc) in Volkswirtschaftslehre und Betriebswirtschaftslehre von der Universit\u00e4t Vaasa in Finnland. Neben seinem Interesse an den Devisen- und Rohstoffm\u00e4rkten ist er ein aktiver Mountainbiker.<\/p>\n","protected":false},"excerpt":{"rendered":"<p>Vladimir ist Finanznachrichtenautor und Redakteur bei TradingPedia, beobachtet und berichtet \u00fcber die Entwicklungen am Devisenmarkt (Forex) sowie an den Spot- und Terminm\u00e4rkten f\u00fcr Rohstoffe und \u00fcber die Faktoren, die deren Preisbildung beeinflussen. Seine berufliche Laufbahn begann vor seiner Anstellung bei v beim Internationalen Wechselb\u00fcro \u201eICE\u201c Plc. Manev hat einen Bachelorabschluss in Finanzwesen und einen Master [&hellip;]<\/p>\n","protected":false},"author":1,"featured_media":0,"parent":120597,"menu_order":0,"comment_status":"closed","ping_status":"closed","template":"templates\/full-width.php","meta":{"footnotes":""},"class_list":["post-120692","page","type-page","status-publish","hentry"],"aioseo_notices":[],"_links":{"self":[{"href":"https:\/\/www.tradingpedia.com\/de\/wp-json\/wp\/v2\/pages\/120692","targetHints":{"allow":["GET"]}}],"collection":[{"href":"https:\/\/www.tradingpedia.com\/de\/wp-json\/wp\/v2\/pages"}],"about":[{"href":"https:\/\/www.tradingpedia.com\/de\/wp-json\/wp\/v2\/types\/page"}],"author":[{"embeddable":true,"href":"https:\/\/www.tradingpedia.com\/de\/wp-json\/wp\/v2\/users\/1"}],"replies":[{"embeddable":true,"href":"https:\/\/www.tradingpedia.com\/de\/wp-json\/wp\/v2\/comments?post=120692"}],"version-history":[{"count":1,"href":"https:\/\/www.tradingpedia.com\/de\/wp-json\/wp\/v2\/pages\/120692\/revisions"}],"predecessor-version":[{"id":129615,"href":"https:\/\/www.tradingpedia.com\/de\/wp-json\/wp\/v2\/pages\/120692\/revisions\/129615"}],"up":[{"embeddable":true,"href":"https:\/\/www.tradingpedia.com\/de\/wp-json\/wp\/v2\/pages\/120597"}],"wp:attachment":[{"href":"https:\/\/www.tradingpedia.com\/de\/wp-json\/wp\/v2\/media?parent=120692"}],"curies":[{"name":"wp","href":"https:\/\/api.w.org\/{rel}","templated":true}]}}