{"id":120691,"date":"2024-11-20T12:35:41","date_gmt":"2024-11-20T12:35:41","guid":{"rendered":"https:\/\/www.tradingpedia.com\/authors\/elmira-miteva\/"},"modified":"2026-03-19T15:01:33","modified_gmt":"2026-03-19T15:01:33","slug":"elmira-miteva","status":"publish","type":"page","link":"https:\/\/www.tradingpedia.com\/de\/authors\/elmira-miteva\/","title":{"rendered":"Elmira Miteva"},"content":{"rendered":"<p><img decoding=\"async\" src=\"https:\/\/www.tradingpedia.com\/wp-content\/uploads\/2013\/09\/elmira-150x150.png\" alt=\"elmira\" width=\"150\" height=\"150\" class=\"alignleft size-thumbnail wp-image-19438\" \/>Elmira, Finanznachrichtenautorin und Redakteurin bei TradingPedia, wirkt am Bereich \u201dStock Trading\u201d der Website mit. Sie ist daf\u00fcr zust\u00e4ndig, die neuesten Nachrichten, Berichte und fundamentalen Kennzahlen zu den gr\u00f6\u00dften und renommiertesten Unternehmensstrukturen weltweit zu beobachten und aufzubereiten.<\/p>\n<p>Ihre bisherige Berufserfahrung umfasst die Wirtschaftspr\u00fcfung im \u00f6ffentlichen Sektor und das Firmenkundengesch\u00e4ft im Bankwesen. Elmira hat einen Bachelorabschluss in Rechnungswesen und einen Masterabschluss im Bankmanagement. Neben ihrem Interesse an Aktien ist sie eine leidenschaftliche Bergsteigerin und engagierte Natursch\u00fctzerin.<\/p>\n","protected":false},"excerpt":{"rendered":"<p>Elmira, Finanznachrichtenautorin und Redakteurin bei TradingPedia, wirkt am Bereich \u201dStock Trading\u201d der Website mit. Sie ist daf\u00fcr zust\u00e4ndig, die neuesten Nachrichten, Berichte und fundamentalen Kennzahlen zu den gr\u00f6\u00dften und renommiertesten Unternehmensstrukturen weltweit zu beobachten und aufzubereiten. Ihre bisherige Berufserfahrung umfasst die Wirtschaftspr\u00fcfung im \u00f6ffentlichen Sektor und das Firmenkundengesch\u00e4ft im Bankwesen. Elmira hat einen Bachelorabschluss in [&hellip;]<\/p>\n","protected":false},"author":1,"featured_media":0,"parent":120597,"menu_order":0,"comment_status":"closed","ping_status":"closed","template":"templates\/full-width.php","meta":{"footnotes":""},"class_list":["post-120691","page","type-page","status-publish","hentry"],"aioseo_notices":[],"_links":{"self":[{"href":"https:\/\/www.tradingpedia.com\/de\/wp-json\/wp\/v2\/pages\/120691","targetHints":{"allow":["GET"]}}],"collection":[{"href":"https:\/\/www.tradingpedia.com\/de\/wp-json\/wp\/v2\/pages"}],"about":[{"href":"https:\/\/www.tradingpedia.com\/de\/wp-json\/wp\/v2\/types\/page"}],"author":[{"embeddable":true,"href":"https:\/\/www.tradingpedia.com\/de\/wp-json\/wp\/v2\/users\/1"}],"replies":[{"embeddable":true,"href":"https:\/\/www.tradingpedia.com\/de\/wp-json\/wp\/v2\/comments?post=120691"}],"version-history":[{"count":1,"href":"https:\/\/www.tradingpedia.com\/de\/wp-json\/wp\/v2\/pages\/120691\/revisions"}],"predecessor-version":[{"id":129604,"href":"https:\/\/www.tradingpedia.com\/de\/wp-json\/wp\/v2\/pages\/120691\/revisions\/129604"}],"up":[{"embeddable":true,"href":"https:\/\/www.tradingpedia.com\/de\/wp-json\/wp\/v2\/pages\/120597"}],"wp:attachment":[{"href":"https:\/\/www.tradingpedia.com\/de\/wp-json\/wp\/v2\/media?parent=120691"}],"curies":[{"name":"wp","href":"https:\/\/api.w.org\/{rel}","templated":true}]}}