{"id":120690,"date":"2024-11-20T12:34:36","date_gmt":"2024-11-20T12:34:36","guid":{"rendered":"https:\/\/www.tradingpedia.com\/authors\/teodor-dimov\/"},"modified":"2026-03-19T15:03:21","modified_gmt":"2026-03-19T15:03:21","slug":"teodor-dimov","status":"publish","type":"page","link":"https:\/\/www.tradingpedia.com\/de\/authors\/teodor-dimov\/","title":{"rendered":"Teodor Dimov"},"content":{"rendered":"<p>Teodor ist Finanznachrichtenautor und Redakteur bei TradingPedia und besch\u00e4ftigt sich mit den Kassam\u00e4rkten und Terminm\u00e4rkten f\u00fcr Rohstoffe sowie mit den fundamentalen Faktoren, die deren Preisbildung beeinflussen. Gemeinsam mit seinen Kollegen verfasst und \u00fcberarbeitet Dimov fundamentale und technische Analysen zu Rohstoffen und dem Forex-Handel.<\/p>\n<p>Bevor er zu TradingPedia kam, begann Dimov seine berufliche Laufbahn im Bereich Kundenbeziehungsmanagement bei der Piraeus Bank. Er hat einen Bachelorabschluss in Finanzwirtschaft und einen Masterabschluss in Unternehmensfinanzierung. <\/p>\n","protected":false},"excerpt":{"rendered":"<p>Teodor ist Finanznachrichtenautor und Redakteur bei TradingPedia und besch\u00e4ftigt sich mit den Kassam\u00e4rkten und Terminm\u00e4rkten f\u00fcr Rohstoffe sowie mit den fundamentalen Faktoren, die deren Preisbildung beeinflussen. Gemeinsam mit seinen Kollegen verfasst und \u00fcberarbeitet Dimov fundamentale und technische Analysen zu Rohstoffen und dem Forex-Handel. Bevor er zu TradingPedia kam, begann Dimov seine berufliche Laufbahn im Bereich [&hellip;]<\/p>\n","protected":false},"author":1,"featured_media":0,"parent":120597,"menu_order":0,"comment_status":"closed","ping_status":"closed","template":"templates\/full-width.php","meta":{"footnotes":""},"class_list":["post-120690","page","type-page","status-publish","hentry"],"aioseo_notices":[],"_links":{"self":[{"href":"https:\/\/www.tradingpedia.com\/de\/wp-json\/wp\/v2\/pages\/120690","targetHints":{"allow":["GET"]}}],"collection":[{"href":"https:\/\/www.tradingpedia.com\/de\/wp-json\/wp\/v2\/pages"}],"about":[{"href":"https:\/\/www.tradingpedia.com\/de\/wp-json\/wp\/v2\/types\/page"}],"author":[{"embeddable":true,"href":"https:\/\/www.tradingpedia.com\/de\/wp-json\/wp\/v2\/users\/1"}],"replies":[{"embeddable":true,"href":"https:\/\/www.tradingpedia.com\/de\/wp-json\/wp\/v2\/comments?post=120690"}],"version-history":[{"count":1,"href":"https:\/\/www.tradingpedia.com\/de\/wp-json\/wp\/v2\/pages\/120690\/revisions"}],"predecessor-version":[{"id":129612,"href":"https:\/\/www.tradingpedia.com\/de\/wp-json\/wp\/v2\/pages\/120690\/revisions\/129612"}],"up":[{"embeddable":true,"href":"https:\/\/www.tradingpedia.com\/de\/wp-json\/wp\/v2\/pages\/120597"}],"wp:attachment":[{"href":"https:\/\/www.tradingpedia.com\/de\/wp-json\/wp\/v2\/media?parent=120690"}],"curies":[{"name":"wp","href":"https:\/\/api.w.org\/{rel}","templated":true}]}}