{"id":120689,"date":"2024-11-20T12:33:32","date_gmt":"2024-11-20T12:33:32","guid":{"rendered":"https:\/\/www.tradingpedia.com\/authors\/sandra-leggero\/"},"modified":"2026-03-19T15:03:08","modified_gmt":"2026-03-19T15:03:08","slug":"sandra-leggero","status":"publish","type":"page","link":"https:\/\/www.tradingpedia.com\/de\/authors\/sandra-leggero\/","title":{"rendered":"Sandra Leggero"},"content":{"rendered":"<p><img decoding=\"async\" src=\"https:\/\/www.tradingpedia.com\/wp-content\/uploads\/2013\/09\/sandra1.jpg\" alt=\"sleggero\" width=\"180\" height=\"187\" class=\"alignleft size-full wp-image-9931\" \/>Sandra Leggero verf\u00fcgt \u00fcber umfassende Erfahrung an den Finanzm\u00e4rkten und war mehr als 9 Jahre im Rohstoffhandel f\u00fcr mehrere europ\u00e4ische und asiatische Unternehmen t\u00e4tig. Sie hat einen Abschluss in Volkswirtschaftslehre an  der Universit\u00e4t Pavia und ist auf Schwellenm\u00e4rkte spezialisiert. Bevor sie zu TradingPedia kam, arbeitete Leggero als kaufm\u00e4nnische Mitarbeiterin in einem transnationalen Import-Export-Unternehmen, das mit Rohstoffen handelt.<\/p>\n<p>Leggero hat einen Bachelorabschluss in Marketing und einen Masterabschluss im internationalen Handel. Sie betreut die Bereiche \u201eAktien\u201c und \u201eRohstoffe\u201c und erweist sich als unsch\u00e4tzbare Informationsquelle f\u00fcr den Handel mit Getreide- und Soft-Commodity-Futures.<\/p>\n","protected":false},"excerpt":{"rendered":"<p>Sandra Leggero verf\u00fcgt \u00fcber umfassende Erfahrung an den Finanzm\u00e4rkten und war mehr als 9 Jahre im Rohstoffhandel f\u00fcr mehrere europ\u00e4ische und asiatische Unternehmen t\u00e4tig. Sie hat einen Abschluss in Volkswirtschaftslehre an der Universit\u00e4t Pavia und ist auf Schwellenm\u00e4rkte spezialisiert. Bevor sie zu TradingPedia kam, arbeitete Leggero als kaufm\u00e4nnische Mitarbeiterin in einem transnationalen Import-Export-Unternehmen, das mit [&hellip;]<\/p>\n","protected":false},"author":1,"featured_media":0,"parent":120597,"menu_order":0,"comment_status":"closed","ping_status":"closed","template":"templates\/full-width.php","meta":{"footnotes":""},"class_list":["post-120689","page","type-page","status-publish","hentry"],"aioseo_notices":[],"_links":{"self":[{"href":"https:\/\/www.tradingpedia.com\/de\/wp-json\/wp\/v2\/pages\/120689","targetHints":{"allow":["GET"]}}],"collection":[{"href":"https:\/\/www.tradingpedia.com\/de\/wp-json\/wp\/v2\/pages"}],"about":[{"href":"https:\/\/www.tradingpedia.com\/de\/wp-json\/wp\/v2\/types\/page"}],"author":[{"embeddable":true,"href":"https:\/\/www.tradingpedia.com\/de\/wp-json\/wp\/v2\/users\/1"}],"replies":[{"embeddable":true,"href":"https:\/\/www.tradingpedia.com\/de\/wp-json\/wp\/v2\/comments?post=120689"}],"version-history":[{"count":1,"href":"https:\/\/www.tradingpedia.com\/de\/wp-json\/wp\/v2\/pages\/120689\/revisions"}],"predecessor-version":[{"id":129611,"href":"https:\/\/www.tradingpedia.com\/de\/wp-json\/wp\/v2\/pages\/120689\/revisions\/129611"}],"up":[{"embeddable":true,"href":"https:\/\/www.tradingpedia.com\/de\/wp-json\/wp\/v2\/pages\/120597"}],"wp:attachment":[{"href":"https:\/\/www.tradingpedia.com\/de\/wp-json\/wp\/v2\/media?parent=120689"}],"curies":[{"name":"wp","href":"https:\/\/api.w.org\/{rel}","templated":true}]}}