{"id":120688,"date":"2024-11-20T12:32:16","date_gmt":"2024-11-20T12:32:16","guid":{"rendered":"https:\/\/www.tradingpedia.com\/authors\/miroslav-marinov\/"},"modified":"2026-03-19T15:02:55","modified_gmt":"2026-03-19T15:02:55","slug":"miroslav-marinov","status":"publish","type":"page","link":"https:\/\/www.tradingpedia.com\/de\/authors\/miroslav-marinov\/","title":{"rendered":"Miroslav Marinov"},"content":{"rendered":"<p><img decoding=\"async\" src=\"https:\/\/www.tradingpedia.com\/wp-content\/uploads\/2013\/09\/mmarinov.jpg\" alt=\"Miroslav Marinov\" width=\"180\" height=\"187\" class=\"alignleft size-full wp-image-9855\" srcset=\"https:\/\/www.tradingpedia.com\/wp-content\/uploads\/2013\/09\/mmarinov.jpg 180w, https:\/\/www.tradingpedia.com\/wp-content\/uploads\/2013\/09\/mmarinov-52x55.jpg 52w\" sizes=\"(max-width: 180px) 100vw, 180px\" \/>Miroslav Marinov, Redakteur f\u00fcr Finanznachrichten bei TradingPedia, befasst sich mit der Beobachtung und Berichterstattung \u00fcber die Entwicklungen am Devisenmarkt, wobei sein aktueller Schwerpunkt auf den wichtigsten W\u00e4hrungen von acht Industriel\u00e4ndern weltweit liegt. Er verantwortet den Bereich \u201eW\u00e4hrungshandel\u201c der Website und tr\u00e4gt au\u00dferdem zu den Rubriken \u201eFundamentalanalyse\u201c, \u201eTechnische Analyse\u201c und \u201eHandelsstrategien\u201c bei.<\/p>\n<p>Marinov war zwei Jahre lang als freiberuflicher Forex-Trader t\u00e4tig. Er hat au\u00dferdem im Privatkundengesch\u00e4ft des Bankwesens und im Kundenbeziehungsmanagement sowie in der unabh\u00e4ngigen Finanzpr\u00fcfung gearbeitet. Zu seinen beruflichen Interessen geh\u00f6ren die globalen Finanzm\u00e4rkte, die globale Verm\u00f6gensverwaltung, bew\u00e4hrte Praktiken der Corporate Governance und die Investitionsplanung. Er verf\u00fcgt \u00fcber einen Bachelorabschluss in Finanzwirtschaft und einen Masterabschluss in Unternehmensfinanzierung.<\/p>\n<p><a target=\"_blank\" href=\"https:\/\/bg.linkedin.com\/in\/miroslav-marinoff-5a909828\" rel=\"nofollow noopener\"><img decoding=\"async\" width=\"25\" src=\"\/wp-content\/themes\/trading-pedia\/images\/icon-linkedin.svg\" \/><\/a><\/p>\n","protected":false},"excerpt":{"rendered":"<p>Miroslav Marinov, Redakteur f\u00fcr Finanznachrichten bei TradingPedia, befasst sich mit der Beobachtung und Berichterstattung \u00fcber die Entwicklungen am Devisenmarkt, wobei sein aktueller Schwerpunkt auf den wichtigsten W\u00e4hrungen von acht Industriel\u00e4ndern weltweit liegt. Er verantwortet den Bereich \u201eW\u00e4hrungshandel\u201c der Website und tr\u00e4gt au\u00dferdem zu den Rubriken \u201eFundamentalanalyse\u201c, \u201eTechnische Analyse\u201c und \u201eHandelsstrategien\u201c bei. Marinov war zwei Jahre [&hellip;]<\/p>\n","protected":false},"author":1,"featured_media":0,"parent":120597,"menu_order":0,"comment_status":"closed","ping_status":"closed","template":"templates\/full-width.php","meta":{"footnotes":""},"class_list":["post-120688","page","type-page","status-publish","hentry"],"aioseo_notices":[],"_links":{"self":[{"href":"https:\/\/www.tradingpedia.com\/de\/wp-json\/wp\/v2\/pages\/120688","targetHints":{"allow":["GET"]}}],"collection":[{"href":"https:\/\/www.tradingpedia.com\/de\/wp-json\/wp\/v2\/pages"}],"about":[{"href":"https:\/\/www.tradingpedia.com\/de\/wp-json\/wp\/v2\/types\/page"}],"author":[{"embeddable":true,"href":"https:\/\/www.tradingpedia.com\/de\/wp-json\/wp\/v2\/users\/1"}],"replies":[{"embeddable":true,"href":"https:\/\/www.tradingpedia.com\/de\/wp-json\/wp\/v2\/comments?post=120688"}],"version-history":[{"count":1,"href":"https:\/\/www.tradingpedia.com\/de\/wp-json\/wp\/v2\/pages\/120688\/revisions"}],"predecessor-version":[{"id":129610,"href":"https:\/\/www.tradingpedia.com\/de\/wp-json\/wp\/v2\/pages\/120688\/revisions\/129610"}],"up":[{"embeddable":true,"href":"https:\/\/www.tradingpedia.com\/de\/wp-json\/wp\/v2\/pages\/120597"}],"wp:attachment":[{"href":"https:\/\/www.tradingpedia.com\/de\/wp-json\/wp\/v2\/media?parent=120688"}],"curies":[{"name":"wp","href":"https:\/\/api.w.org\/{rel}","templated":true}]}}