{"id":120687,"date":"2024-11-20T12:30:42","date_gmt":"2024-11-20T12:30:42","guid":{"rendered":"https:\/\/www.tradingpedia.com\/authors\/michael-fisher\/"},"modified":"2026-03-19T15:02:14","modified_gmt":"2026-03-19T15:02:14","slug":"michael-fisher","status":"publish","type":"page","link":"https:\/\/www.tradingpedia.com\/de\/authors\/michael-fisher\/","title":{"rendered":"Michael Fisher"},"content":{"rendered":"<p><img decoding=\"async\" src=\"https:\/\/www.tradingpedia.com\/wp-content\/uploads\/2013\/09\/mfisher2.jpg\" alt=\"mfisher\" width=\"180\" height=\"187\" class=\"alignleft size-full wp-image-9950\" srcset=\"https:\/\/www.tradingpedia.com\/wp-content\/uploads\/2013\/09\/mfisher2.jpg 180w, https:\/\/www.tradingpedia.com\/wp-content\/uploads\/2013\/09\/mfisher2-52x55.jpg 52w\" sizes=\"(max-width: 180px) 100vw, 180px\" \/>Michael Fisher ist ein aktiver Trader und Marktanalyst. Er hat einen Bachelorabschluss in Volkswirtschaftslehre von der University of Pennsylvania und begann seine Karriere 2005 als privater Forex-H\u00e4ndler. Er hat an Studien zu trendfolgenden Handelssystemen teilgenommen. Au\u00dferdem sammelte er Erfahrung als Finanzanalyst im Firmenkundengesch\u00e4ft des Private-Banking-Sektors. <\/p>\n<p>Fisher beteiligt sich an der Erstellung und Redaktion der Inhalte im Bereich \u201eTrading Strategy\u201c. Neben seinem Interesse an Wirtschaft begeistert er sich f\u00fcr Kunst und Computergrafik. <\/p>\n","protected":false},"excerpt":{"rendered":"<p>Michael Fisher ist ein aktiver Trader und Marktanalyst. Er hat einen Bachelorabschluss in Volkswirtschaftslehre von der University of Pennsylvania und begann seine Karriere 2005 als privater Forex-H\u00e4ndler. Er hat an Studien zu trendfolgenden Handelssystemen teilgenommen. Au\u00dferdem sammelte er Erfahrung als Finanzanalyst im Firmenkundengesch\u00e4ft des Private-Banking-Sektors. Fisher beteiligt sich an der Erstellung und Redaktion der Inhalte [&hellip;]<\/p>\n","protected":false},"author":1,"featured_media":0,"parent":120597,"menu_order":0,"comment_status":"closed","ping_status":"closed","template":"templates\/full-width.php","meta":{"footnotes":""},"class_list":["post-120687","page","type-page","status-publish","hentry"],"aioseo_notices":[],"_links":{"self":[{"href":"https:\/\/www.tradingpedia.com\/de\/wp-json\/wp\/v2\/pages\/120687","targetHints":{"allow":["GET"]}}],"collection":[{"href":"https:\/\/www.tradingpedia.com\/de\/wp-json\/wp\/v2\/pages"}],"about":[{"href":"https:\/\/www.tradingpedia.com\/de\/wp-json\/wp\/v2\/types\/page"}],"author":[{"embeddable":true,"href":"https:\/\/www.tradingpedia.com\/de\/wp-json\/wp\/v2\/users\/1"}],"replies":[{"embeddable":true,"href":"https:\/\/www.tradingpedia.com\/de\/wp-json\/wp\/v2\/comments?post=120687"}],"version-history":[{"count":1,"href":"https:\/\/www.tradingpedia.com\/de\/wp-json\/wp\/v2\/pages\/120687\/revisions"}],"predecessor-version":[{"id":129607,"href":"https:\/\/www.tradingpedia.com\/de\/wp-json\/wp\/v2\/pages\/120687\/revisions\/129607"}],"up":[{"embeddable":true,"href":"https:\/\/www.tradingpedia.com\/de\/wp-json\/wp\/v2\/pages\/120597"}],"wp:attachment":[{"href":"https:\/\/www.tradingpedia.com\/de\/wp-json\/wp\/v2\/media?parent=120687"}],"curies":[{"name":"wp","href":"https:\/\/api.w.org\/{rel}","templated":true}]}}