{"id":120686,"date":"2024-11-20T12:29:28","date_gmt":"2024-11-20T12:29:28","guid":{"rendered":"https:\/\/www.tradingpedia.com\/authors\/ivaylo-mihaylov\/"},"modified":"2026-03-19T15:01:47","modified_gmt":"2026-03-19T15:01:47","slug":"ivaylo-mihaylov","status":"publish","type":"page","link":"https:\/\/www.tradingpedia.com\/de\/authors\/ivaylo-mihaylov\/","title":{"rendered":"Ivaylo Mihaylov"},"content":{"rendered":"<p>Ivaylo ist Finanznachrichtenredakteur und berichtet \u00fcber internationale Aktienm\u00e4rkte und Aktien-Futures-M\u00e4rkte, verfasst Unternehmensnachrichten und schreibt Unternehmensanalysen. Gemeinsam mit seinen Kollegen erstellt er Artikel zu Handelsstrategien auf Basis technischer und\/oder fundamentaler Analyse.<\/p>\n<p>Seine fr\u00fchere Berufserfahrung umfasst Kenntnisse in der Unternehmensbesteuerung gro\u00dfer Unternehmen in Europa sowie in den Vereinigten Staaten.<\/p>\n<p>Mihaylov hat einen Bachelor of Science in Betriebswirtschaftslehre mit Schwerpunkt Finanzen von der Concord University, WV, USA, erworben.<\/p>\n","protected":false},"excerpt":{"rendered":"<p>Ivaylo ist Finanznachrichtenredakteur und berichtet \u00fcber internationale Aktienm\u00e4rkte und Aktien-Futures-M\u00e4rkte, verfasst Unternehmensnachrichten und schreibt Unternehmensanalysen. Gemeinsam mit seinen Kollegen erstellt er Artikel zu Handelsstrategien auf Basis technischer und\/oder fundamentaler Analyse. Seine fr\u00fchere Berufserfahrung umfasst Kenntnisse in der Unternehmensbesteuerung gro\u00dfer Unternehmen in Europa sowie in den Vereinigten Staaten. Mihaylov hat einen Bachelor of Science in Betriebswirtschaftslehre [&hellip;]<\/p>\n","protected":false},"author":1,"featured_media":0,"parent":120597,"menu_order":0,"comment_status":"closed","ping_status":"closed","template":"templates\/full-width.php","meta":{"footnotes":""},"class_list":["post-120686","page","type-page","status-publish","hentry"],"aioseo_notices":[],"_links":{"self":[{"href":"https:\/\/www.tradingpedia.com\/de\/wp-json\/wp\/v2\/pages\/120686","targetHints":{"allow":["GET"]}}],"collection":[{"href":"https:\/\/www.tradingpedia.com\/de\/wp-json\/wp\/v2\/pages"}],"about":[{"href":"https:\/\/www.tradingpedia.com\/de\/wp-json\/wp\/v2\/types\/page"}],"author":[{"embeddable":true,"href":"https:\/\/www.tradingpedia.com\/de\/wp-json\/wp\/v2\/users\/1"}],"replies":[{"embeddable":true,"href":"https:\/\/www.tradingpedia.com\/de\/wp-json\/wp\/v2\/comments?post=120686"}],"version-history":[{"count":1,"href":"https:\/\/www.tradingpedia.com\/de\/wp-json\/wp\/v2\/pages\/120686\/revisions"}],"predecessor-version":[{"id":129605,"href":"https:\/\/www.tradingpedia.com\/de\/wp-json\/wp\/v2\/pages\/120686\/revisions\/129605"}],"up":[{"embeddable":true,"href":"https:\/\/www.tradingpedia.com\/de\/wp-json\/wp\/v2\/pages\/120597"}],"wp:attachment":[{"href":"https:\/\/www.tradingpedia.com\/de\/wp-json\/wp\/v2\/media?parent=120686"}],"curies":[{"name":"wp","href":"https:\/\/api.w.org\/{rel}","templated":true}]}}