{"id":120641,"date":"2020-08-27T09:36:48","date_gmt":"2020-08-27T09:36:48","guid":{"rendered":"https:\/\/www.tradingpedia.com\/trading-apps-2\/"},"modified":"2026-03-19T14:55:58","modified_gmt":"2026-03-19T14:55:58","slug":"trading-apps","status":"publish","type":"page","link":"https:\/\/www.tradingpedia.com\/de\/trading-apps\/","title":{"rendered":"Forex-Trading-Apps (iOS und Android)"},"content":{"rendered":"<p>Bei TradingPedia k\u00f6nnen Trader die besten Apps f\u00fcr den mobilen Handel und deren Funktionen vergleichen, um eine passende Wahl zu treffen, die ihren Bed\u00fcrfnissen am besten entspricht. Unsere ausf\u00fchrlichen Bewertungen decken alle Aspekte der Apps der mobilen Broker ab, einschlie\u00dflich der verf\u00fcgbaren Kontotypen, der Palette der unterst\u00fctzten Finanzinstrumente, der Ein- und Auszahlungsm\u00f6glichkeiten, der Regulierung sowie der Geb\u00fchren und Spreads. <\/p>\n<div class=\"clearfix\"><\/div><div class=\"row featured-brokers-cards brokers-list\"><div class=\"col-6 col-sm-4 col-md-3 item\"><div class=\"h-100 d-flex flex-column justify-content-between\"><div class=\"h-100 card-content border-radius-10\"><a href=\"https:\/\/www.tradingpedia.com\/forex-brokers\/fusion-markets\/\"><img decoding=\"async\" class=\"logo\" src=\"https:\/\/www.tradingpedia.com\/www-tradingpedia-com\/wp-content\/uploads\/logos\/md-fusion-markets-logo.webp\" \/><\/a><ul class=\"features\"><li class=\"yes\">$0 Min Deposit<\/li><li class=\"yes\">Demokonto<\/li><li class=\"yes\">Hedging<\/li><li class=\"yes\">Scalping<\/li><\/ul><div class=\"excerpt\"><i class=\"fas fa-plus-circle view-excerpt\"><\/i><div class=\"excerpt-content border-radius-10\">Libertex ist ein regulierter mobiler Broker, der Tradern \u00fcber zwei intuitive native Apps Zugang zu den Finanzm\u00e4rkten verschafft. Mobile Trader k\u00f6nnen die kostenlosen Anwendungen entweder \u00fcber die offizielle Website des Brokers oder \u00fcber die offi... <a href=\"https:\/\/www.tradingpedia.com\/forex-brokers\/fusion-markets\/\">Read more<\/a><\/div><\/div><\/div><div class=\"card-c2a\"><a class=\"btn border-radius-10 c2a-btn\" rel=\"nofollow\" target=\"_blank\" href=\"\/out\/fusion-markets?au=114&bp=1\">VISIT<\/a><\/div><\/div><\/div><div class=\"col-6 col-sm-4 col-md-3 item\"><div class=\"h-100 d-flex flex-column justify-content-between\"><div class=\"h-100 card-content border-radius-10\"><a href=\"https:\/\/www.tradingpedia.com\/forex-brokers\/fxpro\/\"><img decoding=\"async\" class=\"logo\" src=\"https:\/\/www.tradingpedia.com\/www-tradingpedia-com\/wp-content\/uploads\/logos\/md-fxpro-logo.webp\" \/><\/a><ul class=\"features\"><li class=\"yes\">$100 Min Deposit<\/li><li class=\"yes\">Demokonto<\/li><li class=\"yes\">Hedging<\/li><li class=\"yes\">Scalping<\/li><\/ul><div class=\"excerpt\"><i class=\"fas fa-plus-circle view-excerpt\"><\/i><div class=\"excerpt-content border-radius-10\">Libertex ist ein regulierter mobiler Broker, der Tradern \u00fcber zwei intuitive native Apps Zugang zu den Finanzm\u00e4rkten verschafft. Mobile Trader k\u00f6nnen die kostenlosen Anwendungen entweder \u00fcber die offizielle Website des Brokers oder \u00fcber die offi... <a href=\"https:\/\/www.tradingpedia.com\/forex-brokers\/fxpro\/\">Read more<\/a><\/div><\/div><\/div><div class=\"card-c2a\"><a class=\"btn border-radius-10 c2a-btn\" rel=\"nofollow\" target=\"_blank\" href=\"\/out\/fxpro?au=114&bp=2\">VISIT<\/a><\/div><\/div><\/div><div class=\"col-6 col-sm-4 col-md-3 item\"><div class=\"h-100 d-flex flex-column justify-content-between\"><div class=\"h-100 card-content border-radius-10\"><a href=\"https:\/\/www.tradingpedia.com\/forex-brokers\/xm\/\"><img decoding=\"async\" class=\"logo\" src=\"https:\/\/www.tradingpedia.com\/www-tradingpedia-com\/wp-content\/uploads\/logos\/md-xm-logo.webp\" \/><\/a><ul class=\"features\"><li class=\"yes\">$5 Min Deposit<\/li><li class=\"yes\">Demokonto<\/li><li class=\"yes\">Hedging<\/li><li class=\"yes\">Scalping<\/li><\/ul><div class=\"excerpt\"><i class=\"fas fa-plus-circle view-excerpt\"><\/i><div class=\"excerpt-content border-radius-10\">Libertex ist ein regulierter mobiler Broker, der Tradern \u00fcber zwei intuitive native Apps Zugang zu den Finanzm\u00e4rkten verschafft. Mobile Trader k\u00f6nnen die kostenlosen Anwendungen entweder \u00fcber die offizielle Website des Brokers oder \u00fcber die offi... <a href=\"https:\/\/www.tradingpedia.com\/forex-brokers\/xm\/\">Read more<\/a><\/div><\/div><\/div><div class=\"card-c2a\"><a class=\"btn border-radius-10 c2a-btn\" rel=\"nofollow\" target=\"_blank\" href=\"\/out\/xm?au=114&bp=3\">VISIT<\/a><\/div><\/div><\/div><div class=\"col-6 col-sm-4 col-md-3 item\"><div class=\"h-100 d-flex flex-column justify-content-between\"><div class=\"h-100 card-content border-radius-10\"><a href=\"https:\/\/www.tradingpedia.com\/forex-brokers\/libertex\/\"><img decoding=\"async\" class=\"logo\" src=\"https:\/\/www.tradingpedia.com\/www-tradingpedia-com\/wp-content\/uploads\/logos\/md-libertex-logo.webp\" \/><\/a><ul class=\"features\"><li class=\"yes\">$\/\u20ac10, \u20ac100 (first deposit, Europe) Min Deposit<\/li><li class=\"yes\">Demokonto<\/li><li class=\"yes\">Hedging<\/li><li class=\"yes\">Scalping<\/li><\/ul><div class=\"excerpt\"><i class=\"fas fa-plus-circle view-excerpt\"><\/i><div class=\"excerpt-content border-radius-10\">Libertex ist ein regulierter mobiler Broker, der Tradern \u00fcber zwei intuitive native Apps Zugang zu den Finanzm\u00e4rkten verschafft. Mobile Trader k\u00f6nnen die kostenlosen Anwendungen entweder \u00fcber die offizielle Website des Brokers oder \u00fcber die offi... <a href=\"https:\/\/www.tradingpedia.com\/forex-brokers\/libertex\/\">Read more<\/a><\/div><\/div><\/div><div class=\"card-c2a\"><a class=\"btn border-radius-10 c2a-btn\" rel=\"nofollow\" target=\"_blank\" href=\"\/out\/libertex?au=114&bp=4\">VISIT<\/a><\/div><\/div><\/div><div class=\"col-6 col-sm-4 col-md-3 item\"><div class=\"h-100 d-flex flex-column justify-content-between\"><div class=\"h-100 card-content border-radius-10\"><a href=\"https:\/\/www.tradingpedia.com\/forex-brokers\/avatrade\/\"><img decoding=\"async\" class=\"logo\" src=\"https:\/\/www.tradingpedia.com\/www-tradingpedia-com\/wp-content\/uploads\/logos\/md-avatrade-logo.webp\" \/><\/a><ul class=\"features\"><li class=\"yes\">$100 Min Deposit<\/li><li class=\"yes\">Demokonto<\/li><li class=\"yes\">Hedging<\/li><li class=\"yes\">Scalping<\/li><\/ul><div class=\"excerpt\"><i class=\"fas fa-plus-circle view-excerpt\"><\/i><div class=\"excerpt-content border-radius-10\">Libertex ist ein regulierter mobiler Broker, der Tradern \u00fcber zwei intuitive native Apps Zugang zu den Finanzm\u00e4rkten verschafft. Mobile Trader k\u00f6nnen die kostenlosen Anwendungen entweder \u00fcber die offizielle Website des Brokers oder \u00fcber die offi... <a href=\"https:\/\/www.tradingpedia.com\/forex-brokers\/avatrade\/\">Read more<\/a><\/div><\/div><\/div><div class=\"card-c2a\"><a class=\"btn border-radius-10 c2a-btn\" rel=\"nofollow\" target=\"_blank\" href=\"\/out\/avatrade?au=114&bp=5\">VISIT<\/a><\/div><\/div><\/div><div class=\"col-6 col-sm-4 col-md-3 item\"><div class=\"h-100 d-flex flex-column justify-content-between\"><div class=\"h-100 card-content border-radius-10\"><a href=\"https:\/\/www.tradingpedia.com\/forex-brokers\/etoro\/\"><img decoding=\"async\" class=\"logo\" src=\"https:\/\/www.tradingpedia.com\/www-tradingpedia-com\/wp-content\/uploads\/logos\/md-etoro-logo.webp\" \/><\/a><ul class=\"features\"><li class=\"yes\">50 $ oder 100 $ je nach Land (10 $ f\u00fcr das Vereinigte K\u00f6nigreich) Min Deposit<\/li><li class=\"yes\">Demokonto<\/li><li class=\"yes\">Hedging<\/li><li class=\"no\">Scalping<\/li><\/ul><div class=\"excerpt\"><i class=\"fas fa-plus-circle view-excerpt\"><\/i><div class=\"excerpt-content border-radius-10\">Libertex ist ein regulierter mobiler Broker, der Tradern \u00fcber zwei intuitive native Apps Zugang zu den Finanzm\u00e4rkten verschafft. Mobile Trader k\u00f6nnen die kostenlosen Anwendungen entweder \u00fcber die offizielle Website des Brokers oder \u00fcber die offi... <a href=\"https:\/\/www.tradingpedia.com\/forex-brokers\/etoro\/\">Read more<\/a><\/div><\/div><\/div><div class=\"card-c2a\"><a class=\"btn border-radius-10 c2a-btn\" rel=\"nofollow\" target=\"_blank\" href=\"\/out\/etoro?au=114&bp=6\">VISIT<\/a><\/div><\/div><\/div><div class=\"col-6 col-sm-4 col-md-3 item\"><div class=\"h-100 d-flex flex-column justify-content-between\"><div class=\"h-100 card-content border-radius-10\"><a href=\"https:\/\/www.tradingpedia.com\/forex-brokers\/markets-com\/\"><img decoding=\"async\" class=\"logo\" src=\"https:\/\/www.tradingpedia.com\/www-tradingpedia-com\/wp-content\/uploads\/logos\/md-markets-com-logo.webp\" \/><\/a><ul class=\"features\"><li class=\"yes\">$100 Min Deposit<\/li><li class=\"yes\">Demokonto<\/li><li class=\"yes\">Hedging<\/li><li class=\"yes\">Scalping<\/li><\/ul><div class=\"excerpt\"><i class=\"fas fa-plus-circle view-excerpt\"><\/i><div class=\"excerpt-content border-radius-10\">Libertex ist ein regulierter mobiler Broker, der Tradern \u00fcber zwei intuitive native Apps Zugang zu den Finanzm\u00e4rkten verschafft. Mobile Trader k\u00f6nnen die kostenlosen Anwendungen entweder \u00fcber die offizielle Website des Brokers oder \u00fcber die offi... <a href=\"https:\/\/www.tradingpedia.com\/forex-brokers\/markets-com\/\">Read more<\/a><\/div><\/div><\/div><div class=\"card-c2a\"><a class=\"btn border-radius-10 c2a-btn\">VISIT<\/a><\/div><\/div><\/div><div class=\"col-6 col-sm-4 col-md-3 item\"><div class=\"h-100 d-flex flex-column justify-content-between\"><div class=\"h-100 card-content border-radius-10\"><a href=\"https:\/\/www.tradingpedia.com\/de\/trading-apps\/robinhood-mobile-trading-app\/\"><img decoding=\"async\" class=\"logo\" src=\"\/wp-content\/uploads\/logos\/md-robinhood-logo.jpg\" \/><\/a><ul class=\"features\"><li class=\"yes\">1 Min Deposit<\/li><li class=\"no\">Demokonto<\/li><li class=\"no\">Hedging<\/li><li class=\"no\">Scalping<\/li><\/ul><div class=\"excerpt\"><i class=\"fas fa-plus-circle view-excerpt\"><\/i><div class=\"excerpt-content border-radius-10\">Robinhood ist ein etablierter Online-Broker, dessen Geschichte vor fast einem Jahrz... <a href=\"https:\/\/www.tradingpedia.com\/de\/trading-apps\/robinhood-mobile-trading-app\/\">Read more<\/a><\/div><\/div><\/div><div class=\"card-c2a\"><a class=\"btn border-radius-10 c2a-btn\">VISIT<\/a><\/div><\/div><\/div><div class=\"col-6 col-sm-4 col-md-3 item\"><div class=\"h-100 d-flex flex-column justify-content-between\"><div class=\"h-100 card-content border-radius-10\"><a href=\"https:\/\/www.tradingpedia.com\/de\/trading-apps\/dukascopy-mobile-trading-app\/\"><img decoding=\"async\" class=\"logo\" src=\"\/wp-content\/uploads\/logos\/md-dukascopy-logo.jpg\" \/><\/a><ul class=\"features\"><li class=\"yes\">5000.0000 Min Deposit<\/li><li class=\"yes\">Demokonto<\/li><li class=\"no\">Hedging<\/li><li class=\"no\">Scalping<\/li><\/ul><div class=\"excerpt\"><i class=\"fas fa-plus-circle view-excerpt\"><\/i><div class=\"excerpt-content border-radius-10\">Dukascopy ist ein preisgekr\u00f6ntes Brokerhaus und eine Bank mit Sitz in Genf, der bev\u00f6lk... <a href=\"https:\/\/www.tradingpedia.com\/de\/trading-apps\/dukascopy-mobile-trading-app\/\">Read more<\/a><\/div><\/div><\/div><div class=\"card-c2a\"><a class=\"btn border-radius-10 c2a-btn\">VISIT<\/a><\/div><\/div><\/div><\/div><div class=\"clearfix\"><\/div>\n<h2>So w\u00e4hlen Sie die richtige Forex-Trading-App aus<\/h2>\n<p>Die Wahl des richtigen Forex-Brokers ist entscheidend f\u00fcr jeden Trader, der am Devisenmarkt erfolgreich sein m\u00f6chte. Bei der Vielzahl verf\u00fcgbarer Optionen kann es \u00fcberw\u00e4ltigend sein zu entscheiden, welcher Broker am besten zu den eigenen Bed\u00fcrfnissen passt. Im Folgenden finden Sie neun Schl\u00fcsselfaktoren, die Sie bei der Auswahl eines Forex-Brokers ber\u00fccksichtigen sollten:<\/p>\n<h3>Regulatorische Vorschriften und Aufsicht<\/h3>\n<p>Stellen Sie sicher, dass der Broker von einer anerkannten Aufsichtsbeh\u00f6rde reguliert wird, etwa durch die Financial Conduct Authority (<a href=\"https:\/\/www.fca.org.uk\/\" rel=\"noopener nofollow \" target=\"_blank\">FCA<\/a>), die National Futures Association (<a href=\"https:\/\/www.nfa.futures.org\/\" rel=\"noopener nofollow \" target=\"_blank\">NFA<\/a>), die Cyprus Securities and Exchange Commission (<a href=\"https:\/\/www.cysec.gov.cy\/en-gb\/home\/\" rel=\"noopener nofollow \" target=\"_blank\">CySEC<\/a>) oder die Australian Securities and Investments Commission (<a href=\"https:\/\/asic.gov.au\/\" rel=\"noopener nofollow \" target=\"_blank\">ASIC<\/a>). Dies bietet eine zus\u00e4tzliche Schutzebene f\u00fcr Ihr Kapital und stellt sicher, dass der Broker fair und transparent agiert.<\/p>\n<h3>Hebel und Margin-Anforderungen<\/h3>\n<p>Ein Hebel erm\u00f6glicht es Ihnen, mit einem geringeren Kapitaleinsatz gr\u00f6\u00dfere Positionen zu kontrollieren. Er erh\u00f6ht jedoch zugleich das Verlustrisiko. Suchen Sie nach einem Broker, der flexible Hebeloptionen und wettbewerbsf\u00e4hige Margin-Anforderungen bietet.<\/p>\n<h3>Spreads und Kommissionen<\/h3>\n<p>Der Spread ist die Differenz zwischen dem Kauf- und Verkaufskurs eines W\u00e4hrungspaares. Achten Sie auf einen Broker, der enge Spreads und niedrige Kommissionen anbietet.<\/p>\n<h3>Einzahlungen und Auszahlungen<\/h3>\n<p>Pr\u00fcfen Sie die Ein- und Auszahlungsrichtlinien des Brokers, um sicherzustellen, dass sie bequem und kosteng\u00fcnstig sind. Suchen Sie nach Brokern, die kostenlose Ein- und Auszahlungen sowie eine Reihe von Zahlungsm\u00f6glichkeiten anbieten, darunter <a href=\"https:\/\/www.tradingpedia.com\/de\/forex-brokers\/forex-trading-with-visa-card\/\" rel=\"noopener\" target=\"_blank\">Visa<\/a>, <a href=\"https:\/\/www.tradingpedia.com\/de\/forex-brokers\/forex-trading-with-mastercard\/\" rel=\"noopener\" target=\"_blank\">MasterCard<\/a>, <a href=\"https:\/\/www.tradingpedia.com\/de\/forex-brokers\/forex-trading-brokers-paypal\/\" rel=\"noopener\" target=\"_blank\">PayPal<\/a> oder <a href=\"https:\/\/www.tradingpedia.com\/de\/forex-brokers\/forex-trading-with-crypto\/\" rel=\"noopener\" target=\"_blank\">Krypto<\/a>.<\/p>\n<h3>Handelsplattformen<\/h3>\n<p>Eine gute Handelsplattform sollte benutzerfreundlich und zuverl\u00e4ssig sein und eine Reihe von Funktionen und Tools bieten, die Ihnen beim effektiven Handel helfen. Suchen Sie nach Brokern, die mehrere Plattformen anbieten, darunter mobile und webbasierte Optionen. Zu den beliebtesten Handelsplattformen geh\u00f6ren <a href=\"https:\/\/www.metatrader4.com\/en\" rel=\"noopener nofollow \" target=\"_blank\">MetaTrader 4<\/a>, <a href=\"https:\/\/www.metatrader5.com\/\" rel=\"noopener nofollow \" target=\"_blank\">MetaTrader 5<\/a>, <a href=\"https:\/\/www.tradingview.com\/brokerage-integration\/\" rel=\"noopener nofollow \" target=\"_blank\">TradingView<\/a> und <a href=\"https:\/\/ctrader.com\/\" rel=\"noopener nofollow \" target=\"_blank\">cTrader<\/a>.<\/p>\n<h3>Handelszeiten<\/h3>\n<p>Forex ist ein 24-Stunden-Markt, daher ist es wichtig, einen Broker zu w\u00e4hlen, der flexible Handelszeiten anbietet. Suchen Sie nach Brokern, die 24\/5-Handel sowie Handelszeiten am Wochenende erm\u00f6glichen.<\/p>\n<h3>Anzahl der verf\u00fcgbaren Forex-M\u00e4rkte<\/h3>\n<p>Ein guter Broker sollte eine breite Auswahl an W\u00e4hrungspaaren anbieten, darunter Major-, Minor- und exotische Paare. Achten Sie auf Broker, die mehr als 80 W\u00e4hrungspaare sowie verschiedene Handelsarten anbieten, etwa Kassahandel und Futures-Positionen.<\/p>\n<h3>Bildungsressourcen<\/h3>\n<p> Ein guter Broker sollte eine Reihe von Bildungsressourcen anbieten, die Ihnen helfen, Ihre Handelsf\u00e4higkeiten zu verbessern. Suchen Sie nach Brokern, die kostenlose Kurse, Webinare und Analyseartikel sowie ein Demokonto zum \u00dcben zur Verf\u00fcgung stellen.<\/p>\n<h3>Kundenservice<\/h3>\n<p> Guter Kundenservice ist f\u00fcr jeden Trader unerl\u00e4sslich. Suchen Sie nach Brokern, die einen 24-Stunden-Support sowie verschiedene Kontaktm\u00f6glichkeiten anbieten, darunter Telefon, E-Mail und Live-Chat. Wenn Sie diese Faktoren ber\u00fccksichtigen, k\u00f6nnen Sie einen Forex-Broker finden, der Ihren Bed\u00fcrfnissen entspricht und Ihnen hilft, Ihre Handelsziele zu erreichen. Denken Sie daran, stets Ihre eigene Recherche zu betreiben und Bewertungen anderer Trader zu lesen, bevor Sie eine Entscheidung treffen.<\/p>\n<p>Zusammenfassend l\u00e4sst sich sagen, dass die Wahl des richtigen Forex-Brokers eine entscheidende Entscheidung ist, die einen erheblichen Unterschied f\u00fcr Ihren Handelserfolg ausmachen kann. Wenn Sie die oben genannten Faktoren ber\u00fccksichtigen, k\u00f6nnen Sie einen Broker finden, der die richtige Kombination aus Funktionen, Tools und Dienstleistungen bietet, um Ihnen beim Erreichen Ihrer Handelsziele zu helfen. Denken Sie immer daran, eigene Recherchen anzustellen, Bewertungen zu lesen und die Plattform eines Brokers zu testen, bevor Sie eine Entscheidung treffen.<\/p>\n","protected":false},"excerpt":{"rendered":"<p>Bei TradingPedia k\u00f6nnen Trader die besten Apps f\u00fcr den mobilen Handel und deren Funktionen vergleichen, um eine passende Wahl zu treffen, die ihren Bed\u00fcrfnissen am besten entspricht. Unsere ausf\u00fchrlichen Bewertungen decken alle Aspekte der Apps der mobilen Broker ab, einschlie\u00dflich der verf\u00fcgbaren Kontotypen, der Palette der unterst\u00fctzten Finanzinstrumente, der Ein- und Auszahlungsm\u00f6glichkeiten, der Regulierung sowie [&hellip;]<\/p>\n","protected":false},"author":1,"featured_media":0,"parent":0,"menu_order":0,"comment_status":"closed","ping_status":"closed","template":"templates\/full-width.php","meta":{"footnotes":""},"class_list":["post-120641","page","type-page","status-publish","hentry"],"aioseo_notices":[],"_links":{"self":[{"href":"https:\/\/www.tradingpedia.com\/de\/wp-json\/wp\/v2\/pages\/120641","targetHints":{"allow":["GET"]}}],"collection":[{"href":"https:\/\/www.tradingpedia.com\/de\/wp-json\/wp\/v2\/pages"}],"about":[{"href":"https:\/\/www.tradingpedia.com\/de\/wp-json\/wp\/v2\/types\/page"}],"author":[{"embeddable":true,"href":"https:\/\/www.tradingpedia.com\/de\/wp-json\/wp\/v2\/users\/1"}],"replies":[{"embeddable":true,"href":"https:\/\/www.tradingpedia.com\/de\/wp-json\/wp\/v2\/comments?post=120641"}],"version-history":[{"count":1,"href":"https:\/\/www.tradingpedia.com\/de\/wp-json\/wp\/v2\/pages\/120641\/revisions"}],"predecessor-version":[{"id":129561,"href":"https:\/\/www.tradingpedia.com\/de\/wp-json\/wp\/v2\/pages\/120641\/revisions\/129561"}],"wp:attachment":[{"href":"https:\/\/www.tradingpedia.com\/de\/wp-json\/wp\/v2\/media?parent=120641"}],"curies":[{"name":"wp","href":"https:\/\/api.w.org\/{rel}","templated":true}]}}