{"id":120619,"date":"2019-09-04T07:47:20","date_gmt":"2019-09-04T07:47:20","guid":{"rendered":"https:\/\/www.tradingpedia.com\/forex-brokers\/libertex\/"},"modified":"2026-04-28T09:28:56","modified_gmt":"2026-04-28T09:28:56","slug":"libertex","status":"publish","type":"page","link":"https:\/\/www.tradingpedia.com\/de\/forex-brokers\/libertex\/","title":{"rendered":"Libertex-Bewertung 2026"},"content":{"rendered":"<p>Libertex ist ein erfahrener Online-Broker an den Finanzm\u00e4rkten, der sich auf den Handel mit echten Aktien und CFDs spezialisiert hat. Der Broker bietet eine benutzerfreundliche App f\u00fcr mobile Ger\u00e4te mit iOS und Android.<\/p>\n<p>Von einer einfachen Registrierung und Einzahlung auf Ihr Konto \u00fcber blitzschnelle Orderausf\u00fchrung bis hin zu einer einzigartigen Handelsumgebung ist die Plattform mit allem ausgestattet, was f\u00fcr den Online-Handel erforderlich ist. Mit ihrem benutzerfreundlichen Layout eignet sich Libertex f\u00fcr alle Arten von Tradern.<\/p>\n\n    <section class=\"instruments\">\n      <div class=\"instruments_head\">\n        <h2 id=\"instruments\">Basiswerte<div class=\"star-rating stars-4\"><\/div><\/h2>\n        Bei Libertex haben Sie die M\u00f6glichkeit, mit einer Vielzahl von Basiswerten zu handeln oder in echte Aktien zu investieren. Je nach Handelsstil und Ziel k\u00f6nnen Sie diejenigen w\u00e4hlen, die am besten zu Ihren Bed\u00fcrfnissen passen. Libertex bietet handelbare CFDs an, deren Basiswerte Rohstoffe, Indizes, Forex, ETFs, Kryptow\u00e4hrungen, Aktien und andere sind. Kunden k\u00f6nnen CFDs mit niedrigen Kommissionsgeb\u00fchren und engen Spreads handeln.\n      <\/div>\n\n      <div class=\"instruments_body\">\n        <ul class=\"row\">\n          <li class=\"col-12 col-sm-6 col-md-4\"><div class=\"instrument\"><a href=\"#trading_instruments-0\">CFDs auf W\u00e4hrungen<\/a><\/div><\/li><li class=\"col-12 col-sm-6 col-md-4\"><div class=\"instrument\"><a href=\"#trading_instruments-1\">CFDs auf Kryptow\u00e4hrungen<\/a><\/div><\/li><li class=\"col-12 col-sm-6 col-md-4\"><div class=\"instrument\"><a href=\"#trading_instruments-2\">CFDs auf Edelmetalle<\/a><\/div><\/li><li class=\"col-12 col-sm-6 col-md-4\"><div class=\"instrument\"><a href=\"#trading_instruments-3\">CFDs auf \u00d6l und Gas<\/a><\/div><\/li><li class=\"col-12 col-sm-6 col-md-4\"><div class=\"instrument\"><a href=\"#trading_instruments-4\">CFDs auf Aktien<\/a><\/div><\/li><li class=\"col-12 col-sm-6 col-md-4\"><div class=\"instrument\"><a href=\"#trading_instruments-5\">CFDs auf Agrarrohstoffe<\/a><\/div><\/li>\n        <\/ul>\n      <\/div>\n\n      <div class=\"instruments_foot\">\n        <div id=\"trading_instruments-0\"><h3>CFDs auf W\u00e4hrungen<\/h3><p>Der Handel mit Forex\u2011CFDs erm\u00f6glicht es Tradern, sowohl auf steigende als auch auf fallende Kurse verschiedener W\u00e4hrungspaare zu spekulieren, ohne die zugrunde liegenden W\u00e4hrungen zu besitzen. Bei Libertex k\u00f6nnen Sie sieben Haupt\u2011CFD\u2011Paare (EUR\/USD, GBP\/USD, USD\/JPY und weitere) sowie 23 Cross\u2011CFD\u2011Paare (EUR\/JPY, GBP\/JPY, CAD\/JPY usw.) handeln. Zus\u00e4tzlich stehen mehr als 20 exotische CFD\u2011Paare zur Verf\u00fcgung.<\/p>\n<\/div><div id=\"trading_instruments-1\"><h3>CFDs auf Kryptow\u00e4hrungen<\/h3><p>In einer zunehmend digitalisierten Welt werden Kryptow\u00e4hrungen immer beliebter. Wie beim Handel mit Forex-CFDs besitzen Trader nicht die zugrunde liegenden Verm\u00f6genswerte, mit denen sie handeln. Libertex bietet sowohl Bitcoin- als auch Litecoin-CFDs an. Der Preis von Bitcoin schwankt stark, da sein Wert von der Nachfrage und dem Umfang der G\u00fcter abh\u00e4ngt, f\u00fcr die es verwendet werden kann. Litecoin ist die zweitmeistgehandelte Kryptow\u00e4hrung und wird oft als das Silber zu Bitcoins Gold bezeichnet. Seine Volatilit\u00e4t bietet Tradern ebenfalls interessante M\u00f6glichkeiten.<\/p>\n<\/div><div id=\"trading_instruments-2\"><h3>CFDs auf Edelmetalle<\/h3><p>Edelmetalle stellen eine weitere Anlageklasse dar, die bei Tradern aller Erfahrungsstufen sehr gefragt ist. Libertex erm\u00f6glicht Tradern die Wahl zwischen CFDs auf Gold, Silber, Kupfer, Platin und Palladium. Der Marktnews-Bereich der Plattform h\u00e4lt sie gut \u00fcber die neuesten Marktentwicklungen und -trends informiert. Gold- und Silber-CFDs ziehen viel Aufmerksamkeit von Tradern auf sich, da sie zu den besten Basiswerten f\u00fcr den Handel gelten. Auch CFDs auf Kupfer, Platin und Palladium wecken Interesse bei Tradern, da diese Metalle in zahlreichen Branchen umfangreich eingesetzt werden.<\/p>\n<\/div><div id=\"trading_instruments-3\"><h3>CFDs auf \u00d6l und Gas<\/h3><p>Libertex bietet Tradern die M\u00f6glichkeit, f\u00fcnf Arten von CFDs auf \u00d6l und Gas zu handeln \u2013 Brent Crude Oil, WTI Crude Oil, Henry Hub Natural Gas, Heating Oil und Light Sweet Crude Oil. Das Verhalten der \u00d6lpreise wird \u00fcblicherweise durch das Gleichgewicht von Angebot und Nachfrage sowie durch verschiedene makro\u00f6konomische und geopolitische Faktoren bestimmt. Neben dem Gleichgewicht von Angebot und Nachfrage beeinflussen auch \u00d6lpreise und Wetterbedingungen die Preise f\u00fcr Erdgas.<\/p>\n<\/div><div id=\"trading_instruments-4\"><h3>CFDs auf Aktien<\/h3><p>Aktien-CFD-Handel ist eine weitere Option, die Libertex-Kunden zur Verf\u00fcgung steht. Die Plattform listet eine Vielzahl von Sektoren, darunter Technologie, Industrie, Finanzwesen, Konsumg\u00fcter und Dienstleistungen, Telekommunikation, Energie und Gesundheitswesen. CFDs auf die Aktien prominenter Unternehmen \u2013 wie eBay Inc., Twitter Inc., Google Inc., Apple Inc., Microsoft Corp. und Adobe Systems Inc. \u2013 sind bei Tradern sehr gefragt.<\/p>\n<\/div><div id=\"trading_instruments-5\"><h3>CFDs auf Agrarrohstoffe<\/h3><p>Wenn Libertex von Agrarrohstoff-CFDs spricht, meint das Unternehmen traditionelle Differenzkontrakte (CFDs), die auf seiner modernen Plattform gehandelt werden. Diese Instrumente sprechen sowohl Anf\u00e4nger als auch erfahrene Trader an und umfassen CFDs auf Kaffee, Kakao, Sojabohnen, Weizen, Mais und Zucker. Sie geh\u00f6ren weiterhin zu den am aktivsten gehandelten Basiswerten, deren Preise saisonal und \u00fcber das Jahr hinweg schwanken. Neben Angebot und Nachfrage werden die Preise f\u00fcr Agrarrohstoffe von Faktoren wie Wetterbedingungen, Fortschritten in der Agrartechnik und dem globalen Bev\u00f6lkerungswachstum beeinflusst.<\/p>\n<\/div>\n      <\/div>\n    <\/section>\n  \n<h2 id=\"platforms\">Handelsplattform <div class=\"star-rating stars-4-5\"><\/div><\/h2>\n\n<div class=\"platforms\">\n<table>\n  <tbody>\n    <tr>\n      <th>\n        <img decoding=\"async\" src=\"https:\/\/www.tradingpedia.com\/wp-content\/themes\/trading-pedia\/images\/platforms-icon.svg\">\n        <h3>Plattformen<\/h3>\n      <\/th>\n      <th>\n        <img decoding=\"async\" src=\"https:\/\/www.tradingpedia.com\/wp-content\/themes\/trading-pedia\/images\/pc-mac-icon.svg\">\n        <h3>PC \/ MAC<\/h3>\n      <\/th>\n      <th>\n        <img decoding=\"async\" src=\"https:\/\/www.tradingpedia.com\/wp-content\/themes\/trading-pedia\/images\/smartphones-icon.svg\">\n        <h3>Smartphones<\/h3>\n      <\/th>\n      <th>\n        <img decoding=\"async\" src=\"https:\/\/www.tradingpedia.com\/wp-content\/themes\/trading-pedia\/images\/tablets-icon.svg\">\n        <h3>Tablets<\/h3>\n      <\/th>\n    <\/tr><tr><td>MetaTrader 4<\/td><td><img decoding=\"async\" src=\"https:\/\/www.tradingpedia.com\/wp-content\/themes\/trading-pedia\/images\/windows-logo.svg\" \/><img decoding=\"async\" src=\"https:\/\/www.tradingpedia.com\/wp-content\/themes\/trading-pedia\/images\/apple-logo.svg\" \/><\/td><td><img decoding=\"async\" src=\"https:\/\/www.tradingpedia.com\/wp-content\/themes\/trading-pedia\/images\/ios-logo.svg\" \/><img decoding=\"async\" src=\"https:\/\/www.tradingpedia.com\/wp-content\/themes\/trading-pedia\/images\/android-logo.svg\" \/><\/td><td><img decoding=\"async\" src=\"https:\/\/www.tradingpedia.com\/wp-content\/themes\/trading-pedia\/images\/ios-logo.svg\" \/><img decoding=\"async\" src=\"https:\/\/www.tradingpedia.com\/wp-content\/themes\/trading-pedia\/images\/android-logo.svg\" \/><\/td><\/tr><tr><td>MetaTrader 5<\/td><td><img decoding=\"async\" src=\"https:\/\/www.tradingpedia.com\/wp-content\/themes\/trading-pedia\/images\/windows-logo.svg\" \/><img decoding=\"async\" src=\"https:\/\/www.tradingpedia.com\/wp-content\/themes\/trading-pedia\/images\/apple-logo.svg\" \/><\/td><td><img decoding=\"async\" src=\"https:\/\/www.tradingpedia.com\/wp-content\/themes\/trading-pedia\/images\/ios-logo.svg\" \/><img decoding=\"async\" src=\"https:\/\/www.tradingpedia.com\/wp-content\/themes\/trading-pedia\/images\/android-logo.svg\" \/><\/td><td><img decoding=\"async\" src=\"https:\/\/www.tradingpedia.com\/wp-content\/themes\/trading-pedia\/images\/ios-logo.svg\" \/><img decoding=\"async\" src=\"https:\/\/www.tradingpedia.com\/wp-content\/themes\/trading-pedia\/images\/android-logo.svg\" \/><\/td><\/tr><\/tbody><\/table><\/div>\n\n        <div class=\"table-wrapper\">\n          <table>\n            <tr><th colspan=\"2\">Handelsinformationen<\/th><\/tr>\n            <tr><td>Handelsplattformen<\/td><td>MetaTrader 4, MetaTrader 5<\/d><\/tr>\n      <tr><td>Demokonto<\/td><td><img decoding=\"async\" width=\"24\" height=\"24\" src=\"https:\/\/www.tradingpedia.com\/wp-content\/themes\/trading-pedia\/images\/ico-check.svg\" alt=\"Verf\u00fcgbar\" \/><\/td><\/tr><tr><td>Hedging<\/td><td><img decoding=\"async\" width=\"24\" height=\"24\" src=\"https:\/\/www.tradingpedia.com\/wp-content\/themes\/trading-pedia\/images\/ico-check.svg\" alt=\"Verf\u00fcgbar\" \/><\/td><\/tr><tr><td>Scalping<\/td><td><img decoding=\"async\" width=\"24\" height=\"24\" src=\"https:\/\/www.tradingpedia.com\/wp-content\/themes\/trading-pedia\/images\/ico-check.svg\" alt=\"Verf\u00fcgbar\" \/><\/td><\/tr><tr><td>US-Trader<\/td><td><img decoding=\"async\" width=\"24\" height=\"24\" src=\"https:\/\/www.tradingpedia.com\/wp-content\/themes\/trading-pedia\/images\/ico-xmark.svg\" alt=\"Nicht verf\u00fcgbar\" \/><\/td><\/tr><tr><td>Arabische Trader<\/td><td><img decoding=\"async\" width=\"24\" height=\"24\" src=\"https:\/\/www.tradingpedia.com\/wp-content\/themes\/trading-pedia\/images\/ico-xmark.svg\" alt=\"Nicht verf\u00fcgbar\" \/><\/td><\/tr>\n          <\/table>\n        <\/div>\n      \n<p>Mit Libertex k\u00f6nnen Sie \u00fcber MT4, MT5 und die Libertex-Plattform sowie \u00fcber iOS- und Android-Apps handeln. Die Libertex-Plattform funktioniert sowohl auf Desktop- als auch auf Mobilger\u00e4ten sehr gut. Die webbasierte Handelsplattform bietet eine benutzerfreundliche Oberfl\u00e4che und eignet sich daher f\u00fcr Trader aller Erfahrungsstufen. Die Plattform bietet eine Vielzahl spezieller Funktionen, die f\u00fcr ein abwechslungsreiches Handelserlebnis sorgen. So k\u00f6nnen Sie beispielsweise einen bestimmten Basiswert zu Ihren Favoriten hinzuf\u00fcgen, sodass Sie ihn beim n\u00e4chsten Mal im Handumdrehen wiederfinden.<\/p>\n<p>Sie k\u00f6nnen au\u00dferdem w\u00e4hlen, in welcher Darstellung und mit welchem Zeitrahmen jedes Chart angezeigt wird. Um auf die Finanzm\u00e4rkte zuzugreifen, m\u00fcssen Sie keine Software herunterladen oder installieren. Die Plattform l\u00e4uft auf verschiedenen Mobilger\u00e4ten, darunter Android und iOS, sehr fl\u00fcssig. F\u00fcr einen schnelleren Zugriff k\u00f6nnen Sie die spezielle Libertex-App direkt aus dem Google Play Store oder dem Apple App Store herunterladen. Dank der App k\u00f6nnen Sie jederzeit und \u00fcberall handeln.<\/p>\n<h2 id=\"payment\">Zahlungsmethoden <div class=\"star-rating stars-4\"><\/div><\/h2>\n<p>Um Ihr Libertex-Konto aufzuladen, k\u00f6nnen Sie aus mehreren Zahlungsmethoden w\u00e4hlen \u2013 Visa, Mastercard, Bank\u00fcberweisung, Skrill, PayPal usw. Die Verf\u00fcgbarkeit der einzelnen Methoden h\u00e4ngt von Ihrem Wohnsitzland und den dort geltenden Vorschriften ab.<\/p>\n<h2 id=\"account\">Kontotypen <div class=\"star-rating stars-4\"><\/div><\/h2>\n<p>Bei Libertex stehen drei Kontotypen zur Verf\u00fcgung: ein Invest-Konto, ein CFD-Handelskonto und ein Demokonto. Wenn Sie sich noch nicht sicher genug f\u00fchlen, um mit eigenem Kapital zu handeln, k\u00f6nnen Sie sich f\u00fcr das Demokonto entscheiden. F\u00fcr die Er\u00f6ffnung ben\u00f6tigen Sie lediglich eine E-Mail-Adresse und ein Passwort. Nach der Registrierung erhalten Sie virtuelles Guthaben, mit dem Sie das Handeln auf der Libertex-Plattform \u00fcben k\u00f6nnen.<\/p>\n<p>Zus\u00e4tzlich k\u00f6nnen Sie ein Echtgeld-Handelskonto er\u00f6ffnen.<\/p>\n<div class=\"important\"><strong>Wichtig:<\/strong> Auch wenn Libertex jeden Schritt \u2013 von der Registrierung und der Einzahlung auf Ihr Konto bis zur Orderausf\u00fchrung \u2013 so einfach wie m\u00f6glich gestaltet, bleibt der Handel mit erheblichen finanziellen Risiken verbunden. Stellen Sie sicher, dass Sie die vollst\u00e4ndigen Rechtsunterlagen des Brokers lesen, alle Geb\u00fchren sorgf\u00e4ltig pr\u00fcfen und Strategien zun\u00e4chst mit dem kostenlosen Demokonto testen, bevor Sie echtes Kapital einsetzen. Eine verantwortungsvolle Geldverwaltung bleibt jederzeit Ihre pers\u00f6nliche Aufgabe.<\/div>\n<h2 id=\"support\">Kundensupport <div class=\"star-rating stars-4-5\"><\/div><\/h2>\n<p>Wenn Sie Unterst\u00fctzung ben\u00f6tigen, k\u00f6nnen Sie das Support-Team per Telefon, E-Mail oder Live-Chat kontaktieren. In der Regel ist der Live-Chat die schnellste Option, da er Sie direkt mit einem Mitarbeiter des Kundensupports verbindet. Die Mitarbeiter des Unternehmens sind sehr kompetent und beantworten Anfragen z\u00fcgig. Dar\u00fcber hinaus bietet der Hilfe- und Support-Bereich von Libertex ausf\u00fchrliche Informationen zu einer Vielzahl von Themen, darunter die Handelsplattform, Transaktionen und vieles mehr.<\/p>\n\n    <section class=\"ready-to-trade\">\n      <div class=\"ready-to-trade_head\">\n        <h3>Sind Sie bereit zu handeln?<\/h3>\n      <\/div>\n      <div class=\"ready-to-trade_body\">\n        <div class=\"row\">\n          <div class=\"col-12 col-md-6\">\n            <a href=\"\/out\/libertex?au=114&bp=1\" target=\"_blank\" rel=\"nofollow noopener noreferrer\" class=\"demo\">Ein Demokonto er\u00f6ffnen<\/a>\n          <\/div>\n\n          <div class=\"col-12 col-md-6\">\n            <a href=\"\/out\/libertex?au=114&bp=1\" target=\"_blank\" rel=\"nofollow noopener noreferrer\" class=\"account\">Ein Konto er\u00f6ffnen<\/a>\n          <\/div>\n        <\/div>\n      <\/div>\n    <\/section>\n  \n<p><em>Risikowarnung: CFDs sind komplexe Finanzinstrumente und gehen aufgrund der Hebelwirkung mit einem hohen Risiko einher, schnell Geld zu verlieren. 84 % der Kleinanlegerkonten verlieren Geld beim Handel mit CFDs bei diesem Anbieter. Sie sollten sorgf\u00e4ltig \u00fcberlegen, ob Sie verstehen, wie CFDs funktionieren, und ob Sie es sich leisten k\u00f6nnen, das hohe Risiko einzugehen, Ihr Geld zu verlieren.<\/em><\/p>\n","protected":false},"excerpt":{"rendered":"<p>Libertex ist ein erfahrener Online-Broker an den Finanzm\u00e4rkten, der sich auf den Handel mit echten Aktien und CFDs spezialisiert hat. Der Broker bietet eine benutzerfreundliche App f\u00fcr mobile Ger\u00e4te mit iOS und Android. Von einer einfachen Registrierung und Einzahlung auf Ihr Konto \u00fcber blitzschnelle Orderausf\u00fchrung bis hin zu einer einzigartigen Handelsumgebung ist die Plattform mit [&hellip;]<\/p>\n","protected":false},"author":1,"featured_media":0,"parent":120601,"menu_order":9910,"comment_status":"closed","ping_status":"closed","template":"templates\/broker.php","meta":{"footnotes":""},"class_list":["post-120619","page","type-page","status-publish","hentry"],"aioseo_notices":[],"_links":{"self":[{"href":"https:\/\/www.tradingpedia.com\/de\/wp-json\/wp\/v2\/pages\/120619","targetHints":{"allow":["GET"]}}],"collection":[{"href":"https:\/\/www.tradingpedia.com\/de\/wp-json\/wp\/v2\/pages"}],"about":[{"href":"https:\/\/www.tradingpedia.com\/de\/wp-json\/wp\/v2\/types\/page"}],"author":[{"embeddable":true,"href":"https:\/\/www.tradingpedia.com\/de\/wp-json\/wp\/v2\/users\/1"}],"replies":[{"embeddable":true,"href":"https:\/\/www.tradingpedia.com\/de\/wp-json\/wp\/v2\/comments?post=120619"}],"version-history":[{"count":2,"href":"https:\/\/www.tradingpedia.com\/de\/wp-json\/wp\/v2\/pages\/120619\/revisions"}],"predecessor-version":[{"id":135617,"href":"https:\/\/www.tradingpedia.com\/de\/wp-json\/wp\/v2\/pages\/120619\/revisions\/135617"}],"up":[{"embeddable":true,"href":"https:\/\/www.tradingpedia.com\/de\/wp-json\/wp\/v2\/pages\/120601"}],"wp:attachment":[{"href":"https:\/\/www.tradingpedia.com\/de\/wp-json\/wp\/v2\/media?parent=120619"}],"curies":[{"name":"wp","href":"https:\/\/api.w.org\/{rel}","templated":true}]}}