{"id":120614,"date":"2019-09-04T07:47:20","date_gmt":"2019-09-04T07:47:20","guid":{"rendered":"https:\/\/www.tradingpedia.com\/forex-brokers\/fxcm\/"},"modified":"2026-03-19T15:15:53","modified_gmt":"2026-03-19T15:15:53","slug":"fxcm","status":"publish","type":"page","link":"https:\/\/www.tradingpedia.com\/de\/forex-brokers\/fxcm\/","title":{"rendered":"FXCM-Bewertung 2026"},"content":{"rendered":"<p>Die preisgekr\u00f6nte Trading Station-Plattform von FXCM unterst\u00fctzt mobilen Handel, One-Click-Orderausf\u00fchrung und den Handel direkt aus Echtzeit-Charts. Das Unternehmen ist ein globaler Anbieter im Forex-Handel und bietet  Zugang zu einem umfangreichen Netzwerk von Forex-Liquidit\u00e4tsanbietern.<\/p>\n<h2 id=\"overview\">\u00dcberblick<\/h2>\n<p>FXCM ist einer der gr\u00f6\u00dften und fortschrittlichsten Forex-Broker im Internet. Seit der Gr\u00fcndung im Jahr 1999 hat sich das Unternehmen zur bevorzugten Wahl von Millionen von Tradern entwickelt, die einen zuverl\u00e4ssigen, benutzerfreundlichen und modernen Broker suchen.<\/p>\n<p>Die Dienstleistungen von FXCM stehen Kunden weltweit zur Verf\u00fcgung, und das Unternehmen wird von den folgenden Aufsichtsbeh\u00f6rden reguliert: NFA, CFTC, SFC, ASIC, CONSOB, FCA, DGCX, BaFin, ACP und AMF. Die Website ist in mehr als 10 Sprachen verf\u00fcgbar, darunter Arabisch, Russisch, Hebr\u00e4isch, Englisch, Deutsch und weitere.<\/p>\n\n        <div class=\"table-wrapper\">\n          <table>\n            <tr><th colspan=\"2\">Allgemeine Informationen \u00fcber FXCM<\/th><\/tr>\n            <tr>\n              <td><strong>Mindesteinzahlung<\/strong><\/td>\n              <td>$50<\/td>\n            <\/tr>\n\n            <tr>\n              <td><strong>Unterst\u00fctzte Sprachen<\/strong><\/td>\n              <td>Arabisch, Deutsch, Spanisch, Japanisch, T\u00fcrkisch<\/td>\n            <\/tr>\n            <tr>\n              <td><strong>Unterst\u00fctzte W\u00e4hrungen<\/strong><\/td>\n              <td>EUR, GBP, USD<\/td>\n            <\/tr>\n            \n              <tr>\n                <td style=\"width: 250px;\"><strong>Website<\/strong><\/td>\n                <td><a>https:\/\/www.fxcm-markets.com\/<\/a><\/td>\n              <\/tr>\n          \n              <tr>\n                <td><strong>Telefonnummer<\/strong><\/td>\n                <td><a href=\"tel:+357 22022619\">+357 22022619<\/a><\/td>\n              <\/tr>\n          \n              <tr>\n                <td><strong>Support-E-Mail<\/strong><\/td>\n                <td><a href=\"mailto:info@fxcmmarkets.com\">info@fxcmmarkets.com<\/a><\/td>\n              <\/tr>\n          \n              <tr>\n                <td><strong>Adresse des Hauptsitzes<\/strong><\/td>\n                <td><a href=\"https:\/\/maps.app.goo.gl\/QcLxRSNDnWSErfrC7\" rel=\"nofollow\" target=\"_blank\">33 Neas Engomis Street, 2409 Engomi, Nicosia, Cyprus<\/a><\/td>\n              <\/tr>\n          \n              <tr>\n                <td colspan=\"2\"><iframe src=\"https:\/\/www.google.com\/maps\/embed?pb=!1m18!1m12!1m3!1d3261.6580665595525!2d33.32009147443975!3d35.16514749796311!2m3!1f0!2f0!3f0!3m2!1i1024!2i768!4f13.1!3m3!1m2!1s0x14de1a7296dfeaf7%3A0xdb495d02197498a1!2sDOMS%20Business%20Centre!5e0!3m2!1sen!2smy!4v1738133522993!5m2!1sen!2smy\" style=\"width: 100%; height: 300px;\" style=\"border:0;\" allowfullscreen=\"\" loading=\"lazy\" referrerpolicy=\"no-referrer-when-downgrade\"><\/iframe><\/td>\n              <\/tr>\n          \n          <\/table>\n        <\/div>\n      \n\n          <div class=\"table-wrapper\">\n            <table>\n              <tr><th>Regulierungsbeh\u00f6rde<\/th><th>Lizenz<\/th><\/tr>\n        <tr><td>CySEC<\/td><td><a href=\"https:\/\/www.cysec.gov.cy\/en-GB\/entities\/investment-firms\/cypriot\/88692\/\" rel=\"nofollow\" target=\"_blank\">392\/20<\/a><\/td><\/tr><tr><td>FCA<\/td><td><a href=\"https:\/\/register.fca.org.uk\/s\/firm?id=001b000000MfNCCAA3\" rel=\"nofollow\" target=\"_blank\">217689<\/a><\/td><\/tr><tr><td>SVGFSA<\/td><td><a href=\"https:\/\/svgfsa.com\" rel=\"nofollow\" target=\"_blank\">1776<\/a><\/td><\/tr><tr><td>FSCA<\/td><td>46534<\/td><\/tr><tr><td>ISA<\/td><td>515234623<\/td><\/tr><tr><td>ASIC<\/td><td><a href=\"https:\/\/service.asic.gov.au\/Search\/EntityDetail?LicenceNumber=309763&PermissionType=Australian%20financial%20services%20licensees&licenceName=STRATOS%20TRADING%20PTY.%20LIMITED\" rel=\"nofollow\" target=\"_blank\">309763<\/a><\/td><\/tr>\n            <\/table>\n          <\/div>\n        \n<h2 id=\"features\">Plattformen &amp; Funktionen <div class=\"star-rating stars-4\"><\/div><\/h2>\n\n<div class=\"platforms\">\n<table>\n  <tbody>\n    <tr>\n      <th>\n        <img decoding=\"async\" src=\"https:\/\/www.tradingpedia.com\/wp-content\/themes\/trading-pedia\/images\/platforms-icon.svg\">\n        <h3>Plattformen<\/h3>\n      <\/th>\n      <th>\n        <img decoding=\"async\" src=\"https:\/\/www.tradingpedia.com\/wp-content\/themes\/trading-pedia\/images\/pc-mac-icon.svg\">\n        <h3>PC \/ MAC<\/h3>\n      <\/th>\n      <th>\n        <img decoding=\"async\" src=\"https:\/\/www.tradingpedia.com\/wp-content\/themes\/trading-pedia\/images\/smartphones-icon.svg\">\n        <h3>Smartphones<\/h3>\n      <\/th>\n      <th>\n        <img decoding=\"async\" src=\"https:\/\/www.tradingpedia.com\/wp-content\/themes\/trading-pedia\/images\/tablets-icon.svg\">\n        <h3>Tablets<\/h3>\n      <\/th>\n    <\/tr><tr><td>MetaTrader 4<\/td><td><img decoding=\"async\" src=\"https:\/\/www.tradingpedia.com\/wp-content\/themes\/trading-pedia\/images\/windows-logo.svg\" \/><img decoding=\"async\" src=\"https:\/\/www.tradingpedia.com\/wp-content\/themes\/trading-pedia\/images\/apple-logo.svg\" \/><\/td><td><img decoding=\"async\" src=\"https:\/\/www.tradingpedia.com\/wp-content\/themes\/trading-pedia\/images\/ios-logo.svg\" \/><img decoding=\"async\" src=\"https:\/\/www.tradingpedia.com\/wp-content\/themes\/trading-pedia\/images\/android-logo.svg\" \/><\/td><td><img decoding=\"async\" src=\"https:\/\/www.tradingpedia.com\/wp-content\/themes\/trading-pedia\/images\/ios-logo.svg\" \/><img decoding=\"async\" src=\"https:\/\/www.tradingpedia.com\/wp-content\/themes\/trading-pedia\/images\/android-logo.svg\" \/><\/td><\/tr><tr><td>FXCM Trading Station<\/td><td><img decoding=\"async\" src=\"https:\/\/www.tradingpedia.com\/wp-content\/themes\/trading-pedia\/images\/windows-logo.svg\" \/><img decoding=\"async\" src=\"https:\/\/www.tradingpedia.com\/wp-content\/themes\/trading-pedia\/images\/apple-logo.svg\" \/><\/td><td><img decoding=\"async\" src=\"https:\/\/www.tradingpedia.com\/wp-content\/themes\/trading-pedia\/images\/ios-logo.svg\" \/><img decoding=\"async\" src=\"https:\/\/www.tradingpedia.com\/wp-content\/themes\/trading-pedia\/images\/android-logo.svg\" \/><\/td><td><img decoding=\"async\" src=\"https:\/\/www.tradingpedia.com\/wp-content\/themes\/trading-pedia\/images\/ios-logo.svg\" \/><img decoding=\"async\" src=\"https:\/\/www.tradingpedia.com\/wp-content\/themes\/trading-pedia\/images\/android-logo.svg\" \/><\/td><\/tr><tr><td>FXCC Zulu Trade<\/td><td><img decoding=\"async\" src=\"https:\/\/www.tradingpedia.com\/wp-content\/themes\/trading-pedia\/images\/windows-logo.svg\" \/><img decoding=\"async\" src=\"https:\/\/www.tradingpedia.com\/wp-content\/themes\/trading-pedia\/images\/apple-logo.svg\" \/><\/td><td><img decoding=\"async\" src=\"https:\/\/www.tradingpedia.com\/wp-content\/themes\/trading-pedia\/images\/ios-logo.svg\" \/><img decoding=\"async\" src=\"https:\/\/www.tradingpedia.com\/wp-content\/themes\/trading-pedia\/images\/android-logo.svg\" \/><\/td><td><img decoding=\"async\" src=\"https:\/\/www.tradingpedia.com\/wp-content\/themes\/trading-pedia\/images\/ios-logo.svg\" \/><img decoding=\"async\" src=\"https:\/\/www.tradingpedia.com\/wp-content\/themes\/trading-pedia\/images\/android-logo.svg\" \/><\/td><\/tr><tr><td>Mirror Trader<\/td><td><img decoding=\"async\" src=\"https:\/\/www.tradingpedia.com\/wp-content\/themes\/trading-pedia\/images\/windows-logo.svg\" \/><img decoding=\"async\" src=\"https:\/\/www.tradingpedia.com\/wp-content\/themes\/trading-pedia\/images\/apple-logo.svg\" \/><\/td><td><img decoding=\"async\" src=\"https:\/\/www.tradingpedia.com\/wp-content\/themes\/trading-pedia\/images\/ios-logo.svg\" \/><img decoding=\"async\" src=\"https:\/\/www.tradingpedia.com\/wp-content\/themes\/trading-pedia\/images\/android-logo.svg\" \/><\/td><td><img decoding=\"async\" src=\"https:\/\/www.tradingpedia.com\/wp-content\/themes\/trading-pedia\/images\/ios-logo.svg\" \/><img decoding=\"async\" src=\"https:\/\/www.tradingpedia.com\/wp-content\/themes\/trading-pedia\/images\/android-logo.svg\" \/><\/td><\/tr><tr><td>Ninja Trader<\/td><td><img decoding=\"async\" src=\"https:\/\/www.tradingpedia.com\/wp-content\/themes\/trading-pedia\/images\/windows-logo.svg\" \/><\/td><td><img decoding=\"async\" src=\"https:\/\/www.tradingpedia.com\/wp-content\/themes\/trading-pedia\/images\/ios-logo.svg\" \/><img decoding=\"async\" src=\"https:\/\/www.tradingpedia.com\/wp-content\/themes\/trading-pedia\/images\/android-logo.svg\" \/><\/td><td><img decoding=\"async\" src=\"https:\/\/www.tradingpedia.com\/wp-content\/themes\/trading-pedia\/images\/ios-logo.svg\" \/><img decoding=\"async\" src=\"https:\/\/www.tradingpedia.com\/wp-content\/themes\/trading-pedia\/images\/android-logo.svg\" \/><\/td><\/tr><tr><td>FXCM Trading Station Web<\/td><td><img decoding=\"async\" src=\"https:\/\/www.tradingpedia.com\/wp-content\/themes\/trading-pedia\/images\/windows-logo.svg\" \/><img decoding=\"async\" src=\"https:\/\/www.tradingpedia.com\/wp-content\/themes\/trading-pedia\/images\/apple-logo.svg\" \/><\/td><td><img decoding=\"async\" src=\"https:\/\/www.tradingpedia.com\/wp-content\/themes\/trading-pedia\/images\/ios-logo.svg\" \/><img decoding=\"async\" src=\"https:\/\/www.tradingpedia.com\/wp-content\/themes\/trading-pedia\/images\/android-logo.svg\" \/><\/td><td><img decoding=\"async\" src=\"https:\/\/www.tradingpedia.com\/wp-content\/themes\/trading-pedia\/images\/ios-logo.svg\" \/><img decoding=\"async\" src=\"https:\/\/www.tradingpedia.com\/wp-content\/themes\/trading-pedia\/images\/android-logo.svg\" \/><\/td><\/tr><\/tbody><\/table><\/div>\n<p>Trader, die die Dienste von FXCM nutzen, k\u00f6nnen aus einer langen Liste von Handelsplattformen w\u00e4hlen. Die beliebteste Option ist MetaTrader 4, aber es stehen auch mehrere andere M\u00f6glichkeiten zur Verf\u00fcgung, etwa Mirror Trader, ZuluTrade, NinjaTrader und die propriet\u00e4ren Web-, Mobil- und Desktop-Versionen der Trading Station-Plattform. <\/p>\n<p>Eines der beliebtesten Merkmale von FXCM ist das einzigartige Ausbildungszentrum, das Anf\u00e4ngern, fortgeschrittenen und erfahrenen Tradern dabei hilft, ihre F\u00e4higkeiten zu verbessern. FXCM wird aus mehreren weiteren Gr\u00fcnden von vielen Nutzern bevorzugt:  niedrige Spreads bei wichtigen W\u00e4hrungspaaren, vorteilhafte Hebelbedingungen und die M\u00f6glichkeit, ein unbegrenzt nutzbares Demokonto zu verwenden.<\/p>\n\n        <div class=\"table-wrapper\">\n          <table>\n            <tr><th colspan=\"2\">Handelsinformationen<\/th><\/tr>\n            <tr><td>Handelsplattformen<\/td><td>MetaTrader 4, TradingView, ZuluTrade, Trading Station<\/d><\/tr>\n      <tr><td>Demokonto<\/td><td><img decoding=\"async\" width=\"24\" height=\"24\" src=\"https:\/\/www.tradingpedia.com\/wp-content\/themes\/trading-pedia\/images\/ico-check.svg\" alt=\"Verf\u00fcgbar\" \/><\/td><\/tr><tr><td>Hedging<\/td><td><img decoding=\"async\" width=\"24\" height=\"24\" src=\"https:\/\/www.tradingpedia.com\/wp-content\/themes\/trading-pedia\/images\/ico-check.svg\" alt=\"Verf\u00fcgbar\" \/><\/td><\/tr><tr><td>Scalping<\/td><td><img decoding=\"async\" width=\"24\" height=\"24\" src=\"https:\/\/www.tradingpedia.com\/wp-content\/themes\/trading-pedia\/images\/ico-check.svg\" alt=\"Verf\u00fcgbar\" \/><\/td><\/tr><tr><td>US-Trader<\/td><td><img decoding=\"async\" width=\"24\" height=\"24\" src=\"https:\/\/www.tradingpedia.com\/wp-content\/themes\/trading-pedia\/images\/ico-check.svg\" alt=\"Verf\u00fcgbar\" \/><\/td><\/tr><tr><td>Arabische Trader<\/td><td><img decoding=\"async\" width=\"24\" height=\"24\" src=\"https:\/\/www.tradingpedia.com\/wp-content\/themes\/trading-pedia\/images\/ico-check.svg\" alt=\"Verf\u00fcgbar\" \/><\/td><\/tr>\n          <\/table>\n        <\/div>\n      \n<h2 id=\"assets\">Handelsinstrumente <div class=\"star-rating stars-4-5\"><\/div><\/h2>\n<p>Auf den Handelsplattformen von FXCM haben Sie Zugang zu einer gro\u00dfen Auswahl an W\u00e4hrungspaaren, darunter beliebte Paare wie EUR\/USD, USD\/CHF, USD\/JPY und viele weitere. Zus\u00e4tzlich zum Forex-Handel unterst\u00fctzen die Plattformen auch den Handel mit CFDs (Gold, Silber, Roh\u00f6l usw.). Werfen Sie einen Blick auf die Website von FXCM, um mehr \u00fcber die verf\u00fcgbaren Instrumente zu erfahren.<\/p>\n<p>\n        <div class=\"table-wrapper\">\n          <table>\n            <tr><th>Instrument<\/th><th>Spread<\/th><\/tr>\n      <tr><td>AUDUSD<\/td><td>AVG 1.8 Pips<\/td><\/tr><tr><td>EURGBP<\/td><td>AVG 2.3 Pips<\/td><\/tr><tr><td>EURUSD<\/td><td>AVG 1.3 Pips<\/td><\/tr><tr><td>GBPUSD<\/td><td>AVG 1.7 Pips<\/td><\/tr><tr><td>NZDUSD<\/td><td>AVG 2 Pips<\/td><\/tr><tr><td>USDCAD<\/td><td>AVG 2.2 Pips<\/td><\/tr><tr><td>USDCHF<\/td><td>AVG 1.6 Pips<\/td><\/tr><tr><td>USDCNY<\/td><td>AVG 7.5 Pips<\/td><\/tr><tr><td>USDJPY<\/td><td>AVG 1.4 Pips<\/td><\/tr>\n          <\/table>\n        <\/div>\n      <br \/>\n\n<div class=\"banking_tabs_holder\"> \n <ul>\n  <li class=\"tab_header_item tab_selected\"><a href=\"#table_broker_deposit_methods\">Einzahlung<\/a><\/li><li class=\"tab_header_item\"><a href=\"#table_broker_withdrawal_methods\">Auszahlung<\/a><\/li>\n <\/ul>\n <div class=\"content_holder\"> \n  \n<div id=\"table_broker_deposit_methods\">\n\n<table> \n<thead> \n<tr><td>Marke<\/td><td>Minimum<\/td><td>Geb\u00fchren<\/td><td>Bearbeitungszeit<\/td><\/tr>\n<tbody><tr><td><img decoding=\"async\" src=\"https:\/\/www.tradingpedia.com\/wp-content\/uploads\/banking\/visa-logo.svg\" \/><\/td><td>50 $<\/td><td>Keine Geb\u00fchren<\/td><td>1 Gesch\u00e4ftstag<\/td><\/tr><tr><td><img decoding=\"async\" src=\"https:\/\/www.tradingpedia.com\/wp-content\/uploads\/banking\/mastercard-logo.svg\" \/><\/td><td>50 USD<\/td><td>Keine Geb\u00fchren<\/td><td>1 Gesch\u00e4ftstag<\/td><\/tr><tr><td><img decoding=\"async\" src=\"https:\/\/www.tradingpedia.com\/wp-content\/uploads\/banking\/bank-transfer-logo.svg\" \/><\/td><td>50,00 USD<\/td><td>Keine Geb\u00fchren<\/td><td>1\u20135 Werktage<\/td><\/tr><tr><td><img decoding=\"async\" src=\"https:\/\/www.tradingpedia.com\/wp-content\/uploads\/banking\/skrill-logo.svg\" \/><\/td><td>50 $<\/td><td>Keine Geb\u00fchren<\/td><td>1 Gesch\u00e4ftstag<\/td><\/tr><tr><td><img decoding=\"async\" src=\"https:\/\/www.tradingpedia.com\/wp-content\/uploads\/banking\/neteller-logo.svg\" \/><\/td><td>50,00 USD<\/td><td>Keine Geb\u00fchren<\/td><td>1 Gesch\u00e4ftstag<\/td><\/tr><tr><td><img decoding=\"async\" src=\"https:\/\/www.tradingpedia.com\/wp-content\/uploads\/banking\/wire-transfer-logo.svg\" \/><\/td><td>50,00 $<\/td><td>Keine Geb\u00fchren<\/td><td>1 Gesch\u00e4ftstag<\/td><\/tr><\/tbody><\/table><\/div>\n<div id=\"table_broker_withdrawal_methods\">\n\n<table> \n<thead> \n<tr><td>Marke<\/td><td>Minimum<\/td><td>Geb\u00fchren<\/td><td>Bearbeitungszeit<\/td><\/tr>\n<tbody><tr><td><img decoding=\"async\" src=\"https:\/\/www.tradingpedia.com\/wp-content\/uploads\/banking\/visa-logo.svg\" \/><\/td><td>-<\/td><td>Keine Geb\u00fchren<\/td><td>Das h\u00e4ngt vom Zahlungssystem ab.<\/td><\/tr><tr><td><img decoding=\"async\" src=\"https:\/\/www.tradingpedia.com\/wp-content\/uploads\/banking\/mastercard-logo.svg\" \/><\/td><td>-<\/td><td>Keine Geb\u00fchren<\/td><td>Das h\u00e4ngt vom Zahlungssystem ab.<\/td><\/tr><tr><td><img decoding=\"async\" src=\"https:\/\/www.tradingpedia.com\/wp-content\/uploads\/banking\/skrill-logo.svg\" \/><\/td><td>-<\/td><td>Keine Geb\u00fchren<\/td><td>5 Werktage<\/td><\/tr><tr><td><img decoding=\"async\" src=\"https:\/\/www.tradingpedia.com\/wp-content\/uploads\/banking\/wire-transfer-logo.svg\" \/><\/td><td>-<\/td><td>Keine Geb\u00fchren<\/td><td>Es h\u00e4ngt vom Zahlungssystem ab.<\/td><\/tr><\/tbody><\/table><\/div>\n <\/div>\n<\/div>\n<\/p>\n<h2 id=\"reliability\">Zuverl\u00e4ssigkeit <div class=\"star-rating stars-4\"><\/div><\/h2>\n<p>Hinsichtlich der Zuverl\u00e4ssigkeit geh\u00f6rt FXCM zu den besten Forex-Brokern, die Sie finden k\u00f6nnen. Die Dienstleistungen wurden im Laufe der Jahre von Millionen von Menschen genutzt, und es gibt nur sehr wenige Beschwerden \u00fcber das Unternehmen. Die Hauptgr\u00fcnde daf\u00fcr sind das hervorragende Handelssystem, die Website und die Plattformen sowie der freundliche und kompetente Support, der rund um die Uhr \u2013 24\/7 \u2013 zur Verf\u00fcgung steht. <\/p>\n<div class=\"important\"><strong>Wichtig:<\/strong> Der Handel mit gehebelten Produkten wie Forex und CFDs ist mit einem hohen Risiko verbunden und eignet sich m\u00f6glicherweise nicht f\u00fcr alle Anleger. Bevor Sie ein Konto bei FXCM er\u00f6ffnen, stellen Sie sicher, dass Sie verstehen, wie Hebelwirkung funktioniert, welches Potenzial f\u00fcr schnelle Verluste besteht und welche Margin-Anforderungen der Broker stellt. Ber\u00fccksichtigen Sie Ihre Anlageziele, Ihre Erfahrung und Ihre Risikobereitschaft und holen Sie sich bei Bedarf unabh\u00e4ngigen Rat. Investieren Sie niemals Geld, dessen Verlust Sie sich nicht leisten k\u00f6nnen.<\/div>\n<p>Ein- und Auszahlungen sind schnell und einfach und k\u00f6nnen \u00fcber eine der folgenden Methoden vorgenommen werden: Kredit-\/Debitkarte, Bank\u00fcberweisung, ACH und Scheck. FXCM ist au\u00dferdem daf\u00fcr bekannt, nur eine sehr niedrige Mindesteinzahlung von lediglich 50 $ zu verlangen. Sie k\u00f6nnen zwischen acht Kontow\u00e4hrungen w\u00e4hlen (AUD, JPY, CHF, NZD, USD, CAD, EUR und GBP).<\/p>\n\n        <div class=\"table-wrapper\">\n          <table>\n            <tr><th>Markt<\/th><th>Hebel<\/th><\/tr>\n      <tr><td>Rohstoff-CFDs<\/td><td>1:20 (ASIC | Privatkundenkonto)<\/td><\/tr><tr><td>Rohstoff-CFDs<\/td><td>1:20 (CySEC | Privatkundenkonto)<\/td><\/tr><tr><td>Rohstoff-CFDs<\/td><td>1:20 (FCA | Privatkundenkonto)<\/td><\/tr><tr><td>Rohstoff-CFDs<\/td><td>1:20 (FSCA | Privatkundenkonto)<\/td><\/tr><tr><td>Aktien-CFDs<\/td><td>1:5 (ASIC | Privatkundenkonto)<\/td><\/tr><tr><td>Aktien-CFDs<\/td><td>1:5 (FCA | Privatkundenkonto)<\/td><\/tr><tr><td>Aktien-CFDs<\/td><td>1:5 (FSCA | Privatkundenkonto)<\/td><\/tr><tr><td>Aktien-CFDs<\/td><td>1:5 (CySEC)<\/td><\/tr><tr><td>Forex-CFDs<\/td><td>1:30 (ASIC | Privatkundenkonto)<\/td><\/tr><tr><td>Forex-CFDs<\/td><td>1:30 (CySEC | Privatkundenkonto)<\/td><\/tr><tr><td>Forex-CFDs<\/td><td>1:30 (FCA | Privatkundenkonto)<\/td><\/tr><tr><td>Forex-CFDs<\/td><td>1:30 (FSCA | Privatkundenkonto)<\/td><\/tr><tr><td>Forex-CFDs<\/td><td>1:100 (ISA | Privatkundenkonto)<\/td><\/tr><tr><td>Index-CFDs<\/td><td>1:20 (ASIC | Privatkundenkonto)<\/td><\/tr><tr><td>Index-CFDs<\/td><td>1:20 (CySEC | Privatkundenkonto)<\/td><\/tr><tr><td>Index-CFDs<\/td><td>1:20 (FCA | Privatkundenkonto)<\/td><\/tr><tr><td>Index-CFDs<\/td><td>1:20 (FSCA | Privatkundenkonto)<\/td><\/tr><tr><td>Index-CFDs<\/td><td>1:40 (ISA | Privatkundenkonto)<\/td><\/tr><tr><td>Krypto-CFDs<\/td><td>1:2 (ASIC | Privatkundenkonto)<\/td><\/tr><tr><td>Krypto-CFDs<\/td><td>1:2 (CySEC)<\/td><\/tr><tr><td>Rohstoff-CFDs<\/td><td>1:10 (ASIC | Privatkundenkonto)<\/td><\/tr><tr><td>Rohstoff-CFDs<\/td><td>1:10 (CySEC | Privatkundenkonto)<\/td><\/tr><tr><td>Rohstoff-CFDs<\/td><td>1:10 (FCA | Privatkundenkonto)<\/td><\/tr><tr><td>Rohstoff-CFDs<\/td><td>1:10 (FSCA | Privatkundenkonto)<\/td><\/tr><tr><td>Rohstoff-CFDs<\/td><td>1:20 (ISA | Privatkundenkonto)<\/td><\/tr>\n          <\/table>\n        <\/div>\n      \n<h2 id=\"bonus\">Bonusangebote <div class=\"star-rating stars-5\"><\/div><\/h2>\n<p>Die einzige derzeit von FXCM angebotene Aktion ist das Empfehlungsprogramm. Dar\u00fcber k\u00f6nnen Trader einen Bonus f\u00fcr jeden Freund oder jedes Familienmitglied erhalten, das sie auf die Dienste von FXCM verweisen. Wenn Sie jemanden empfehlen, der ein Konto bei FXCM er\u00f6ffnet, erhalten sowohl Sie als auch die empfohlene Person einen Handelsbonus von 100 $! Beachten Sie, dass dieser Bonus erst ausgezahlt werden kann, wenn bestimmte Voraussetzungen erf\u00fcllt sind. <\/p>\n","protected":false},"excerpt":{"rendered":"<p>Die preisgekr\u00f6nte Trading Station-Plattform von FXCM unterst\u00fctzt mobilen Handel, One-Click-Orderausf\u00fchrung und den Handel direkt aus Echtzeit-Charts. Das Unternehmen ist ein globaler Anbieter im Forex-Handel und bietet Zugang zu einem umfangreichen Netzwerk von Forex-Liquidit\u00e4tsanbietern. \u00dcberblick FXCM ist einer der gr\u00f6\u00dften und fortschrittlichsten Forex-Broker im Internet. Seit der Gr\u00fcndung im Jahr 1999 hat sich das Unternehmen zur [&hellip;]<\/p>\n","protected":false},"author":1,"featured_media":0,"parent":120601,"menu_order":0,"comment_status":"closed","ping_status":"closed","template":"templates\/broker.php","meta":{"footnotes":""},"class_list":["post-120614","page","type-page","status-publish","hentry"],"aioseo_notices":[],"_links":{"self":[{"href":"https:\/\/www.tradingpedia.com\/de\/wp-json\/wp\/v2\/pages\/120614","targetHints":{"allow":["GET"]}}],"collection":[{"href":"https:\/\/www.tradingpedia.com\/de\/wp-json\/wp\/v2\/pages"}],"about":[{"href":"https:\/\/www.tradingpedia.com\/de\/wp-json\/wp\/v2\/types\/page"}],"author":[{"embeddable":true,"href":"https:\/\/www.tradingpedia.com\/de\/wp-json\/wp\/v2\/users\/1"}],"replies":[{"embeddable":true,"href":"https:\/\/www.tradingpedia.com\/de\/wp-json\/wp\/v2\/comments?post=120614"}],"version-history":[{"count":1,"href":"https:\/\/www.tradingpedia.com\/de\/wp-json\/wp\/v2\/pages\/120614\/revisions"}],"predecessor-version":[{"id":129802,"href":"https:\/\/www.tradingpedia.com\/de\/wp-json\/wp\/v2\/pages\/120614\/revisions\/129802"}],"up":[{"embeddable":true,"href":"https:\/\/www.tradingpedia.com\/de\/wp-json\/wp\/v2\/pages\/120601"}],"wp:attachment":[{"href":"https:\/\/www.tradingpedia.com\/de\/wp-json\/wp\/v2\/media?parent=120614"}],"curies":[{"name":"wp","href":"https:\/\/api.w.org\/{rel}","templated":true}]}}