{"id":120612,"date":"2019-09-04T07:47:19","date_gmt":"2019-09-04T07:47:19","guid":{"rendered":"https:\/\/www.tradingpedia.com\/forex-brokers\/dukascopy\/"},"modified":"2026-03-19T15:09:07","modified_gmt":"2026-03-19T15:09:07","slug":"dukascopy","status":"publish","type":"page","link":"https:\/\/www.tradingpedia.com\/de\/forex-brokers\/dukascopy\/","title":{"rendered":"Dukascopy Bank SA \u2013 Bewertung 2026"},"content":{"rendered":"<p>Dukascopy bietet direkten Zugang zum Swiss Foreign Exchange Marketplace. Dieser Markt stellt den gr\u00f6\u00dften Pool an ECN-Spot-Forex-Liquidit\u00e4t zur Verf\u00fcgung, der Banken, Hedgefonds, anderen Institutionen und professionellen Tradern offensteht. Der Swiss Foreign Exchange Marketplace (SWFX) ist eine technologische L\u00f6sung f\u00fcr den Forex-Handel und nutzt ein zentral-dezentralisiertes Marktplatzmodell. Sein erfolgreicher Start war das Ergebnis einer engen Zusammenarbeit mit ausgew\u00e4hlten Banken, weiteren Institutionen, Forex-Marktpl\u00e4tzen und Anbietern technologischer L\u00f6sungen.<\/p>\n\n        <div class=\"table-wrapper\">\n          <table>\n            <tr><th colspan=\"2\">Allgemeine Informationen \u00fcber Dukascopy Bank SA<\/th><\/tr>\n            <tr>\n              <td><strong>Mindesteinzahlung<\/strong><\/td>\n              <td>$5000.0000<\/td>\n            <\/tr>\n\n            <tr>\n              <td><strong>Unterst\u00fctzte Sprachen<\/strong><\/td>\n              <td>Arabisch, Deutsch, Spanisch<\/td>\n            <\/tr>\n            <tr>\n              <td><strong>Unterst\u00fctzte W\u00e4hrungen<\/strong><\/td>\n              <td>US-Dollar, Euro, Japanischer Yen, Britisches Pfund, Schweizer Franken, Kanadischer Dollar, Australischer Dollar<\/td>\n            <\/tr>\n            \n          <\/table>\n        <\/div>\n      \n<h2 id=\"overview\">\u00dcberblick<\/h2>\n<p>Dukascopy geh\u00f6rt zu den f\u00fchrenden Forex-Brokern auf dem Markt und ist einer der wenigen Anbieter, die einen direkten, unbegrenzten Zugang zum Schweizer Forex-Marktplatz erm\u00f6glichen. Privatkunden, Investmentfonds, Banken und institutionelle Kunden k\u00f6nnen bei Dukascopy Konten er\u00f6ffnen und Geld einzahlen, um am Swiss FX Marketplace teilzunehmen. Das Unternehmen wurde 1998 gegr\u00fcndet und wird von der FINMA reguliert. <\/p>\n<p>Beachten Sie, dass Dukascopy in zwei Organisationen unterteilt ist \u2013 Dukascopy Europe und Dukascopy Bank SA. Trader k\u00f6nnen sich f\u00fcr beide Dienste registrieren, jedoch sind die jeweiligen Anforderungen unterschiedlich.<\/p>\n\n          <div class=\"table-wrapper\">\n            <table>\n              <tr><th>Regulierungsbeh\u00f6rde<\/th><th>Lizenz<\/th><\/tr>\n        <tr><td>ASIC (Australien)<\/td><td>Ja<\/td><\/tr><tr><td>FMA (\u00d6sterreich)<\/td><td>Ja<\/td><\/tr><tr><td>FSMA (Belgien)<\/td><td>Ja<\/td><\/tr><tr><td>IFSC (Belize)<\/td><td>Ja<\/td><\/tr><tr><td>FSC (Britische Jungferninseln)<\/td><td>Ja<\/td><\/tr><tr><td>BNB (Bulgarien)<\/td><td>Ja<\/td><\/tr><tr><td>FSA (D\u00e4nemark)<\/td><td>Ja<\/td><\/tr><tr><td>DFSA (Dubai)<\/td><td>Ja<\/td><\/tr><tr><td>FSA (Estland)<\/td><td>Ja<\/td><\/tr><tr><td>FSC (Mauritius)<\/td><td>Ja<\/td><\/tr><tr><td>AFM (Niederlande)<\/td><td>Ja<\/td><\/tr><tr><td>FINMA (Schweiz)<\/td><td>Ja<\/td><\/tr>\n            <\/table>\n          <\/div>\n        \n\n        <div class=\"table-wrapper\">\n          <table>\n            <tr><th>Instrument<\/th><th>Spread<\/th><\/tr>\n      <tr><td>EUR\/USD<\/td><td>0.40<\/td><\/tr><tr><td>GBP\/USD<\/td><td>1.20<\/td><\/tr><tr><td>USD\/JPY<\/td><td>1.10<\/td><\/tr>\n          <\/table>\n        <\/div>\n      \n<h2 id=\"features\">Plattformen &amp; Funktionen <div class=\"star-rating stars-4\"><\/div><\/h2>\n\n<div class=\"platforms\">\n<table>\n  <tbody>\n    <tr>\n      <th>\n        <img decoding=\"async\" src=\"https:\/\/www.tradingpedia.com\/wp-content\/themes\/trading-pedia\/images\/platforms-icon.svg\">\n        <h3>Plattformen<\/h3>\n      <\/th>\n      <th>\n        <img decoding=\"async\" src=\"https:\/\/www.tradingpedia.com\/wp-content\/themes\/trading-pedia\/images\/pc-mac-icon.svg\">\n        <h3>PC \/ MAC<\/h3>\n      <\/th>\n      <th>\n        <img decoding=\"async\" src=\"https:\/\/www.tradingpedia.com\/wp-content\/themes\/trading-pedia\/images\/smartphones-icon.svg\">\n        <h3>Smartphones<\/h3>\n      <\/th>\n      <th>\n        <img decoding=\"async\" src=\"https:\/\/www.tradingpedia.com\/wp-content\/themes\/trading-pedia\/images\/tablets-icon.svg\">\n        <h3>Tablets<\/h3>\n      <\/th>\n    <\/tr><tr><td>MetaTrader 4<\/td><td><img decoding=\"async\" src=\"https:\/\/www.tradingpedia.com\/wp-content\/themes\/trading-pedia\/images\/windows-logo.svg\" \/><img decoding=\"async\" src=\"https:\/\/www.tradingpedia.com\/wp-content\/themes\/trading-pedia\/images\/apple-logo.svg\" \/><\/td><td><img decoding=\"async\" src=\"https:\/\/www.tradingpedia.com\/wp-content\/themes\/trading-pedia\/images\/ios-logo.svg\" \/><img decoding=\"async\" src=\"https:\/\/www.tradingpedia.com\/wp-content\/themes\/trading-pedia\/images\/android-logo.svg\" \/><\/td><td><img decoding=\"async\" src=\"https:\/\/www.tradingpedia.com\/wp-content\/themes\/trading-pedia\/images\/ios-logo.svg\" \/><img decoding=\"async\" src=\"https:\/\/www.tradingpedia.com\/wp-content\/themes\/trading-pedia\/images\/android-logo.svg\" \/><\/td><\/tr><tr><td>JForex<\/td><td><img decoding=\"async\" src=\"https:\/\/www.tradingpedia.com\/wp-content\/themes\/trading-pedia\/images\/windows-logo.svg\" \/><img decoding=\"async\" src=\"https:\/\/www.tradingpedia.com\/wp-content\/themes\/trading-pedia\/images\/apple-logo.svg\" \/><\/td><td><img decoding=\"async\" src=\"https:\/\/www.tradingpedia.com\/wp-content\/themes\/trading-pedia\/images\/ios-logo.svg\" \/><img decoding=\"async\" src=\"https:\/\/www.tradingpedia.com\/wp-content\/themes\/trading-pedia\/images\/android-logo.svg\" \/><\/td><td><img decoding=\"async\" src=\"https:\/\/www.tradingpedia.com\/wp-content\/themes\/trading-pedia\/images\/ios-logo.svg\" \/><img decoding=\"async\" src=\"https:\/\/www.tradingpedia.com\/wp-content\/themes\/trading-pedia\/images\/android-logo.svg\" \/><\/td><\/tr><tr><td>SwissFX Web<\/td><td><img decoding=\"async\" src=\"https:\/\/www.tradingpedia.com\/wp-content\/themes\/trading-pedia\/images\/windows-logo.svg\" \/><img decoding=\"async\" src=\"https:\/\/www.tradingpedia.com\/wp-content\/themes\/trading-pedia\/images\/apple-logo.svg\" \/><\/td><td><img decoding=\"async\" src=\"https:\/\/www.tradingpedia.com\/wp-content\/themes\/trading-pedia\/images\/ios-logo.svg\" \/><img decoding=\"async\" src=\"https:\/\/www.tradingpedia.com\/wp-content\/themes\/trading-pedia\/images\/android-logo.svg\" \/><\/td><td><img decoding=\"async\" src=\"https:\/\/www.tradingpedia.com\/wp-content\/themes\/trading-pedia\/images\/ios-logo.svg\" \/><img decoding=\"async\" src=\"https:\/\/www.tradingpedia.com\/wp-content\/themes\/trading-pedia\/images\/android-logo.svg\" \/><\/td><\/tr><\/tbody><\/table><\/div>\n\n        <div class=\"table-wrapper\">\n          <table>\n            <tr><th colspan=\"2\">Handelsinformationen<\/th><\/tr>\n            <tr><td>Handelsplattformen<\/td><td>MetaTrader 4, JForex, SwissFX Web<\/d><\/tr>\n      <tr><td>Demokonto<\/td><td><img decoding=\"async\" width=\"24\" height=\"24\" src=\"https:\/\/www.tradingpedia.com\/wp-content\/themes\/trading-pedia\/images\/ico-check.svg\" alt=\"Verf\u00fcgbar\" \/><\/td><\/tr><tr><td>Hedging<\/td><td><img decoding=\"async\" width=\"24\" height=\"24\" src=\"https:\/\/www.tradingpedia.com\/wp-content\/themes\/trading-pedia\/images\/ico-xmark.svg\" alt=\"Nicht verf\u00fcgbar\" \/><\/td><\/tr><tr><td>Scalping<\/td><td><img decoding=\"async\" width=\"24\" height=\"24\" src=\"https:\/\/www.tradingpedia.com\/wp-content\/themes\/trading-pedia\/images\/ico-xmark.svg\" alt=\"Nicht verf\u00fcgbar\" \/><\/td><\/tr><tr><td>Rentenkonto<\/td><td><img decoding=\"async\" width=\"24\" height=\"24\" src=\"https:\/\/www.tradingpedia.com\/wp-content\/themes\/trading-pedia\/images\/ico-xmark.svg\" alt=\"Nicht verf\u00fcgbar\" \/><\/td><\/tr><tr><td>US-Trader<\/td><td><img decoding=\"async\" width=\"24\" height=\"24\" src=\"https:\/\/www.tradingpedia.com\/wp-content\/themes\/trading-pedia\/images\/ico-xmark.svg\" alt=\"Nicht verf\u00fcgbar\" \/><\/td><\/tr><tr><td>Arabische Trader<\/td><td><img decoding=\"async\" width=\"24\" height=\"24\" src=\"https:\/\/www.tradingpedia.com\/wp-content\/themes\/trading-pedia\/images\/ico-xmark.svg\" alt=\"Nicht verf\u00fcgbar\" \/><\/td><\/tr>\n          <\/table>\n        <\/div>\n      \n<p>Nutzer von Dukascopy haben Zugang zu mehreren Handelsplattformen, darunter JForex, SwissFX Web, MetaTrader 4, SWFX Trader f\u00fcr iOS, SWFX Trader f\u00fcr Android sowie eine Java-basierte Plattform. Jede Plattform ist eigenst\u00e4ndig und erm\u00f6glicht es Tradern, eine breite Palette technischer Werkzeuge und Statistiken zu nutzen. Die Spezialisten von Dukascopy haben sichergestellt, dass Trader keine Kompatibilit\u00e4tsprobleme haben und praktisch auf jedem Ger\u00e4t und mit jedem Betriebssystem handeln k\u00f6nnen. <\/p>\n<p>Die Kontoer\u00f6ffnung bei Dukascopy kann aufgrund zus\u00e4tzlicher Sicherheitsma\u00dfnahmen zeitaufwendig sein, doch Sie k\u00f6nnen sicher sein, dass Ihre Gelder gesch\u00fctzt sind. Die Mindesteinzahlung betr\u00e4gt 5.000 $, und die Kontow\u00e4hrung kann AUD, CHF, JPY, GBP, USD, CAD oder EUR lauten. <\/p>\n<h2 id=\"assets\">Handelsinstrumente <div class=\"star-rating stars-3-5\"><\/div><\/h2>\n<p>Trader, die die Dienste von Dukascopy nutzen, haben Zugang zu mehr als 30 W\u00e4hrungspaaren sowie zu zwei Rohstoffen \u2013 Gold und Silber. Zwar sind die von diesem Broker angebotenen Spreads nicht die g\u00fcnstigsten, doch die zus\u00e4tzlichen Funktionen von Dukascopy gleichen die h\u00f6heren Kosten aus. Die meisten wichtigen W\u00e4hrungspaare sind abgedeckt, sodass die begrenzte Auswahl kein entscheidender Nachteil sein sollte.<\/p>\n\n        <div class=\"table-wrapper\">\n          <table>\n            <tr><th>Markt<\/th><th>Hebel<\/th><\/tr>\n      <tr><td>W\u00e4hrungen<\/td><td>100<\/td><\/tr>\n          <\/table>\n        <\/div>\n      \n\n<div class=\"banking_tabs_holder\"> \n <ul>\n  <li class=\"tab_header_item tab_selected\"><a href=\"#table_broker_deposit_methods\">Einzahlung<\/a><\/li><li class=\"tab_header_item\"><a href=\"#table_broker_withdrawal_methods\">Auszahlung<\/a><\/li>\n <\/ul>\n <div class=\"content_holder\"> \n  \n<div id=\"table_broker_deposit_methods\">\n\n<table> \n<thead> \n<tr><td>Marke<\/td><td>Minimum<\/td><td>Geb\u00fchren<\/td><td>Bearbeitungszeit<\/td><\/tr>\n<tbody><tr><td><img decoding=\"async\" src=\"https:\/\/www.tradingpedia.com\/wp-content\/uploads\/banking\/visa-logo.svg\" \/><\/td><td>200 $<\/td><td>1,2 %<\/td><td>1\u20132 Gesch\u00e4ftstage<\/td><\/tr><tr><td><img decoding=\"async\" src=\"https:\/\/www.tradingpedia.com\/wp-content\/uploads\/banking\/mastercard-logo.svg\" \/><\/td><td>200 $<\/td><td>1,2 %<\/td><td>1\u20132 Gesch\u00e4ftstage<\/td><\/tr><tr><td><img decoding=\"async\" src=\"https:\/\/www.tradingpedia.com\/wp-content\/uploads\/banking\/bank-transfer-logo.svg\" \/><\/td><td>200,00 $<\/td><td>1,2 %<\/td><td>1\u20132 Werktage<\/td><\/tr><tr><td><img decoding=\"async\" src=\"https:\/\/www.tradingpedia.com\/wp-content\/uploads\/banking\/skrill-logo.svg\" \/><\/td><td>200 $<\/td><td>2,5 %<\/td><td>1\u20132 Werktage<\/td><\/tr><tr><td><img decoding=\"async\" src=\"https:\/\/www.tradingpedia.com\/wp-content\/uploads\/banking\/neteller-logo.svg\" \/><\/td><td>200 $<\/td><td>1 EUR oder 2,5 %<\/td><td>1\u20132 Gesch\u00e4ftstage<\/td><\/tr><tr><td><img decoding=\"async\" src=\"https:\/\/www.tradingpedia.com\/wp-content\/uploads\/banking\/maestro-logo.svg\" \/><\/td><td>200,00 $<\/td><td>1,2 %<\/td><td>1\u20132 Werktage<\/td><\/tr><tr><td><img decoding=\"async\" src=\"https:\/\/www.tradingpedia.com\/wp-content\/uploads\/banking\/wire-transfer-logo.svg\" \/><\/td><td>200 USD<\/td><td>1,2 %<\/td><td>1\u20132 Werktage<\/td><\/tr><\/tbody><\/table><\/div>\n<div id=\"table_broker_withdrawal_methods\">\n\n<table> \n<thead> \n<tr><td>Marke<\/td><td>Minimum<\/td><td>Geb\u00fchren<\/td><td>Bearbeitungszeit<\/td><\/tr>\n<tbody><tr><td><img decoding=\"async\" src=\"https:\/\/www.tradingpedia.com\/wp-content\/uploads\/banking\/visa-logo.svg\" \/><\/td><td>200 USD<\/td><td>1,5 EUR + 2,5 %<\/td><td>3\u20135 Werktage<\/td><\/tr><tr><td><img decoding=\"async\" src=\"https:\/\/www.tradingpedia.com\/wp-content\/uploads\/banking\/mastercard-logo.svg\" \/><\/td><td>200 $<\/td><td>1,50 EUR + 2,5 %<\/td><td>3\u20135 Werktage<\/td><\/tr><tr><td><img decoding=\"async\" src=\"https:\/\/www.tradingpedia.com\/wp-content\/uploads\/banking\/maestro-logo.svg\" \/><\/td><td>200,00 USD<\/td><td>1,5 EUR + 2,5 %<\/td><td> \n3\u20135 Werktage<\/td><\/tr><\/tbody><\/table><\/div>\n <\/div>\n<\/div>\n\n<h2 id=\"reliability\">Zuverl\u00e4ssigkeit <div class=\"star-rating stars-4-5\"><\/div><\/h2>\n<p>Die Mindesteinzahlung, die erforderlich ist, um mit Dukascopy handeln zu k\u00f6nnen, lautet wie folgt: 100 $ f\u00fcr ein Konto bei Dukascopy Europe und 5.000 $ f\u00fcr ein Konto bei Dukascopy Bank SA. Beachten Sie, dass Dukascopy Bank SA strengere Anforderungen stellt; eine Registrierung dort ist daher mit zus\u00e4tzlichen Bedingungen verbunden, etwa einer Mindestlotgr\u00f6\u00dfe von 1.000 Einheiten. <\/p>\n<p>Dukascopy geh\u00f6rt zu den renommiertesten verf\u00fcgbaren Forex-Brokern, sodass Sie seine Dienste mit einem hohen Ma\u00df an Vertrauen nutzen k\u00f6nnen. Der Support ist 24 Stunden am Tag, sechs Tage die Woche erreichbar und kann \u00fcber Foren, telefonisch oder per Chat kontaktiert werden. <\/p>\n<div class=\"important\"><strong>Wichtig:<\/strong> W\u00e4hrend Dukascopy Bank SA eine h\u00f6here anf\u00e4ngliche Einzahlung verlangt, k\u00f6nnen der erweiterte Kapitalschutz, die strengere FINMA-Aufsicht und der priorisierte Zugang zu Liquidit\u00e4tsanbietern entscheidende Vorteile f\u00fcr erfahrene Trader mit gr\u00f6\u00dferen Portfolios sein. Bevor Sie sich zwischen Dukascopy Europe und Dukascopy Bank SA entscheiden, sollten Sie Ihr Handelsvolumen, den bevorzugten Hebel sowie Ihre regulatorischen Verpflichtungen pr\u00fcfen, um die Struktur zu w\u00e4hlen, die am besten zu Ihren Zielen passt.<\/div>\n<h2 id=\"bonus\">Bonusangebote <div class=\"star-rating stars-4\"><\/div><\/h2>\n<p>Leider bietet Dukascopy derzeit keine aktiven Bonusangebote an.<\/p>\n","protected":false},"excerpt":{"rendered":"<p>Dukascopy bietet direkten Zugang zum Swiss Foreign Exchange Marketplace. Dieser Markt stellt den gr\u00f6\u00dften Pool an ECN-Spot-Forex-Liquidit\u00e4t zur Verf\u00fcgung, der Banken, Hedgefonds, anderen Institutionen und professionellen Tradern offensteht. Der Swiss Foreign Exchange Marketplace (SWFX) ist eine technologische L\u00f6sung f\u00fcr den Forex-Handel und nutzt ein zentral-dezentralisiertes Marktplatzmodell. Sein erfolgreicher Start war das Ergebnis einer engen Zusammenarbeit [&hellip;]<\/p>\n","protected":false},"author":1,"featured_media":0,"parent":120601,"menu_order":0,"comment_status":"closed","ping_status":"closed","template":"templates\/broker.php","meta":{"footnotes":""},"class_list":["post-120612","page","type-page","status-publish","hentry"],"aioseo_notices":[],"_links":{"self":[{"href":"https:\/\/www.tradingpedia.com\/de\/wp-json\/wp\/v2\/pages\/120612","targetHints":{"allow":["GET"]}}],"collection":[{"href":"https:\/\/www.tradingpedia.com\/de\/wp-json\/wp\/v2\/pages"}],"about":[{"href":"https:\/\/www.tradingpedia.com\/de\/wp-json\/wp\/v2\/types\/page"}],"author":[{"embeddable":true,"href":"https:\/\/www.tradingpedia.com\/de\/wp-json\/wp\/v2\/users\/1"}],"replies":[{"embeddable":true,"href":"https:\/\/www.tradingpedia.com\/de\/wp-json\/wp\/v2\/comments?post=120612"}],"version-history":[{"count":1,"href":"https:\/\/www.tradingpedia.com\/de\/wp-json\/wp\/v2\/pages\/120612\/revisions"}],"predecessor-version":[{"id":129715,"href":"https:\/\/www.tradingpedia.com\/de\/wp-json\/wp\/v2\/pages\/120612\/revisions\/129715"}],"up":[{"embeddable":true,"href":"https:\/\/www.tradingpedia.com\/de\/wp-json\/wp\/v2\/pages\/120601"}],"wp:attachment":[{"href":"https:\/\/www.tradingpedia.com\/de\/wp-json\/wp\/v2\/media?parent=120612"}],"curies":[{"name":"wp","href":"https:\/\/api.w.org\/{rel}","templated":true}]}}