{"id":120603,"date":"2019-09-04T06:32:21","date_gmt":"2019-09-04T06:32:21","guid":{"rendered":"https:\/\/www.tradingpedia.com\/www-tradingpedia-com-2\/"},"modified":"2026-03-19T14:58:36","modified_gmt":"2026-03-19T14:58:36","slug":"www-tradingpedia-com","status":"publish","type":"page","link":"https:\/\/www.tradingpedia.com\/de\/","title":{"rendered":"Startseite"},"content":{"rendered":"<p>Bitte sende den HTML-Inhalt, den du \u00fcbersetzt und sprachlich \u00fcberarbeitet haben m\u00f6chtest. Ich werde dann den sichtbaren Text ins Deutsche \u00fcbertragen, Grammatik, Stil und Zeichensetzung verbessern und dabei die HTML-Struktur, Tags, Attribute und Shortcodes vollst\u00e4ndig unver\u00e4ndert lassen.<\/p>\n","protected":false},"excerpt":{"rendered":"<p>Bitte sende den HTML-Inhalt, den du \u00fcbersetzt und sprachlich \u00fcberarbeitet haben m\u00f6chtest. Ich werde dann den sichtbaren Text ins Deutsche \u00fcbertragen, Grammatik, Stil und Zeichensetzung verbessern und dabei die HTML-Struktur, Tags, Attribute und Shortcodes vollst\u00e4ndig unver\u00e4ndert lassen.<\/p>\n","protected":false},"author":1,"featured_media":80123,"parent":0,"menu_order":0,"comment_status":"closed","ping_status":"closed","template":"templates\/homepage.php","meta":{"footnotes":""},"class_list":["post-120603","page","type-page","status-publish","has-post-thumbnail","hentry"],"aioseo_notices":[],"_links":{"self":[{"href":"https:\/\/www.tradingpedia.com\/de\/wp-json\/wp\/v2\/pages\/120603","targetHints":{"allow":["GET"]}}],"collection":[{"href":"https:\/\/www.tradingpedia.com\/de\/wp-json\/wp\/v2\/pages"}],"about":[{"href":"https:\/\/www.tradingpedia.com\/de\/wp-json\/wp\/v2\/types\/page"}],"author":[{"embeddable":true,"href":"https:\/\/www.tradingpedia.com\/de\/wp-json\/wp\/v2\/users\/1"}],"replies":[{"embeddable":true,"href":"https:\/\/www.tradingpedia.com\/de\/wp-json\/wp\/v2\/comments?post=120603"}],"version-history":[{"count":1,"href":"https:\/\/www.tradingpedia.com\/de\/wp-json\/wp\/v2\/pages\/120603\/revisions"}],"predecessor-version":[{"id":122759,"href":"https:\/\/www.tradingpedia.com\/de\/wp-json\/wp\/v2\/pages\/120603\/revisions\/122759"}],"wp:featuredmedia":[{"embeddable":true,"href":"https:\/\/www.tradingpedia.com\/de\/wp-json\/wp\/v2\/media\/80123"}],"wp:attachment":[{"href":"https:\/\/www.tradingpedia.com\/de\/wp-json\/wp\/v2\/media?parent=120603"}],"curies":[{"name":"wp","href":"https:\/\/api.w.org\/{rel}","templated":true}]}}