{"id":120600,"date":"2013-10-03T14:41:17","date_gmt":"2013-10-03T14:41:17","guid":{"rendered":"https:\/\/www.tradingpedia.com\/contact-us-2\/"},"modified":"2026-03-19T15:04:26","modified_gmt":"2026-03-19T15:04:26","slug":"contact-us","status":"publish","type":"page","link":"https:\/\/www.tradingpedia.com\/de\/contact-us\/","title":{"rendered":"Kontaktieren Sie uns"},"content":{"rendered":"<p>Bitte kontaktieren Sie uns nach M\u00f6glichkeit per E-Mail, wobei Sie Ihre Nachricht direkt an die zust\u00e4ndige Abteilung oder die Person richten, die Sie erreichen m\u00f6chten.<\/p>\n<p><strong>Redaktion<\/strong>: editorial@tradingpedia.com<br \/>\n<strong>Marketing<\/strong>:  marketing@tradingpedia.com<\/p>\n<p><strong>Autoren<\/strong>:<br \/>\n               Brian McColl: bmcoll@tradingpedia.com<br \/>\n               Elmira Miteva: emiteva@tradingpedia.com<br \/>\n               Michael Fisher: mfisher@tradingpedia.com<br \/>\n               Miroslav Marinov: mmarinov@tradingpedia.com<br \/>\n               Sandra Leggero: sleggero@tradingpedia.com<br \/>\n               Veselin Valchev: vvalchev@tradingpedia.com<\/p>\n<h3>Unternehmen<\/h3>\n<p>Neo Search Ltd<\/p>\n<h3>Telefon<\/h3>\n<p>+359 877 112 113<\/p>\n<h3>Hinweis<\/h3>\n<p>Bitte senden Sie uns keine E-Mails mit Anfragen zur Partnerschaft, da wir an keinen Affiliate-Programmen teilnehmen. Wenn Sie an Werbung auf TradingPedia interessiert sind, informieren Sie sich bitte \u00fcber unsere Werbem\u00f6glichkeiten hier.<\/p>\n","protected":false},"excerpt":{"rendered":"<p>Bitte kontaktieren Sie uns nach M\u00f6glichkeit per E-Mail, wobei Sie Ihre Nachricht direkt an die zust\u00e4ndige Abteilung oder die Person richten, die Sie erreichen m\u00f6chten. Redaktion: editorial@tradingpedia.com Marketing: marketing@tradingpedia.com Autoren: Brian McColl: bmcoll@tradingpedia.com Elmira Miteva: emiteva@tradingpedia.com Michael Fisher: mfisher@tradingpedia.com Miroslav Marinov: mmarinov@tradingpedia.com Sandra Leggero: sleggero@tradingpedia.com Veselin Valchev: vvalchev@tradingpedia.com Unternehmen Neo Search Ltd Telefon +359 877 [&hellip;]<\/p>\n","protected":false},"author":1,"featured_media":0,"parent":0,"menu_order":600,"comment_status":"closed","ping_status":"open","template":"templates\/full-width.php","meta":{"footnotes":""},"class_list":["post-120600","page","type-page","status-publish","hentry"],"aioseo_notices":[],"_links":{"self":[{"href":"https:\/\/www.tradingpedia.com\/de\/wp-json\/wp\/v2\/pages\/120600","targetHints":{"allow":["GET"]}}],"collection":[{"href":"https:\/\/www.tradingpedia.com\/de\/wp-json\/wp\/v2\/pages"}],"about":[{"href":"https:\/\/www.tradingpedia.com\/de\/wp-json\/wp\/v2\/types\/page"}],"author":[{"embeddable":true,"href":"https:\/\/www.tradingpedia.com\/de\/wp-json\/wp\/v2\/users\/1"}],"replies":[{"embeddable":true,"href":"https:\/\/www.tradingpedia.com\/de\/wp-json\/wp\/v2\/comments?post=120600"}],"version-history":[{"count":1,"href":"https:\/\/www.tradingpedia.com\/de\/wp-json\/wp\/v2\/pages\/120600\/revisions"}],"predecessor-version":[{"id":129616,"href":"https:\/\/www.tradingpedia.com\/de\/wp-json\/wp\/v2\/pages\/120600\/revisions\/129616"}],"wp:attachment":[{"href":"https:\/\/www.tradingpedia.com\/de\/wp-json\/wp\/v2\/media?parent=120600"}],"curies":[{"name":"wp","href":"https:\/\/api.w.org\/{rel}","templated":true}]}}