{"id":120599,"date":"2013-09-24T15:46:52","date_gmt":"2013-09-24T15:46:52","guid":{"rendered":"https:\/\/www.tradingpedia.com\/about-us-2\/"},"modified":"2026-03-19T15:00:24","modified_gmt":"2026-03-19T15:00:24","slug":"about-us","status":"publish","type":"page","link":"https:\/\/www.tradingpedia.com\/de\/about-us\/","title":{"rendered":"\u00dcber uns"},"content":{"rendered":"<p>TradingPedia.com wurde 2013 gegr\u00fcndet und wird von Markets Chain Ltd (Unternehmen \u2116: <a href=\"https:\/\/portal.registryagency.bg\/CR\/en\/Reports\/ActiveConditionTabResult?uic=208041531\" rel=\"nofollow\" target=\"_blank\">208041531<\/a>) betrieben. Die Website hat sich zum Ziel gesetzt, ihren Leserinnen und Lesern eine pr\u00e4zise und aktuelle Berichterstattung \u00fcber Finanznachrichten zu bieten. Unsere Website konzentriert sich auf die wichtigsten Segmente der Finanzm\u00e4rkte \u2013 Aktien, W\u00e4hrungen und Rohstoffe \u2013 sowie auf interaktive, ausf\u00fchrliche Erl\u00e4uterungen zu zentralen wirtschaftlichen Ereignissen und Indikatoren. Sie geht noch einen Schritt weiter, indem sie sowohl Einsteigerinnen und Einsteigern als auch erfahrenen Tradern Handelsstrategien bietet, die auf fundamentaler und technischer Analyse basieren. <\/p>\n<p>Das oberste Ziel unserer Arbeit ist es, eine Verbindung zwischen unseren Leserinnen und Lesern und den zuverl\u00e4ssigsten Forex- und CFD-Brokern herzustellen. <\/p>\n<p>Indem wir wesentliche Informationen und Kerndaten zusammenstellen und sie in Form von Brokerbewertungen bereitstellen, unterst\u00fctzen wir potenzielle Anlegerinnen und Anleger dabei, fundierte Entscheidungen zu treffen.<\/p>\n","protected":false},"excerpt":{"rendered":"<p>TradingPedia.com wurde 2013 gegr\u00fcndet und wird von Markets Chain Ltd (Unternehmen \u2116: 208041531) betrieben. Die Website hat sich zum Ziel gesetzt, ihren Leserinnen und Lesern eine pr\u00e4zise und aktuelle Berichterstattung \u00fcber Finanznachrichten zu bieten. Unsere Website konzentriert sich auf die wichtigsten Segmente der Finanzm\u00e4rkte \u2013 Aktien, W\u00e4hrungen und Rohstoffe \u2013 sowie auf interaktive, ausf\u00fchrliche Erl\u00e4uterungen [&hellip;]<\/p>\n","protected":false},"author":1,"featured_media":0,"parent":0,"menu_order":100,"comment_status":"closed","ping_status":"open","template":"templates\/full-width.php","meta":{"footnotes":""},"class_list":["post-120599","page","type-page","status-publish","hentry"],"aioseo_notices":[],"_links":{"self":[{"href":"https:\/\/www.tradingpedia.com\/de\/wp-json\/wp\/v2\/pages\/120599","targetHints":{"allow":["GET"]}}],"collection":[{"href":"https:\/\/www.tradingpedia.com\/de\/wp-json\/wp\/v2\/pages"}],"about":[{"href":"https:\/\/www.tradingpedia.com\/de\/wp-json\/wp\/v2\/types\/page"}],"author":[{"embeddable":true,"href":"https:\/\/www.tradingpedia.com\/de\/wp-json\/wp\/v2\/users\/1"}],"replies":[{"embeddable":true,"href":"https:\/\/www.tradingpedia.com\/de\/wp-json\/wp\/v2\/comments?post=120599"}],"version-history":[{"count":1,"href":"https:\/\/www.tradingpedia.com\/de\/wp-json\/wp\/v2\/pages\/120599\/revisions"}],"predecessor-version":[{"id":129584,"href":"https:\/\/www.tradingpedia.com\/de\/wp-json\/wp\/v2\/pages\/120599\/revisions\/129584"}],"wp:attachment":[{"href":"https:\/\/www.tradingpedia.com\/de\/wp-json\/wp\/v2\/media?parent=120599"}],"curies":[{"name":"wp","href":"https:\/\/api.w.org\/{rel}","templated":true}]}}