{"id":120598,"date":"2013-09-15T07:56:19","date_gmt":"2013-09-15T07:56:19","guid":{"rendered":"https:\/\/www.tradingpedia.com\/privacy-2\/"},"modified":"2026-03-19T15:04:13","modified_gmt":"2026-03-19T15:04:13","slug":"privacy","status":"publish","type":"page","link":"https:\/\/www.tradingpedia.com\/de\/privacy\/","title":{"rendered":"Datenschutz"},"content":{"rendered":"<p>Diese Datenschutzerkl\u00e4rung erl\u00e4utert, wie TradingPedia.com alle Informationen verwendet und sch\u00fctzt, die Sie TradingPedia.com zur Verf\u00fcgung stellen, wenn Sie diese Website nutzen. Wir verpflichten uns, daf\u00fcr zu sorgen, dass Ihre Privatsph\u00e4re gesch\u00fctzt ist. <\/p>\n<p>Sollten wir Sie bitten, bestimmte Informationen bereitzustellen, anhand derer Sie bei der Nutzung dieser Website<br \/>\nidentifiziert werden k\u00f6nnen, k\u00f6nnen Sie sicher sein, dass diese nur in \u00dcbereinstimmung mit dieser Datenschutzerkl\u00e4rung verwendet werden.<\/p>\n<p>TradingPedia.com kann diese Richtlinie von Zeit zu Zeit \u00e4ndern, indem wir diese Seite aktualisieren. Sie sollten diese Seite von Zeit zu Zeit \u00fcberpr\u00fcfen, um sicherzustellen, dass Sie mit etwaigen \u00c4nderungen einverstanden sind.<\/p>\n<h3>Was wir erheben<\/h3>\n<ul>\n<li>demografische Informationen wie Pr\u00e4ferenzen und Interessen<\/li>\n<li>weitere Informationen, die f\u00fcr Kundenumfragen und\/oder Angebote relevant sind<\/li>\n<\/ul>\n<h3>Wie wir die von uns erhobenen Informationen verwenden<\/h3>\n<ul>\n<li>Wir ben\u00f6tigen diese Informationen, um Ihre Bed\u00fcrfnisse zu verstehen und Ihnen einen besseren Service zu bieten, insbesondere aus den folgenden Gr\u00fcnden:<br \/>\ninterne Aufzeichnungen<\/li>\n<li>Wir k\u00f6nnen die Informationen nutzen, um unsere Produkte und Dienstleistungen zu verbessern<\/li>\n<\/ul>\n<h3>Sicherheit<\/h3>\n<p>Wir setzen uns daf\u00fcr ein, dass Ihre Informationen sicher sind. Um unbefugten Zugriff oder eine unbefugte Offenlegung zu verhindern, haben wir geeignete physische, elektronische und organisatorische Verfahren eingef\u00fchrt, um die von uns online erfassten Informationen zu sch\u00fctzen und zu sichern. <\/p>\n<h3>Wie wir Cookies verwenden<\/h3>\n<p>Ein Cookie ist eine kleine Datei, die um Erlaubnis bittet, auf der Festplatte Ihres Computers gespeichert zu werden. Sobald Sie zustimmen, wird die Datei hinzugef\u00fcgt, und das Cookie hilft dabei, den Webverkehr zu analysieren oder Sie zu erkennen, wenn Sie eine bestimmte Website besuchen. Cookies erm\u00f6glichen es Webanwendungen, auf Sie als individuelle Person einzugehen. Die Webanwendung kann ihre Funktionen an Ihre Bed\u00fcrfnisse sowie Ihre Vorlieben und Abneigungen anpassen, indem sie Informationen \u00fcber Ihre Pr\u00e4ferenzen sammelt und speichert. <\/p>\n<p>Wir verwenden Traffic-Log-Cookies, um zu erkennen, welche Seiten genutzt werden. Dies hilft uns, Daten \u00fcber den Besucherverkehr auf Webseiten zu analysieren und unsere Website zu verbessern, um sie an die Bed\u00fcrfnisse der Kunden anzupassen. Wir verwenden diese Informationen ausschlie\u00dflich zu statistischen Analysezwecken und anschlie\u00dfend werden die Daten aus dem System gel\u00f6scht. <\/p>\n<h3>Links zu anderen Websites<\/h3>\n<p>Unsere Website kann Links zu anderen Websites enthalten, die f\u00fcr Sie von Interesse sein k\u00f6nnten. Wenn Sie jedoch diese Links nutzen, um unsere Website zu verlassen, sollten Sie beachten, dass wir keine Kontrolle \u00fcber diese andere Website haben. Daher k\u00f6nnen wir nicht f\u00fcr den Schutz und die Vertraulichkeit von Informationen verantwortlich gemacht werden, die Sie beim Besuch solcher Websites bereitstellen, und solche Websites unterliegen nicht dieser Datenschutzerkl\u00e4rung. <\/p>\n","protected":false},"excerpt":{"rendered":"<p>Diese Datenschutzerkl\u00e4rung erl\u00e4utert, wie TradingPedia.com alle Informationen verwendet und sch\u00fctzt, die Sie TradingPedia.com zur Verf\u00fcgung stellen, wenn Sie diese Website nutzen. Wir verpflichten uns, daf\u00fcr zu sorgen, dass Ihre Privatsph\u00e4re gesch\u00fctzt ist. Sollten wir Sie bitten, bestimmte Informationen bereitzustellen, anhand derer Sie bei der Nutzung dieser Website identifiziert werden k\u00f6nnen, k\u00f6nnen Sie sicher sein, dass [&hellip;]<\/p>\n","protected":false},"author":1,"featured_media":0,"parent":0,"menu_order":300,"comment_status":"closed","ping_status":"open","template":"templates\/full-width.php","meta":{"footnotes":""},"class_list":["post-120598","page","type-page","status-publish","hentry"],"aioseo_notices":[],"_links":{"self":[{"href":"https:\/\/www.tradingpedia.com\/de\/wp-json\/wp\/v2\/pages\/120598","targetHints":{"allow":["GET"]}}],"collection":[{"href":"https:\/\/www.tradingpedia.com\/de\/wp-json\/wp\/v2\/pages"}],"about":[{"href":"https:\/\/www.tradingpedia.com\/de\/wp-json\/wp\/v2\/types\/page"}],"author":[{"embeddable":true,"href":"https:\/\/www.tradingpedia.com\/de\/wp-json\/wp\/v2\/users\/1"}],"replies":[{"embeddable":true,"href":"https:\/\/www.tradingpedia.com\/de\/wp-json\/wp\/v2\/comments?post=120598"}],"version-history":[{"count":1,"href":"https:\/\/www.tradingpedia.com\/de\/wp-json\/wp\/v2\/pages\/120598\/revisions"}],"predecessor-version":[{"id":122182,"href":"https:\/\/www.tradingpedia.com\/de\/wp-json\/wp\/v2\/pages\/120598\/revisions\/122182"}],"wp:attachment":[{"href":"https:\/\/www.tradingpedia.com\/de\/wp-json\/wp\/v2\/media?parent=120598"}],"curies":[{"name":"wp","href":"https:\/\/api.w.org\/{rel}","templated":true}]}}