{"id":120597,"date":"2013-09-15T07:52:26","date_gmt":"2013-09-15T07:52:26","guid":{"rendered":"https:\/\/www.tradingpedia.com\/authors-2\/"},"modified":"2026-03-19T15:00:38","modified_gmt":"2026-03-19T15:00:38","slug":"authors","status":"publish","type":"page","link":"https:\/\/www.tradingpedia.com\/de\/authors\/","title":{"rendered":"Autoren"},"content":{"rendered":"<p>Nachfolgend finden Sie Informationen \u00fcber die Autoren hinter unseren t\u00e4glichen Finanznachrichten.<\/p>\n<h2><a href=\"https:\/\/www.tradingpedia.com\/de\/authors\/miroslav-marinov\/\">Miroslav Marinov<\/a><\/h2>\n<p>Miroslav Marinov, Finanznachrichten-Redakteur bei TradingPedia, beobachtet und berichtet \u00fcber die Entwicklungen am Devisenmarkt, wobei sein aktueller Schwerpunkt auf den wichtigsten W\u00e4hrungen von acht entwickelten Volkswirtschaften weltweit liegt. Er betreut den Bereich \u201dW\u00e4hrungshandel\u201d auf der Website und arbeitet au\u00dferdem an den Rubriken \u201dFundamentalanalyse\u201d, \u201dTechnische Analyse\u201d und \u201dTrading-Strategie\u201d mit.<\/p>\n<p>Marinov war zwei Jahre lang als freiberuflicher Forex-Trader t\u00e4tig. Au\u00dferdem arbeitete er im Privatkundengesch\u00e4ft von Banken und im Customer-Relationship-Management sowie in der unabh\u00e4ngigen Finanzpr\u00fcfung. Zu seinen beruflichen Interessen z\u00e4hlen die globalen Finanzm\u00e4rkte, das weltweite Verm\u00f6gensmanagement, bew\u00e4hrte Praktiken der Corporate Governance und die Investitionsplanung. Er verf\u00fcgt \u00fcber einen Bachelor-Abschluss in Finanzwesen und einen Master-Abschluss in Unternehmensfinanzierung.<\/p>\n<p><a target=\"_blank\" href=\"https:\/\/bg.linkedin.com\/in\/miroslav-marinoff-5a909828\" rel=\"nofollow noopener\"><img decoding=\"async\" width=\"25\" src=\"\/wp-content\/themes\/trading-pedia\/images\/icon-linkedin.svg\" \/><\/a><\/p>\n<hr \/>\n<h2><a href=\"https:\/\/www.tradingpedia.com\/de\/authors\/mircea-vasiu\/\">Mircea Vasiu<\/a><\/h2>\n<p>Mircea Vasiu ist ein erfahrener Marktanalyst bei TradingPedia und professioneller Trader mit einem Jahrzehnt Erfahrung im Verfassen von Beitr\u00e4gen \u00fcber die Feinheiten des Aktienmarkts und des W\u00e4hrungshandels. Durch die Kombination seiner Expertise in Makro\u00f6konomie mit einem ausgepr\u00e4gten Blick f\u00fcr Datenanalyse ist Mircea in der Lage, komplexe Markttrends in umsetzbare Handels- und Anlageideen zu \u00fcbersetzen. Er ist der Autor unseres Videobereichs. <\/p>\n<p><a target=\"_blank\" href=\"https:\/\/www.linkedin.com\/in\/mirceavasiu\/\" rel=\"nofollow noopener\"><img decoding=\"async\" width=\"25\" src=\"\/wp-content\/themes\/trading-pedia\/images\/icon-linkedin.svg\" \/><\/a><\/p>\n<hr \/>\n<h2><a href=\"https:\/\/www.tradingpedia.com\/de\/authors\/miro-nikolov\/\">Miro Nikolov<\/a><\/h2>\n<p>Miro Nikolov ist Mitgr\u00fcnder von TradingPedia.com und BestBrokers.com. Sein Ziel ist es, Menschen dabei zu helfen, profitable Investments zu t\u00e4tigen, indem er ihnen Zugang zu Bildungsressourcen und Analysetools verschafft. <\/p>\n<p><a target=\"_blank\" href=\"https:\/\/www.linkedin.com\/in\/miro-nikolov-1946b9141\/\" rel=\"nofollow noopener\"><img decoding=\"async\" width=\"25\" src=\"\/wp-content\/themes\/trading-pedia\/images\/icon-linkedin.svg\" \/><\/a><\/p>\n<hr \/>\n<h2><a href=\"https:\/\/www.tradingpedia.com\/de\/authors\/arslan-ali\/\">Arslan Ali<\/a><\/h2>\n<p>Lernen Sie Arslan kennen, einen erfahrenen Experten in der Welt der Derivate mit Spezialisierung auf Kryptow\u00e4hrungen, Forex, Rohstoffe und Indizes. Als professioneller Live-Webinar-Referent teilt er seine Einblicke mit Zuh\u00f6rern auf der ganzen Welt. Mit einem soliden akademischen Hintergrund, darunter ein MBA in Finance und ein MPhil in Behavioral Finance, bringt Arslan eine einzigartige Kombination aus technischer Expertise und verhaltensorientierter Analyse in seine Arbeit ein und ist dadurch eine anerkannte Stimme in der Branche.<\/p>\n<p><a target=\"_blank\" href=\"https:\/\/www.linkedin.com\/in\/arslan-butt\/\" rel=\"nofollow noopener\"><img decoding=\"async\" width=\"25\" src=\"\/wp-content\/themes\/trading-pedia\/images\/icon-linkedin.svg\" \/><\/a><\/p>\n<hr \/>\n<h2><a href=\"https:\/\/www.tradingpedia.com\/de\/authors\/jeremy-wagner\/\">Jeremy Wagner<\/a><\/h2>\n<p>Aktiver Trader in den Bereichen Forex, Aktien und Aktienoptionen. Jeremy ist der Hauptautor unserer Trading-Akademie. <\/p>\n<p><a target=\"_blank\" href=\"https:\/\/www.linkedin.com\/in\/jeremydwagner\/\" rel=\"nofollow noopener\"><img decoding=\"async\" width=\"25\" src=\"\/wp-content\/themes\/trading-pedia\/images\/icon-linkedin.svg\" \/><\/a><\/p>\n","protected":false},"excerpt":{"rendered":"<p>Nachfolgend finden Sie Informationen \u00fcber die Autoren hinter unseren t\u00e4glichen Finanznachrichten. Miroslav Marinov Miroslav Marinov, Finanznachrichten-Redakteur bei TradingPedia, beobachtet und berichtet \u00fcber die Entwicklungen am Devisenmarkt, wobei sein aktueller Schwerpunkt auf den wichtigsten W\u00e4hrungen von acht entwickelten Volkswirtschaften weltweit liegt. Er betreut den Bereich \u201dW\u00e4hrungshandel\u201d auf der Website und arbeitet au\u00dferdem an den Rubriken \u201dFundamentalanalyse\u201d, [&hellip;]<\/p>\n","protected":false},"author":1,"featured_media":0,"parent":0,"menu_order":200,"comment_status":"closed","ping_status":"open","template":"templates\/full-width.php","meta":{"footnotes":""},"class_list":["post-120597","page","type-page","status-publish","hentry"],"aioseo_notices":[],"_links":{"self":[{"href":"https:\/\/www.tradingpedia.com\/de\/wp-json\/wp\/v2\/pages\/120597","targetHints":{"allow":["GET"]}}],"collection":[{"href":"https:\/\/www.tradingpedia.com\/de\/wp-json\/wp\/v2\/pages"}],"about":[{"href":"https:\/\/www.tradingpedia.com\/de\/wp-json\/wp\/v2\/types\/page"}],"author":[{"embeddable":true,"href":"https:\/\/www.tradingpedia.com\/de\/wp-json\/wp\/v2\/users\/1"}],"replies":[{"embeddable":true,"href":"https:\/\/www.tradingpedia.com\/de\/wp-json\/wp\/v2\/comments?post=120597"}],"version-history":[{"count":1,"href":"https:\/\/www.tradingpedia.com\/de\/wp-json\/wp\/v2\/pages\/120597\/revisions"}],"predecessor-version":[{"id":129601,"href":"https:\/\/www.tradingpedia.com\/de\/wp-json\/wp\/v2\/pages\/120597\/revisions\/129601"}],"wp:attachment":[{"href":"https:\/\/www.tradingpedia.com\/de\/wp-json\/wp\/v2\/media?parent=120597"}],"curies":[{"name":"wp","href":"https:\/\/api.w.org\/{rel}","templated":true}]}}