{"id":120582,"date":"2013-06-27T14:53:53","date_gmt":"2013-06-27T14:53:53","guid":{"rendered":"https:\/\/www.tradingpedia.com\/stp-forex-brokers-explained\/"},"modified":"2026-03-19T15:09:33","modified_gmt":"2026-03-19T15:09:33","slug":"stp-forex-brokers-explained","status":"publish","type":"page","link":"https:\/\/www.tradingpedia.com\/de\/forex-brokers\/stp-forex-brokers-explained\/","title":{"rendered":"ECN-\/STP-Forex-Broker"},"content":{"rendered":"<p>Es gibt drei Haupttypen von Brokern: Market Maker, ECN und STP. Jeder dieser Typen hat seine Vor- und Nachteile, und unerfahrene Trader haben oft Schwierigkeiten festzustellen, welcher Broker am besten zu ihren Bed\u00fcrfnissen passt.<\/p>\n<p><img decoding=\"async\" src=\"https:\/\/www.tradingpedia.com\/wp-content\/uploads\/2020\/08\/ecn-stp-brokers-explained.svg\" alt=\"ecn_forex\" width=\"600\" height=\"478\" class=\"aligncenter size-full wp-image-4568\"><\/p>\n<p>Market Maker sind sehr beliebt, geh\u00f6ren aber auch zu den ung\u00fcnstigsten Broker-Typen, weil sie profitieren, wenn Sie verlieren \u2013 und umgekehrt. Wenn Sie mit seri\u00f6sen, vertrauensw\u00fcrdigen und kundenfreundlichen Brokern arbeiten m\u00f6chten, sollten Sie sich auf <a href=\"https:\/\/www.tradingpedia.com\/de\/forex-brokers\/ecn-forex-brokers\/\">ECN<\/a> oder <a href=\"https:\/\/www.tradingpedia.com\/de\/forex-brokers\/stp-forex-brokers\/\">STP-Broker<\/a> konzentrieren. <\/p>\n<p>In diesem Artikel erfahren Sie, worin sich STP- und ECN-Broker unterscheiden und warum sie gegen\u00fcber Market Makern vorteilhafter sein k\u00f6nnen. Au\u00dferdem betrachten wir eine neue Art hybrider Broker, die diese beiden Modelle kombinieren, und erl\u00e4utern die wichtigsten Vorteile, die STP- und ECN-Trading Anlegern bieten k\u00f6nnen. <\/p>\n<div class=\"important\"><strong>Wichtig:<\/strong> Wenn Sie einen Broker ausw\u00e4hlen, der vorgibt, ein ECN- oder STP-Broker zu sein, sollten Sie dessen regulatorischen Status immer \u00fcberpr\u00fcfen und das Kleingedruckte lesen. Manche Unternehmen vermarkten sich als \u201eECN\u201c, leiten Retail-Orders jedoch \u00fcber ein internes Dealing Desk und agieren damit faktisch als Market Maker. Vergewissern Sie sich, dass die Orderausf\u00fchrung ohne Dealing Desk erfolgt, die Spreads variabel sind und die Kommissionen im Voraus offengelegt werden. Eine gr\u00fcndliche Pr\u00fcfung kann Sie vor versteckten Kosten und potenziellen Interessenkonflikten bewahren.<\/div>\n<h2 id=\"ndd\">Wie No-Dealing-Desk-Broker funktionieren<\/h2>\n<p><img decoding=\"async\" src=\"https:\/\/www.tradingpedia.com\/wp-content\/uploads\/2020\/08\/how-no-dealing-desk-works.svg\" alt=\"how no dealing desk works\" width=\"600\" height=\"250\" class=\"aligncenter size-full wp-image-62393\"><\/p>\n<p>Auf dem Forex-Markt gibt es zwei Hauptkategorien von Brokern, von denen die erste die sogenannten Dealing-Desk-(DD)-Broker umfasst, die auch als Market Maker bekannt sind. Wie der Name bereits andeutet, \u201emachen\u201c solche Brokerh\u00e4user den Markt, indem sie die Bid-Ask-Spreads \u00fcber ihre Dealing Desks festlegen. <\/p>\n<p>Die Orders der Kunden werden aufgrund des eingebauten Spreads, der DD-Brokern einen Gewinn sichert, nie zu den exakten Marktpreisen gestellt. Eine weitere Besonderheit von Market Makern besteht darin, dass sie mitunter Requotes erteilen, weil die Orders der Kunden nicht direkt an den Interbankenmarkt weitergeleitet werden. <\/p>\n<p>Der Market Maker entscheidet je nach Faktoren wie Volatilit\u00e4t und Nachrichtenlage, ob er die Order eines Kunden annimmt oder ablehnt. Im Idealfall werden Ihre Positionen mit denen anderer Kunden gegeneinander ausgeglichen. Ist dies jedoch nicht m\u00f6glich, \u00fcbernimmt ein DD-Broker entweder die Gegenposition oder leitet die Order an einen anderen Liquidit\u00e4tsanbieter weiter. <\/p>\n<p>Ein DD-Broker zahlt gewinnende Trades in der Regel direkt aus seinem eigenen Konto. Entsprechend verdient ein solches Brokerhaus Geld, wenn seine Kunden ihre Positionen mit Verlust schlie\u00dfen \u2013 und umgekehrt. <\/p>\n<p>Dies ist bei <a href=\"https:\/\/www.tradingpedia.com\/de\/forex-brokers\/no-dealing-desk-forex-brokers\/\">No-Dealing-Desk-(NDD)-Brokern<\/a> nicht der Fall, die auf Straight-Through-Processing-(STP)- oder Electronic-Communication-Network-(ECN)-Technologien zur\u00fcckgreifen, um die Orders ihrer Kunden direkt an andere Liquidit\u00e4tsanbieter weiterzuleiten. <\/p>\n<p>Dadurch erhalten Trader direkten Zugang zum Interbankenmarkt, auf dem ihre Orders schneller und zu besseren Preisen ausgef\u00fchrt werden. Ein NDD-Broker fungiert im Wesentlichen als Br\u00fccke zwischen seinen Kunden und den Liquidit\u00e4tsanbietern. <\/p>\n<p>Bei der Zusammenarbeit mit einem NDD-Broker gibt es keine Requotes. Der Trader hat Zugang zu mehreren Liquidit\u00e4tspools, was es ihm erm\u00f6glicht, die besten Geld- und Briefkurse zu erhalten. Ein weiterer Unterschied besteht darin, dass NDD-Broker zus\u00e4tzliche Kommissionen daf\u00fcr berechnen, dass sie die Spreads der Liquidit\u00e4tsanbieter an die Kunden weitergeben. <\/p>\n<h3 id=\"ecn\">Elektronische Kommunikationsnetzwerke (ECN)<\/h3>\n<p><img decoding=\"async\" src=\"https:\/\/www.tradingpedia.com\/wp-content\/uploads\/2020\/08\/how-ecn-network-works.svg\" alt=\"how ecn network works\" width=\"600\" height=\"250\" class=\"aligncenter size-full wp-image-62394\"><\/p>\n<p>ECN-Broker st\u00fctzen sich bei ihrer T\u00e4tigkeit auf elektronische Kommunikationsnetzwerke (ECN). Ein ECN ist ein digitales System, das Kauf- und Verkaufsorders f\u00fcr Finanzprodukte automatisch miteinander abgleicht. Forex-W\u00e4hrungspaare und Aktien sind die beiden am h\u00e4ufigsten \u00fcber dieses computergest\u00fctzte Netzwerk gehandelten Produkte. <\/p>\n<p>Zu den bekanntesten elektronischen Kommunikationsnetzwerken z\u00e4hlen bis heute der Prototyp Instinet (Ende der 1960er-Jahre gestartet), NYSE Arca und SelectNet. Einige dieser Systeme sind f\u00fcr institutionelle Anleger gedacht, w\u00e4hrend andere speziell f\u00fcr Privatanleger entwickelt wurden. <\/p>\n<p>Das ECN verbindet gro\u00dfe Broker, einzelne Trader und Liquidit\u00e4tsanbieter und erm\u00f6glicht ihnen, Gesch\u00e4fte direkt untereinander abzuwickeln, ohne die Dienste von Zwischenh\u00e4ndlern in Anspruch zu nehmen. Dies gew\u00e4hrleistet ein hohes Ma\u00df an Anonymit\u00e4t f\u00fcr Trader, die ECN-Broker nutzen.<\/p>\n<p>Ein weiterer Vorteil des ECN besteht darin, dass es Anlegern erm\u00f6glicht, au\u00dferhalb der \u00fcblichen Handelszeiten zu handeln. Dies ist eine ausgezeichnete L\u00f6sung f\u00fcr Personen, die w\u00e4hrend der regul\u00e4ren Handelszeiten nicht aktiv am Markt teilnehmen k\u00f6nnen oder sich eine gr\u00f6\u00dfere Verf\u00fcgbarkeit und mehr Flexibilit\u00e4t w\u00fcnschen. <\/p>\n<p>Das ECN-Modell bietet Privattradern mehrere weitere Vorteile, darunter <a href=\"https:\/\/www.tradingpedia.com\/de\/forex-brokers\/low-spread-forex-brokers\/\">niedrigere Spreads<\/a>, eine schnellere Orderausf\u00fchrung, eine verbesserte Liquidit\u00e4t und h\u00f6here Preistransparenz. Zudem k\u00f6nnen Finanzinstitute durch ECN ihre Gesamtkosten senken, da der manuelle Aufwand reduziert wird. <\/p>\n<h3 id=\"stp\">Straight-Through-Processing (STP)<\/h3>\n<p><img decoding=\"async\" src=\"https:\/\/www.tradingpedia.com\/wp-content\/uploads\/2020\/08\/how-stp-works.svg\" alt=\"how stp works\" width=\"600\" height=\"250\" class=\"aligncenter size-full wp-image-62395\"><\/p>\n<p>Viele gro\u00dfe Finanzinstitute und Konzerne nutzen die Straight-Through-Processing-(STP)-Methode. STP-Systeme erm\u00f6glichen vollst\u00e4ndig automatisierte Finanztransaktionen ohne manuelles Eingreifen \u2013 daher der Name \u201eStraight-Through-Processing\u201c. <\/p>\n<p>Solche Systeme wurden Anfang der 1990er-Jahre erstmals entwickelt und waren urspr\u00fcnglich f\u00fcr den Einsatz an den Aktienm\u00e4rkten gedacht. Der gr\u00f6\u00dfte Vorteil von STP besteht darin, dass es Zeit spart. Der gesamte Handelszyklus \u2013 von der Auftragserteilung bis zur endg\u00fcltigen Abwicklung \u2013 wird automatisch und ohne menschliches Eingreifen abgewickelt. <\/p>\n<p>Orders werden in Echtzeit verarbeitet. Sie werden direkt vom Trader an verschiedene Liquidit\u00e4tsanbieter im Interbankenmarkt gesendet, ohne dass der Broker eingreift. Die Orders der Trader werden zu besseren Preisen ausgef\u00fchrt, weil sie direkten Zugang zum Interbankenmarkt haben. <\/p>\n<p>Die Orders laufen nicht \u00fcber Dealing Desks. Stattdessen leitet der STP-Broker sie \u201estraight-through\u201c an verschiedene Liquidit\u00e4tsanbieter wie Banken oder gr\u00f6\u00dfere Brokerh\u00e4user weiter. Dadurch werden Requotes und Verz\u00f6gerungen bei der Orderausf\u00fchrung verhindert. Das STP-System bietet mehrere Vorteile, darunter k\u00fcrzere Bearbeitungszeiten, ein verringertes Abwicklungsrisiko und geringere Betriebskosten. <\/p>\n<h2 id=\"stpbrokers\">STP-Broker erkl\u00e4rt<\/h2>\n<p><img decoding=\"async\" src=\"https:\/\/www.tradingpedia.com\/wp-content\/uploads\/2020\/08\/stp-brokers-explained.svg\" alt=\"stp brokers explained\" width=\"600\" height=\"250\" class=\"aligncenter size-full wp-image-62396\"><\/p>\n<p>STP-Broker sind weniger verbreitet, werden von vielen Tradern jedoch nach wie vor als beste Wahl betrachtet \u2013 und das aus gutem Grund. Interessanterweise vereinen sie Eigenschaften von ECN-Brokern und Market Makern. Ihre Funktionsweise ist etwas komplex, daher sollten Sie aufmerksam weiterlesen, wenn Sie mehr \u00fcber STP-Broker und ihre Arbeitsweise erfahren m\u00f6chten. <\/p>\n<p>Wenn ein <a href=\"https:\/\/www.tradingpedia.com\/de\/forex-brokers\/\">Forex-Broker<\/a> ein Straight-Through-Processing-System verwendet, leitet er die Orders der Trader direkt an verschiedene Liquidit\u00e4tsanbieter im Interbankenmarkt weiter. Dabei kann es sich um Gro\u00dfbanken, Kontrahenten, gro\u00dfe Investmentgesellschaften oder Hedgefonds handeln. Ein STP-Broker verbindet Trader direkt mit dem Interbankenmarkt. <\/p>\n<p>Es sind keine Zwischenh\u00e4ndler beteiligt, da die Orders der Kunden nicht \u00fcber ein Dealing Desk laufen. Das Fehlen eines Mittelsmanns beseitigt Verz\u00f6gerungen bei der Ausf\u00fchrung der Orders und die Notwendigkeit von Requotes. Da Kunden direkten Marktzugang haben, werden ihre Orders zu den wettbewerbsf\u00e4higsten Preisen ausgef\u00fchrt. <\/p>\n<p>Damit stellt sich die Frage, wie STP-Broker ihr Geld verdienen. Die Antwort: Sie schlagen auf die Bid-Ask-Spreads ihrer Liquidit\u00e4tsanbieter einen nominalen Aufschlag auf. STP-Broker bieten variable Spreads, die von den Marktbedingungen abh\u00e4ngen, w\u00e4hrend der Aufschlag in der Regel fest ist. <\/p>\n<p>STP-Broker erm\u00f6glichen es ihren Kunden au\u00dferdem, auch w\u00e4hrend der Ver\u00f6ffentlichung wichtiger Finanznachrichten zu handeln \u2013 etwas, das f\u00fcr Dealing-Desk-Market-Maker in der Regel nicht gilt. Dies macht STP-Broker in Kombination mit der blitzschnellen Orderausf\u00fchrung zur idealen Wahl f\u00fcr Scalper und News-Trader. <\/p>\n<p>Hier besteht eine gr\u00f6\u00dfere Anonymit\u00e4t und kein Interessenkonflikt. STP-Broker b\u00fcndeln Kauf- und Verkaufskurse verschiedener Liquidit\u00e4tsanbieter und f\u00fcgen den zuvor erw\u00e4hnten nominalen Aufschlag hinzu. Ein Trader platziert eine Order, und das Brokerhaus leitet sie an einen seiner Liquidit\u00e4tsanbieter weiter und beh\u00e4lt den Gewinn aus dem geringen Unterschied im Spread. <\/p>\n<p>Das STP-System sortiert die Kauf- und Verkaufskurse vom besten zum schlechtesten und wendet dann den Aufschlag an. Erh\u00f6hen die Liquidit\u00e4tsanbieter ihre Spreads, reagiert der STP-Broker dementsprechend, indem er seine Spreads mit einem gr\u00f6\u00dferen Aufschlag ausweitet.<\/p>\n<p>Anleger handeln im Grunde gegen andere Marktteilnehmer und nicht gegen das Brokerhaus, das von den Verlusten seiner Kunden nicht profitiert. Tats\u00e4chlich ist eher das Gegenteil der Fall: Verlieren die Kunden eines STP-Brokers zu viel Geld, werden sie aufh\u00f6ren, neue Orders zu platzieren, und der Broker kann nicht mehr kontinuierlich am Markt verdienen.<\/p>\n<h3 id=\"whystp\">Warum Forex-Broker das STP-Modell bevorzugen<\/h3>\n<p><img decoding=\"async\" src=\"https:\/\/www.tradingpedia.com\/wp-content\/uploads\/2020\/08\/why-forex-brokers-prefer-stp.svg\" alt=\"things to consider\" class=\"alignleft size-full wp-image-62375\">Sie k\u00f6nnen sich vermutlich vorstellen, warum immer mehr Trader STP-Broker bevorzugen. Die Vorteile des Modells aus Sicht der Trader liegen auf der Hand. Allerdings sind Straight-Through-Processing-Systeme auch f\u00fcr Broker aus mehreren Gr\u00fcnden vorteilhaft.<\/p>\n<p>Der erste und \u00fcberzeugendste Grund betrifft die Senkung der Betriebskosten. Die Nutzung eines STP-Systems ist h\u00e4ufig kosteng\u00fcnstiger als der Betrieb eines Dealing Desks, da der Broker Personalkosten einspart. <\/p>\n<p>Auch beim Risikomanagement f\u00e4llt weniger Aufwand an, da ein STP-Broker die Orders der Trader lediglich an seine Liquidit\u00e4tsanbieter weitergibt. Unerwartete Marktbewegungen wirken sich daher nicht direkt auf den Broker selbst aus. <\/p>\n<p>Das STP-Modell bedeutet f\u00fcr Broker weniger Kopfschmerzen. Sie m\u00fcssen sich nicht um wichtige Nachrichtenver\u00f6ffentlichungen und unerwartete, negative Kursbewegungen sorgen. \u00c4hnlich wie Trader sind auch Brokerh\u00e4user den Marktbedingungen ausgeliefert. In der Regel haben es Market Maker, die ihre eigenen Kauf- und Verkaufskurse stellen, im Umgang mit volatilen Marktphasen leichter als in ruhigeren Zeiten. <\/p>\n<p>Dennoch ist es f\u00fcr einen DD-Broker schwierig, verl\u00e4ssliche Umsatzprognosen zu erstellen, da er niemals mit absoluter Sicherheit wissen kann, wann und in welchem Ausma\u00df sich Marktpreise bewegen werden. F\u00fcr einen STP-Broker stellt dies kein Problem dar, da seine Einnahmen in der Regel unabh\u00e4ngig von ung\u00fcnstigen Kursbewegungen und schlechten Marktbedingungen relativ stabil bleiben. <\/p>\n<p>Menschliche Fehler bei der Orderausf\u00fchrung sind ebenfalls ausgeschlossen, wenn ein vollst\u00e4ndig automatisiertes STP-System eingesetzt wird. \u00dcber ein STP-System werden Orders schneller ausgef\u00fchrt, was zu einer besseren Erfahrung f\u00fcr die Kunden f\u00fchrt. Von dieser h\u00f6heren Kundenzufriedenheit profitieren wiederum die STP-Broker selbst. <\/p>\n<p>Solche Brokerh\u00e4user profitieren von den Aufschl\u00e4gen auf die Spreads und nicht von den Verlusten ihrer Kunden, wie dies bei Market Makern \u00fcblich ist. Sind die Kunden mit dem Gesamtservice zufrieden, werden sie weiterhin auf der jeweiligen STP-Plattform handeln und dem Broker durch die Aufschl\u00e4ge einen stetigen Umsatz verschaffen. <\/p>\n<h3 id=\"benefits-stp\">Vorteile des STP-Modells aus Sicht der Trader<\/h3>\n<p>Nicht nur Broker profitieren von Straight-Through-Processing-Systemen. Auch f\u00fcr Trader bietet das STP-Modell zahlreiche Vorteile. Im Folgenden fassen wir die wichtigsten Pluspunkte des Tradings mit einem STP-Broker zusammen.<\/p>\n<ul>\n<li>Es besteht kein Interessenkonflikt, da die Orders der Trader auf andere Weise ausgef\u00fchrt werden. Im Gegensatz zu Market Makern m\u00fcssen STP-Broker nicht auf Hedging zur\u00fcckgreifen, also keine Positionen eingehen, die denjenigen ihrer Kunden entgegengesetzt sind. Statt von den Verlusten der Kunden zu profitieren, erzielen Broker, die dieses Modell nutzen, ihre Einnahmen aus den kleinen Kommissionen (dem Aufschlag), die sie f\u00fcr jeden Trade berechnen.<\/li>\n<li>Das STP-System sorgt f\u00fcr ein h\u00f6heres Ma\u00df an Anonymit\u00e4t, da es Trader direkt mit den Liquidit\u00e4tsanbietern verbindet, mit denen der Broker zusammenarbeitet. Dadurch erhalten Kunden sofortigen Zugang zu mehr Liquidit\u00e4t und besseren Interbankenpreisen. Dies ist besonders vorteilhaft f\u00fcr Scalper, die sich nicht mit Problemen wie Slippage und Requotes auseinandersetzen m\u00fcssen. Auch News-Trader profitieren davon. Die Marktposition eines Market Makers steigt nach wichtigen Nachrichtenver\u00f6ffentlichungen \u00fcber bestimmte vordefinierte Schwellen hinaus, was dazu f\u00fchren kann, dass er einige Kundenorders ablehnt. Ein News-Trader bleibt diesen Unannehmlichkeiten erspart, wenn er bei einem STP-Broker handelt.<\/li>\n<li>STP-Broker verschaffen Tradern einen tieferen Zugang zu den M\u00e4rkten. Unternehmen, die auf dieses Modell setzen, b\u00fcndeln Marktpreise mehrerer Liquidit\u00e4tsanbieter. Dies f\u00fchrt zu einer besseren Orderausf\u00fchrung, gr\u00f6\u00dferer Transparenz und wettbewerbsf\u00e4higeren Preisen f\u00fcr die Kunden.<\/li>\n<li>Orders werden schneller ausgef\u00fchrt, da sie nicht \u00fcber ein Dealing Desk laufen. Alles wird automatisch durch das System verarbeitet, wodurch Verz\u00f6gerungen und die Notwendigkeit von Requotes entfallen.<\/li>\n<\/ul>\n<h2 id=\"ecnbrokers\">ECN-Broker erkl\u00e4rt<\/h2>\n<p><img decoding=\"async\" src=\"https:\/\/www.tradingpedia.com\/wp-content\/uploads\/2020\/08\/ecn-brokers-explained.svg\" alt=\"ecn brokers explained\" width=\"600\" height=\"250\" class=\"aligncenter size-full wp-image-62397\"><\/p>\n<p>Wie STP-Handelsplattformen verschaffen auch ECN-Broker Tradern direkten Zugang zum echten Interbankenmarkt. Das bedeutet, dass sich die Gewinne und Verluste des Brokers nicht nach dem Erfolg der Trader richten. Stattdessen verdienen ECN-Broker ihr Geld \u00fcber Kommissionen. <\/p>\n<p>Das elektronische Kommunikationsnetzwerk verbindet Trader direkt mit den Liquidit\u00e4tsanbietern des Brokers. In Bezug auf die Ausf\u00fchrung funktioniert es identisch zu einem STP-System. Sie handeln nicht gegen Ihren Broker, sondern gegen andere Marktteilnehmer wie Bankinstitute, gr\u00f6\u00dfere Brokerh\u00e4user, Hedgefonds, private Trader und so weiter. <\/p>\n<p>All diese Marktteilnehmer handeln im Grunde gegeneinander, indem sie einander ihre besten Kauf- und Verkaufskurse anbieten. Dadurch erhalten die Kunden von ECN-Brokern Zugang zur Markttiefe, was eine Manipulation der Marktpreise unm\u00f6glich macht. Die Markttiefe umfasst s\u00e4mtliche quotierten Preise f\u00fcr einen bestimmten Markt sowie das vorgesehene Handelsvolumen f\u00fcr jede Bid-Ask-Stufe. <\/p>\n<p>Trader k\u00f6nnen ihre Preise zur Orderausf\u00fchrung mit denen anderer Marktteilnehmer vergleichen, die Zugriff auf denselben Kursfeed haben. Ein weiterer wichtiger Punkt ist, dass Liquidit\u00e4tsanbieter um h\u00f6here Handelsvolumina konkurrieren, was sie dazu motiviert, bessere Kurse anzubieten. ECN-Orders werden zu den wettbewerbsf\u00e4higsten Preisen ausgef\u00fchrt; reicht die Liquidit\u00e4t f\u00fcr eine vollst\u00e4ndige Ausf\u00fchrung nicht aus, werden die zweitbesten Preise verwendet. <\/p>\n<p>Ein wesentlicher Unterschied zwischen ECN- und STP-Brokern besteht darin, dass Erstere nicht auf Bid-Ask-Spreads oder Aufschl\u00e4ge angewiesen sind, um Einnahmen zu erzielen. Stattdessen verdienen sie, indem sie den Kunden f\u00fcr jede er\u00f6ffnete Position eine nominale, feste Kommission berechnen. In den meisten F\u00e4llen betr\u00e4gt diese Kommission 10 $ pro Round Lot, kann je nach verschiedenen Faktoren jedoch auch niedriger oder h\u00f6her ausfallen.<\/p>\n<p>Der Verzicht auf Aufschl\u00e4ge f\u00fchrt zu ultraengen Spreads, die bis nahe an null Pips heranreichen k\u00f6nnen. \u00c4hnlich wie ihre STP-Pendants stellen ECN-Broker ausschlie\u00dflich variable Spreads. Feste Spreads sind in einem solchen Umfeld unm\u00f6glich, da die Preise aus vielen verschiedenen Liquidit\u00e4tsquellen aggregiert werden. Dies macht echte ECN-Broker leicht erkennbar \u2013 Sie m\u00fcssen lediglich auf variable Spreads achten. <\/p>\n<p>Beachten Sie, dass ECN-Broker sehr hohe Anforderungen an Mindesteinzahlungen und Lotgr\u00f6\u00dfen stellen. Das macht sie f\u00fcr die meisten Retail-Kunden und Kleinanleger ungeeignet. Es ist inzwischen \u00fcblich, dass ECN-Broker eine Mindesthandelsgr\u00f6\u00dfe von einem Mini-Lot vorschreiben, das 1\/10 eines Standard-Lots entspricht. Die Mindesteinzahlungen liegen in einigen F\u00e4llen zwischen 50.000 $ und 100.000 $. <\/p>\n<h3 id=\"benefits-ecn\">Vorteile von ECN-Brokern<\/h3>\n<p>Trotz der h\u00f6heren Mindesteinzahlungen und gr\u00f6\u00dferen Lotgr\u00f6\u00dfen, die ECN-Broker verlangen, werden sie f\u00fcr viele Trader zur bevorzugten Wahl, da sie zahlreiche Vorteile bieten, unter anderem die folgenden:<\/p>\n<ul>\n<li>Die Interessen von Kunden und Brokern sind perfekt aufeinander abgestimmt, da ECN-Broker niemals gegen ihre Kundschaft handeln. Ihre Orders werden mit denen anderer Marktteilnehmer gematcht. Der ECN-Broker fungiert lediglich als Vermittler zwischen den Teilnehmern. Ob Ihre Trades Gewinn oder Verlust machen, ist unerheblich, da der Broker \u00fcber die von ihm erhobenen Kommissionen verdient. F\u00fcr einen ECN-Broker ist es sogar von Vorteil, wenn seine Kunden Geld verdienen: So k\u00f6nnen sie ihre Konten ausbauen und mit gr\u00f6\u00dferen Volumina handeln, wovon der Broker wiederum profitiert.<\/li>\n<li>Mit ECN-Brokern ist eine Manipulation der Marktpreise nicht m\u00f6glich, was f\u00fcr faire und vollst\u00e4ndig transparente Handelsbedingungen sorgt. Der Grund: Solche Brokerh\u00e4user zeigen Marktpreise verschiedener Liquidit\u00e4tsanbieter an, statt \u2013 wie Market Maker \u2013 eigene Bid-Ask-Preise festzulegen. ECN-Kunden haben au\u00dferdem direkten Zugang zur Markttiefe, was die Transparenz zus\u00e4tzlich erh\u00f6ht.<\/li>\n<li>Trades werden sofort und zu deutlich engeren Spreads ausgef\u00fchrt als denen, die Market Maker anbieten. Viele verschiedene Liquidit\u00e4tsanbieter konkurrieren um Handelsauftr\u00e4ge. Dies motiviert sie, die jeweils engstm\u00f6glichen Kurse zu stellen, um Trader f\u00fcr sich zu gewinnen und der Konkurrenz voraus zu sein.<\/li>\n<li>Der Zugriff auf Interbankenpreise in Echtzeit verhindert das Auftreten von Requotes \u2013 ein h\u00e4ufiges Problem f\u00fcr Nutzer von Market-Maker-Diensten. Requotes wirken sich negativ auf die langfristige Trading-Performance aus. Sie treten in der Regel auf, wenn ein Broker die Ausf\u00fchrung einer Order aufgrund von Kurs\u00e4nderungen des gehandelten Basiswerts ablehnt. Die von Market Makern angebotenen Requotes fallen selten zum Vorteil der Trader aus.<\/li>\n<\/ul>\n<h2 id=\"ndd-dd\">Forex-Broker, die NDD- und DD-Modelle kombinieren<\/h2>\n<p><img decoding=\"async\" src=\"https:\/\/www.tradingpedia.com\/wp-content\/uploads\/2020\/08\/dd-and-ndd-brokers.svg\" alt=\"dd and ndd brokers\" class=\"alignleft size-full wp-image-62398\">Einige Forex-Broker setzen auf eine Kombination aus NDD- und DD-Modellen, da sie so ein breiteres Spektrum an Kundenw\u00fcnschen abdecken k\u00f6nnen. H\u00e4ufig bieten solche Unternehmen ihren Kunden sowohl ECN- als auch STP-Kontotypen an und agieren gleichzeitig weiterhin als Market Maker. <\/p>\n<p>Professionelle Marktteilnehmer und Trader mit gr\u00f6\u00dferen Volumina k\u00f6nnen ECN-Konten er\u00f6ffnen. Die Trades von Privatanlegern mit kleineren Volumina m\u00fcssen hingegen weiterhin \u00fcber ein Dealing Desk abgewickelt werden, da gro\u00dfe Liquidit\u00e4tsanbieter in der Regel kein Interesse daran haben, sehr kleine Handelsvolumina zu bedienen. <\/p>\n<p>Auf diese Weise k\u00f6nnen sich hybride Brokerh\u00e4user auf andere wichtige Bereiche wie Kundenservice, Marktanalysen und Schulungsangebote konzentrieren. Die Kombination aus ECN und STP f\u00f6rdert zudem die vollst\u00e4ndige Automatisierung von Ordererfassung, Orderausf\u00fchrung und Spread-Bepreisung.<\/p>\n","protected":false},"excerpt":{"rendered":"<p>Es gibt drei Haupttypen von Brokern: Market Maker, ECN und STP. Jeder dieser Typen hat seine Vor- und Nachteile, und unerfahrene Trader haben oft Schwierigkeiten festzustellen, welcher Broker am besten zu ihren Bed\u00fcrfnissen passt. Market Maker sind sehr beliebt, geh\u00f6ren aber auch zu den ung\u00fcnstigsten Broker-Typen, weil sie profitieren, wenn Sie verlieren \u2013 und umgekehrt. [&hellip;]<\/p>\n","protected":false},"author":7,"featured_media":0,"parent":120601,"menu_order":0,"comment_status":"closed","ping_status":"open","template":"templates\/best-brokers-list.php","meta":{"footnotes":""},"class_list":["post-120582","page","type-page","status-publish","hentry"],"aioseo_notices":[],"_links":{"self":[{"href":"https:\/\/www.tradingpedia.com\/de\/wp-json\/wp\/v2\/pages\/120582","targetHints":{"allow":["GET"]}}],"collection":[{"href":"https:\/\/www.tradingpedia.com\/de\/wp-json\/wp\/v2\/pages"}],"about":[{"href":"https:\/\/www.tradingpedia.com\/de\/wp-json\/wp\/v2\/types\/page"}],"author":[{"embeddable":true,"href":"https:\/\/www.tradingpedia.com\/de\/wp-json\/wp\/v2\/users\/7"}],"replies":[{"embeddable":true,"href":"https:\/\/www.tradingpedia.com\/de\/wp-json\/wp\/v2\/comments?post=120582"}],"version-history":[{"count":1,"href":"https:\/\/www.tradingpedia.com\/de\/wp-json\/wp\/v2\/pages\/120582\/revisions"}],"predecessor-version":[{"id":129719,"href":"https:\/\/www.tradingpedia.com\/de\/wp-json\/wp\/v2\/pages\/120582\/revisions\/129719"}],"up":[{"embeddable":true,"href":"https:\/\/www.tradingpedia.com\/de\/wp-json\/wp\/v2\/pages\/120601"}],"wp:attachment":[{"href":"https:\/\/www.tradingpedia.com\/de\/wp-json\/wp\/v2\/media?parent=120582"}],"curies":[{"name":"wp","href":"https:\/\/api.w.org\/{rel}","templated":true}]}}