{"id":120560,"date":"2013-05-21T06:47:24","date_gmt":"2013-05-21T06:47:24","guid":{"rendered":"https:\/\/www.tradingpedia.com\/forex-trading-brokers-with-paysafecard\/"},"modified":"2026-03-19T15:38:09","modified_gmt":"2026-03-19T15:38:09","slug":"forex-trading-brokers-with-paysafecard","status":"publish","type":"page","link":"https:\/\/www.tradingpedia.com\/de\/forex-brokers\/forex-trading-brokers-with-paysafecard\/","title":{"rendered":"Forex-Broker mit Paysafecard"},"content":{"rendered":"<p>Sind Sie auf der Suche nach regulierten und vertrauensw\u00fcrdigen Forex-Brokern, die Paysafecard akzeptieren? Unser Expertenteam aus Tradern hat zahlreiche Forex-Broker mit realen Konten getestet und eine Liste der besten Anbieter zusammengestellt, die Paysafecard annehmen. Paysafecard ist eine der beliebtesten Prepaid-L\u00f6sungen, die derzeit im Internet verf\u00fcgbar sind. Sie geh\u00f6rt zu mehreren Dienstleistungen der Paysafe Group, einem Unternehmen, das von der britischen Financial Conduct Authority reguliert wird. <\/p>\n<ol class=\"brokers-grid-container list-brokers\" data-pid=\"120560\">\n          <li><a rel=\"nofollow\" target=\"_blank\" href=\"\/out\/plus500-us?au=114&bp=1\">\n            \n      <figure>\n        <img decoding=\"async\" src=\"https:\/\/www.tradingpedia.com\/www-tradingpedia-com\/wp-content\/uploads\/logos\/lg-plus500-us-logo.webp\" width=\"160\" height=\"45\">\n      <\/figure>\n    \n\n            <div>\n              <span class=\"broker-name\">Plus500 US<\/span>\n\n              <div class=\"broker-rating\">Bewertung: 4,2 <i class=\"ico-star\"><\/i><\/div>\n\n              <em>Dieser Inhalt gilt nur f\u00fcr Plus500 US und Kunden aus den Vereinigten Staaten. Der Handel mit Futures ist mit dem Risiko von Verlusten verbunden.<\/em>\n            <\/div>\n          <\/a><\/li>\n        \n          <li><a rel=\"nofollow\" target=\"_blank\" href=\"\/out\/etoro?au=114&bp=2\">\n            \n      <figure>\n        <img decoding=\"async\" src=\"https:\/\/www.tradingpedia.com\/www-tradingpedia-com\/wp-content\/uploads\/logos\/lg-etoro-logo.webp\" width=\"160\" height=\"45\">\n      <\/figure>\n    \n\n            <div>\n              <span class=\"broker-name\">eToro<\/span>\n\n              <div class=\"broker-rating\">Bewertung: 4,2 <i class=\"ico-star\"><\/i><\/div>\n\n              <em>50 % der Konten von Kleinanlegern verlieren Geld<\/em>\n            <\/div>\n          <\/a><\/li>\n        \n          <li><a rel=\"nofollow\" target=\"_blank\" href=\"\/out\/fusion-markets?au=114&bp=3\">\n            \n      <figure>\n        <img decoding=\"async\" src=\"https:\/\/www.tradingpedia.com\/www-tradingpedia-com\/wp-content\/uploads\/logos\/lg-fusion-markets-logo.webp\" width=\"160\" height=\"45\">\n      <\/figure>\n    \n\n            <div>\n              <span class=\"broker-name\">Fusion Markets<\/span>\n\n              <div class=\"broker-rating\">Bewertung: 4,8 <i class=\"ico-star\"><\/i><\/div>\n\n              <em>74\u201389 % der Kleinanlegerkonten verlieren beim CFD-Handel Geld<\/em>\n            <\/div>\n          <\/a><\/li>\n        \n          <li><a rel=\"nofollow\" target=\"_blank\" href=\"\/out\/fp-markets?au=114&bp=4\">\n            \n      <figure>\n        <img decoding=\"async\" src=\"https:\/\/www.tradingpedia.com\/www-tradingpedia-com\/wp-content\/uploads\/logos\/lg-fp-markets-logo.webp\" width=\"160\" height=\"45\">\n      <\/figure>\n    \n\n            <div>\n              <span class=\"broker-name\">FP Markets<\/span>\n\n              <div class=\"broker-rating\">Bewertung: 4,9 <i class=\"ico-star\"><\/i><\/div>\n\n              <em>73,33 % der Konten von Kleinanlegern verlieren Geld<\/em>\n            <\/div>\n          <\/a><\/li>\n        \n          <li><a rel=\"nofollow\" target=\"_blank\" href=\"\/out\/global-prime?au=114&bp=5\">\n            \n      <figure>\n        <img decoding=\"async\" src=\"https:\/\/www.tradingpedia.com\/www-tradingpedia-com\/wp-content\/uploads\/logos\/lg-global-prime-logo.jpg\" width=\"160\" height=\"45\">\n      <\/figure>\n    \n\n            <div>\n              <span class=\"broker-name\">Global Prime<\/span>\n\n              <div class=\"broker-rating\">Bewertung: 4,7 <i class=\"ico-star\"><\/i><\/div>\n\n              <em>74\u201389 % der Kleinanlegerkonten f\u00fcr CFDs verlieren Geld<\/em>\n            <\/div>\n          <\/a><\/li>\n        \n          <li><a rel=\"nofollow\" target=\"_blank\" href=\"\/out\/pepperstone?au=114&bp=6\">\n            \n      <figure>\n        <img decoding=\"async\" src=\"https:\/\/www.tradingpedia.com\/www-tradingpedia-com\/wp-content\/uploads\/logos\/lg-pepperstone-logo.webp\" width=\"160\" height=\"45\">\n      <\/figure>\n    \n\n            <div>\n              <span class=\"broker-name\">Pepperstone<\/span>\n\n              <div class=\"broker-rating\">Bewertung: 4,4 <i class=\"ico-star\"><\/i><\/div>\n\n              <em>72,9 % der Konten von Kleinanlegern verlieren Geld<\/em>\n            <\/div>\n          <\/a><\/li>\n        <\/ol>\n<p>Derzeit ist Paysafecard in Dutzenden von L\u00e4ndern und Hunderttausenden von Verkaufsstellen weltweit erh\u00e4ltlich. Zudem ist der Kundensupport im Vergleich zu anderen Prepaid-Diensten unerreicht, und Paysafecard steht <a href=\"https:\/\/www.tradingpedia.com\/de\/forex-brokers\/credit-card-forex-brokers\/\">Kreditkarten<\/a> und E-Wallets in puncto Zug\u00e4nglichkeit in nichts nach. Auch die Szene des Online-Forex-Handels ist Paysafecard gegen\u00fcber sehr aufgeschlossen, und es gibt zahlreiche Broker-Webseiten, die Zahlungen \u00fcber diese Methode akzeptieren. Im Folgenden gehen wir auf die wichtigsten Aspekte der Nutzung von Paysafecard f\u00fcr den Forex-Handel ein und erl\u00e4utern, was Sie von dieser Prepaid-L\u00f6sung erwarten k\u00f6nnen.<\/p>\n<h2 id=\"deposit\">So zahlen Sie mit Paysafecard auf ein Forex-Konto ein<\/h2>\n<p><img decoding=\"async\" src=\"https:\/\/www.tradingpedia.com\/wp-content\/uploads\/2013\/07\/how-to-fund-forex-account.svg\" alt=\"\" class=\"alignleft\" width=\"150\" height=\"150\">Eine Einzahlung per Paysafecard geh\u00f6rt zu den einfachsten Vorg\u00e4ngen im Forex-Handel, und nachdem Sie den Ablauf einmal durchgef\u00fchrt haben, wird Ihnen die Wiederholung keinerlei Probleme bereiten. Der Prozess ist sehr unkompliziert und unterscheidet sich kaum von anderen Zahlungsmethoden. Alles, was Sie tun m\u00fcssen, ist, Ihren Paysafecard-Gutschein zur Hand zu nehmen und den darauf aufgedruckten 16-stelligen Code zu notieren. Anschlie\u00dfend rufen Sie die Zahlungsseite auf der Website des Brokers auf und w\u00e4hlen Paysafecard aus der Liste der unterst\u00fctzten Dienste. Geben Sie den Betrag ein, den Sie einzahlen m\u00f6chten, sowie den Code vom Beleg. Sobald Sie die Transaktion best\u00e4tigen, erscheint das Geld sofort auf Ihrem Kontostand und Sie k\u00f6nnen es f\u00fcr den Handel nach Ihren Vorstellungen verwenden.<\/p>\n<p>Einzahlungen mit Paysafecard sind einfach und unkompliziert. Sie m\u00fcssen sich nicht mit vielen der Probleme auseinandersetzen, die bei anderen Bankl\u00f6sungen auftreten. Zudem ist der Ablauf auf Desktop-Computern und mobilen Ger\u00e4ten identisch, sodass Sie all Ihre Ger\u00e4te f\u00fcr Ihre Forex-Handelsaktivit\u00e4ten nutzen k\u00f6nnen.<\/p>\n<h2 id=\"withdraw\">Wie Sie von einem Forex-Konto mit Paysafecard auszahlen<\/h2>\n<p><img decoding=\"async\" src=\"https:\/\/www.tradingpedia.com\/wp-content\/uploads\/2020\/08\/how-to-withdraw.svg\" alt=\"\" class=\"alignleft\" width=\"150\" height=\"150\">Auszahlungen sind mit Paysafecard nicht m\u00f6glich. Obwohl in der Forex-Handelsbranche ein st\u00e4ndiger Geldfluss zwischen Brokern und Kunden erforderlich ist, wurde Paysafecard nicht f\u00fcr diesen Zweck entwickelt. Stattdessen wurde der Dienst f\u00fcr kleinere digitale K\u00e4ufe konzipiert und nicht f\u00fcr Transaktionen in gr\u00f6\u00dferem Umfang. Daher kann Paysafecard Geld nur in eine Richtung bewegen \u2013 zum Broker hin. Wenn Sie Ihr Guthaben auszahlen lassen m\u00f6chten, wird dies zwar nicht abgelehnt, es erfolgt jedoch nicht \u00fcber Paysafecard.<\/p>\n<p>Die meisten <a href=\"https:\/\/www.tradingpedia.com\/de\/forex-brokers\/\">Forex-Broker<\/a> erm\u00f6glichen Ihnen die Auszahlung Ihrer Gelder per altbew\u00e4hrter <a href=\"https:\/\/www.tradingpedia.com\/de\/forex-brokers\/forex-trading-brokers-with-bank-transfer\/\">Bank\u00fcberweisung<\/a>. Dazu m\u00fcssen Sie dem Broker Ihre Bankverbindung mitteilen und anschlie\u00dfend warten, bis die Zahlung freigegeben wird. Nach der Genehmigung dauert die Bearbeitung der Transaktion in der Regel zwischen ein und f\u00fcnf Werktagen.<\/p>\n<h2 id=\"pros\">Vorteile der Nutzung von Paysafecard f\u00fcr den Forex-Handel<\/h2>\n<p><img decoding=\"async\" src=\"https:\/\/www.tradingpedia.com\/wp-content\/uploads\/2020\/08\/benefits.svg\" alt=\"\" class=\"alignleft\" width=\"150\" height=\"150\">Paysafecard bietet mehrere Vorteile, die den Dienst f\u00fcr Kunden attraktiv machen. Diese Vorz\u00fcge zeigen sich in verschiedener Form und k\u00f6nnen Ihr Forex-Handelserlebnis deutlich beeinflussen. Zun\u00e4chst erm\u00f6glicht Paysafecard sofortige Einzahlungen. Der Dienst verarbeitet Zahlungen schnell und zuverl\u00e4ssig, sodass es zu keiner Unterbrechung kommt.<\/p>\n<p>Ein weiterer Punkt ist, dass der Dienst gr\u00f6\u00dftenteils v\u00f6llig kostenlos ist. Weder f\u00fcr Transaktionen noch f\u00fcr den Kauf eines Gutscheins fallen Geb\u00fchren an. Kosten entstehen nur, wenn Sie das Guthaben einer Paysafecard-PIN auf Ihr Bankkonto auszahlen lassen m\u00f6chten, nach einer langen Phase der Inaktivit\u00e4t oder bei einer Transaktion in Fremdw\u00e4hrung. Mit etwas Planung lassen sich diese Geb\u00fchren in der Regel vermeiden.<\/p>\n<p>Ein weiterer gro\u00dfer Vorteil von Paysafecard ist die Verf\u00fcgbarkeit an mehr als 400.000 Verkaufsstellen weltweit. Die Wahrscheinlichkeit ist hoch, dass es auch in Ihrer N\u00e4he ein Gesch\u00e4ft gibt, in dem Paysafecard-Gutscheine erh\u00e4ltlich sind, sodass Sie diese bequem erwerben k\u00f6nnen \u2013 sogar ganz nebenbei bei Ihren t\u00e4glichen Besorgungen. In Bezug auf Verf\u00fcgbarkeit und Benutzerfreundlichkeit k\u00f6nnen nur wenige Dienste mit Paysafecard mithalten.<\/p>\n<h2 id=\"cons\">Nachteile der Nutzung von Paysafecard f\u00fcr den Forex-Handel<\/h2>\n<p><img decoding=\"async\" src=\"https:\/\/www.tradingpedia.com\/wp-content\/uploads\/2020\/08\/disadvantages.svg\" alt=\"\" class=\"alignleft\" width=\"150\" height=\"150\">Es gibt mehrere Gr\u00fcnde, warum Paysafecard f\u00fcr den Forex-Handel m\u00f6glicherweise nicht ideal geeignet ist, und diese sollten Sie kennen, bevor Sie sich f\u00fcr eine Zahlungsmethode entscheiden. Zun\u00e4chst unterst\u00fctzt der Dienst keine Auszahlungen, sodass Sie eine alternative M\u00f6glichkeit zur Auszahlung finden m\u00fcssen. In der Regel erlauben Broker die Abhebung Ihres Guthabens per Bank\u00fcberweisung, diese Methode ist jedoch vergleichsweise langsam und kann mehrere Werktage in Anspruch nehmen.<\/p>\n<p>Ein weiterer Nachteil sind die zum Teil sehr niedrigen Transaktionslimits von Paysafecard. Eine einzelne Paysafecard-PIN kann nur bis zu 100 $ beziehungsweise einen entsprechenden Betrag in einer anderen W\u00e4hrung aufnehmen. Dieses Limit ist au\u00dfergew\u00f6hnlich niedrig und f\u00fcr die meisten Trader unzureichend. Zwar k\u00f6nnen Sie in einer Transaktion mehrere Gutscheine kombinieren, doch ist dies kein idealer Weg, um Geld einzuzahlen. Es ist umst\u00e4ndlich und setzt voraus, dass Sie im Voraus mehrere PINs erwerben. Wenn Sie Betr\u00e4ge im hohen Hunderter- oder gar Tausenderbereich einzahlen m\u00f6chten, ben\u00f6tigen Sie eine andere Bankl\u00f6sung.<\/p>\n<p>Nicht zuletzt m\u00fcssen Sie f\u00fcr jede Einzahlung einen physischen Gutschein kaufen. Mit der Zeit kann es sehr l\u00e4stig werden, immer wieder ein Ladengesch\u00e4ft aufsuchen zu m\u00fcssen.<\/p>\n<h2 id=\"fees\">Geb\u00fchren und Limits bei der Nutzung von Paysafecard f\u00fcr den Forex-Handel<\/h2>\n<p><img decoding=\"async\" src=\"https:\/\/www.tradingpedia.com\/wp-content\/uploads\/2020\/08\/fees-and-limits.svg\" alt=\"\" class=\"alignleft\" width=\"150\" height=\"150\">Paysafecard verf\u00fcgt \u00fcber klar definierte Transaktionslimits und eine Geb\u00fchrenstruktur, die f\u00fcr Kunden im Allgemeinen vorteilhaft ist. Was die Limits betrifft, ist Paysafecard jedoch etwas eingeschr\u00e4nkt. Ein Gutschein kann in verschiedenen Nennwerten erworben werden, wobei 100 $ den maximalen Betrag pro einzelner PIN darstellen. F\u00fcr sich genommen ist dies \u00e4u\u00dferst niedrig und f\u00fcr die \u00fcberwiegende Mehrheit der Trader unzureichend. Kunden k\u00f6nnen jedoch bis zu 10 PINs pro Transaktion verkn\u00fcpfen und damit maximal 1.000 $ auf einmal bezahlen. Zwar erm\u00f6glicht dies h\u00f6here \u00dcberweisungen, es ist jedoch keine besonders elegante L\u00f6sung und bietet nicht die Flexibilit\u00e4t von Diensten mit deutlich h\u00f6heren Limits. Beachten Sie bitte, dass Paysafecard je nach Land unterschiedliche Limits festlegt, sodass Abweichungen m\u00f6glich sind.<\/p>\n<p>Was die Kosten angeht, k\u00f6nnen Sie Paysafecard lange Zeit nutzen, ohne \u00fcberhaupt Geb\u00fchren zu zahlen. Transaktionen mit Paysafecard sind von Seiten des Dienstes kostenlos, ebenso der Kauf des Gutscheins selbst. Unter bestimmten Umst\u00e4nden k\u00f6nnen jedoch Geb\u00fchren anfallen. So werden beispielsweise bei Transaktionen in Fremdw\u00e4hrung Umrechnungsgeb\u00fchren berechnet. Zudem f\u00e4llt f\u00fcr eine ungenutzte Paysafecard-PIN nach 12 Monaten Inaktivit\u00e4t eine Geb\u00fchr von 2,00 $ pro Monat an. Wenn Sie sich das Guthaben eines Paysafecard-Gutscheins auszahlen lassen m\u00f6chten, werden au\u00dferdem 7,50 $ vom Gesamtbetrag abgezogen.<\/p>\n<div class=\"important\"><strong>Wichtig:<\/strong> Wenn Sie Paysafecard f\u00fcr Forex-Einzahlungen w\u00e4hlen, bedenken Sie, dass der Gutschein Gelder nur in Richtung Broker und niemals zur\u00fcck zu Ihnen bewegen kann. Da Auszahlungen per Bank\u00fcberweisung erfolgen m\u00fcssen, m\u00fcssen Sie Ihre Identit\u00e4t verifizieren und f\u00fcr jede Auszahlung unter Umst\u00e4nden mehrere Tage warten. Sind schnelle, wechselseitige Transfers ein zentraler Bestandteil Ihrer Strategie, sollten Sie erw\u00e4gen, Paysafecard mit einer schnelleren und umkehrbaren Zahlungsmethode zu kombinieren.<\/div>\n<h2 id=\"chargeback\">R\u00fcckbuchungen mit Paysafecard auf dem Forex-Konto<\/h2>\n<p><img decoding=\"async\" src=\"https:\/\/www.tradingpedia.com\/wp-content\/uploads\/2020\/08\/chargeback.svg\" alt=\"\" class=\"alignleft\" width=\"150\" height=\"150\">In einem Bereich ist Paysafecard bekannterma\u00dfen \u00e4u\u00dferst unflexibel: bei Erstattungen und R\u00fcckbuchungen. Konkret gilt: Bei der Nutzung von Paysafecard in jeglicher Form gibt es keine Chargebacks. Das Unternehmen macht Transaktionen unter keinen Umst\u00e4nden r\u00fcckg\u00e4ngig \u2013 ganz gleich, ob Sie eine Zahlung versehentlich t\u00e4tigen, Ihre PIN gestohlen wird oder etwas anderes passiert. Wenn Sie mit Ihrem Geld nicht vorsichtig umgehen, haben Sie keine M\u00f6glichkeit, dies r\u00fcckg\u00e4ngig zu machen, und m\u00fcssen den Verlust selbst tragen.<\/p>\n<p>Wenn Sie also Opfer eines Betrugs werden und ein Broker sich weigert, auszuzahlen, stehen Ihnen keine wirksamen Mittel zur Verf\u00fcgung. Dies ist etwas, das Sie unbedingt ber\u00fccksichtigen sollten, wenn Sie Paysafecard f\u00fcr den Forex-Handel verwenden m\u00f6chten. Wenn Sie dieses Risiko nicht eingehen wollen, sind Sie mit einer anderen Zahlungsmethode besser beraten.<\/p>\n<h2 id=\"security\">Sicherheit beim Forex-Handel mit Paysafecard<\/h2>\n<p><img decoding=\"async\" src=\"https:\/\/www.tradingpedia.com\/wp-content\/uploads\/2020\/08\/security.svg\" alt=\"\" class=\"alignleft\" width=\"150\" height=\"150\">In puncto Sicherheit kann Paysafecard f\u00fcr bestimmte Kunden ideal sein, insbesondere f\u00fcr diejenigen, die sensible Informationen ungern online weitergeben. Der Hauptvorteil besteht darin, dass Sie keinerlei personenbezogene Daten angeben m\u00fcssen. Sie k\u00f6nnen einfach zu einer Verkaufsstelle gehen und dort einen Gutschein kaufen \u2013 ganz ohne vorherige Formalit\u00e4ten. Dadurch k\u00f6nnen Ihre wichtigen Daten nicht in falsche H\u00e4nde geraten, weil sie von vornherein nicht \u00fcbermittelt werden.<\/p>\n<p>Nat\u00fcrlich m\u00fcssen Sie f\u00fcr Auszahlungen eine andere L\u00f6sung verwenden, meist eine Bank\u00fcberweisung. Zu diesem Zweck wird der Broker Ihre Bankdaten abfragen, die hinter einer starken Verschl\u00fcsselung gespeichert werden. Dadurch werden die Informationen f\u00fcr Unbefugte unlesbar, sodass Sie beruhigt handeln k\u00f6nnen, in dem Wissen, dass Sie keinem Risiko ausgesetzt sind.  <\/p>\n<h2 id=\"conclusion\">Fazit<\/h2>\n<p><img decoding=\"async\" src=\"https:\/\/www.tradingpedia.com\/wp-content\/uploads\/2020\/08\/conclusion.svg\" alt=\"\" class=\"alignleft\" width=\"150\" height=\"150\">Alles in allem eignet sich Paysafecard vor allem f\u00fcr eine relativ kleine Zielgruppe von Kunden, w\u00e4hrend viele andere mit einer alternativen Zahlungsmethode besser bedient sind. Die niedrigen Limits und das Fehlen einer Auszahlungsfunktion verhindern, dass dieser Dienst als erstklassige Zahlungsoption durchgehen kann.<\/p>\n","protected":false},"excerpt":{"rendered":"<p>Sind Sie auf der Suche nach regulierten und vertrauensw\u00fcrdigen Forex-Brokern, die Paysafecard akzeptieren? Unser Expertenteam aus Tradern hat zahlreiche Forex-Broker mit realen Konten getestet und eine Liste der besten Anbieter zusammengestellt, die Paysafecard annehmen. Paysafecard ist eine der beliebtesten Prepaid-L\u00f6sungen, die derzeit im Internet verf\u00fcgbar sind. Sie geh\u00f6rt zu mehreren Dienstleistungen der Paysafe Group, einem [&hellip;]<\/p>\n","protected":false},"author":7,"featured_media":126880,"parent":120601,"menu_order":0,"comment_status":"open","ping_status":"open","template":"templates\/best-brokers-list.php","meta":{"footnotes":""},"class_list":["post-120560","page","type-page","status-publish","has-post-thumbnail","hentry"],"aioseo_notices":[],"_links":{"self":[{"href":"https:\/\/www.tradingpedia.com\/de\/wp-json\/wp\/v2\/pages\/120560","targetHints":{"allow":["GET"]}}],"collection":[{"href":"https:\/\/www.tradingpedia.com\/de\/wp-json\/wp\/v2\/pages"}],"about":[{"href":"https:\/\/www.tradingpedia.com\/de\/wp-json\/wp\/v2\/types\/page"}],"author":[{"embeddable":true,"href":"https:\/\/www.tradingpedia.com\/de\/wp-json\/wp\/v2\/users\/7"}],"replies":[{"embeddable":true,"href":"https:\/\/www.tradingpedia.com\/de\/wp-json\/wp\/v2\/comments?post=120560"}],"version-history":[{"count":2,"href":"https:\/\/www.tradingpedia.com\/de\/wp-json\/wp\/v2\/pages\/120560\/revisions"}],"predecessor-version":[{"id":129965,"href":"https:\/\/www.tradingpedia.com\/de\/wp-json\/wp\/v2\/pages\/120560\/revisions\/129965"}],"up":[{"embeddable":true,"href":"https:\/\/www.tradingpedia.com\/de\/wp-json\/wp\/v2\/pages\/120601"}],"wp:featuredmedia":[{"embeddable":true,"href":"https:\/\/www.tradingpedia.com\/de\/wp-json\/wp\/v2\/media\/126880"}],"wp:attachment":[{"href":"https:\/\/www.tradingpedia.com\/de\/wp-json\/wp\/v2\/media?parent=120560"}],"curies":[{"name":"wp","href":"https:\/\/api.w.org\/{rel}","templated":true}]}}